{"id":10814,"date":"2026-02-02T11:11:30","date_gmt":"2026-02-02T08:11:30","guid":{"rendered":"https:\/\/alexanderling.ee\/?page_id=10814"},"modified":"2026-02-02T12:10:31","modified_gmt":"2026-02-02T09:10:31","slug":"styling","status":"publish","type":"page","link":"https:\/\/alexanderling.ee\/et\/styling\/","title":{"rendered":"Stiilin\u00f5ustamine"},"content":{"rendered":"<div class=\"wpb-content-wrapper\"><div  class=\"sec_row container-fluid\"><div class=\"vc_row wpb_row vc_row-fluid no-padding vc_custom_1741269603741 vc_row-has-fill vc_row-o-content-middle vc_row-flex\"><div class=\"wpb_column vc_column_container vc_col-sm-6 et-dark-column\"><div class=\"vc_column-inner\"><div class=\"wpb_wrapper\">\n\t<div class=\"wpb_text_column wpb_content_element animation bottom-to-top  vc_custom_1770023427069\" >\n\t\t<div class=\"wpb_wrapper\">\n\t\t\t<p>Stiilin\u00f5ustamine on protsess, mis aitab Sinu olemasoleva garderoobi p\u00f5hjal luua tervikliku kapselgarderoob. N\u00f5ustamine algab r\u00f5ivakapi \u00fclevaatusega, mille k\u00e4igus kaardistame eesm\u00e4rgi: millised riided on alustalaks edasisele stiilile. Vajadusel annan n\u00f5u, mida saab kohendada, muuta, millised on kitsaskohad ja mida r\u00f5ivakappi v\u00f5ib lisada, et tekiks t\u00e4iuslik tervik.<\/p>\n<p>\u2022 N\u00f5ustamine algab r\u00f5ivakapi \u00fclevaatusega, mille k\u00e4igus kaardistame eesm\u00e4rgi.<\/p>\n<p>\u2022 Kombineerime olemasolevaid r\u00f5ivaid ja dokumenteerime sellest fotoalbumi edaspidiseks kasutamiseks.<\/p>\n<p>\u2022 Vajadusel annan n\u00f5u, mida saab kohendada, millised on kitsaskohad ja mida riidekappi lisada, et tekiks t\u00e4iuslik tervik.<\/p>\n<p>\u2022 Garderoobi \u00fclevaatuse j\u00e4rgselt joonistan kiired moejoonised, mille alusel saame soovi korral  t\u00e4iendada garderoobi.<\/p>\n<p>Garderoobi kaardistamine ja sorteerimine lihtsustab igap\u00e4evavalikuid, tagab tervikliku kapselgarderoobi ja aitab avastada uusi kombinatsioone, et saaksid juba olemasolevaid r\u00f5ivaid rohkem kanda.<\/p>\n<p>Ajaliselt arvesta palun umbes 3 tunniga.<\/p>\n<p>Hind: 150\u20ac<\/p>\n\n\t\t<\/div>\n\t<\/div>\n<\/div><\/div><\/div><div class=\"wpb_column vc_column_container vc_col-sm-6 et-dark-column\"><div class=\"vc_column-inner\"><div class=\"wpb_wrapper\">\t<div class=\"et-image-994 et-image     et_image_link\">\n\t\t<div class=\"et-image-inner\">\n\t\t\t\t\t\t\t<a  class=\"mfp-image et-lightbox\" data-mfp-type=\"image\" data-mfp-src=\"https:\/\/i0.wp.com\/alexanderling.ee\/wp-content\/uploads\/2026\/02\/Styling.jpg?fit=1588%2C1280&ssl=1\"  title=\"Stiilin\u00f5ustamine\">\n\t\t\t\t\t\t\t<div class=\"et-image-thumb\">\n\t\t\t\t\t<img loading=\"lazy\" decoding=\"async\" width=\"1588\" height=\"1280\" src=\"https:\/\/i0.wp.com\/alexanderling.ee\/wp-content\/uploads\/2026\/02\/Styling.jpg?fit=1588%2C1280&ssl=1\" class=\"attachment-full\" alt=\"\" title=\"Stiilin\u00f5ustamine\" srcset=\"https:\/\/i0.wp.com\/alexanderling.ee\/wp-content\/uploads\/2026\/02\/Styling.jpg?w=1588&ssl=1 1588w, https:\/\/i0.wp.com\/alexanderling.ee\/wp-content\/uploads\/2026\/02\/Styling.jpg?resize=300%2C242&ssl=1 300w, https:\/\/i0.wp.com\/alexanderling.ee\/wp-content\/uploads\/2026\/02\/Styling.jpg?resize=1024%2C825&ssl=1 1024w, https:\/\/i0.wp.com\/alexanderling.ee\/wp-content\/uploads\/2026\/02\/Styling.jpg?resize=768%2C619&ssl=1 768w, https:\/\/i0.wp.com\/alexanderling.ee\/wp-content\/uploads\/2026\/02\/Styling.jpg?resize=1536%2C1238&ssl=1 1536w, https:\/\/i0.wp.com\/alexanderling.ee\/wp-content\/uploads\/2026\/02\/Styling.jpg?resize=15%2C12&ssl=1 15w, https:\/\/i0.wp.com\/alexanderling.ee\/wp-content\/uploads\/2026\/02\/Styling.jpg?resize=150%2C121&ssl=1 150w, https:\/\/i0.wp.com\/alexanderling.ee\/wp-content\/uploads\/2026\/02\/Styling.jpg?resize=450%2C363&ssl=1 450w, https:\/\/i0.wp.com\/alexanderling.ee\/wp-content\/uploads\/2026\/02\/Styling.jpg?resize=900%2C725&ssl=1 900w\" sizes=\"auto, (max-width: 1140px) 100vw, 1140px\" \/>\t\t\t\t<\/div>\n\t\t\t\t\t\t\t<\/a>\n\t\t\t\t\t\t\t\t\t\t\t<\/div>\n\t<\/div>\n  <\/div><\/div><\/div><\/div><\/div><div  class=\"sec_row container\"><div class=\"vc_row wpb_row vc_row-fluid\"><div class=\"wpb_column vc_column_container vc_col-sm-12 et-dark-column\"><div class=\"vc_column-inner\"><div class=\"wpb_wrapper\"><div class=\"vc_empty_space\"   style=\"height: 100px\"><span class=\"vc_empty_space_inner\"><\/span><\/div><\/div><\/div><\/div><\/div><\/div>\n<\/div>","protected":false},"excerpt":{"rendered":"Meeting with me in your wardrobe involves an expert reviewing your current clothing \u2014 to declutter, identify gaps, and create new outfits based on you. The result is a personalised lookbook, quick fashion sketches with items to fill gaps and tips for mixing pieces, making daily dressing effortless. \u2022 Assessing [...]","protected":false},"author":1,"featured_media":0,"parent":0,"menu_order":0,"comment_status":"closed","ping_status":"closed","template":"","meta":{"nf_dc_page":"","footnotes":""},"class_list":["post-10814","page","type-page","status-publish","hentry"],"jetpack_sharing_enabled":true,"_links":{"self":[{"href":"https:\/\/alexanderling.ee\/et\/wp-json\/wp\/v2\/pages\/10814","targetHints":{"allow":["GET"]}}],"collection":[{"href":"https:\/\/alexanderling.ee\/et\/wp-json\/wp\/v2\/pages"}],"about":[{"href":"https:\/\/alexanderling.ee\/et\/wp-json\/wp\/v2\/types\/page"}],"author":[{"embeddable":true,"href":"https:\/\/alexanderling.ee\/et\/wp-json\/wp\/v2\/users\/1"}],"replies":[{"embeddable":true,"href":"https:\/\/alexanderling.ee\/et\/wp-json\/wp\/v2\/comments?post=10814"}],"version-history":[{"count":4,"href":"https:\/\/alexanderling.ee\/et\/wp-json\/wp\/v2\/pages\/10814\/revisions"}],"predecessor-version":[{"id":10840,"href":"https:\/\/alexanderling.ee\/et\/wp-json\/wp\/v2\/pages\/10814\/revisions\/10840"}],"wp:attachment":[{"href":"https:\/\/alexanderling.ee\/et\/wp-json\/wp\/v2\/media?parent=10814"}],"curies":[{"name":"wp","href":"https:\/\/api.w.org\/{rel}","templated":true}]}}