{"id":3,"date":"2021-03-24T08:22:54","date_gmt":"2021-03-24T08:22:54","guid":{"rendered":"http:\/\/box5102\/cgi\/addon_GT.cgi?s=GT::WP::Install::EIG+%28lexanet9%29+-+10.0.87.30+%5BWordpress%3b+\/var\/hp\/common\/lib\/Wordpress.pm%3b+359%3b+Hosting::gap_call%5D\/?page_id=3"},"modified":"2026-02-03T10:31:16","modified_gmt":"2026-02-03T07:31:16","slug":"privacy-policy","status":"publish","type":"page","link":"https:\/\/alexanderling.ee\/et\/privacy-policy\/","title":{"rendered":"Privaatsuspoliitika"},"content":{"rendered":"<div class=\"wpb-content-wrapper\"><div  class=\"sec_row container\"><div class=\"vc_row wpb_row vc_row-fluid\"><div class=\"wpb_column vc_column_container vc_col-sm-12 et-dark-column\"><div class=\"vc_column-inner\"><div class=\"wpb_wrapper\">\n\t<div class=\"wpb_text_column wpb_content_element\" >\n\t\t<div class=\"wpb_wrapper\">\n\t\t\t<p>Kehtivad alates 02.02.2026<\/p>\n<p>AL Design O\u00dc (edaspidi Alexanderling moemaja) andmekaitsetingimused tutvustavad p\u00f5him\u00f5tteid, mille alusel Alexanderling t\u00f6\u00f6tleb isikuandmeid.<\/p>\n<p>Andmekaitsetingimused kehtivad k\u00f5ikide f\u00fc\u00fcsiliste isikute, kes k\u00fclastavad Alexanderling moemaja ning veebilehte www.alexanderling.ee v\u00f5i sooritavad Alexanderling moemajast ostu v\u00f5i e-poest ostu v\u00f5i j\u00e4lgivad Alexanderling moemaja sotsiaalmeediat v\u00f5i edastavad Alexanderling moemajale oma isikuandmed. Samuti kohalduvad andmekaitsetingimused juriidilisest isikust klientide esindajate isikuandmete t\u00f6\u00f6tlemisele.<\/p>\n<p>Alexanderling moemajal on igal ajal \u00f5igus andmekaitsetingimusi muuta v\u00f5i t\u00e4iendada. Kehtivad andmekaitsetingimused on alati k\u00e4ttesaadavad Alexanderling moemaja  veebilehel www.alexanderling.ee. Samuti on v\u00f5imalik andmekaitsetingimustega tutvuda p\u00f6\u00f6rdudes Alexanderling moemajja v\u00f5i e-posti aadressil info@alexanderling.ee.<\/p>\n<p>Selle privaatsuspoliitika eesm\u00e4rk on selgitada, milliseid andmeid me kogume, kuidas me neid kasutame ja millised \u00f5igused on oma andmete kaitsmiseks. See poliitika kehtib ainult meie veebilehek\u00fcljel ja selle k\u00fclastajate kohta ning ei kehti muude kanalite kaudu kogutud andmete kohta.<\/p>\n<h2>Isikuandmete vastutav t\u00f6\u00f6tleja<\/h2>\n<p>Isikuandmete vastutavaks t\u00f6\u00f6tlejaks on AL Design O\u00dc, registrikood 14102460, aadress Tatari 28, 10116 Tallinn<\/p>\n<p>Email: info@alexanderling.ee<\/p>\n<p>Telefoninumber: +372 5693 0960<\/p>\n<p>Kogume ja t\u00f6\u00f6tleme teavet vastavalt Euroopa Liidu isikuandmete kaitse \u00fcldm\u00e4\u00e4rusele (GDPR), mis j\u00f5ustus 25. mail 2018.<\/p>\n<h2>Andmete kogumine ja kasutamine<\/h2>\n<h4>Milliseid andmeid kogutakse<\/h4>\n<p>Kogutavad andmed h\u00f5lmavad teavet, mida meiega meie teenuste v\u00f5i kampaaniate kasutamisel teadlikult jagad, samuti teavet, mida Sinu seadmed meile automaatselt edastavad.<\/p>\n<p>Isikuandmed v\u00f5ivad meieni j\u00f5uda j\u00e4rgmistel viisidel:<\/p>\n<p>\u2013\u00a0 \u00a0 \u00a0 \u00a0When you place an order on the www.alexanderling.ee online store<\/p>\n<p>\u2013\u00a0 \u00a0 \u00a0 When you contact us by phone or email<\/p>\n<p>\u2013\u00a0 \u00a0 \u00a0 When you provide personal data about another person who receives the goods<\/p>\n<p>\u2013\u00a0 \u00a0 \u00a0 When you make payments using online banking or other electronic payment methods<\/p>\n<p>\u2013\u00a0 \u00a0 \u00a0 When you comment on, like, or share a post on our social media accounts<\/p>\n<p>\u2013\u00a0 \u00a0 \u00a0 When you subscribe to our newsletter<\/p>\n<h2>Milliseid andmeid kogutakse<\/h2>\n<h4>Isikuandmed<\/h4>\n<p>K\u00fcsime isikuandmeid ainult siis, kui see on vajalik meie teenuse osutamiseks. Meiega \u00fchendust v\u00f5ttes v\u00f5i veebilehte k\u00fclastades jagad meiega j\u00e4rgmist teavet:<\/p>\n<p>\u2013\u00a0 \u00a0 \u00a0 First and last name<\/p>\n<p>\u2013\u00a0 \u00a0 \u00a0 Email address<\/p>\n<p>\u2013\u00a0 \u00a0 \u00a0 Postal address, postal code, city, state, country<\/p>\n<p>\u2013\u00a0 \u00a0 \u00a0 Phone number<\/p>\n<p>\u2013\u00a0 \u00a0 \u00a0 Your purchase history on our online store<\/p>\n<h2>Logifailid<\/h2>\n<p>Meie veebileht www.alexanderling.ee salvestab oma k\u00fclastajate kohta logifaile. Kogutav teave v\u00f5ib sisaldada j\u00e4rgmist:<\/p>\n<p>\u2013\u00a0 \u00a0 \u00a0 Type of device used<\/p>\n<p>\u2013\u00a0 \u00a0 \u00a0 Internet Protocol (IP) address<\/p>\n<p>\u2013\u00a0 \u00a0 \u00a0 Type of browser<\/p>\n<p>\u2013\u00a0 \u00a0 \u00a0 Internet Service Provider (ISP)<\/p>\n<p>\u2013\u00a0 \u00a0 \u00a0 Date and time of website visits<\/p>\n<p>\u2013\u00a0 \u00a0 \u00a0 Pages visited and the number of clicks on the website<\/p>\n<p>Logifailides sisalduvat teavet kasutatakse trendide anal\u00fc\u00fcsimiseks, veebilehe haldamiseks, k\u00fclastajate tegevuse j\u00e4lgimiseks ja demograafilise teabe kogumiseks. See teave ei ole m\u00f5eldud isikute tuvastamiseks.<\/p>\n<h2>K\u00fcpsised<\/h2>\n<p>K\u00fcpsis on pisike tekstifail, mille veebilehitseja salvestab automaatselt kasutaja poolt kasutatavasse seadmesse. K\u00fcpsiseid kasutatakse teabe kogumiseks selle kohta, kuidas kasutaja veebilehte kasutab, eesm\u00e4rgiga pakkuda kasutajale paremat kasutajakogemust.<\/p>\n<p>K\u00fcsime Sinult luba selliste k\u00fcpsiste kasutamiseks, mida ei ole tingimata vaja meie veebisaidi p\u00f5hifunktsioonide toimimiseks v\u00f5i meie veebisaidil Sinu soovitud teenuse pakkumiseks.<\/p>\n<h2>Kuidas me Sinu andmeid kasutame<\/h2>\n<p>V\u00f5ime kasutada kogutud teavet erinevatel eesm\u00e4rkidel, sealhulgas:<\/p>\n<p>\u2013\u00a0 \u00a0 \u00a0 Manage, develop, personalise, and expand our website<\/p>\n<p>\u2013\u00a0 \u00a0 \u00a0 Statistika kogumiseks, et parandada meie teenuseid ja\/v\u00f5i pakkumisi ning m\u00f5ista ja anal\u00fc\u00fcsida k\u00fclastajate k\u00e4itumist<\/p>\n<p>\u2013\u00a0 \u00a0 \u00a0 To send you information and request feedback about our services<\/p>\n<p>\u2013\u00a0 \u00a0 \u00a0 To prevent fraud and protect our website<\/p>\n<p>\u2013\u00a0 \u00a0 \u00a0 To enable communication with you via social media<\/p>\n<p>\u2013\u00a0 \u00a0 \u00a0 To improve service quality, offer curated products and services<\/p>\n<p>\u2013\u00a0 \u00a0 \u00a0 To develop new products, services, or enhance their functionality<\/p>\n<p>\u2013\u00a0 \u00a0 \u00a0 To ship\/deliver goods, process orders, generate invoices, confirm orders via bank link, or refund your order<\/p>\n<p>\u2013\u00a0 \u00a0 \u00a0 To offer products and services that may interest you based on previous orders<\/p>\n<p>\u2013\u00a0 \u00a0 \u00a0 To facilitate and speed up interactions between us when you contact us<\/p>\n<p>\u2013\u00a0 \u00a0 \u00a0 For other purposes such as data analysis, trend investigation, and evaluating the effectiveness of our advertising campaigns<\/p>\n<h2>Andmete s\u00e4ilitamine<\/h2>\n<p>Ettev\u00f5te s\u00e4ilitab isikuandmeid ainult seni, kuni see on vajalik k\u00e4esolevas privaatsuspoliitikas s\u00e4testatud eesm\u00e4rkide saavutamiseks. S\u00e4ilitame ja kasutame isikuandmeid ulatuses, mis on vajalik meie juriidiliste kohustuste t\u00e4itmiseks (n\u00e4iteks kui meil on vaja andmeid s\u00e4ilitada kehtivate seaduste j\u00e4rgimiseks), vaidluste lahendamiseks ning meie juriidiliste lepingute ja poliitikate j\u00f5ustamiseks.<\/p>\n<p>Samuti s\u00e4ilitab ettev\u00f5te sisemise anal\u00fc\u00fcsi jaoks logifaile. Logifaile s\u00e4ilitatakse tavaliselt l\u00fchemat aega, v\u00e4lja arvatud juhul, kui neid kasutatakse turvalisuse suurendamiseks v\u00f5i teenuse funktsionaalsuse parandamiseks v\u00f5i kui seadus n\u00f5uab nende s\u00e4ilitamist kauem.<\/p>\n<h2>Sinu \u00f5igused oma andmeid kaitsta<\/h2>\n<p>Sul on alati \u00f5igus oma andmeid meiega mitte jagada, m\u00f5istes, et see v\u00f5ib m\u00f5jutada kogemust meie veebilehel. Kui otsustad oma andmeid mitte jagada, ei kohtle me Sind selle eest halvemini. Andes meile isikuandmeid, m\u00f5istate, et me kogume, salvestame, kasutame ja avaldame seda vastavalt k\u00e4esolevale privaatsuspoliitikale. Sul on \u00f5igus n\u00f5uda \u00fcksikasju Sinu kohta kogutavate andmete kohta.<\/p>\n<p>Kui saame Sinu kohta kolmandatelt isikutelt isikuandmeid, kaitseme seda k\u00e4esoleva privaatsuspoliitika ja Eesti Vabariigi seaduste kohaselt. Kui jagad ise kolmanda osapoole andmeid, kinnitad, et Sul on selleks \u00f5igus ja luba.<\/p>\n<p>Isegi kui oled eelnevalt andnud n\u00f5usoleku oma isikuandmete jagamiseks turunduseesm\u00e4rkide nimel, on Sul \u00f5igus igal ajal meelt muuta. Sul on alati \u00f5igus meiega suhtlemisest loobuda ja n\u00f5uda, et me eemaldaksime Sinu andmed meie andmebaasidest. M\u00f5nikord v\u00f5ime k\u00fcsida teavet ka Sinu identiteedi kinnitamiseks. Kui arvate, et Sinu kohta kogutud andmed on ebat\u00e4psed, aegunud, puudulikud, ebaolulised v\u00f5i eksitavad, v\u00f5ta meiega \u00fchendust e-posti aadressil info@alexanderling.ee v\u00f5i telefoni teel +372 5693 0960. Anname endast parima, et ebat\u00e4pne, mittet\u00e4ielik, eksitav v\u00f5i aegunud teave parandada.<\/p>\n<p>Kui arvad, et oleme rikkunud asjakohaseid andmekaitseseadusi ja soovid esitada kaebuse, v\u00f5ta meiega \u00fchendust esitage rikkumise \u00fcksikasjad. Uurime kaebust viivitamatult ja vastame kirjalikult oma uurimise tulemuste ja kaebuse lahendamiseks v\u00f5etavate sammudega. Samuti on \u00f5igus v\u00f5tta \u00fchendust reguleeriva asutuse v\u00f5i andmekaitseasutusega.<\/p>\n<h2>GDPR andmekaitse\u00f5igused<\/h2>\n<p>Soovime tagada, et oled teadlik k\u00f5igist oma andmekaitse\u00f5igustest. Igal kasutajal on GDPR-i alusel j\u00e4rgmised \u00f5igused:<\/p>\n<p>\u2013 Juurdep\u00e4\u00e4su\u00f5igus \u2013 Sul on \u00f5igus n\u00f5uda oma isikuandmete koopiaid<\/p>\n<p>\u2013 \u00d5igus andmete parandamisele \u2013 Sul on \u00f5igus n\u00f5uda, et me parandaksime k\u00f5ik ebat\u00e4psed andmed. Samuti on \u00f5igus n\u00f5uda, et me t\u00e4iendaksime k\u00f5ik puudulikud andmed<\/p>\n<p>\u2013 Kustutamis\u00f5igus \u2013 Teatud tingimustel on \u00f5igus n\u00f5uda oma isikuandmete kustutamist<\/p>\n<p>\u2013 T\u00f6\u00f6tlemise piiramise \u00f5igus \u2013 Teatud tingimustel on \u00f5igus taotleda oma isikuandmete t\u00f6\u00f6tlemise piiramist<\/p>\n<p>\u2013 Vastuv\u00e4idete esitamise \u00f5igus \u2013 Teatud tingimustel on \u00f5igus esitada vastuv\u00e4iteid oma isikuandmete t\u00f6\u00f6tlemisele<\/p>\n<p>\u2013 \u00d5igus andmete teisaldatavusele \u2013 Teatud tingimustel on \u00f5igus n\u00f5uda, et me edastaksime kogutud andmed teisele osapoolele v\u00f5i otse sulle<\/p>\n<h2>Andmeturve<\/h2>\n<p>Isikuandmete turvalisus on meie jaoks oluline, kuid pea meeles, et \u00fckski interneti edastus v\u00f5i elektrooniline salvestusviis ei ole 100% turvaline. Kuigi anname endast parima, et andmeid kaitsta, ei saa me tagada nende t\u00e4ielikku turvalisust.<\/p>\n<p>Alexanderling moemaja rakendab k\u00f5iki m\u00f5istlikult vajalikke meetmeid tagamaks, et andmeid t\u00f6\u00f6deldakse turvaliselt ning koosk\u00f5las k\u00e4esoleva privaatsuspoliitika ja Eesti Vabariigi seadustega. Andmeid ei edastata \u00fchelegi organisatsioonile v\u00f5i riigile, v\u00e4lja arvatud juhul, kui sellel on m\u00f5juv p\u00f5hjus ja kus on tagatud andmete turvalisus.<\/p>\n<h2>Privaatsuspoliitika muudatused<\/h2>\n<p>J\u00e4tame endale \u00f5iguse teha k\u00e4esolevas privaatsuspoliitika dokumendis vajadusel muudatusi. Peale privaatsuspoliitika uuendamist uuendame dokumendi kuup\u00e4eva. Kui j\u00e4tkad meie veebisaidi k\u00fclastamist ja kasutamist p\u00e4rast privaatsuspoliitika uuendamist, k\u00e4sitleme seda Sinu kaudse n\u00f5usolekuna muudatustega.<\/p>\n\n\t\t<\/div>\n\t<\/div>\n<\/div><\/div><\/div><\/div><\/div>\n<\/div>","protected":false},"excerpt":{"rendered":"Valid from 2nd February 2026 The Data Protection Conditions of AL Design O\u00dc (Private Limited company; hereinafter Alexanderling moemaja) outline the principles according to which Alexanderling moemaja processes personal data. These Data Protection Conditions apply to all individuals who visit Alexanderling moemaja, use the website www.alexanderling.ee, make purchases from Alexanderling [...]","protected":false},"author":1,"featured_media":0,"parent":0,"menu_order":0,"comment_status":"closed","ping_status":"open","template":"","meta":{"nf_dc_page":"","footnotes":""},"class_list":["post-3","page","type-page","status-publish","hentry"],"jetpack_sharing_enabled":true,"_links":{"self":[{"href":"https:\/\/alexanderling.ee\/et\/wp-json\/wp\/v2\/pages\/3","targetHints":{"allow":["GET"]}}],"collection":[{"href":"https:\/\/alexanderling.ee\/et\/wp-json\/wp\/v2\/pages"}],"about":[{"href":"https:\/\/alexanderling.ee\/et\/wp-json\/wp\/v2\/types\/page"}],"author":[{"embeddable":true,"href":"https:\/\/alexanderling.ee\/et\/wp-json\/wp\/v2\/users\/1"}],"replies":[{"embeddable":true,"href":"https:\/\/alexanderling.ee\/et\/wp-json\/wp\/v2\/comments?post=3"}],"version-history":[{"count":6,"href":"https:\/\/alexanderling.ee\/et\/wp-json\/wp\/v2\/pages\/3\/revisions"}],"predecessor-version":[{"id":10863,"href":"https:\/\/alexanderling.ee\/et\/wp-json\/wp\/v2\/pages\/3\/revisions\/10863"}],"wp:attachment":[{"href":"https:\/\/alexanderling.ee\/et\/wp-json\/wp\/v2\/media?parent=3"}],"curies":[{"name":"wp","href":"https:\/\/api.w.org\/{rel}","templated":true}]}}