{"id":466,"date":"2021-04-02T13:00:19","date_gmt":"2021-04-02T13:00:19","guid":{"rendered":"https:\/\/alexanderling.ee\/?page_id=466"},"modified":"2026-02-03T15:26:33","modified_gmt":"2026-02-03T12:26:33","slug":"terms-conditions","status":"publish","type":"page","link":"https:\/\/alexanderling.ee\/et\/terms-conditions\/","title":{"rendered":"Kasutajatingimused"},"content":{"rendered":"<div class=\"wpb-content-wrapper\"><div  class=\"sec_row container\"><div class=\"vc_row wpb_row vc_row-fluid\"><div class=\"wpb_column vc_column_container vc_col-sm-12 et-dark-column\"><div class=\"vc_column-inner\"><div class=\"wpb_wrapper\">\n\t<div class=\"wpb_text_column wpb_content_element\" >\n\t\t<div class=\"wpb_wrapper\">\n\t\t\t<h2>M\u00fc\u00fcgi kasutajatingimused<\/h2>\n<p>Veebipoe www.alexanderling.ee omanik on AL Design O\u00dc (registrikood 1414102460), aadress Tatari 28, 10116 Tallinn.<\/p>\n<h2>M\u00fc\u00fcgilepingu kehtivus, toote- ja hinnainfo<\/h2>\n<p>K\u00e4esolevad tingimused kehtivad veebipoe tehtud ostudele.<\/p>\n<p>Veebilehel m\u00fc\u00fcdavate toodete hinnad on n\u00e4htaval toodete k\u00f5rval. K\u00f5igile Eesti-sisestele tellimustele lisandub 5eurone tarne. Rahvusvahelise tarne on 20 eurot. K\u00f5ik hinnad on eurodes.<\/p>\n<h2>Maksud ja tollimaksud<\/h2>\n<p>Me saadame k\u00f5ik rahvusvahelised tellimused v\u00f5imaluse korral tollimaksuvabalt. K\u00e4ibemaks on n\u00e4htav ostu sooritamise ajal.<\/p>\n<p>M\u00f5ndades riikides v\u00f5ivad lisanduda tollitasud v\u00f5i kullerid n\u00f5uda kauba kohaletoimetamisel t\u00e4iendavaid imporditasusid. Anname endast parima, et Sind sellises olukorras aidata.<\/p>\n<h2>Ostu sooritamine<\/h2>\n<p>Tellimiseks lisa soovitud tooted ostukorvi. Tellimuse vormistamiseks t\u00e4ida n\u00f5utud v\u00e4ljad ja lisa soovitud pakiautomaadi asukoht lahtrisse \"Tellimus m\u00e4rkused (valikuline)\". Soovitud pakiautomaadi asukohapuudumisel valime Sulle l\u00e4hima Omniva pakiautomaadi vastavalt Sinu sisestatud aadressile. Seej\u00e4rel kuvatakse kogumaksumus, mille saab turvaliselt tasuda j\u00e4rgmiselt:<\/p>\n<p>\u2013\u00a0 \u00a0 \u00a0 Apple Pay ja Google Pay<\/p>\n<p>\u2013\u00a0 \u00a0 \u00a0 Visa\/Mastercard\/American Expressi kaardimaksed<\/p>\n<p>\u2013\u00a0 \u00a0 \u00a0 Panga\u00fclekanne<\/p>\n<p>\u2013\u00a0 \u00a0 \u00a0 Alexanderlingi kinkekaardiga tasumiseks v\u00f5ta meiega \u00fchendust<\/p>\n<p>Maksed t\u00f6\u00f6deldakse turvaliselt v\u00e4ljaspool veebipoodi s\u00f5ltumatute makseteenuse pakkujate (nt Apple Pay, Google Pay v\u00f5i Sinu pank) poolt. M\u00fc\u00fcjal puudub juurdep\u00e4\u00e4s Sinu panga- v\u00f5i kaardiandmetele. Leping j\u00f5ustub p\u00e4rast makse laekumist veebipoe arvelduskontole.<\/p>\n<p>Kui soetatud tooteid ei ole laos, teavitatakse Sind esimesel v\u00f5imalusel ning makse tagastatakse mitte hiljem kui 14 p\u00e4eva jooksul p\u00e4rast teadet.<\/p>\n<h2>Tarne<\/h2>\n<p>Alexanderling moemaja looming on \u00fcldjuhul valminud \u00fcksikeksemplaridena valitud suurusesse kasutades piiratud koguses kangast. K\u00fcll aga enamus l\u00f5ikeid on v\u00f5imalik valmis Sinu suurusesse.<\/p>\n<p>\u2013\u00a0 \u00a0 \u00a0K\u00f5ik moemajas olevad valmistooted postitatakse 5 t\u00f6\u00f6p\u00e4eva jooksul<\/p>\n<p>\u2013\u00a0 \u00a0 \u00a0 Eritellimusel r\u00f5ivad valmistatakse 15\u201320 t\u00f6\u00f6p\u00e4eva jooksul peale m\u00f5\u00f5tude v\u00f5tmist<\/p>\n<p>\u2013\u00a0 \u00a0 \u00a0 Kui Sa soovid oma toodet kiiremini, siis v\u00f5imaluse korral tuleme Sulle vastu ja valmistame r\u00f5ivaeseme kiireima v\u00f5imaliku tarnega<\/p>\n<p>Tarnev\u00f5imalused ja -hinnad:<\/p>\n<p>\u2013\u00a0 \u00a0 \u00a0 Eesti-sisene: Omniva pakiautomaat (1\u20133 t\u00f6\u00f6p\u00e4eva jookusl toote valmimisest). Alternatiivselt saame postitada samal p\u00e4eval CargoBusiga kiireimaks tarneks<\/p>\n<p>\u2013\u00a0 \u00a0 \u00a0 Euroopa: rahvusvaheline tarne 20 eurot (7\u201330 t\u00f6\u00f6p\u00e4eva olenevalt tarnest ja tarneasukohast). Kiirtellimused DHLiga 79 eurot (tarne 1\u20132 t\u00f6\u00f6p\u00e4eva r\u00f5iva valmimisest)<\/p>\n<p>\u2013\u00a0 \u00a0 \u00a0 USA: kiirtellimused DHLiga 79 eurot (tarne 1\u20132 t\u00f6\u00f6p\u00e4eva r\u00f5iva valmimisest)<\/p>\n<p>\u2013\u00a0 \u00a0 \u00a0 \u00dclej\u00e4\u00e4nud maailm: kiirtellimused DHLiga 79 eurot (tarne 1\u20132 t\u00f6\u00f6p\u00e4eva r\u00f5iva valmimisest)<\/p>\n<p>Erijuhtumite korral (k.a. v\u00e4\u00e4ramatu j\u00f5ud) v\u00f5ivad tarneajad pikeneda. Alexanderling moemaja veebipood j\u00e4tab endale \u00f5iguse tarnida toode hiljemalt 40 t\u00f6\u00f6p\u00e4eva jooksul.<\/p>\n<h2>Kauba tagastamine ja tagasimaksed<\/h2>\n<p>\u2013\u00a0 \u00a0 \u00a0Moemaja valmistooted on v\u00f5imalik tagastada 14 p\u00e4eva jooksul alates k\u00e4ttesaamisest<\/p>\n<p>\u2013\u00a0 \u00a0 \u00a0Tagastamisega seotud postikulud kannad Sina, v\u00e4lja arvatud kui tootel esineb defekt v\u00f5i on postitatud vale toode<\/p>\n<p>\u2013\u00a0 \u00a0 \u00a0Eritellimusel valmistatud r\u00f5ivad ei kuulu tagastamisele, kuna on valmistatud Sinu suurusesse<\/p>\n<p>\u2013\u00a0 \u00a0 \u00a0Pakume parandust\u00f5id, et tagada parim v\u00f5imalik toodete istuvus peale Sinu parandussoovi avalduse kinnitamist. Kui toote k\u00e4ttesaamisel vajad parandust\u00f6id, palun v\u00f5ta meiega \u00fchendust 14 p\u00e4eva jooksul. Parandust\u00f6\u00f6de hind s\u00f5ltud parandust\u00f6\u00f6de mahust ja hinnapakkumus edastatakse enne parandust\u00f6\u00f6de teostamist. Kui soovid parandust\u00f6id soetatud tootele, siis moemajja postitamise kulu j\u00e4\u00e4b Sinu kanda.<\/p>\n<p>Juhul, kui Soovid tehingust taganeda v\u00f5ta meiega \u00fchendust 14 p\u00e4eva jooksul kauba k\u00e4ttesaamisest andes meile teada, kas soovid tootetagastust, tootevahetust v\u00f5i pakume Sulle parandust\u00f6\u00f6de teostamist. Enne toote tagasisaatmist v\u00f5ta meiega eraldi \u00fchendust.<\/p>\n<p>Sina oled kohustatud taganemis\u00f5iguse kasutamisel tagastama kauba m\u00fc\u00fcjale hiljemalt 14 p\u00e4eva jooksul arvates taganemissoovi esitamisest v\u00f5i esitama dokumendi, et toode on tagastatud kullerile v\u00f5i transpordifirmale selle aja jooksul.<\/p>\n<p>Tagasimakse tehakse peale tagastuskauba k\u00e4ttesaamist, kuid mitte hiljem kui 14 p\u00e4eva jooksul kauba k\u00e4ttesaamisest.<\/p>\n<p>M\u00fc\u00fcja v\u00f5ib tagasimakset l\u00fckata edasi kuni kauba tagastamiseni v\u00f5i kuni Sa oled esitanud kullerifirmale edastatud paki saatmisdokumendi.<\/p>\n<p>Veebipood j\u00e4tab endale \u00f5iguse m\u00fc\u00fcgitehingust taganeda ja n\u00f5uda kauba tagastamist, kui toote hind veebipoes on ekslikult m\u00e4rgitud oluliselt alla turuhinna.<\/p>\n<h2>Pretensioonide esitamine<\/h2>\n<p>Veebipood vastutab kauba lepingutingimustele mittevastavuse v\u00f5i juba kauba \u00fcleandmise ajal olemasolevate puuduste eest, mis ilmnevad 14 p\u00e4eva jooksul alates kauba \u00fcleandmisest Sinule.<\/p>\n<p>Kandmata toote tagastamiseks on Sul aega 14 t\u00f6\u00f6p\u00e4eva. Me hindame igat juhtumit eraldi, kui peaks tekkima probleeme. Pane t\u00e4hele, et tagastamine v\u00f5imalus kehtib ainult kandmata toote, aga mitte eritellimusel tehtud toote kohta.<\/p>\n<p>Sa peab veebipoega v\u00f5tma \u00fchendust, saates e-kirja aadressile info@alexanderling.ee v\u00f5i helistades numbril +372 5693 0960, 14 p\u00e4eva jooksul, kui tootel esineb defekt.<\/p>\n<p>Veebipood ei vastuta defektide eest, mis v\u00f5ivad esineda p\u00e4rast kauba tagastamist.<\/p>\n<p>Kui veebipoest ostetud tootel on defekt, mis langeb veebipoe vastutuse alla, parandab v\u00f5i asendab veebipood defektse toote. Kui toodet ei ole v\u00f5imalik parandada ega asendada, tagastab veebipood k\u00f5ik m\u00fc\u00fcgilepinguga seotud tasud.<\/p>\n<p>Veebipood vastab Sinu kaebusele 15 t\u00f6\u00f6p\u00e4eva jooksul.<\/p>\n<h2>Otseturundus ja isikuandmete t\u00f6\u00f6tlemine<\/h2>\n<p>Veebipood kasutab Sinu sisestatud isikuandmeid ainult tellimuse t\u00f6\u00f6tlemiseks ja kauba kohaletoimetamiseks. Isikuandmed edastatakse ainult transporditeenuse pakkujatele kohaletoimetamise jaoks.<\/p>\n<p>Veebipood saadab uudiskirju ja pakkumisi Sinu e-meili aadressile ainult Sinu n\u00f5usolekul.<\/p>\n<p>Uudiskijadest ja akkumistest on v\u00f5imalik loobuda kirjutades meile v\u00f5i kasutades tellimuse loobumise valikust meilil.<\/p>\n<h2>Kaebuste esitamine<\/h2>\n<p>Kaebuste esinemisel on v\u00f5imalik kirjutada info@alexanderling.ee v\u00f5i helistada +372 5693 0960.<\/p>\n<p>Kui lahendust ei leita, v\u00f5id p\u00f6\u00f6rduda Tarbijavaidluste Komisjoni poole. Menetlusega saad tutvuda ja avalduse esitada aadressil https:\/\/www.komisjon.ee. Komisjoni p\u00e4devuses on lahendada Sinu ja veebipoe vahelistest lepingutest tulenevaid vaidlusi. Kaebuse l\u00e4bivaatamine Komisjonis on tasuta.<\/p>\n<p class=\"\">\n\n\t\t<\/div>\n\t<\/div>\n<\/div><\/div><\/div><\/div><\/div><\/div>","protected":false},"excerpt":{"rendered":"Terms and Conditions of Sale The owner of the online store www.alexanderling.ee (hereinafter \u201cOnline Store\u201d) is AL Design O\u00dc (registry code 14102460), address Tatari 28, 10116 Tallinn, Estonia. Validity of the Sales Contract, Product and Price Information These Terms apply to purchases made in the Online Store. The prices of [...]","protected":false},"author":1,"featured_media":0,"parent":0,"menu_order":0,"comment_status":"closed","ping_status":"closed","template":"","meta":{"nf_dc_page":"","footnotes":""},"class_list":["post-466","page","type-page","status-publish","hentry"],"jetpack_sharing_enabled":true,"_links":{"self":[{"href":"https:\/\/alexanderling.ee\/et\/wp-json\/wp\/v2\/pages\/466","targetHints":{"allow":["GET"]}}],"collection":[{"href":"https:\/\/alexanderling.ee\/et\/wp-json\/wp\/v2\/pages"}],"about":[{"href":"https:\/\/alexanderling.ee\/et\/wp-json\/wp\/v2\/types\/page"}],"author":[{"embeddable":true,"href":"https:\/\/alexanderling.ee\/et\/wp-json\/wp\/v2\/users\/1"}],"replies":[{"embeddable":true,"href":"https:\/\/alexanderling.ee\/et\/wp-json\/wp\/v2\/comments?post=466"}],"version-history":[{"count":6,"href":"https:\/\/alexanderling.ee\/et\/wp-json\/wp\/v2\/pages\/466\/revisions"}],"predecessor-version":[{"id":10888,"href":"https:\/\/alexanderling.ee\/et\/wp-json\/wp\/v2\/pages\/466\/revisions\/10888"}],"wp:attachment":[{"href":"https:\/\/alexanderling.ee\/et\/wp-json\/wp\/v2\/media?parent=466"}],"curies":[{"name":"wp","href":"https:\/\/api.w.org\/{rel}","templated":true}]}}