{"id":6668,"date":"2019-03-17T15:40:42","date_gmt":"2019-03-17T15:40:42","guid":{"rendered":"https:\/\/goya.everthemes.com\/demo-fashion\/?page_id=57"},"modified":"2026-02-03T13:12:32","modified_gmt":"2026-02-03T10:12:32","slug":"faqs","status":"publish","type":"page","link":"https:\/\/alexanderling.ee\/et\/faqs\/","title":{"rendered":"KKK"},"content":{"rendered":"<div class=\"wpb-content-wrapper\"><div  class=\"sec_row container-fluid\"><div data-vc-parallax=\"1.5\" class=\"vc_row wpb_row vc_row-fluid no-padding vc_custom_1726836669694 vc_row-has-fill vc_general vc_parallax vc_parallax-content-moving\"><div class=\"wpb_column vc_column_container vc_col-sm-12 et-light-column\"><div class=\"vc_column-inner\"><div class=\"wpb_wrapper\"><div class=\"vc_row wpb_row vc_inner vc_row-fluid max_width\"><div class=\"wpb_column vc_column_container vc_col-sm-12 vc_col-lg-4 vc_col-md-6 et-dark-column\"><div class=\"vc_column-inner\"><div class=\"wpb_wrapper\">\n\t<div class=\"wpb_text_column wpb_content_element   vc_custom_1562722170105\" >\n\t\t<div class=\"wpb_wrapper\">\n\t\t\t<h1>KKK<\/h1>\n<h4>Korduma kippuvad k\u00fcsimused<\/h4>\n\n\t\t<\/div>\n\t<\/div>\n<\/div><\/div><\/div><\/div><\/div><\/div><\/div><\/div><\/div><div  class=\"sec_row container\"><div class=\"vc_row wpb_row vc_row-fluid vc_custom_1579116504661\"><div class=\"wpb_column vc_column_container vc_col-sm-12 vc_col-lg-offset-1 vc_col-lg-3 et-dark-column\"><div class=\"vc_column-inner\"><div class=\"wpb_wrapper\">\n\t<div class=\"wpb_text_column wpb_content_element\" >\n\t\t<div class=\"wpb_wrapper\">\n\t\t\t<h3>Tellimused<\/h3>\n\n\t\t<\/div>\n\t<\/div>\n<div class=\"vc_empty_space\"   style=\"height: 32px\"><span class=\"vc_empty_space_inner\"><\/span><\/div><\/div><\/div><\/div><div class=\"wpb_column vc_column_container vc_col-sm-12 vc_col-lg-6 et-dark-column\"><div class=\"vc_column-inner\"><div class=\"wpb_wrapper\"><div class=\"vc_tta-container\" data-vc-action=\"collapse\"><div class=\"vc_general vc_tta vc_tta-accordion vc_tta-o-shape-group vc_tta-controls-align-default\"><div class=\"vc_tta-panels-container\"><div class=\"vc_tta-panels\"><div class=\"vc_tta-panel vc_active\" id=\"1726833976702-a2542782-6c24\" data-vc-content=\".vc_tta-panel-body\"><div class=\"vc_tta-panel-heading\"><h4 class=\"vc_tta-panel-title vc_tta-controls-icon-position-left\"><a href=\"#1726833976702-a2542782-6c24\" data-vc-accordion data-vc-container=\".vc_tta-container\"><span class=\"vc_tta-title-text\">Ma soovin tellida \"eeltellitavat\" toodet. Kui kaua selle kohaletoimetamine aega v\u00f5tab?<\/span><i class=\"vc_tta-controls-icon vc_tta-controls-icon-plus\"><\/i><\/a><\/h4><\/div><div class=\"vc_tta-panel-body\">\n\t<div class=\"wpb_text_column wpb_content_element\" >\n\t\t<div class=\"wpb_wrapper\">\n\t\t\t<p>Eeltellitavaid tooteid ei saa tagastada. Eeltellitavate toodete tegemine v\u00f5tab aega kuni 20 t\u00f6\u00f6p\u00e4eva, olenevalt tootest. Kui eeltellitav toode on tehtud eritellimusel Sinu suurusesse, ei ole see tagastatav. Kui eeltellitav toode on tehtud standardsuurusesse, siis see on tagastatav Sinu kulul samamoodi nagu teised laos olevad tooted. Me v\u00f5tame Sinuga \u00fchendust kohe peale tellimuse esitamist, et teada anda eeldatav toote kohaletometamise aeg.<\/p>\n\n\t\t<\/div>\n\t<\/div>\n<\/div><\/div><div class=\"vc_tta-panel\" id=\"1726833976737-dc921367-efe7\" data-vc-content=\".vc_tta-panel-body\"><div class=\"vc_tta-panel-heading\"><h4 class=\"vc_tta-panel-title vc_tta-controls-icon-position-left\"><a href=\"#1726833976737-dc921367-efe7\" data-vc-accordion data-vc-container=\".vc_tta-container\"><span class=\"vc_tta-title-text\">Soovin tellida kleiti, kuid end m\u00f5\u00f5tes, ei ole ma kindel, millist suurust valida. Kas ma saan tellida nii suuruse 38 kui ka 40 ja tagastada hiljem selle, mida ma ei soovi?<\/span><i class=\"vc_tta-controls-icon vc_tta-controls-icon-plus\"><\/i><\/a><\/h4><\/div><div class=\"vc_tta-panel-body\">\n\t<div class=\"wpb_text_column wpb_content_element\" >\n\t\t<div class=\"wpb_wrapper\">\n\t\t\t<p>Parim lahendus on end m\u00f5\u00f5ta ja meiega otse \u00fchendust v\u00f5tta, et saaksime soovitada Sulle parimat istuvat suurust. Meie oskuslikud r\u00e4tsepad on pikaajalise kogemusega, et soovitada suurust, mis istuka Sulle h\u00e4sti, arvestades erinevaid l\u00f5ikeid ja kangaid. Vajadusel saame teha toote Sinu suurusesse arvestades Sinu m\u00f5\u00f5te. Kui eeltellitav toode on eritellimusel tehtud Sinu suurusesse, ei saa seda tagastada.<\/p>\n\n\t\t<\/div>\n\t<\/div>\n<\/div><\/div><div class=\"vc_tta-panel\" id=\"1726833976772-0664d041-6389\" data-vc-content=\".vc_tta-panel-body\"><div class=\"vc_tta-panel-heading\"><h4 class=\"vc_tta-panel-title vc_tta-controls-icon-position-left\"><a href=\"#1726833976772-0664d041-6389\" data-vc-accordion data-vc-container=\".vc_tta-container\"><span class=\"vc_tta-title-text\">Soovin tellida kleidi, kuid ei ole kindel, millist suurust tellida. Kuidas ma tean, milline suurus mulle k\u00f5ige paremini sobib?<\/span><i class=\"vc_tta-controls-icon vc_tta-controls-icon-plus\"><\/i><\/a><\/h4><\/div><div class=\"vc_tta-panel-body\">\n\t<div class=\"wpb_text_column wpb_content_element\" >\n\t\t<div class=\"wpb_wrapper\">\n\t\t\t<p>Iga toote kirjelduse juures on suuruste tabel. Soovitame end m\u00f5\u00f5ta enne toote valimist. Kui Sa ei ole kindel, millist suurust valida, v\u00f5ta meiega \u00fchendust. Nii saame soovitada, milline suurus istub Sulle k\u00f5ige paremini ja veenduda, et saadame Sulle k\u00f5ige paremini sobivama toote.<\/p>\n<p data-pm-slice=\"0 0 &#091;&#093;\">Juhul, kui sul puudub m\u00f5\u00f5dulint, v\u00f5ta meiega \u00fchendust ja leiame Sulle sobiva lahenduse.<\/p>\n\n\t\t<\/div>\n\t<\/div>\n<\/div><\/div><div class=\"vc_tta-panel\" id=\"1726833976808-99c54a08-1833\" data-vc-content=\".vc_tta-panel-body\"><div class=\"vc_tta-panel-heading\"><h4 class=\"vc_tta-panel-title vc_tta-controls-icon-position-left\"><a href=\"#1726833976808-99c54a08-1833\" data-vc-accordion data-vc-container=\".vc_tta-container\"><span class=\"vc_tta-title-text\">Kuidas ja kust ma end m\u00f5\u00f5tma peaksin?<\/span><i class=\"vc_tta-controls-icon vc_tta-controls-icon-plus\"><\/i><\/a><\/h4><\/div><div class=\"vc_tta-panel-body\">\n\t<div class=\"wpb_text_column wpb_content_element\" >\n\t\t<div class=\"wpb_wrapper\">\n\t\t\t<p>Kasuta r\u00e4tsepa m\u00f5\u00f5dulinti ja j\u00e4rgi allolevaid juhiseid:<\/p>\n<p>1) Rind \u2013 m\u00f5\u00f5da rinna\u00fcmberm\u00f5\u00f5t. Aseta m\u00f5\u00f5dulindi \u00fcks ots rinna k\u00f5ige k\u00f5rgema koha peale, keera see \u00fcmber keha (kaenla alt, abaluude kohalt ja tagasi ette), kuni lindi otsad kohtuvad.<\/p>\n<p>2) Talje \u2013 m\u00f5\u00f5da oma talje\u00fcmberm\u00f5\u00f5t. Aseta m\u00f5\u00f5dulint \u00fcmber oma loomuliku peeneima taljejoone (nagu v\u00f6\u00f6), mis asub naba kohal ja rinnakorvi all. See on tavaliselt talje k\u00f5ige peenem koht. (Kui n\u00f5jatad k\u00fcljele, siis moodustuv kurd t\u00e4histab Sinu loomulikku taljejoont.) \u00c4ra t\u00f5mba k\u00f5htu sisse, v\u00e4ltimaks valet m\u00f5\u00f5tu.<\/p>\n<p>3) Puusad \u2013 m\u00f5\u00f5da puusa\u00fcmberm\u00f5\u00f5t. Aseta m\u00f5\u00f5dulint \u00fche k\u00fclje juurest puusa k\u00f5rgusest ja keera see \u00fcmber keha, viies lindi \u00fcle tuhara k\u00f5ige t\u00f6idlasema koha, teise k\u00fclje juurde ja tagasi alguspunkti. M\u00f5\u00f5da ennast peegli ees, et m\u00f5\u00f5dulint oleks asetatud sirgelt.<\/p>\n\n\t\t<\/div>\n\t<\/div>\n<\/div><\/div><div class=\"vc_tta-panel\" id=\"1726835457292-7998b81c-eca6\" data-vc-content=\".vc_tta-panel-body\"><div class=\"vc_tta-panel-heading\"><h4 class=\"vc_tta-panel-title vc_tta-controls-icon-position-left\"><a href=\"#1726835457292-7998b81c-eca6\" data-vc-accordion data-vc-container=\".vc_tta-container\"><span class=\"vc_tta-title-text\">Kas ma saan tellida kleidi eritellimusel? Arvan, et tavaline suurus ei sobi mulle.<\/span><i class=\"vc_tta-controls-icon vc_tta-controls-icon-plus\"><\/i><\/a><\/h4><\/div><div class=\"vc_tta-panel-body\">\n\t<div class=\"wpb_text_column wpb_content_element\" >\n\t\t<div class=\"wpb_wrapper\">\n\t\t\t<p>Jah, me saame teha peaaegu k\u00f5iki l\u00f5ikeid eritellimusel Sinu m\u00f5\u00f5tudesse. Palun arvesta, et eritellimusel loodud r\u00f5ivad ei ole tagastatavad. Kui Sa soovid eritellimusel r\u00f5ivaid, palun v\u00f5ta meiega otse \u00fchendust.<\/p>\n\n\t\t<\/div>\n\t<\/div>\n<\/div><\/div><\/div><\/div><\/div><\/div><\/div><\/div><\/div><\/div><\/div><div  class=\"sec_row container\"><div class=\"vc_row wpb_row vc_row-fluid vc_custom_1579116504661\"><div class=\"wpb_column vc_column_container vc_col-sm-12 vc_col-lg-offset-1 vc_col-lg-3 et-dark-column\"><div class=\"vc_column-inner\"><div class=\"wpb_wrapper\">\n\t<div class=\"wpb_text_column wpb_content_element\" >\n\t\t<div class=\"wpb_wrapper\">\n\t\t\t<h3>Tarne<\/h3>\n\n\t\t<\/div>\n\t<\/div>\n<div class=\"vc_empty_space\"   style=\"height: 32px\"><span class=\"vc_empty_space_inner\"><\/span><\/div><\/div><\/div><\/div><div class=\"wpb_column vc_column_container vc_col-sm-12 vc_col-lg-6 et-dark-column\"><div class=\"vc_column-inner\"><div class=\"wpb_wrapper\"><div class=\"vc_tta-container\" data-vc-action=\"collapse\"><div class=\"vc_general vc_tta vc_tta-accordion vc_tta-o-shape-group vc_tta-controls-align-default\"><div class=\"vc_tta-panels-container\"><div class=\"vc_tta-panels\"><div class=\"vc_tta-panel vc_active\" id=\"1554865954832-7b4f4f32-3205\" data-vc-content=\".vc_tta-panel-body\"><div class=\"vc_tta-panel-heading\"><h4 class=\"vc_tta-panel-title vc_tta-controls-icon-position-left\"><a href=\"#1554865954832-7b4f4f32-3205\" data-vc-accordion data-vc-container=\".vc_tta-container\"><span class=\"vc_tta-title-text\">Millised on teie tarne tingimused?<\/span><i class=\"vc_tta-controls-icon vc_tta-controls-icon-plus\"><\/i><\/a><\/h4><\/div><div class=\"vc_tta-panel-body\">\n\t<div class=\"wpb_text_column wpb_content_element\" >\n\t\t<div class=\"wpb_wrapper\">\n\t\t\t<p>Soovime saata Sinu uue r\u00f5ivaeseme  v\u00f5imalikult kiiresti. Tooted, mis on olemas kohapeal, postitame 1\u20133 t\u00f6\u00f6p\u00e4evaga. Kui Sa tellid eeltellitava toote, palun arvesta 15\u201320 t\u00f6\u00f6p\u00e4evaga selle tegemiseks. P\u00e4rast tellimuse esitamist anname Sulle teada eeldatavast tarneajast.<\/p>\n\n\t\t<\/div>\n\t<\/div>\n<\/div><\/div><div class=\"vc_tta-panel\" id=\"1554865954888-c3d499b3-2d6e\" data-vc-content=\".vc_tta-panel-body\"><div class=\"vc_tta-panel-heading\"><h4 class=\"vc_tta-panel-title vc_tta-controls-icon-position-left\"><a href=\"#1554865954888-c3d499b3-2d6e\" data-vc-accordion data-vc-container=\".vc_tta-container\"><span class=\"vc_tta-title-text\">Kas pakute rahvusvahelist tarnet?<\/span><i class=\"vc_tta-controls-icon vc_tta-controls-icon-plus\"><\/i><\/a><\/h4><\/div><div class=\"vc_tta-panel-body\">\n\t<div class=\"wpb_text_column wpb_content_element\" >\n\t\t<div class=\"wpb_wrapper\">\n\t\t\t<p>Jah. Me pakume rahvusvahelist tarnet 20 euro eest. Rahvusvaheline kiirtarne DHL-iga on 20 eurot (1\u20132 t\u00f6\u00f6p\u00e4eva). Palun pane t\u00e4hele, et klient vastutab tagastamise kuludega.<\/p>\n\n\t\t<\/div>\n\t<\/div>\n<\/div><\/div><\/div><\/div><\/div><\/div><\/div><\/div><\/div><\/div><\/div><div  class=\"sec_row container\"><div class=\"vc_row wpb_row vc_row-fluid vc_custom_1579116490670\"><div class=\"wpb_column vc_column_container vc_col-sm-12 vc_col-lg-offset-1 vc_col-lg-3 et-dark-column\"><div class=\"vc_column-inner\"><div class=\"wpb_wrapper\">\n\t<div class=\"wpb_text_column wpb_content_element\" >\n\t\t<div class=\"wpb_wrapper\">\n\t\t\t<h3>Tagastamine<\/h3>\n\n\t\t<\/div>\n\t<\/div>\n<div class=\"vc_empty_space\"   style=\"height: 32px\"><span class=\"vc_empty_space_inner\"><\/span><\/div><\/div><\/div><\/div><div class=\"wpb_column vc_column_container vc_col-sm-12 vc_col-lg-6 et-dark-column\"><div class=\"vc_column-inner\"><div class=\"wpb_wrapper\"><div class=\"vc_tta-container\" data-vc-action=\"collapse\"><div class=\"vc_general vc_tta vc_tta-accordion vc_tta-o-shape-group vc_tta-controls-align-default\"><div class=\"vc_tta-panels-container\"><div class=\"vc_tta-panels\"><div class=\"vc_tta-panel vc_active\" id=\"1522322738697-88e8c59b-62ccfe1b-0bf9\" data-vc-content=\".vc_tta-panel-body\"><div class=\"vc_tta-panel-heading\"><h4 class=\"vc_tta-panel-title vc_tta-controls-icon-position-left\"><a href=\"#1522322738697-88e8c59b-62ccfe1b-0bf9\" data-vc-accordion data-vc-container=\".vc_tta-container\"><span class=\"vc_tta-title-text\">Millised on teie tagastamise tingimused?<\/span><i class=\"vc_tta-controls-icon vc_tta-controls-icon-plus\"><\/i><\/a><\/h4><\/div><div class=\"vc_tta-panel-body\">\n\t<div class=\"wpb_text_column wpb_content_element\" >\n\t\t<div class=\"wpb_wrapper\">\n\t\t\t<p>Sul on \u00f5igus tagastada oma tellitud tooted <strong>14 p\u00e4eva<\/strong> jooksul alates toote k\u00e4ttesaamisest.<\/p>\n<p>Tagastamise soovist palun anna meile teada kirjutades aadressil <strong>info@alexanderling.ee.<\/strong> Lisa tellimuse number, tagastamise p\u00f5hjus ning kas soovid vahetust v\u00f5i  raha tagastamist. P\u00e4rast soovi avalduse saamist saadame Sulle juhised toote tagastamiseks.<\/p>\n<p>Tagastamisega seotud otsesed kulud kannab klient.<\/p>\n<p>Tagastada saab ainult tavahinnaga tooteid. Allahinnatud tooted ei kuulu tagastamisele.<\/p>\n<p><!-- \/wp:post-content --><\/p>\n<p><!-- wp:paragraph -->Eritellimusel valmistatud tooted Sinu m\u00f5\u00f5tu ei kuulu tagastamisele.<\/p>\n<p>Samuti palun arvesta, et juriidiliste isikute poolt ostetud tooteid ei saa tagastada.<\/p>\n<p>Toote tagastamisel tuleb tagada, et kauba ja selle pakendi seisukorda ei halvendataks. R\u00f5ivaid v\u00f5ib proovida, kuid neid ei v\u00f5i v\u00f5tta kasutusele ega kanda. K\u00f5ik, mis \u00fcletab toote muul viisil  kaustamist, kui seda on tavap\u00e4raselt lubatud teha moemajas, ja selle tulemusena toote halvenemise p\u00f5hjustamist annab Alexanderling moemajale \u00f5iguse n\u00f5uda kahju h\u00fcvitamist toote v\u00e4\u00e4rtuse v\u00e4hendamise eest.<\/p>\n<p>Kui tagastad tooteid, kaalu j\u00e4lgitava tarneteenuse kasutamist v\u00f5i tarnekindlustuse ostmist. Me ei garanteeri, et saame Sinu tagastatud tooted k\u00e4tte.<\/p>\n<p>Raha tagastatakse <strong>14 p\u00e4eva<\/strong> jooksul alates tagastatud toote k\u00e4ttesaamisest.<\/p>\n\n\t\t<\/div>\n\t<\/div>\n<\/div><\/div><div class=\"vc_tta-panel\" id=\"1726835168227-dcccfb1c-09c5\" data-vc-content=\".vc_tta-panel-body\"><div class=\"vc_tta-panel-heading\"><h4 class=\"vc_tta-panel-title vc_tta-controls-icon-position-left\"><a href=\"#1726835168227-dcccfb1c-09c5\" data-vc-accordion data-vc-container=\".vc_tta-container\"><span class=\"vc_tta-title-text\">Kas mul on v\u00f5imalus toodet vahetada?<\/span><i class=\"vc_tta-controls-icon vc_tta-controls-icon-plus\"><\/i><\/a><\/h4><\/div><div class=\"vc_tta-panel-body\">\n\t<div class=\"wpb_text_column wpb_content_element\" >\n\t\t<div class=\"wpb_wrapper\">\n\t\t\t<p>Vahetame tooteid, kui need on defektsed, kahjustatud v\u00f5i soovid vahetada suurust sobiva suuruse olemasolul. Kui soovid suuruse vahetust, palun v\u00f5ta meiega \u00fchendust info@alexanderling.ee.<\/p>\n\n\t\t<\/div>\n\t<\/div>\n<\/div><\/div><div class=\"vc_tta-panel\" id=\"1522322738673-aea3abb5-b800fe1b-0bf9\" data-vc-content=\".vc_tta-panel-body\"><div class=\"vc_tta-panel-heading\"><h4 class=\"vc_tta-panel-title vc_tta-controls-icon-position-left\"><a href=\"#1522322738673-aea3abb5-b800fe1b-0bf9\" data-vc-accordion data-vc-container=\".vc_tta-container\"><span class=\"vc_tta-title-text\">Kui kaua v\u00f5tab aega raha tagastamine?<\/span><i class=\"vc_tta-controls-icon vc_tta-controls-icon-plus\"><\/i><\/a><\/h4><\/div><div class=\"vc_tta-panel-body\">\n\t<div class=\"wpb_text_column wpb_content_element\" >\n\t\t<div class=\"wpb_wrapper\">\n\t\t\t<p>Raha tagastatakse <strong>14 p\u00e4eva<\/strong> jooksul alates tagastatud toote k\u00e4ttesaamisest.<\/p>\n\n\t\t<\/div>\n\t<\/div>\n<\/div><\/div><div class=\"vc_tta-panel\" id=\"1726835043494-1fc27a85-1805\" data-vc-content=\".vc_tta-panel-body\"><div class=\"vc_tta-panel-heading\"><h4 class=\"vc_tta-panel-title vc_tta-controls-icon-position-left\"><a href=\"#1726835043494-1fc27a85-1805\" data-vc-accordion data-vc-container=\".vc_tta-container\"><span class=\"vc_tta-title-text\">Mis juhtub, kui tagastan toote, mis osteti kingitusena?<\/span><i class=\"vc_tta-controls-icon vc_tta-controls-icon-plus\"><\/i><\/a><\/h4><\/div><div class=\"vc_tta-panel-body\">\n\t<div class=\"wpb_text_column wpb_content_element\" >\n\t\t<div class=\"wpb_wrapper\">\n\t\t\t<p>Kui toode on ostmise ajal m\u00e4rgitud kingitusena ja saadeti otse Sulle, edastame tagastatud toote v\u00e4\u00e4rtuses kinkekaardi. Kui oleme tagastatud toote k\u00e4tte saanud, v\u00f5tame Sinuga \u00fchendust.<\/p>\n\n\t\t<\/div>\n\t<\/div>\n<\/div><\/div><\/div><\/div><\/div><\/div><\/div><\/div><\/div><\/div><\/div><div  class=\"sec_row container\"><div class=\"vc_row wpb_row vc_row-fluid vc_custom_1579116498597\"><div class=\"wpb_column vc_column_container vc_col-sm-12 vc_col-lg-offset-1 vc_col-lg-3 et-dark-column\"><div class=\"vc_column-inner\"><div class=\"wpb_wrapper\">\n\t<div class=\"wpb_text_column wpb_content_element\" >\n\t\t<div class=\"wpb_wrapper\">\n\t\t\t<h3>Maksed<\/h3>\n\n\t\t<\/div>\n\t<\/div>\n<div class=\"vc_empty_space\"   style=\"height: 32px\"><span class=\"vc_empty_space_inner\"><\/span><\/div><\/div><\/div><\/div><div class=\"wpb_column vc_column_container vc_col-sm-12 vc_col-lg-6 et-dark-column\"><div class=\"vc_column-inner\"><div class=\"wpb_wrapper\"><div class=\"vc_tta-container\" data-vc-action=\"collapse\"><div class=\"vc_general vc_tta vc_tta-accordion vc_tta-o-shape-group vc_tta-controls-align-default\"><div class=\"vc_tta-panels-container\"><div class=\"vc_tta-panels\"><div class=\"vc_tta-panel vc_active\" id=\"1555532166627-d18a27a7-6515\" data-vc-content=\".vc_tta-panel-body\"><div class=\"vc_tta-panel-heading\"><h4 class=\"vc_tta-panel-title vc_tta-controls-icon-position-left\"><a href=\"#1555532166627-d18a27a7-6515\" data-vc-accordion data-vc-container=\".vc_tta-container\"><span class=\"vc_tta-title-text\">Millised maksev\u00f5imalused on saadaval?<\/span><i class=\"vc_tta-controls-icon vc_tta-controls-icon-plus\"><\/i><\/a><\/h4><\/div><div class=\"vc_tta-panel-body\">\n\t<div class=\"wpb_text_column wpb_content_element\" >\n\t\t<div class=\"wpb_wrapper\">\n\t\t\t<p>Me aktsepteerimine j\u00e4rgmiseid maksev\u00f5imalusi: krediitkaardid, deebetkaardid, Apple Pay, Google Pay ja otsene panga\u00fclekanne.<\/p>\n\n\t\t<\/div>\n\t<\/div>\n<\/div><\/div><\/div><\/div><\/div><\/div><\/div><\/div><\/div><\/div><\/div><div  class=\"sec_row container-fluid\"><div class=\"vc_row wpb_row vc_row-fluid no-padding vc_custom_1588132282993 vc_row-has-fill\"><div class=\"wpb_column vc_column_container vc_col-sm-12 et-dark-column\"><div class=\"vc_column-inner\"><div class=\"wpb_wrapper\"><div class=\"vc_row wpb_row vc_inner vc_row-fluid max_width vc_row-o-content-middle vc_row-flex\"><div class=\"wpb_column vc_column_container vc_col-sm-12 vc_col-lg-offset-1 vc_col-lg-6 et-dark-column\"><div class=\"vc_column-inner\"><div class=\"wpb_wrapper\">\n\t<div class=\"wpb_text_column wpb_content_element   postline-large accent-color fancy-title\" >\n\t\t<div class=\"wpb_wrapper\">\n\t\t\t<h6>Kontakt<\/h6>\n\n\t\t<\/div>\n\t<\/div>\n\n\t<div class=\"wpb_text_column wpb_content_element\" >\n\t\t<div class=\"wpb_wrapper\">\n\t\t\t<h2>Tekkis veel k\u00fcsimusi?<\/h2>\n\n\t\t<\/div>\n\t<\/div>\n<\/div><\/div><\/div><div class=\"wpb_column vc_column_container vc_col-sm-12 vc_col-lg-3 et-dark-column\"><div class=\"vc_column-inner\"><div class=\"wpb_wrapper\">\t\t<div id=\"et-button-69ef48dabf20e\" class=\"et_btn_align_center animation bottom-to-top\">\n\t\t\t<a href=\"https:\/\/alexanderling.ee\/et\/contact\/\" class=\"et_btn button et_btn_md solid color-  arrow-enabled\"  role=\"button\" title=\"V\u00f5ta meiege \u00fchendust\" ><span>V\u00f5ta meiege \u00fchendust<\/span><svg xmlns=\"http:\/\/www.w3.org\/2000\/svg\" xmlns:xlink=\"http:\/\/www.w3.org\/1999\/xlink\" x=\"0px\" y=\"0px\"\r\n\t width=\"30px\" height=\"18px\" viewbox=\"0 0 30 18\" enable-background=\"new 0 0 30 18\" xml:space=\"preserve\">\r\n<path class=\"handle\" d=\"M20.305,16.212c-0.407,0.409-0.407,1.071,0,1.479s1.068,0.408,1.476,0l7.914-7.952c0.408-0.409,0.408-1.071,0-1.481\tl-7.914-7.952c-0.407-0.409-1.068-0.409-1.476,0s-0.407,1.071,0,1.48l7.185,7.221L20.305,16.212z\"\/>\r\n<path class=\"bar\" fill-rule=\"evenodd\" clip-rule=\"evenodd\" d=\"M1,8h28.001c0.551,0,1,0.448,1,1c0,0.553-0.449,1-1,1H1c-0.553,0-1-0.447-1-1\tC0,8.448,0.447,8,1,8z\"\/>\r\n<\/svg>\r\n<\/a>\n\t\t<\/div>\n\t\t\n\t<\/div><\/div><\/div><\/div><\/div><\/div><\/div><\/div><\/div><\/div>","protected":false},"excerpt":{"rendered":"FAQ's Most frequently asked questions Orders I'd like to order a 'Backorder' product. How long will that delivery take? Backorder products are non-refundable and non-returnable. Backorder products will take up to 20 working days to produce, depending on the item. If the backorder garment will be made-to-order the backorder will [...]","protected":false},"author":1,"featured_media":0,"parent":0,"menu_order":0,"comment_status":"closed","ping_status":"closed","template":"","meta":{"nf_dc_page":"","footnotes":""},"class_list":["post-6668","page","type-page","status-publish","hentry"],"jetpack_sharing_enabled":true,"_links":{"self":[{"href":"https:\/\/alexanderling.ee\/et\/wp-json\/wp\/v2\/pages\/6668","targetHints":{"allow":["GET"]}}],"collection":[{"href":"https:\/\/alexanderling.ee\/et\/wp-json\/wp\/v2\/pages"}],"about":[{"href":"https:\/\/alexanderling.ee\/et\/wp-json\/wp\/v2\/types\/page"}],"author":[{"embeddable":true,"href":"https:\/\/alexanderling.ee\/et\/wp-json\/wp\/v2\/users\/1"}],"replies":[{"embeddable":true,"href":"https:\/\/alexanderling.ee\/et\/wp-json\/wp\/v2\/comments?post=6668"}],"version-history":[{"count":6,"href":"https:\/\/alexanderling.ee\/et\/wp-json\/wp\/v2\/pages\/6668\/revisions"}],"predecessor-version":[{"id":10883,"href":"https:\/\/alexanderling.ee\/et\/wp-json\/wp\/v2\/pages\/6668\/revisions\/10883"}],"wp:attachment":[{"href":"https:\/\/alexanderling.ee\/et\/wp-json\/wp\/v2\/media?parent=6668"}],"curies":[{"name":"wp","href":"https:\/\/api.w.org\/{rel}","templated":true}]}}