{"id":6870,"date":"2024-09-17T23:59:48","date_gmt":"2024-09-17T20:59:48","guid":{"rendered":"https:\/\/alexanderling.ee\/?page_id=6870"},"modified":"2025-10-26T00:58:15","modified_gmt":"2025-10-25T21:58:15","slug":"about-us","status":"publish","type":"page","link":"https:\/\/alexanderling.ee\/et\/about-us\/","title":{"rendered":"Meie lugu"},"content":{"rendered":"<div class=\"wpb-content-wrapper\"><div  class=\"sec_row container-fluid\"><div class=\"vc_row wpb_row vc_row-fluid no-padding vc_custom_1726817951377 vc_row-has-fill\"><div class=\"wpb_column vc_column_container vc_col-sm-12 et-dark-column\"><div class=\"vc_column-inner\"><div class=\"wpb_wrapper\"><div class=\"vc_row wpb_row vc_inner vc_row-fluid max_width align-center vc_row-o-content-middle vc_row-flex\"><div class=\"wpb_column vc_column_container vc_col-sm-6 vc_col-lg-6 vc_col-md-8 et-dark-column\"><div class=\"vc_column-inner\"><div class=\"wpb_wrapper\">\n\t<div class=\"wpb_text_column wpb_content_element animation bottom-to-top  vc_custom_1761429131234\" >\n\t\t<div class=\"wpb_wrapper\">\n\t\t\t<h3 style=\"text-align: center;\"><span style=\"font-size: 16px;\">ALEXANDERLING moemajas defineerime igat klienti individuaalselt ning seej\u00e4rel soovitame meie valmisr\u00f5ivavalimit v\u00f5i eritellimusel loodud r\u00f5ivaid. <\/span><\/h3>\n<h3 style=\"text-align: center;\"><span style=\"font-size: 16px;\">Yves Saint Laurent on \u00f6elnud: \"Aastate jooksul olen \u00f5ppinud, et kleidi puhul on oluline, kes on see naine, kes kannab seda kleiti.\"<\/span><\/h3>\n\n\t\t<\/div>\n\t<\/div>\n<\/div><\/div><\/div><div class=\"text-center wpb_column vc_column_container vc_col-sm-6 et-dark-column\"><div class=\"vc_column-inner\"><div class=\"wpb_wrapper\">\n\t<div id=\"et-video-lightbox-69eb762b28a09\" class=\"et-lightbox et-video-lightbox mfp-video lightbox-icon icon-pulse icon-color-  large\" data-mfp-type=\"iframe\" data-mfp-src=\"https:\/\/www.youtube.com\/watch?v=PwEXottJL0E\" >\n\t\t\t\t\n\t\t<div class=\"et-video-icon\">\n\t\t\t<svg xmlns=\"http:\/\/www.w3.org\/2000\/svg\" width=\"24\" height=\"24\" viewbox=\"0 0 24 24\" fill=\"none\" stroke=\"currentColor\" stroke-width=\"2\" stroke-linecap=\"round\" stroke-linejoin=\"round\" class=\"feather feather-play\"><polygon points=\"5 3 19 12 5 21 5 3\"><\/polygon><\/svg>\t\t<\/div>\n\n\t\t\t<\/div>\n\t<\/div><\/div><\/div><\/div><\/div><\/div><\/div><\/div><\/div><div  class=\"sec_row container-fluid\"><div class=\"vc_row wpb_row vc_row-fluid no-padding vc_custom_1726818046868 vc_row-has-fill\"><div class=\"wpb_column vc_column_container vc_col-sm-12 et-dark-column\"><div class=\"vc_column-inner\"><div class=\"wpb_wrapper\"><div class=\"vc_row wpb_row vc_inner vc_row-fluid max_width align-center align-center vc_custom_1726818094225 vc_row-o-equal-height vc_row-flex\"><div class=\"wpb_column vc_column_container animation bottom-to-top vc_col-sm-12 vc_col-lg-5 et-dark-column\"><div class=\"vc_column-inner  vc_custom_1726818565404\"><div class=\"wpb_wrapper\">\n\t<div class=\"wpb_text_column wpb_content_element   vc_custom_1761429210387\" >\n\t\t<div class=\"wpb_wrapper\">\n\t\t\t<h2 style=\"text-align: center;\">Lugu<\/h2>\n\n\t\t<\/div>\n\t<\/div>\n<\/div><\/div><\/div><\/div><div class=\"vc_row wpb_row vc_inner vc_row-fluid max_width align-center align-center vc_row-o-equal-height vc_row-flex\"><div class=\"wpb_column vc_column_container animation bottom-to-top vc_col-sm-6 et-dark-column\"><div class=\"vc_column-inner\"><div class=\"wpb_wrapper\">\n\t<div class=\"wpb_text_column wpb_content_element\" >\n\t\t<div class=\"wpb_wrapper\">\n\t\t\t<p><strong>ALEXANDERLING<\/strong> on minu vanaisa nimi. Vanaisal oli au elada 1940ndatel, kus k\u00fcll meel oli Teise maailmas\u00f5ja j\u00e4rgselt r\u00e4situd, ent oodeldi naise liivakellasiluetti ja mehed j\u00e4id seejuures h\u00e4rrasmeesteks. Siis olid m\u00e4rks\u00f5nadeks kehakuju j\u00e4rgivad kleidid ja drapeeringutega rikastatud l\u00f5iked. See lihtne kirjeldus tollest ajastust peegeldabki minu loomek\u00e4ekirja. Oma \u00fclikooli l\u00f5pukollektsioonis vaatlesingi v\u00f5imalust, kuidas kasutada meetrite kaupa kangaid mitte kohe k\u00e4\u00e4re sisse l\u00fc\u00fces l\u00f5plikult, vaid m\u00e4hkides neid \u00fcmber mannekeeni ja alles seej\u00e4rel n\u00f5eltega kinnitades ning sissel\u00f5ikeid lisades. T\u00e4na on see kollektsioon hoolikalt arhiveeritud p\u00f6\u00f6ningule ja keskendun oma r\u00e4tsepatega s\u00fcdamega, aga ennastsalgava kvaliteediga loodud r\u00f5ivaste loomele 2016. aastast alates. Armastan pisikesi detaile, ka piiludes toodete pahemale poolele, v\u00f5imalusel r\u00f5hutan taljet ning ikka ja j\u00e4lle leian v\u00f5imaluse m\u00e4ngida nende kelmikate drapeeringutega.<\/p>\n<p class=\"\">Meie moemajas loodud kollektsioonidega saad tutuvuda kohapeal, aga ka e-poes ning Levi disainipoodides Tallinnas, Solarise keskuses ja Tartu Kaubamajas.<\/p>\n\n\t\t<\/div>\n\t<\/div>\n<\/div><\/div><\/div><div class=\"wpb_column vc_column_container vc_col-sm-6 et-dark-column\"><div class=\"vc_column-inner\"><div class=\"wpb_wrapper\">\n\t<div class=\"wpb_text_column wpb_content_element\" >\n\t\t<div class=\"wpb_wrapper\">\n\t\t\t<p class=\"\">Lisaks valmiskollektsioonidele pakume eritellimusel valmistatud r\u00f5ivaid. Selleks olen rajanud eksklusiivsema A. LING br\u00e4ndi arvestades iga kliendi individuaalseid soove. Olgu selleks siis pluus, l\u00f5pukost\u00fc\u00fcm, mantel v\u00f5i hoopiski pulma\u00fclikond ja pruudikleit.<\/p>\n<p class=\"\">See on loome, mis n\u00f5uab \u00fchte kuni kolme proovi olenevalt parandust\u00f6\u00f6de mahust. Palume oma meeskonnaga arvestada, et toote valmimisaeg v\u00f5ib olla kuni 4 n\u00e4dalat alates esimesest kohtumisest s\u00f5ltuvalt kangaste saadavusest meie kangatarnijatelt Hollandist, Hispaaniast ja Itaaliast, kuid l\u00f5pliku toote k\u00e4tte saamise aja paneme paika esimesel kohtumisel. V\u00f5imalusel valime kangad aga otse moemaja valimist ning oleme paindlikud valmimisaja osas. Loome k\u00f5ik r\u00f5ivad siinsamas, Tallinnas asuval moemaja pinnal ja r\u00e4tsepatega keskendume kandmismugavusele ning austame kvaliteeti.<\/p>\n<p>J\u00e4relprotsessina pakume kohendamisteenust meie poolt valmistatud esemetele aga ka Sinu enda garderoobis aja jooksul lemmikuks saanud r\u00f5ivaesemetele.<\/p>\n\n\t\t<\/div>\n\t<\/div>\n<\/div><\/div><\/div><\/div><\/div><\/div><\/div><\/div><\/div><div  class=\"sec_row container-fluid\"><div class=\"vc_row wpb_row vc_row-fluid vc_custom_1579114943204 vc_row-has-fill\"><div class=\"wpb_column vc_column_container vc_col-sm-12 et-dark-column\"><div class=\"vc_column-inner\"><div class=\"wpb_wrapper\"><div class=\"vc_row wpb_row vc_inner vc_row-fluid max_width align-center vc_custom_1578532916555\"><div class=\"wpb_column vc_column_container animation bottom-to-top vc_col-sm-12 vc_col-lg-6 et-dark-column\"><div class=\"vc_column-inner\"><div class=\"wpb_wrapper\">\n\t<div class=\"wpb_text_column wpb_content_element\" >\n\t\t<div class=\"wpb_wrapper\">\n\t\t\t<h2 class=\"fancy-title\" style=\"text-align: center;\">V\u00e4\u00e4rtused<\/h2>\n<p style=\"text-align: center;\">Moemaja meeskonna v\u00e4\u00e4rtus ei seisne ainult loomingulises tootmises, vaid ka p\u00fchendumises meie planeedi heaolule ning kohalike ettev\u00f5tete kaudu loodud kaasava \u00fchiskonna edendamises.<\/p>\n\n\t\t<\/div>\n\t<\/div>\n<\/div><\/div><\/div><\/div><div class=\"vc_row wpb_row vc_inner vc_row-fluid max_width align-center\"><div class=\"wpb_column vc_column_container animation bottom-to-top vc_col-sm-12 vc_col-lg-8 et-dark-column\"><div class=\"vc_column-inner\"><div class=\"wpb_wrapper\">\t<div id=\"et-icon-holder-675\" class=\"et-icon-holder row center-true lg-block-grid-3 md-block-grid-2 block-grid-1\">\n\t\t\r\n\t<div id=\"et-iconbox-180\" class=\"et-iconbox layout-centered icon-style-simple bottom-spacing-none icon-color-custom text-color-\"> \r\n\t\t<div class=\"et-icon-inner\">\r\n\t\t\t\t\t\t<figure class=\"et-feature-icon\">\r\n\t\t\t\t\t\t\t\t<span class=\"fas fa-users\"><\/span>\r\n\t\t\t\t\t\t\t<\/figure>\r\n\t\t\t\t\t\t<div class=\"et-feature-content\"> \r\n\t\t\t\t\t\t\t\t\t\t\t\t\t\t\t\t\t<h4 class=\"title\">Inimesed<\/h4>\r\n\t\t\t\t\t\t\t\t\t\t\t\t<div class=\"wpb_text_column\"><p>Meie moemaja l\u00e4henemine seab esikohale Sinu l\u00e4bi mille loome kultuuri, kus austus ja kaasatus on kesksel kohal, et ka aja m\u00f6\u00f6dudes tunneksid Sa end p\u00e4riselt h\u00e4sti meie loomingus.<\/p>\n<\/div>\r\n\t\t\t<\/div>\r\n\t\t<\/div>\r\n\t<\/div>\r\n\r\n\t\r\n\t<div id=\"et-iconbox-315\" class=\"et-iconbox layout-centered icon-style-simple bottom-spacing-none icon-color-custom text-color-\"> \r\n\t\t<div class=\"et-icon-inner\">\r\n\t\t\t\t\t\t<figure class=\"et-feature-icon\">\r\n\t\t\t\t\t\t\t\t<span class=\"fas fa-tshirt\"><\/span>\r\n\t\t\t\t\t\t\t<\/figure>\r\n\t\t\t\t\t\t<div class=\"et-feature-content\"> \r\n\t\t\t\t\t\t\t\t\t\t\t\t\t\t\t\t\t<h4 class=\"title\">R\u00f5ivad<\/h4>\r\n\t\t\t\t\t\t\t\t\t\t\t\t<div class=\"wpb_text_column\"><p>Valmistame oma tooteid t\u00e4psuse ja kirega, kombineerides omavahel kvaliteedi, meisterliku r\u00e4tsepakunsti ja ajas v\u00e4\u00e4rtust kasvatava disaini, et austada Sind ja Sinu keha, millel lubad meie r\u00f5ivaid kanda.<\/p>\n<\/div>\r\n\t\t\t<\/div>\r\n\t\t<\/div>\r\n\t<\/div>\r\n\r\n\t\r\n\t<div id=\"et-iconbox-418\" class=\"et-iconbox layout-centered icon-style-simple bottom-spacing-none icon-color-custom text-color-\"> \r\n\t\t<div class=\"et-icon-inner\">\r\n\t\t\t\t\t\t<figure class=\"et-feature-icon\">\r\n\t\t\t\t\t\t\t\t<span class=\"fas fa-globe-africa\"><\/span>\r\n\t\t\t\t\t\t\t<\/figure>\r\n\t\t\t\t\t\t<div class=\"et-feature-content\"> \r\n\t\t\t\t\t\t\t\t\t\t\t\t\t\t\t\t\t<h4 class=\"title\">Planeet<\/h4>\r\n\t\t\t\t\t\t\t\t\t\t\t\t<div class=\"wpb_text_column\"><p>Meie loomeprotsessi keskmes on individuaalselt l\u00e4henedes pakkuda r\u00f5ivaid minimaalseimate j\u00e4\u00e4tmetega l\u00e4bi kohaliku tootmise, et saavutada kergeim \u00f6koloogiline jalaj\u00e4lg.<\/p>\n<\/div>\r\n\t\t\t<\/div>\r\n\t\t<\/div>\r\n\t<\/div>\r\n\r\n\t\t<\/div>\n\t<\/div><\/div><\/div><\/div><\/div><\/div><\/div><\/div><\/div><div  class=\"sec_row container\"><div class=\"vc_row wpb_row vc_row-fluid vc_custom_1579114565104\"><div class=\"wpb_column vc_column_container vc_col-sm-8 et-dark-column\"><div class=\"vc_column-inner\"><div class=\"wpb_wrapper\">\n\t<div class=\"wpb_text_column wpb_content_element animation left-to-right\" >\n\t\t<div class=\"wpb_wrapper\">\n\t\t\t<h5 class=\"fancy-title\">Fashion designer<\/h5>\n<h2>Anu Ling<\/h2>\n<p>ALEXANDERLING moemaja esindab naiselikkust \u00e4\u00e4rmise kvaliteedi kaudu, mille on valmistanud r\u00e4tsepad, kes loovad moodi \u00fchtehoidvas meeskonnas.<\/p>\n<p>\u201dUsun siiralt, et luksuse toomine meie igap\u00e4evaellu on h\u00e4davajalik. Unistan maailmast, kus ei valitse kiirmood, vaid iga hoolikalt loodud ese kestab ja loob s\u00fcgava \u00fchenduse oma kandjaga. T\u00e4nu v\u00f5imalusele pakkuda parimate Eesti r\u00e4tsepate oskuslikku viimistlust, loome l\u00e4bi selle mesimagusa protsessi meelelist heaolu. Need on teadmised, mille omandasin Anglia Ruskin University-s Inglismaal ja mida rakendan igap\u00e4evaselt.<\/p>\n<p>Oma br\u00e4ndi l\u00f5in vanaisa auks, v\u00e4\u00e4rtustades 1940ndate naiselikku moodi ja austades tolle aja r\u00e4tsepat\u00f6\u00f6 oskusi. Ka minu vanaema ei olnud kauge moemaailmast - \u00fcler\u00f5ivaste r\u00e4tsep. T\u00e4nu nende p\u00e4randvarale soovin jagada seda ka Sinuga.\u201d<\/p>\n\n\t\t<\/div>\n\t<\/div>\n<\/div><\/div><\/div><div class=\"wpb_column vc_column_container vc_col-sm-4 et-dark-column\"><div class=\"vc_column-inner\"><div class=\"wpb_wrapper\">  <div class=\"et-team-member animation bottom-to-top\">\n  \t<div class=\"et-team-member-image default\">\n\t  \t<figure style=\"background-image:url('https:\/\/i0.wp.com\/alexanderling.ee\/wp-content\/uploads\/2024\/09\/Anu-portree-2021-2.jpg?fit=1024%2C683&#038;ssl=1')\">\n\t\t \t\t<div class=\"overlay\">\n\t\t\t\t\t<div class=\"et-member-social\">\n\t\t\t\t\t\t\t\t\t\t\t\t\t\t\t\t\t\t\t\t\t\t\t\t\t\t\t\t\t\t\t\t\t\t\t\t\t\t\t\t\t<\/div>\n\t\t\t\t<\/div>\n\t  \t<\/figure>\n\t\t<\/div>\n\t\t<div class=\"et-member-information\">\n\t\t\t\t\t\t\t<h5>info@alexanderling.ee<\/h5>\n\t\t\t\t  \t\t  \t\t<p>+372 5693 0960<\/p>\n\t  \t  \t<\/div>\n\t<\/div>\n  <\/div><\/div><\/div><\/div><\/div>\n<\/div>","protected":false},"excerpt":{"rendered":"Here in our maison, we define each person individually, taking into account all aspects of the wearer's body type, and then recommend either our ready-made clothing selection or bespoke clothing uniquely made just for you. As Yves Saint Laurent has said: 'Over the years I have learned that what is [...]","protected":false},"author":1,"featured_media":0,"parent":0,"menu_order":0,"comment_status":"closed","ping_status":"closed","template":"","meta":{"nf_dc_page":"","footnotes":""},"class_list":["post-6870","page","type-page","status-publish","hentry"],"jetpack_sharing_enabled":true,"_links":{"self":[{"href":"https:\/\/alexanderling.ee\/et\/wp-json\/wp\/v2\/pages\/6870","targetHints":{"allow":["GET"]}}],"collection":[{"href":"https:\/\/alexanderling.ee\/et\/wp-json\/wp\/v2\/pages"}],"about":[{"href":"https:\/\/alexanderling.ee\/et\/wp-json\/wp\/v2\/types\/page"}],"author":[{"embeddable":true,"href":"https:\/\/alexanderling.ee\/et\/wp-json\/wp\/v2\/users\/1"}],"replies":[{"embeddable":true,"href":"https:\/\/alexanderling.ee\/et\/wp-json\/wp\/v2\/comments?post=6870"}],"version-history":[{"count":6,"href":"https:\/\/alexanderling.ee\/et\/wp-json\/wp\/v2\/pages\/6870\/revisions"}],"predecessor-version":[{"id":10646,"href":"https:\/\/alexanderling.ee\/et\/wp-json\/wp\/v2\/pages\/6870\/revisions\/10646"}],"wp:attachment":[{"href":"https:\/\/alexanderling.ee\/et\/wp-json\/wp\/v2\/media?parent=6870"}],"curies":[{"name":"wp","href":"https:\/\/api.w.org\/{rel}","templated":true}]}}