{"id":6944,"date":"2024-09-18T11:55:16","date_gmt":"2024-09-18T08:55:16","guid":{"rendered":"https:\/\/alexanderling.ee\/?page_id=6944"},"modified":"2025-04-16T13:26:05","modified_gmt":"2025-04-16T10:26:05","slug":"hedon-resort-24","status":"publish","type":"page","link":"https:\/\/alexanderling.ee\/et\/hedon-resort-24\/","title":{"rendered":"&#8216;Lily of the Valley&#8217; Collection &#8211; Resort 2024"},"content":{"rendered":"<div class=\"wpb-content-wrapper\"><div  class=\"sec_row container-fluid\"><div class=\"vc_row wpb_row vc_row-fluid vc_custom_1573187171262 vc_row-o-content-middle vc_row-flex\"><div class=\"wpb_column vc_column_container animation bottom-to-top vc_col-sm-12 vc_col-lg-offset-1 vc_col-lg-4 et-dark-column\"><div class=\"vc_column-inner  vc_custom_1727110945420\"><div class=\"wpb_wrapper\">\n\t<div class=\"wpb_text_column wpb_content_element   vc_custom_1729180839449 preline-large\" >\n\t\t<div class=\"wpb_wrapper\">\n\t\t\t<h1>Kollektsioon \"Hedon Resort\"<\/h1>\n<h4>Kevad\/Suvi 2024<\/h4>\n\n\t\t<\/div>\n\t<\/div>\n\n\t<div class=\"wpb_text_column wpb_content_element\" >\n\t\t<div class=\"wpb_wrapper\">\n\t\t\t<p><span style=\"font-weight: 400;\">Suvi algab suvepealinnas P\u00e4rnus ja nii ka seekordne kollektsioon esitles end ajaloolise mudaravila Hedon Spa &amp; Hotel sisehoovis, kus catwalk oli ehitatud otse \u00fcle basseini. <\/span><\/p>\n<p><span style=\"font-weight: 400;\">Inspiratsioon langes t\u00e4pselt piibelehe \u00f5ide puhkemise ajaks ja neid jagub kollektsioonis omajagu: alates puuvillakangaste toonimisest leheroheliseks kuni naturaalvalge piibelehe\u00f5ie motiivina helklemas p\u00e4rlihelmed, mida leidus k\u00e4sit\u00f6\u00f6tikandina taskuservadel nii p\u00fckstel kui ka pintsakutel. <\/span><\/p>\n<p><span style=\"font-weight: 400;\">Kokku 24 komplektist koosnev kollektsioon on \u00fclimalt l\u00e4bim\u00f5elduna j\u00f5udnud lavalaudadele, mida iseloomustavad just klassikaliste rev\u00e4\u00e4ridega naiste jakid, viikidega puuvilla viigip\u00fcksid, aga ka k\u00e4sitsi makramee tehnikas punutud narmad.<\/span><\/p>\n\n\t\t<\/div>\n\t<\/div>\n<\/div><\/div><\/div><div class=\"wpb_column vc_column_container animation top-to-bottom vc_col-sm-12 vc_col-lg-offset-1 vc_col-lg-5 et-light-column\"><div class=\"vc_column-inner\"><div class=\"wpb_wrapper\">\r\n\t\t<div class=\"et-banner-69eb8d013f277 et-banner content-full  image-type-fluid text-color-light hover-effect hover-zoom\" ><img loading=\"lazy\" decoding=\"async\" width=\"1269\" height=\"2048\" src=\"https:\/\/i0.wp.com\/alexanderling.ee\/wp-content\/uploads\/2024\/09\/WEB_20240608-6Z6A4992-Edit-1-e1727109934544.jpg?fit=1269%2C2048&amp;ssl=1\" class=\"et-banner-main-image\" alt=\"\" sizes=\"auto, (max-width: 1140px) 100vw, 1140px\" srcset=\"https:\/\/i0.wp.com\/alexanderling.ee\/wp-content\/uploads\/2024\/09\/WEB_20240608-6Z6A4992-Edit-1-e1727109934544.jpg?w=1269&amp;ssl=1 1269w, https:\/\/i0.wp.com\/alexanderling.ee\/wp-content\/uploads\/2024\/09\/WEB_20240608-6Z6A4992-Edit-1-e1727109934544.jpg?resize=450%2C726&amp;ssl=1 450w, https:\/\/i0.wp.com\/alexanderling.ee\/wp-content\/uploads\/2024\/09\/WEB_20240608-6Z6A4992-Edit-1-e1727109934544.jpg?resize=900%2C1452&amp;ssl=1 900w, https:\/\/i0.wp.com\/alexanderling.ee\/wp-content\/uploads\/2024\/09\/WEB_20240608-6Z6A4992-Edit-1-e1727109934544.jpg?resize=186%2C300&amp;ssl=1 186w, https:\/\/i0.wp.com\/alexanderling.ee\/wp-content\/uploads\/2024\/09\/WEB_20240608-6Z6A4992-Edit-1-e1727109934544.jpg?resize=635%2C1024&amp;ssl=1 635w, https:\/\/i0.wp.com\/alexanderling.ee\/wp-content\/uploads\/2024\/09\/WEB_20240608-6Z6A4992-Edit-1-e1727109934544.jpg?resize=768%2C1239&amp;ssl=1 768w, https:\/\/i0.wp.com\/alexanderling.ee\/wp-content\/uploads\/2024\/09\/WEB_20240608-6Z6A4992-Edit-1-e1727109934544.jpg?resize=952%2C1536&amp;ssl=1 952w, https:\/\/i0.wp.com\/alexanderling.ee\/wp-content\/uploads\/2024\/09\/WEB_20240608-6Z6A4992-Edit-1-e1727109934544.jpg?resize=93%2C150&amp;ssl=1 93w\" \/>\r\n\t\t<\/div><\/div><\/div><\/div><\/div><\/div><div  class=\"sec_row container\"><div class=\"vc_row wpb_row vc_row-fluid no-padding vc_custom_1726655051619 vc_row-has-fill vc_row-o-content-middle vc_row-flex\"><div class=\"wpb_column vc_column_container animation left-to-right vc_col-sm-12 vc_col-lg-6 et-dark-column\"><div class=\"vc_column-inner\"><div class=\"wpb_wrapper\">\t<div class=\"et-image-181 et-image     et_image_link\">\n\t\t<div class=\"et-image-inner\">\n\t\t\t\t\t\t\t<div class=\"et-image-thumb\">\n\t\t\t\t\t<img loading=\"lazy\" decoding=\"async\" width=\"1365\" height=\"2048\" src=\"https:\/\/i0.wp.com\/alexanderling.ee\/wp-content\/uploads\/2024\/09\/WEB_20240608-6Z6A4219-Edit.jpg?fit=1365%2C2048&amp;ssl=1\" class=\"attachment-full\" alt=\"\" title=\"WEB_20240608-6Z6A4219-Edit\" srcset=\"https:\/\/i0.wp.com\/alexanderling.ee\/wp-content\/uploads\/2024\/09\/WEB_20240608-6Z6A4219-Edit.jpg?w=1365&amp;ssl=1 1365w, https:\/\/i0.wp.com\/alexanderling.ee\/wp-content\/uploads\/2024\/09\/WEB_20240608-6Z6A4219-Edit.jpg?resize=450%2C675&amp;ssl=1 450w, https:\/\/i0.wp.com\/alexanderling.ee\/wp-content\/uploads\/2024\/09\/WEB_20240608-6Z6A4219-Edit.jpg?resize=900%2C1350&amp;ssl=1 900w, https:\/\/i0.wp.com\/alexanderling.ee\/wp-content\/uploads\/2024\/09\/WEB_20240608-6Z6A4219-Edit.jpg?resize=200%2C300&amp;ssl=1 200w, https:\/\/i0.wp.com\/alexanderling.ee\/wp-content\/uploads\/2024\/09\/WEB_20240608-6Z6A4219-Edit.jpg?resize=683%2C1024&amp;ssl=1 683w, https:\/\/i0.wp.com\/alexanderling.ee\/wp-content\/uploads\/2024\/09\/WEB_20240608-6Z6A4219-Edit.jpg?resize=768%2C1152&amp;ssl=1 768w, https:\/\/i0.wp.com\/alexanderling.ee\/wp-content\/uploads\/2024\/09\/WEB_20240608-6Z6A4219-Edit.jpg?resize=1024%2C1536&amp;ssl=1 1024w, https:\/\/i0.wp.com\/alexanderling.ee\/wp-content\/uploads\/2024\/09\/WEB_20240608-6Z6A4219-Edit.jpg?resize=100%2C150&amp;ssl=1 100w\" sizes=\"auto, (max-width: 1140px) 100vw, 1140px\" \/>\t\t\t\t<\/div>\n\t\t\t\t\t\t\t\t\t\t\t<\/div>\n\t<\/div>\n  <\/div><\/div><\/div><\/div><\/div><div  class=\"sec_row container-fluid\"><div class=\"vc_row wpb_row vc_row-fluid vc_custom_1729183974569 vc_row-has-fill vc_row-o-content-bottom vc_row-flex\"><div class=\"wpb_column vc_column_container vc_col-sm-6 vc_col-lg-6 et-dark-column\"><div class=\"vc_column-inner\"><div class=\"wpb_wrapper\">\r\n\t\t<div class=\"et-banner-69eb8d013fdb5 et-banner content-full  image-type-fluid text-color-light hover-effect hover-zoom\" ><img loading=\"lazy\" decoding=\"async\" width=\"1367\" height=\"2048\" src=\"https:\/\/i0.wp.com\/alexanderling.ee\/wp-content\/uploads\/2024\/09\/448142557_902676691872275_5336066370213615896_n.jpg?fit=1367%2C2048&amp;ssl=1\" class=\"et-banner-main-image\" alt=\"\" sizes=\"auto, (max-width: 1140px) 100vw, 1140px\" srcset=\"https:\/\/i0.wp.com\/alexanderling.ee\/wp-content\/uploads\/2024\/09\/448142557_902676691872275_5336066370213615896_n.jpg?w=1367&amp;ssl=1 1367w, https:\/\/i0.wp.com\/alexanderling.ee\/wp-content\/uploads\/2024\/09\/448142557_902676691872275_5336066370213615896_n.jpg?resize=450%2C674&amp;ssl=1 450w, https:\/\/i0.wp.com\/alexanderling.ee\/wp-content\/uploads\/2024\/09\/448142557_902676691872275_5336066370213615896_n.jpg?resize=900%2C1348&amp;ssl=1 900w, https:\/\/i0.wp.com\/alexanderling.ee\/wp-content\/uploads\/2024\/09\/448142557_902676691872275_5336066370213615896_n.jpg?resize=200%2C300&amp;ssl=1 200w, https:\/\/i0.wp.com\/alexanderling.ee\/wp-content\/uploads\/2024\/09\/448142557_902676691872275_5336066370213615896_n.jpg?resize=684%2C1024&amp;ssl=1 684w, https:\/\/i0.wp.com\/alexanderling.ee\/wp-content\/uploads\/2024\/09\/448142557_902676691872275_5336066370213615896_n.jpg?resize=768%2C1151&amp;ssl=1 768w, https:\/\/i0.wp.com\/alexanderling.ee\/wp-content\/uploads\/2024\/09\/448142557_902676691872275_5336066370213615896_n.jpg?resize=1025%2C1536&amp;ssl=1 1025w, https:\/\/i0.wp.com\/alexanderling.ee\/wp-content\/uploads\/2024\/09\/448142557_902676691872275_5336066370213615896_n.jpg?resize=100%2C150&amp;ssl=1 100w\" \/>\r\n\t\t<\/div><\/div><\/div><\/div><div class=\"wpb_column vc_column_container vc_col-sm-6 et-dark-column\"><div class=\"vc_column-inner\"><div class=\"wpb_wrapper\">\r\n\t\t<div class=\"et-banner-69eb8d01400dc et-banner content-full  image-type-fluid text-color-light hover-effect hover-zoom\" ><img loading=\"lazy\" decoding=\"async\" width=\"1367\" height=\"2048\" src=\"https:\/\/i0.wp.com\/alexanderling.ee\/wp-content\/uploads\/2024\/09\/448126509_902676485205629_4362623789434522810_n.jpg?fit=1367%2C2048&amp;ssl=1\" class=\"et-banner-main-image\" alt=\"\" sizes=\"auto, (max-width: 1140px) 100vw, 1140px\" srcset=\"https:\/\/i0.wp.com\/alexanderling.ee\/wp-content\/uploads\/2024\/09\/448126509_902676485205629_4362623789434522810_n.jpg?w=1367&amp;ssl=1 1367w, https:\/\/i0.wp.com\/alexanderling.ee\/wp-content\/uploads\/2024\/09\/448126509_902676485205629_4362623789434522810_n.jpg?resize=450%2C674&amp;ssl=1 450w, https:\/\/i0.wp.com\/alexanderling.ee\/wp-content\/uploads\/2024\/09\/448126509_902676485205629_4362623789434522810_n.jpg?resize=900%2C1348&amp;ssl=1 900w, https:\/\/i0.wp.com\/alexanderling.ee\/wp-content\/uploads\/2024\/09\/448126509_902676485205629_4362623789434522810_n.jpg?resize=200%2C300&amp;ssl=1 200w, https:\/\/i0.wp.com\/alexanderling.ee\/wp-content\/uploads\/2024\/09\/448126509_902676485205629_4362623789434522810_n.jpg?resize=684%2C1024&amp;ssl=1 684w, https:\/\/i0.wp.com\/alexanderling.ee\/wp-content\/uploads\/2024\/09\/448126509_902676485205629_4362623789434522810_n.jpg?resize=768%2C1151&amp;ssl=1 768w, https:\/\/i0.wp.com\/alexanderling.ee\/wp-content\/uploads\/2024\/09\/448126509_902676485205629_4362623789434522810_n.jpg?resize=1025%2C1536&amp;ssl=1 1025w, https:\/\/i0.wp.com\/alexanderling.ee\/wp-content\/uploads\/2024\/09\/448126509_902676485205629_4362623789434522810_n.jpg?resize=100%2C150&amp;ssl=1 100w\" \/>\r\n\t\t<\/div><\/div><\/div><\/div><\/div><\/div><div  class=\"sec_row container-fluid\"><div class=\"vc_row wpb_row vc_row-fluid align-center vc_custom_1555550614288 vc_row-o-content-middle vc_row-flex\"><div class=\"wpb_column vc_column_container animation bottom-to-top vc_col-sm-6 vc_col-lg-offset-1 vc_col-lg-7 et-dark-column\"><div class=\"vc_column-inner\"><div class=\"wpb_wrapper\">\t<div class=\"et-image-715 et-image     et_image_link\">\n\t\t<div class=\"et-image-inner\">\n\t\t\t\t\t\t\t<div class=\"et-image-thumb\">\n\t\t\t\t\t<img loading=\"lazy\" decoding=\"async\" width=\"2048\" height=\"1365\" src=\"https:\/\/i0.wp.com\/alexanderling.ee\/wp-content\/uploads\/2024\/09\/WEB_20240608-6Z6A5079-Edit.jpg?fit=2048%2C1365&amp;ssl=1\" class=\"attachment-full\" alt=\"\" title=\"WEB_20240608-6Z6A5079-Edit\" srcset=\"https:\/\/i0.wp.com\/alexanderling.ee\/wp-content\/uploads\/2024\/09\/WEB_20240608-6Z6A5079-Edit.jpg?w=2048&amp;ssl=1 2048w, https:\/\/i0.wp.com\/alexanderling.ee\/wp-content\/uploads\/2024\/09\/WEB_20240608-6Z6A5079-Edit.jpg?resize=450%2C300&amp;ssl=1 450w, https:\/\/i0.wp.com\/alexanderling.ee\/wp-content\/uploads\/2024\/09\/WEB_20240608-6Z6A5079-Edit.jpg?resize=900%2C600&amp;ssl=1 900w, https:\/\/i0.wp.com\/alexanderling.ee\/wp-content\/uploads\/2024\/09\/WEB_20240608-6Z6A5079-Edit.jpg?resize=300%2C200&amp;ssl=1 300w, https:\/\/i0.wp.com\/alexanderling.ee\/wp-content\/uploads\/2024\/09\/WEB_20240608-6Z6A5079-Edit.jpg?resize=1024%2C683&amp;ssl=1 1024w, https:\/\/i0.wp.com\/alexanderling.ee\/wp-content\/uploads\/2024\/09\/WEB_20240608-6Z6A5079-Edit.jpg?resize=768%2C512&amp;ssl=1 768w, https:\/\/i0.wp.com\/alexanderling.ee\/wp-content\/uploads\/2024\/09\/WEB_20240608-6Z6A5079-Edit.jpg?resize=1536%2C1024&amp;ssl=1 1536w, https:\/\/i0.wp.com\/alexanderling.ee\/wp-content\/uploads\/2024\/09\/WEB_20240608-6Z6A5079-Edit.jpg?resize=150%2C100&amp;ssl=1 150w\" sizes=\"auto, (max-width: 1140px) 100vw, 1140px\" \/>\t\t\t\t<\/div>\n\t\t\t\t\t\t\t\t\t\t\t<\/div>\n\t<\/div>\n  <\/div><\/div><\/div><\/div><\/div><div  class=\"sec_row container-fluid\"><div class=\"vc_row wpb_row vc_row-fluid align-center vc_custom_1727967348080 vc_row-o-content-middle vc_row-flex\"><div class=\"wpb_column vc_column_container animation bottom-to-top vc_col-sm-12 vc_col-lg-4 et-dark-column\"><div class=\"vc_column-inner\"><div class=\"wpb_wrapper\">\t<div class=\"et-image-196 et-image     et_image_link\">\n\t\t<div class=\"et-image-inner\">\n\t\t\t\t\t\t\t<div class=\"et-image-thumb\">\n\t\t\t\t\t<img loading=\"lazy\" decoding=\"async\" width=\"1365\" height=\"2048\" src=\"https:\/\/i0.wp.com\/alexanderling.ee\/wp-content\/uploads\/2024\/09\/WEB_20240608-6Z6A4341-Edit.jpg?fit=1365%2C2048&amp;ssl=1\" class=\"attachment-full\" alt=\"\" title=\"WEB_20240608-6Z6A4341-Edit\" srcset=\"https:\/\/i0.wp.com\/alexanderling.ee\/wp-content\/uploads\/2024\/09\/WEB_20240608-6Z6A4341-Edit.jpg?w=1365&amp;ssl=1 1365w, https:\/\/i0.wp.com\/alexanderling.ee\/wp-content\/uploads\/2024\/09\/WEB_20240608-6Z6A4341-Edit.jpg?resize=450%2C675&amp;ssl=1 450w, https:\/\/i0.wp.com\/alexanderling.ee\/wp-content\/uploads\/2024\/09\/WEB_20240608-6Z6A4341-Edit.jpg?resize=900%2C1350&amp;ssl=1 900w, https:\/\/i0.wp.com\/alexanderling.ee\/wp-content\/uploads\/2024\/09\/WEB_20240608-6Z6A4341-Edit.jpg?resize=200%2C300&amp;ssl=1 200w, https:\/\/i0.wp.com\/alexanderling.ee\/wp-content\/uploads\/2024\/09\/WEB_20240608-6Z6A4341-Edit.jpg?resize=683%2C1024&amp;ssl=1 683w, https:\/\/i0.wp.com\/alexanderling.ee\/wp-content\/uploads\/2024\/09\/WEB_20240608-6Z6A4341-Edit.jpg?resize=768%2C1152&amp;ssl=1 768w, https:\/\/i0.wp.com\/alexanderling.ee\/wp-content\/uploads\/2024\/09\/WEB_20240608-6Z6A4341-Edit.jpg?resize=1024%2C1536&amp;ssl=1 1024w, https:\/\/i0.wp.com\/alexanderling.ee\/wp-content\/uploads\/2024\/09\/WEB_20240608-6Z6A4341-Edit.jpg?resize=100%2C150&amp;ssl=1 100w\" sizes=\"auto, (max-width: 1140px) 100vw, 1140px\" \/>\t\t\t\t<\/div>\n\t\t\t\t\t\t\t\t\t\t\t<\/div>\n\t<\/div>\n  <\/div><\/div><\/div><div data-vc-parallax=\"1.5\" class=\"wpb_column vc_column_container animation top-to-bottom vc_col-sm-12 vc_col-lg-offset-1 vc_col-lg-6 et-light-column vc_col-has-fill vc_general vc_parallax vc_parallax-content-moving\"><div class=\"vc_column-inner  vc_custom_1573185905585\"><div class=\"wpb_wrapper\">\r\n\t\t<div class=\"et-banner-69eb8d0140ad8 et-banner content-full  image-type-fluid text-color-light hover-effect hover-zoom\" ><img loading=\"lazy\" decoding=\"async\" width=\"2048\" height=\"1365\" src=\"https:\/\/i0.wp.com\/alexanderling.ee\/wp-content\/uploads\/2024\/09\/WEB_20240608-6Z6A4443-Edit.jpg?fit=2048%2C1365&amp;ssl=1\" class=\"et-banner-main-image\" alt=\"\" sizes=\"auto, (max-width: 1140px) 100vw, 1140px\" srcset=\"https:\/\/i0.wp.com\/alexanderling.ee\/wp-content\/uploads\/2024\/09\/WEB_20240608-6Z6A4443-Edit.jpg?w=2048&amp;ssl=1 2048w, https:\/\/i0.wp.com\/alexanderling.ee\/wp-content\/uploads\/2024\/09\/WEB_20240608-6Z6A4443-Edit.jpg?resize=450%2C300&amp;ssl=1 450w, https:\/\/i0.wp.com\/alexanderling.ee\/wp-content\/uploads\/2024\/09\/WEB_20240608-6Z6A4443-Edit.jpg?resize=900%2C600&amp;ssl=1 900w, https:\/\/i0.wp.com\/alexanderling.ee\/wp-content\/uploads\/2024\/09\/WEB_20240608-6Z6A4443-Edit.jpg?resize=300%2C200&amp;ssl=1 300w, https:\/\/i0.wp.com\/alexanderling.ee\/wp-content\/uploads\/2024\/09\/WEB_20240608-6Z6A4443-Edit.jpg?resize=1024%2C683&amp;ssl=1 1024w, https:\/\/i0.wp.com\/alexanderling.ee\/wp-content\/uploads\/2024\/09\/WEB_20240608-6Z6A4443-Edit.jpg?resize=768%2C512&amp;ssl=1 768w, https:\/\/i0.wp.com\/alexanderling.ee\/wp-content\/uploads\/2024\/09\/WEB_20240608-6Z6A4443-Edit.jpg?resize=1536%2C1024&amp;ssl=1 1536w, https:\/\/i0.wp.com\/alexanderling.ee\/wp-content\/uploads\/2024\/09\/WEB_20240608-6Z6A4443-Edit.jpg?resize=150%2C100&amp;ssl=1 150w\" \/>\r\n\t\t<\/div><\/div><\/div><\/div><\/div><\/div><div  class=\"sec_row container-fluid\"><div class=\"vc_row wpb_row vc_row-fluid align-center vc_custom_1555550614288 vc_row-o-content-middle vc_row-flex\"><div class=\"wpb_column vc_column_container animation bottom-to-top vc_col-sm-6 vc_col-lg-offset-1 vc_col-lg-7 et-dark-column\"><div class=\"vc_column-inner\"><div class=\"wpb_wrapper\">\t<div class=\"et-image-571 et-image     et_image_link\">\n\t\t<div class=\"et-image-inner\">\n\t\t\t\t\t\t\t<div class=\"et-image-thumb\">\n\t\t\t\t\t<img loading=\"lazy\" decoding=\"async\" width=\"2048\" height=\"1365\" src=\"https:\/\/i0.wp.com\/alexanderling.ee\/wp-content\/uploads\/2024\/09\/WEB_20240608-6Z6A4653-Edit.jpg?fit=2048%2C1365&amp;ssl=1\" class=\"attachment-full\" alt=\"\" title=\"WEB_20240608-6Z6A4653-Edit\" srcset=\"https:\/\/i0.wp.com\/alexanderling.ee\/wp-content\/uploads\/2024\/09\/WEB_20240608-6Z6A4653-Edit.jpg?w=2048&amp;ssl=1 2048w, https:\/\/i0.wp.com\/alexanderling.ee\/wp-content\/uploads\/2024\/09\/WEB_20240608-6Z6A4653-Edit.jpg?resize=450%2C300&amp;ssl=1 450w, https:\/\/i0.wp.com\/alexanderling.ee\/wp-content\/uploads\/2024\/09\/WEB_20240608-6Z6A4653-Edit.jpg?resize=900%2C600&amp;ssl=1 900w, https:\/\/i0.wp.com\/alexanderling.ee\/wp-content\/uploads\/2024\/09\/WEB_20240608-6Z6A4653-Edit.jpg?resize=300%2C200&amp;ssl=1 300w, https:\/\/i0.wp.com\/alexanderling.ee\/wp-content\/uploads\/2024\/09\/WEB_20240608-6Z6A4653-Edit.jpg?resize=1024%2C683&amp;ssl=1 1024w, https:\/\/i0.wp.com\/alexanderling.ee\/wp-content\/uploads\/2024\/09\/WEB_20240608-6Z6A4653-Edit.jpg?resize=768%2C512&amp;ssl=1 768w, https:\/\/i0.wp.com\/alexanderling.ee\/wp-content\/uploads\/2024\/09\/WEB_20240608-6Z6A4653-Edit.jpg?resize=1536%2C1024&amp;ssl=1 1536w, https:\/\/i0.wp.com\/alexanderling.ee\/wp-content\/uploads\/2024\/09\/WEB_20240608-6Z6A4653-Edit.jpg?resize=150%2C100&amp;ssl=1 150w\" sizes=\"auto, (max-width: 1140px) 100vw, 1140px\" \/>\t\t\t\t<\/div>\n\t\t\t\t\t\t\t\t\t\t\t<\/div>\n\t<\/div>\n  <\/div><\/div><\/div><\/div><\/div><div  class=\"sec_row container-fluid\"><div class=\"vc_row wpb_row vc_row-fluid align-center vc_custom_1555550614288 vc_row-o-content-middle vc_row-flex\"><div class=\"wpb_column vc_column_container animation bottom-to-top vc_col-sm-6 vc_col-lg-offset-1 vc_col-lg-6 et-dark-column\"><div class=\"vc_column-inner\"><div class=\"wpb_wrapper\">\t<div class=\"et-image-890 et-image     et_image_link\">\n\t\t<div class=\"et-image-inner\">\n\t\t\t\t\t\t\t<div class=\"et-image-thumb\">\n\t\t\t\t\t<img loading=\"lazy\" decoding=\"async\" width=\"1367\" height=\"2048\" src=\"https:\/\/i0.wp.com\/alexanderling.ee\/wp-content\/uploads\/2024\/09\/448162748_902675678539043_771302527528806367_n.jpg?fit=1367%2C2048&amp;ssl=1\" class=\"attachment-full\" alt=\"\" title=\"448162748_902675678539043_771302527528806367_n\" srcset=\"https:\/\/i0.wp.com\/alexanderling.ee\/wp-content\/uploads\/2024\/09\/448162748_902675678539043_771302527528806367_n.jpg?w=1367&amp;ssl=1 1367w, https:\/\/i0.wp.com\/alexanderling.ee\/wp-content\/uploads\/2024\/09\/448162748_902675678539043_771302527528806367_n.jpg?resize=450%2C674&amp;ssl=1 450w, https:\/\/i0.wp.com\/alexanderling.ee\/wp-content\/uploads\/2024\/09\/448162748_902675678539043_771302527528806367_n.jpg?resize=900%2C1348&amp;ssl=1 900w, https:\/\/i0.wp.com\/alexanderling.ee\/wp-content\/uploads\/2024\/09\/448162748_902675678539043_771302527528806367_n.jpg?resize=200%2C300&amp;ssl=1 200w, https:\/\/i0.wp.com\/alexanderling.ee\/wp-content\/uploads\/2024\/09\/448162748_902675678539043_771302527528806367_n.jpg?resize=684%2C1024&amp;ssl=1 684w, https:\/\/i0.wp.com\/alexanderling.ee\/wp-content\/uploads\/2024\/09\/448162748_902675678539043_771302527528806367_n.jpg?resize=768%2C1151&amp;ssl=1 768w, https:\/\/i0.wp.com\/alexanderling.ee\/wp-content\/uploads\/2024\/09\/448162748_902675678539043_771302527528806367_n.jpg?resize=1025%2C1536&amp;ssl=1 1025w, https:\/\/i0.wp.com\/alexanderling.ee\/wp-content\/uploads\/2024\/09\/448162748_902675678539043_771302527528806367_n.jpg?resize=100%2C150&amp;ssl=1 100w\" sizes=\"auto, (max-width: 1140px) 100vw, 1140px\" \/>\t\t\t\t<\/div>\n\t\t\t\t\t\t\t\t\t\t\t<\/div>\n\t<\/div>\n  <\/div><\/div><\/div><\/div><\/div><div  class=\"sec_row container-fluid\"><div class=\"vc_row wpb_row vc_row-fluid no-padding vc_custom_1726656321550 vc_row-has-fill vc_row-o-content-middle vc_row-flex\"><div class=\"wpb_column vc_column_container animation left-to-right vc_col-sm-12 vc_col-lg-6 et-dark-column\"><div class=\"vc_column-inner\"><div class=\"wpb_wrapper\">\t<div class=\"et-image-617 et-image     et_image_link\">\n\t\t<div class=\"et-image-inner\">\n\t\t\t\t\t\t\t<div class=\"et-image-thumb\">\n\t\t\t\t\t<img loading=\"lazy\" decoding=\"async\" width=\"1365\" height=\"2048\" src=\"https:\/\/i0.wp.com\/alexanderling.ee\/wp-content\/uploads\/2024\/09\/WEB_20240608-6Z6A4724-Edit.jpg?fit=1365%2C2048&amp;ssl=1\" class=\"attachment-full\" alt=\"\" title=\"WEB_20240608-6Z6A4724-Edit\" srcset=\"https:\/\/i0.wp.com\/alexanderling.ee\/wp-content\/uploads\/2024\/09\/WEB_20240608-6Z6A4724-Edit.jpg?w=1365&amp;ssl=1 1365w, https:\/\/i0.wp.com\/alexanderling.ee\/wp-content\/uploads\/2024\/09\/WEB_20240608-6Z6A4724-Edit.jpg?resize=450%2C675&amp;ssl=1 450w, https:\/\/i0.wp.com\/alexanderling.ee\/wp-content\/uploads\/2024\/09\/WEB_20240608-6Z6A4724-Edit.jpg?resize=900%2C1350&amp;ssl=1 900w, https:\/\/i0.wp.com\/alexanderling.ee\/wp-content\/uploads\/2024\/09\/WEB_20240608-6Z6A4724-Edit.jpg?resize=200%2C300&amp;ssl=1 200w, https:\/\/i0.wp.com\/alexanderling.ee\/wp-content\/uploads\/2024\/09\/WEB_20240608-6Z6A4724-Edit.jpg?resize=683%2C1024&amp;ssl=1 683w, https:\/\/i0.wp.com\/alexanderling.ee\/wp-content\/uploads\/2024\/09\/WEB_20240608-6Z6A4724-Edit.jpg?resize=768%2C1152&amp;ssl=1 768w, https:\/\/i0.wp.com\/alexanderling.ee\/wp-content\/uploads\/2024\/09\/WEB_20240608-6Z6A4724-Edit.jpg?resize=1024%2C1536&amp;ssl=1 1024w, https:\/\/i0.wp.com\/alexanderling.ee\/wp-content\/uploads\/2024\/09\/WEB_20240608-6Z6A4724-Edit.jpg?resize=100%2C150&amp;ssl=1 100w\" sizes=\"auto, (max-width: 1140px) 100vw, 1140px\" \/>\t\t\t\t<\/div>\n\t\t\t\t\t\t\t\t\t\t\t<\/div>\n\t<\/div>\n  <\/div><\/div><\/div><\/div><\/div><div  class=\"sec_row container\"><div class=\"vc_row wpb_row vc_row-fluid vc_row-o-equal-height vc_row-flex\"><div class=\"wpb_column vc_column_container vc_col-sm-12 et-dark-column\"><div class=\"vc_column-inner  vc_custom_1726823761197\"><div class=\"wpb_wrapper\"><\/div><\/div><\/div><\/div><\/div>\n<\/div>","protected":false},"excerpt":{"rendered":"\"Hedon Resort\" Collection Spring\/Summer 2024 Summer begins in P\u00e4rnu, the Summer capital of Estonia, and this time the collection was presented in the courtyard of the historic mud resort Hedon Spa &amp; Hotel, where the catwalk was built directly over the pool. The inspiration fell exactly at the time of [...]","protected":false},"author":1,"featured_media":0,"parent":0,"menu_order":0,"comment_status":"closed","ping_status":"closed","template":"","meta":{"nf_dc_page":"","footnotes":""},"class_list":["post-6944","page","type-page","status-publish","hentry"],"jetpack_sharing_enabled":true,"_links":{"self":[{"href":"https:\/\/alexanderling.ee\/et\/wp-json\/wp\/v2\/pages\/6944","targetHints":{"allow":["GET"]}}],"collection":[{"href":"https:\/\/alexanderling.ee\/et\/wp-json\/wp\/v2\/pages"}],"about":[{"href":"https:\/\/alexanderling.ee\/et\/wp-json\/wp\/v2\/types\/page"}],"author":[{"embeddable":true,"href":"https:\/\/alexanderling.ee\/et\/wp-json\/wp\/v2\/users\/1"}],"replies":[{"embeddable":true,"href":"https:\/\/alexanderling.ee\/et\/wp-json\/wp\/v2\/comments?post=6944"}],"version-history":[{"count":5,"href":"https:\/\/alexanderling.ee\/et\/wp-json\/wp\/v2\/pages\/6944\/revisions"}],"predecessor-version":[{"id":9578,"href":"https:\/\/alexanderling.ee\/et\/wp-json\/wp\/v2\/pages\/6944\/revisions\/9578"}],"wp:attachment":[{"href":"https:\/\/alexanderling.ee\/et\/wp-json\/wp\/v2\/media?parent=6944"}],"curies":[{"name":"wp","href":"https:\/\/api.w.org\/{rel}","templated":true}]}}