{"id":7029,"date":"2024-09-18T15:08:42","date_gmt":"2024-09-18T12:08:42","guid":{"rendered":"https:\/\/alexanderling.ee\/?page_id=7029"},"modified":"2025-03-03T14:43:45","modified_gmt":"2025-03-03T11:43:45","slug":"autumn-romance-autumn-winter-2023","status":"publish","type":"page","link":"https:\/\/alexanderling.ee\/et\/autumn-romance-autumn-winter-2023\/","title":{"rendered":"Autumn Romance Collection &#8211; Autumn\/Winter 2023"},"content":{"rendered":"<div class=\"wpb-content-wrapper\"><div  class=\"sec_row container-fluid\"><div class=\"vc_row wpb_row vc_row-fluid vc_custom_1573187171262 vc_row-o-content-middle vc_row-flex\"><div class=\"wpb_column vc_column_container animation bottom-to-top vc_col-sm-12 vc_col-lg-offset-1 vc_col-lg-4 et-dark-column\"><div class=\"vc_column-inner  vc_custom_1573187307217\"><div class=\"wpb_wrapper\">\n\t<div class=\"wpb_text_column wpb_content_element   vc_custom_1729180805876 preline-large\" >\n\t\t<div class=\"wpb_wrapper\">\n\t\t\t<h1>Kollektsioon \u201cS\u00fcgisromantika\u201d<\/h1>\n<h4>S\u00fcgis\/Talv 2023<\/h4>\n\n\t\t<\/div>\n\t<\/div>\n\n\t<div class=\"wpb_text_column wpb_content_element\" >\n\t\t<div class=\"wpb_wrapper\">\n\t\t\t<p><span style=\"font-weight: 400;\">S\u00fcgistalvine kollektsioon  \u201cAutumn Romance\u201d ulatub piinliku t\u00e4psusega geomeetrilise mustriga plisseeritud kleitidest kuni luksuslike satiinmustade jakkideni. Need r\u00f5ivad ei j\u00e4ta kedagi \u00fcksk\u00f5ikseks \u2013 nad provotseerivad meie m\u00f5tteid ja tundeid ning sunnivad n\u00e4gema rohkemat kui lihtsalt kangast ja \u00f5mblusi.<\/span><\/p>\n<p><span style=\"font-weight: 400;\">Alexanderlingi kollektsioon kutsub vaatajaid kaasa m\u00f5tlema, millised tuleviku arengud meid \u00fcmbritsevad ning kuidas saame nendes muutustes aktiivselt osaleda. V\u00e4rvigamma varieerub s\u00fcgavast mustast kuni elava rohelise ja pastelse bee\u017eini.<\/span><\/p>\n<p><span style=\"font-weight: 400;\">Kollektsiooni \u00fcks uuenduslikumaid aspekte on r\u00f5ivaste alt v\u00e4lja kiikavad pesu detailid. Monokroomsete r\u00f5ivaste all saab n\u00e4ha v\u00e4ljajoonistunud pitse, mis loovad unikaalse ja luksusliku tunde. Anu Ling, kollektsiooni looja, s\u00f5nab: \"Talvel keskendume tihti sellele, mida n\u00e4eme pealmistes kihtides. Siiski on see, mis on otse meie naha vastas, sama t\u00e4htis. N\u00e4iteks v\u00f5ib must kampsun peita enda all pitsiga palistatud pesu, mis lisab kandjale enesekindlust ja varjatud elegantsi.\"<\/span><\/p>\n\n\t\t<\/div>\n\t<\/div>\n<\/div><\/div><\/div><div class=\"wpb_column vc_column_container animation top-to-bottom vc_col-sm-12 vc_col-lg-offset-1 vc_col-lg-5 et-light-column\"><div class=\"vc_column-inner\"><div class=\"wpb_wrapper\">\r\n\t\t<div class=\"et-banner-69eba36d4723c et-banner content-full  image-type-fluid text-color-light hover-effect hover-zoom\" ><img loading=\"lazy\" decoding=\"async\" width=\"1707\" height=\"2560\" src=\"https:\/\/i0.wp.com\/alexanderling.ee\/wp-content\/uploads\/2024\/09\/231018_TFW-Alexanderling_Catwalk_Erlend_Staub_64-scaled.jpg?fit=1707%2C2560&amp;ssl=1\" class=\"et-banner-main-image\" alt=\"\" sizes=\"auto, (max-width: 1140px) 100vw, 1140px\" srcset=\"https:\/\/i0.wp.com\/alexanderling.ee\/wp-content\/uploads\/2024\/09\/231018_TFW-Alexanderling_Catwalk_Erlend_Staub_64-scaled.jpg?w=1707&amp;ssl=1 1707w, https:\/\/i0.wp.com\/alexanderling.ee\/wp-content\/uploads\/2024\/09\/231018_TFW-Alexanderling_Catwalk_Erlend_Staub_64-scaled.jpg?resize=450%2C675&amp;ssl=1 450w, https:\/\/i0.wp.com\/alexanderling.ee\/wp-content\/uploads\/2024\/09\/231018_TFW-Alexanderling_Catwalk_Erlend_Staub_64-scaled.jpg?resize=900%2C1350&amp;ssl=1 900w, https:\/\/i0.wp.com\/alexanderling.ee\/wp-content\/uploads\/2024\/09\/231018_TFW-Alexanderling_Catwalk_Erlend_Staub_64-scaled.jpg?resize=200%2C300&amp;ssl=1 200w, https:\/\/i0.wp.com\/alexanderling.ee\/wp-content\/uploads\/2024\/09\/231018_TFW-Alexanderling_Catwalk_Erlend_Staub_64-scaled.jpg?resize=683%2C1024&amp;ssl=1 683w, https:\/\/i0.wp.com\/alexanderling.ee\/wp-content\/uploads\/2024\/09\/231018_TFW-Alexanderling_Catwalk_Erlend_Staub_64-scaled.jpg?resize=768%2C1152&amp;ssl=1 768w, https:\/\/i0.wp.com\/alexanderling.ee\/wp-content\/uploads\/2024\/09\/231018_TFW-Alexanderling_Catwalk_Erlend_Staub_64-scaled.jpg?resize=1024%2C1536&amp;ssl=1 1024w\" \/>\r\n\t\t<\/div><\/div><\/div><\/div><\/div><\/div><div  class=\"sec_row container\"><div class=\"vc_row wpb_row vc_row-fluid vc_custom_1729183723704 vc_row-has-fill vc_row-o-content-bottom vc_row-flex\"><div class=\"wpb_column vc_column_container vc_col-sm-12 vc_col-lg-6 et-dark-column\"><div class=\"vc_column-inner\"><div class=\"wpb_wrapper\">\t<div class=\"et-image-35 et-image aligncenter    et_image_link\">\n\t\t<div class=\"et-image-inner\">\n\t\t\t\t\t\t\t<div class=\"et-image-thumb\">\n\t\t\t\t\t<img loading=\"lazy\" decoding=\"async\" width=\"1707\" height=\"2560\" src=\"https:\/\/i0.wp.com\/alexanderling.ee\/wp-content\/uploads\/2024\/09\/231018_TFW-Alexanderling_Catwalk_Erlend_Staub_15-scaled.jpg?fit=1707%2C2560&amp;ssl=1\" class=\"attachment-full\" alt=\"\" title=\"231018_TFW-Alexanderling_Catwalk_Erlend_S\u030ctaub_15\" srcset=\"https:\/\/i0.wp.com\/alexanderling.ee\/wp-content\/uploads\/2024\/09\/231018_TFW-Alexanderling_Catwalk_Erlend_Staub_15-scaled.jpg?w=1707&amp;ssl=1 1707w, https:\/\/i0.wp.com\/alexanderling.ee\/wp-content\/uploads\/2024\/09\/231018_TFW-Alexanderling_Catwalk_Erlend_Staub_15-scaled.jpg?resize=450%2C675&amp;ssl=1 450w, https:\/\/i0.wp.com\/alexanderling.ee\/wp-content\/uploads\/2024\/09\/231018_TFW-Alexanderling_Catwalk_Erlend_Staub_15-scaled.jpg?resize=900%2C1350&amp;ssl=1 900w, https:\/\/i0.wp.com\/alexanderling.ee\/wp-content\/uploads\/2024\/09\/231018_TFW-Alexanderling_Catwalk_Erlend_Staub_15-scaled.jpg?resize=200%2C300&amp;ssl=1 200w, https:\/\/i0.wp.com\/alexanderling.ee\/wp-content\/uploads\/2024\/09\/231018_TFW-Alexanderling_Catwalk_Erlend_Staub_15-scaled.jpg?resize=683%2C1024&amp;ssl=1 683w, https:\/\/i0.wp.com\/alexanderling.ee\/wp-content\/uploads\/2024\/09\/231018_TFW-Alexanderling_Catwalk_Erlend_Staub_15-scaled.jpg?resize=768%2C1152&amp;ssl=1 768w, https:\/\/i0.wp.com\/alexanderling.ee\/wp-content\/uploads\/2024\/09\/231018_TFW-Alexanderling_Catwalk_Erlend_Staub_15-scaled.jpg?resize=1024%2C1536&amp;ssl=1 1024w\" sizes=\"auto, (max-width: 1140px) 100vw, 1140px\" \/>\t\t\t\t<\/div>\n\t\t\t\t\t\t\t\t\t\t\t<\/div>\n\t<\/div>\n  <\/div><\/div><\/div><div class=\"wpb_column vc_column_container vc_col-sm-12 vc_col-lg-6 et-dark-column\"><div class=\"vc_column-inner\"><div class=\"wpb_wrapper\">\r\n\t\t<div class=\"et-banner-69eba36d47ae7 et-banner content-full  image-type-fluid text-color-light hover-effect hover-zoom\" ><img loading=\"lazy\" decoding=\"async\" width=\"1707\" height=\"2560\" src=\"https:\/\/i0.wp.com\/alexanderling.ee\/wp-content\/uploads\/2024\/09\/231018_TFW-Alexanderling_Catwalk_Erlend_Staub_60-scaled.jpg?fit=1707%2C2560&amp;ssl=1\" class=\"et-banner-main-image\" alt=\"\" sizes=\"auto, (max-width: 1140px) 100vw, 1140px\" srcset=\"https:\/\/i0.wp.com\/alexanderling.ee\/wp-content\/uploads\/2024\/09\/231018_TFW-Alexanderling_Catwalk_Erlend_Staub_60-scaled.jpg?w=1707&amp;ssl=1 1707w, https:\/\/i0.wp.com\/alexanderling.ee\/wp-content\/uploads\/2024\/09\/231018_TFW-Alexanderling_Catwalk_Erlend_Staub_60-scaled.jpg?resize=450%2C675&amp;ssl=1 450w, https:\/\/i0.wp.com\/alexanderling.ee\/wp-content\/uploads\/2024\/09\/231018_TFW-Alexanderling_Catwalk_Erlend_Staub_60-scaled.jpg?resize=900%2C1350&amp;ssl=1 900w, https:\/\/i0.wp.com\/alexanderling.ee\/wp-content\/uploads\/2024\/09\/231018_TFW-Alexanderling_Catwalk_Erlend_Staub_60-scaled.jpg?resize=200%2C300&amp;ssl=1 200w, https:\/\/i0.wp.com\/alexanderling.ee\/wp-content\/uploads\/2024\/09\/231018_TFW-Alexanderling_Catwalk_Erlend_Staub_60-scaled.jpg?resize=683%2C1024&amp;ssl=1 683w, https:\/\/i0.wp.com\/alexanderling.ee\/wp-content\/uploads\/2024\/09\/231018_TFW-Alexanderling_Catwalk_Erlend_Staub_60-scaled.jpg?resize=768%2C1152&amp;ssl=1 768w, https:\/\/i0.wp.com\/alexanderling.ee\/wp-content\/uploads\/2024\/09\/231018_TFW-Alexanderling_Catwalk_Erlend_Staub_60-scaled.jpg?resize=1024%2C1536&amp;ssl=1 1024w\" \/>\r\n\t\t<\/div><\/div><\/div><\/div><\/div><\/div><div  class=\"sec_row container\"><div class=\"vc_row wpb_row vc_row-fluid no-padding vc_custom_1729183673075 vc_row-has-fill vc_row-o-content-middle vc_row-flex\"><div class=\"wpb_column vc_column_container animation left-to-right vc_col-sm-12 vc_col-lg-6 et-dark-column\"><div class=\"vc_column-inner\"><div class=\"wpb_wrapper\">\t<div class=\"et-image-255 et-image     et_image_link\">\n\t\t<div class=\"et-image-inner\">\n\t\t\t\t\t\t\t<div class=\"et-image-thumb\">\n\t\t\t\t\t<img loading=\"lazy\" decoding=\"async\" width=\"1707\" height=\"2560\" src=\"https:\/\/i0.wp.com\/alexanderling.ee\/wp-content\/uploads\/2024\/09\/231018_TFW-Alexanderling_Catwalk_Erlend_Staub_4-scaled.jpg?fit=1707%2C2560&amp;ssl=1\" class=\"attachment-full\" alt=\"\" title=\"231018_TFW-Alexanderling_Catwalk_Erlend_S\u030ctaub_4\" srcset=\"https:\/\/i0.wp.com\/alexanderling.ee\/wp-content\/uploads\/2024\/09\/231018_TFW-Alexanderling_Catwalk_Erlend_Staub_4-scaled.jpg?w=1707&amp;ssl=1 1707w, https:\/\/i0.wp.com\/alexanderling.ee\/wp-content\/uploads\/2024\/09\/231018_TFW-Alexanderling_Catwalk_Erlend_Staub_4-scaled.jpg?resize=450%2C675&amp;ssl=1 450w, https:\/\/i0.wp.com\/alexanderling.ee\/wp-content\/uploads\/2024\/09\/231018_TFW-Alexanderling_Catwalk_Erlend_Staub_4-scaled.jpg?resize=900%2C1350&amp;ssl=1 900w, https:\/\/i0.wp.com\/alexanderling.ee\/wp-content\/uploads\/2024\/09\/231018_TFW-Alexanderling_Catwalk_Erlend_Staub_4-scaled.jpg?resize=200%2C300&amp;ssl=1 200w, https:\/\/i0.wp.com\/alexanderling.ee\/wp-content\/uploads\/2024\/09\/231018_TFW-Alexanderling_Catwalk_Erlend_Staub_4-scaled.jpg?resize=683%2C1024&amp;ssl=1 683w, https:\/\/i0.wp.com\/alexanderling.ee\/wp-content\/uploads\/2024\/09\/231018_TFW-Alexanderling_Catwalk_Erlend_Staub_4-scaled.jpg?resize=768%2C1152&amp;ssl=1 768w, https:\/\/i0.wp.com\/alexanderling.ee\/wp-content\/uploads\/2024\/09\/231018_TFW-Alexanderling_Catwalk_Erlend_Staub_4-scaled.jpg?resize=1024%2C1536&amp;ssl=1 1024w\" sizes=\"auto, (max-width: 1140px) 100vw, 1140px\" \/>\t\t\t\t<\/div>\n\t\t\t\t\t\t\t\t\t\t\t<\/div>\n\t<\/div>\n  <\/div><\/div><\/div><\/div><\/div><div  class=\"sec_row container-fluid\"><div class=\"vc_row wpb_row vc_row-fluid vc_custom_1729183259350 vc_row-o-content-middle vc_row-flex\"><div class=\"wpb_column vc_column_container animation bottom-to-top vc_col-sm-6 vc_col-lg-offset-1 vc_col-lg-4 et-dark-column\"><div class=\"vc_column-inner  vc_custom_1573187307217\"><div class=\"wpb_wrapper\">\t<div class=\"et-image-574 et-image     et_image_link\">\n\t\t<div class=\"et-image-inner\">\n\t\t\t\t\t\t\t<div class=\"et-image-thumb\">\n\t\t\t\t\t<img loading=\"lazy\" decoding=\"async\" width=\"1707\" height=\"2560\" src=\"https:\/\/i0.wp.com\/alexanderling.ee\/wp-content\/uploads\/2024\/09\/231018_TFW-Alexanderling_Catwalk_Erlend_Staub_23-scaled.jpg?fit=1707%2C2560&amp;ssl=1\" class=\"attachment-full\" alt=\"\" title=\"231018_TFW-Alexanderling_Catwalk_Erlend_S\u030ctaub_23\" srcset=\"https:\/\/i0.wp.com\/alexanderling.ee\/wp-content\/uploads\/2024\/09\/231018_TFW-Alexanderling_Catwalk_Erlend_Staub_23-scaled.jpg?w=1707&amp;ssl=1 1707w, https:\/\/i0.wp.com\/alexanderling.ee\/wp-content\/uploads\/2024\/09\/231018_TFW-Alexanderling_Catwalk_Erlend_Staub_23-scaled.jpg?resize=450%2C675&amp;ssl=1 450w, https:\/\/i0.wp.com\/alexanderling.ee\/wp-content\/uploads\/2024\/09\/231018_TFW-Alexanderling_Catwalk_Erlend_Staub_23-scaled.jpg?resize=900%2C1350&amp;ssl=1 900w, https:\/\/i0.wp.com\/alexanderling.ee\/wp-content\/uploads\/2024\/09\/231018_TFW-Alexanderling_Catwalk_Erlend_Staub_23-scaled.jpg?resize=200%2C300&amp;ssl=1 200w, https:\/\/i0.wp.com\/alexanderling.ee\/wp-content\/uploads\/2024\/09\/231018_TFW-Alexanderling_Catwalk_Erlend_Staub_23-scaled.jpg?resize=683%2C1024&amp;ssl=1 683w, https:\/\/i0.wp.com\/alexanderling.ee\/wp-content\/uploads\/2024\/09\/231018_TFW-Alexanderling_Catwalk_Erlend_Staub_23-scaled.jpg?resize=768%2C1152&amp;ssl=1 768w, https:\/\/i0.wp.com\/alexanderling.ee\/wp-content\/uploads\/2024\/09\/231018_TFW-Alexanderling_Catwalk_Erlend_Staub_23-scaled.jpg?resize=1024%2C1536&amp;ssl=1 1024w\" sizes=\"auto, (max-width: 1140px) 100vw, 1140px\" \/>\t\t\t\t<\/div>\n\t\t\t\t\t\t\t\t\t\t\t<\/div>\n\t<\/div>\n  <\/div><\/div><\/div><div class=\"wpb_column vc_column_container animation top-to-bottom vc_col-sm-6 vc_col-lg-offset-1 vc_col-lg-5 et-light-column\"><div class=\"vc_column-inner\"><div class=\"wpb_wrapper\">\r\n\t\t<div class=\"et-banner-69eba36d48466 et-banner content-full  image-type-fluid text-color-light hover-effect hover-zoom\" ><img loading=\"lazy\" decoding=\"async\" width=\"1707\" height=\"2560\" src=\"https:\/\/i0.wp.com\/alexanderling.ee\/wp-content\/uploads\/2024\/09\/231018_TFW-Alexanderling_Catwalk_Erlend_Staub_33-scaled.jpg?fit=1707%2C2560&amp;ssl=1\" class=\"et-banner-main-image\" alt=\"\" sizes=\"auto, (max-width: 1140px) 100vw, 1140px\" srcset=\"https:\/\/i0.wp.com\/alexanderling.ee\/wp-content\/uploads\/2024\/09\/231018_TFW-Alexanderling_Catwalk_Erlend_Staub_33-scaled.jpg?w=1707&amp;ssl=1 1707w, https:\/\/i0.wp.com\/alexanderling.ee\/wp-content\/uploads\/2024\/09\/231018_TFW-Alexanderling_Catwalk_Erlend_Staub_33-scaled.jpg?resize=450%2C675&amp;ssl=1 450w, https:\/\/i0.wp.com\/alexanderling.ee\/wp-content\/uploads\/2024\/09\/231018_TFW-Alexanderling_Catwalk_Erlend_Staub_33-scaled.jpg?resize=900%2C1350&amp;ssl=1 900w, https:\/\/i0.wp.com\/alexanderling.ee\/wp-content\/uploads\/2024\/09\/231018_TFW-Alexanderling_Catwalk_Erlend_Staub_33-scaled.jpg?resize=200%2C300&amp;ssl=1 200w, https:\/\/i0.wp.com\/alexanderling.ee\/wp-content\/uploads\/2024\/09\/231018_TFW-Alexanderling_Catwalk_Erlend_Staub_33-scaled.jpg?resize=683%2C1024&amp;ssl=1 683w, https:\/\/i0.wp.com\/alexanderling.ee\/wp-content\/uploads\/2024\/09\/231018_TFW-Alexanderling_Catwalk_Erlend_Staub_33-scaled.jpg?resize=768%2C1152&amp;ssl=1 768w\" \/>\r\n\t\t<\/div><\/div><\/div><\/div><\/div><\/div><div  class=\"sec_row container-fluid\"><div class=\"vc_row wpb_row vc_row-fluid align-center vc_custom_1555550614288 vc_row-o-content-middle vc_row-flex\"><div class=\"wpb_column vc_column_container animation bottom-to-top vc_col-sm-6 vc_col-lg-offset-1 vc_col-lg-7 et-dark-column\"><div class=\"vc_column-inner\"><div class=\"wpb_wrapper\">\t<div class=\"et-image-148 et-image     et_image_link\">\n\t\t<div class=\"et-image-inner\">\n\t\t\t\t\t\t\t<div class=\"et-image-thumb\">\n\t\t\t\t\t<img loading=\"lazy\" decoding=\"async\" width=\"1500\" height=\"1125\" src=\"https:\/\/i0.wp.com\/alexanderling.ee\/wp-content\/uploads\/2024\/09\/006_resize.jpg?fit=1500%2C1125&amp;ssl=1\" class=\"attachment-full\" alt=\"\" title=\"006_resize\" srcset=\"https:\/\/i0.wp.com\/alexanderling.ee\/wp-content\/uploads\/2024\/09\/006_resize.jpg?w=1500&amp;ssl=1 1500w, https:\/\/i0.wp.com\/alexanderling.ee\/wp-content\/uploads\/2024\/09\/006_resize.jpg?resize=450%2C338&amp;ssl=1 450w, https:\/\/i0.wp.com\/alexanderling.ee\/wp-content\/uploads\/2024\/09\/006_resize.jpg?resize=900%2C675&amp;ssl=1 900w, https:\/\/i0.wp.com\/alexanderling.ee\/wp-content\/uploads\/2024\/09\/006_resize.jpg?resize=300%2C225&amp;ssl=1 300w, https:\/\/i0.wp.com\/alexanderling.ee\/wp-content\/uploads\/2024\/09\/006_resize.jpg?resize=1024%2C768&amp;ssl=1 1024w, https:\/\/i0.wp.com\/alexanderling.ee\/wp-content\/uploads\/2024\/09\/006_resize.jpg?resize=768%2C576&amp;ssl=1 768w, https:\/\/i0.wp.com\/alexanderling.ee\/wp-content\/uploads\/2024\/09\/006_resize.jpg?resize=150%2C113&amp;ssl=1 150w\" sizes=\"auto, (max-width: 1140px) 100vw, 1140px\" \/>\t\t\t\t<\/div>\n\t\t\t\t\t\t\t\t\t\t\t<\/div>\n\t<\/div>\n  <\/div><\/div><\/div><\/div><\/div><div  class=\"sec_row container-fluid\"><div class=\"vc_row wpb_row vc_row-fluid align-center vc_custom_1729183490512 vc_row-o-content-middle vc_row-flex\"><div class=\"wpb_column vc_column_container animation bottom-to-top vc_col-sm-12 vc_col-lg-4 et-dark-column\"><div class=\"vc_column-inner\"><div class=\"wpb_wrapper\">\t<div class=\"et-image-153 et-image     et_image_link\">\n\t\t<div class=\"et-image-inner\">\n\t\t\t\t\t\t\t<div class=\"et-image-thumb\">\n\t\t\t\t\t<img loading=\"lazy\" decoding=\"async\" width=\"1707\" height=\"2560\" src=\"https:\/\/i0.wp.com\/alexanderling.ee\/wp-content\/uploads\/2024\/09\/231018_TFW-Alexanderling_Catwalk_Erlend_Staub_56-scaled.jpg?fit=1707%2C2560&amp;ssl=1\" class=\"attachment-full\" alt=\"\" title=\"231018_TFW-Alexanderling_Catwalk_Erlend_S\u030ctaub_56\" srcset=\"https:\/\/i0.wp.com\/alexanderling.ee\/wp-content\/uploads\/2024\/09\/231018_TFW-Alexanderling_Catwalk_Erlend_Staub_56-scaled.jpg?w=1707&amp;ssl=1 1707w, https:\/\/i0.wp.com\/alexanderling.ee\/wp-content\/uploads\/2024\/09\/231018_TFW-Alexanderling_Catwalk_Erlend_Staub_56-scaled.jpg?resize=450%2C675&amp;ssl=1 450w, https:\/\/i0.wp.com\/alexanderling.ee\/wp-content\/uploads\/2024\/09\/231018_TFW-Alexanderling_Catwalk_Erlend_Staub_56-scaled.jpg?resize=900%2C1350&amp;ssl=1 900w, https:\/\/i0.wp.com\/alexanderling.ee\/wp-content\/uploads\/2024\/09\/231018_TFW-Alexanderling_Catwalk_Erlend_Staub_56-scaled.jpg?resize=200%2C300&amp;ssl=1 200w, https:\/\/i0.wp.com\/alexanderling.ee\/wp-content\/uploads\/2024\/09\/231018_TFW-Alexanderling_Catwalk_Erlend_Staub_56-scaled.jpg?resize=683%2C1024&amp;ssl=1 683w, https:\/\/i0.wp.com\/alexanderling.ee\/wp-content\/uploads\/2024\/09\/231018_TFW-Alexanderling_Catwalk_Erlend_Staub_56-scaled.jpg?resize=768%2C1152&amp;ssl=1 768w, https:\/\/i0.wp.com\/alexanderling.ee\/wp-content\/uploads\/2024\/09\/231018_TFW-Alexanderling_Catwalk_Erlend_Staub_56-scaled.jpg?resize=1024%2C1536&amp;ssl=1 1024w\" sizes=\"auto, (max-width: 1140px) 100vw, 1140px\" \/>\t\t\t\t<\/div>\n\t\t\t\t\t\t\t\t\t\t\t<\/div>\n\t<\/div>\n  <\/div><\/div><\/div><div data-vc-parallax=\"1.5\" class=\"wpb_column vc_column_container animation top-to-bottom vc_col-sm-12 vc_col-lg-offset-1 vc_col-lg-6 et-light-column vc_col-has-fill vc_general vc_parallax vc_parallax-content-moving\"><div class=\"vc_column-inner  vc_custom_1573185905585\"><div class=\"wpb_wrapper\">\r\n\t\t<div class=\"et-banner-69eba36d48c99 et-banner content-full  image-type-fluid text-color-light hover-effect hover-zoom\" ><img loading=\"lazy\" decoding=\"async\" width=\"1707\" height=\"2560\" src=\"https:\/\/i0.wp.com\/alexanderling.ee\/wp-content\/uploads\/2024\/09\/231018_TFW-Alexanderling_Catwalk_Erlend_Staub_53-scaled.jpg?fit=1707%2C2560&amp;ssl=1\" class=\"et-banner-main-image\" alt=\"\" sizes=\"auto, (max-width: 1140px) 100vw, 1140px\" srcset=\"https:\/\/i0.wp.com\/alexanderling.ee\/wp-content\/uploads\/2024\/09\/231018_TFW-Alexanderling_Catwalk_Erlend_Staub_53-scaled.jpg?w=1707&amp;ssl=1 1707w, https:\/\/i0.wp.com\/alexanderling.ee\/wp-content\/uploads\/2024\/09\/231018_TFW-Alexanderling_Catwalk_Erlend_Staub_53-scaled.jpg?resize=450%2C675&amp;ssl=1 450w, https:\/\/i0.wp.com\/alexanderling.ee\/wp-content\/uploads\/2024\/09\/231018_TFW-Alexanderling_Catwalk_Erlend_Staub_53-scaled.jpg?resize=900%2C1350&amp;ssl=1 900w, https:\/\/i0.wp.com\/alexanderling.ee\/wp-content\/uploads\/2024\/09\/231018_TFW-Alexanderling_Catwalk_Erlend_Staub_53-scaled.jpg?resize=200%2C300&amp;ssl=1 200w, https:\/\/i0.wp.com\/alexanderling.ee\/wp-content\/uploads\/2024\/09\/231018_TFW-Alexanderling_Catwalk_Erlend_Staub_53-scaled.jpg?resize=683%2C1024&amp;ssl=1 683w, https:\/\/i0.wp.com\/alexanderling.ee\/wp-content\/uploads\/2024\/09\/231018_TFW-Alexanderling_Catwalk_Erlend_Staub_53-scaled.jpg?resize=768%2C1152&amp;ssl=1 768w, https:\/\/i0.wp.com\/alexanderling.ee\/wp-content\/uploads\/2024\/09\/231018_TFW-Alexanderling_Catwalk_Erlend_Staub_53-scaled.jpg?resize=1024%2C1536&amp;ssl=1 1024w, https:\/\/i0.wp.com\/alexanderling.ee\/wp-content\/uploads\/2024\/09\/231018_TFW-Alexanderling_Catwalk_Erlend_Staub_53-scaled.jpg?resize=1365%2C2048&amp;ssl=1 1365w, https:\/\/i0.wp.com\/alexanderling.ee\/wp-content\/uploads\/2024\/09\/231018_TFW-Alexanderling_Catwalk_Erlend_Staub_53-scaled.jpg?resize=100%2C150&amp;ssl=1 100w\" \/>\r\n\t\t<\/div><\/div><\/div><\/div><\/div><\/div><div  class=\"sec_row container-fluid\"><div class=\"vc_row wpb_row vc_row-fluid align-center vc_custom_1555550614288 vc_row-o-content-middle vc_row-flex\"><div class=\"wpb_column vc_column_container animation bottom-to-top vc_col-sm-6 vc_col-lg-offset-1 vc_col-lg-6 et-dark-column\"><div class=\"vc_column-inner\"><div class=\"wpb_wrapper\">\t<div class=\"et-image-415 et-image     et_image_link\">\n\t\t<div class=\"et-image-inner\">\n\t\t\t\t\t\t\t<div class=\"et-image-thumb\">\n\t\t\t\t\t<img loading=\"lazy\" decoding=\"async\" width=\"1707\" height=\"2560\" src=\"https:\/\/i0.wp.com\/alexanderling.ee\/wp-content\/uploads\/2024\/09\/231018_TFW-Alexanderling_Catwalk_Erlend_Staub_29-scaled.jpg?fit=1707%2C2560&amp;ssl=1\" class=\"attachment-full\" alt=\"\" title=\"231018_TFW-Alexanderling_Catwalk_Erlend_S\u030ctaub_29\" srcset=\"https:\/\/i0.wp.com\/alexanderling.ee\/wp-content\/uploads\/2024\/09\/231018_TFW-Alexanderling_Catwalk_Erlend_Staub_29-scaled.jpg?w=1707&amp;ssl=1 1707w, https:\/\/i0.wp.com\/alexanderling.ee\/wp-content\/uploads\/2024\/09\/231018_TFW-Alexanderling_Catwalk_Erlend_Staub_29-scaled.jpg?resize=450%2C675&amp;ssl=1 450w, https:\/\/i0.wp.com\/alexanderling.ee\/wp-content\/uploads\/2024\/09\/231018_TFW-Alexanderling_Catwalk_Erlend_Staub_29-scaled.jpg?resize=900%2C1350&amp;ssl=1 900w, https:\/\/i0.wp.com\/alexanderling.ee\/wp-content\/uploads\/2024\/09\/231018_TFW-Alexanderling_Catwalk_Erlend_Staub_29-scaled.jpg?resize=200%2C300&amp;ssl=1 200w, https:\/\/i0.wp.com\/alexanderling.ee\/wp-content\/uploads\/2024\/09\/231018_TFW-Alexanderling_Catwalk_Erlend_Staub_29-scaled.jpg?resize=683%2C1024&amp;ssl=1 683w, https:\/\/i0.wp.com\/alexanderling.ee\/wp-content\/uploads\/2024\/09\/231018_TFW-Alexanderling_Catwalk_Erlend_Staub_29-scaled.jpg?resize=768%2C1152&amp;ssl=1 768w\" sizes=\"auto, (max-width: 1140px) 100vw, 1140px\" \/>\t\t\t\t<\/div>\n\t\t\t\t\t\t\t\t\t\t\t<\/div>\n\t<\/div>\n  <\/div><\/div><\/div><\/div><\/div><div  class=\"sec_row container-fluid\"><div class=\"vc_row wpb_row vc_row-fluid no-padding vc_custom_1726665305155 vc_row-has-fill vc_row-o-content-middle vc_row-flex\"><div class=\"wpb_column vc_column_container animation left-to-right vc_col-sm-12 vc_col-lg-6 et-dark-column\"><div class=\"vc_column-inner\"><div class=\"wpb_wrapper\">\t<div class=\"et-image-483 et-image     et_image_link\">\n\t\t<div class=\"et-image-inner\">\n\t\t\t\t\t\t\t<div class=\"et-image-thumb\">\n\t\t\t\t\t<img loading=\"lazy\" decoding=\"async\" width=\"1707\" height=\"2560\" src=\"https:\/\/i0.wp.com\/alexanderling.ee\/wp-content\/uploads\/2024\/09\/231018_TFW-Alexanderling_Catwalk_Erlend_Staub_49-1-scaled.jpg?fit=1707%2C2560&amp;ssl=1\" class=\"attachment-full\" alt=\"\" title=\"231018_TFW-Alexanderling_Catwalk_Erlend_S\u030ctaub_49\" srcset=\"https:\/\/i0.wp.com\/alexanderling.ee\/wp-content\/uploads\/2024\/09\/231018_TFW-Alexanderling_Catwalk_Erlend_Staub_49-1-scaled.jpg?w=1707&amp;ssl=1 1707w, https:\/\/i0.wp.com\/alexanderling.ee\/wp-content\/uploads\/2024\/09\/231018_TFW-Alexanderling_Catwalk_Erlend_Staub_49-1-scaled.jpg?resize=450%2C675&amp;ssl=1 450w, https:\/\/i0.wp.com\/alexanderling.ee\/wp-content\/uploads\/2024\/09\/231018_TFW-Alexanderling_Catwalk_Erlend_Staub_49-1-scaled.jpg?resize=900%2C1350&amp;ssl=1 900w, https:\/\/i0.wp.com\/alexanderling.ee\/wp-content\/uploads\/2024\/09\/231018_TFW-Alexanderling_Catwalk_Erlend_Staub_49-1-scaled.jpg?resize=200%2C300&amp;ssl=1 200w, https:\/\/i0.wp.com\/alexanderling.ee\/wp-content\/uploads\/2024\/09\/231018_TFW-Alexanderling_Catwalk_Erlend_Staub_49-1-scaled.jpg?resize=683%2C1024&amp;ssl=1 683w, https:\/\/i0.wp.com\/alexanderling.ee\/wp-content\/uploads\/2024\/09\/231018_TFW-Alexanderling_Catwalk_Erlend_Staub_49-1-scaled.jpg?resize=768%2C1152&amp;ssl=1 768w, https:\/\/i0.wp.com\/alexanderling.ee\/wp-content\/uploads\/2024\/09\/231018_TFW-Alexanderling_Catwalk_Erlend_Staub_49-1-scaled.jpg?resize=1024%2C1536&amp;ssl=1 1024w\" sizes=\"auto, (max-width: 1140px) 100vw, 1140px\" \/>\t\t\t\t<\/div>\n\t\t\t\t\t\t\t\t\t\t\t<\/div>\n\t<\/div>\n  <\/div><\/div><\/div><div class=\"wpb_column vc_column_container animation right-to-left vc_col-sm-12 vc_col-lg-offset-1 vc_col-lg-3 et-light-column\"><div class=\"vc_column-inner  vc_custom_1727298507993\"><div class=\"wpb_wrapper\">\t\t<div id=\"et-button-69eba36d49566\" class=\"et_btn_align_left animation bottom-to-top\">\n\t\t\t<a href=\"https:\/\/alexanderling.ee\/et\/toode\/laredo\/\" class=\"et_btn button et_btn_lg outlined rounded color-light  arrow-enabled\"  role=\"button\" title=\"Pood\" ><span>Vaata l\u00e4hemalt<\/span><svg xmlns=\"http:\/\/www.w3.org\/2000\/svg\" xmlns:xlink=\"http:\/\/www.w3.org\/1999\/xlink\" x=\"0px\" y=\"0px\"\r\n\t width=\"30px\" height=\"18px\" viewbox=\"0 0 30 18\" enable-background=\"new 0 0 30 18\" xml:space=\"preserve\">\r\n<path class=\"handle\" d=\"M20.305,16.212c-0.407,0.409-0.407,1.071,0,1.479s1.068,0.408,1.476,0l7.914-7.952c0.408-0.409,0.408-1.071,0-1.481\tl-7.914-7.952c-0.407-0.409-1.068-0.409-1.476,0s-0.407,1.071,0,1.48l7.185,7.221L20.305,16.212z\"\/>\r\n<path class=\"bar\" fill-rule=\"evenodd\" clip-rule=\"evenodd\" d=\"M1,8h28.001c0.551,0,1,0.448,1,1c0,0.553-0.449,1-1,1H1c-0.553,0-1-0.447-1-1\tC0,8.448,0.447,8,1,8z\"\/>\r\n<\/svg>\r\n<\/a>\n\t\t<\/div>\n\t\t\n\t<\/div><\/div><\/div><\/div><\/div><div  class=\"sec_row container\"><div class=\"vc_row wpb_row vc_row-fluid vc_row-o-equal-height vc_row-flex\"><div class=\"wpb_column vc_column_container vc_col-sm-12 et-dark-column\"><div class=\"vc_column-inner  vc_custom_1726823783592\"><div class=\"wpb_wrapper\"><\/div><\/div><\/div><\/div><\/div>\n<\/div>","protected":false},"excerpt":{"rendered":"\"Autumn Romance\" Collection Autumn\/Winter 2023 The fall collection \u2018Autumn Romance\u2019 ranges from pleated dresses with geometric patterns with embarrassing precision to luxurious satin black jackets. These garments do not leave anyone indifferent - they provoke our thoughts and feelings and force us to see more than just fabric and seams. [...]","protected":false},"author":1,"featured_media":0,"parent":0,"menu_order":0,"comment_status":"closed","ping_status":"closed","template":"","meta":{"nf_dc_page":"","footnotes":""},"class_list":["post-7029","page","type-page","status-publish","hentry"],"jetpack_sharing_enabled":true,"_links":{"self":[{"href":"https:\/\/alexanderling.ee\/et\/wp-json\/wp\/v2\/pages\/7029","targetHints":{"allow":["GET"]}}],"collection":[{"href":"https:\/\/alexanderling.ee\/et\/wp-json\/wp\/v2\/pages"}],"about":[{"href":"https:\/\/alexanderling.ee\/et\/wp-json\/wp\/v2\/types\/page"}],"author":[{"embeddable":true,"href":"https:\/\/alexanderling.ee\/et\/wp-json\/wp\/v2\/users\/1"}],"replies":[{"embeddable":true,"href":"https:\/\/alexanderling.ee\/et\/wp-json\/wp\/v2\/comments?post=7029"}],"version-history":[{"count":5,"href":"https:\/\/alexanderling.ee\/et\/wp-json\/wp\/v2\/pages\/7029\/revisions"}],"predecessor-version":[{"id":9402,"href":"https:\/\/alexanderling.ee\/et\/wp-json\/wp\/v2\/pages\/7029\/revisions\/9402"}],"wp:attachment":[{"href":"https:\/\/alexanderling.ee\/et\/wp-json\/wp\/v2\/media?parent=7029"}],"curies":[{"name":"wp","href":"https:\/\/api.w.org\/{rel}","templated":true}]}}