{"id":7459,"date":"2024-09-24T22:40:39","date_gmt":"2024-09-24T19:40:39","guid":{"rendered":"https:\/\/alexanderling.ee\/?page_id=7459"},"modified":"2026-02-02T16:18:21","modified_gmt":"2026-02-02T13:18:21","slug":"collections","status":"publish","type":"page","link":"https:\/\/alexanderling.ee\/et\/collections\/","title":{"rendered":"Kollektsioonid"},"content":{"rendered":"<div class=\"wpb-content-wrapper\"><div  class=\"sec_row container\"><div class=\"vc_row wpb_row vc_row-fluid align-center vc_custom_1516295802031\"><div class=\"wpb_column vc_column_container vc_col-sm-12 vc_col-lg-11 et-dark-column\"><div class=\"vc_column-inner  vc_custom_1727271069950\"><div class=\"wpb_wrapper\">\n\t<div class=\"wpb_text_column wpb_content_element\" >\n\t\t<div class=\"wpb_wrapper\">\n\t\t\t<h2 style=\"text-align: center;\">Kollektsioonid<\/h2>\n<h5 style=\"text-align: center;\">Tutvu meie loodud kollektsioonidega, kus igal hooajal oma lugu oma inspiratsiooniallikaga, kasutatud materjalide ja kaasatud r\u00e4tsepakunstiga. Sukeldu ALEXANDERLINGi maailma detailidesse, kus kannad kodumaiselt loodud \u00fcksikeksemplaridena valmivaid r\u00f5ivaid. See on protsess, mis on niiv\u00f5rd eriline t\u00e4nu Eesti ajaloolisele asetsusele maailmakaardil, kus juba aastak\u00fcmneid tagasi olime aken L\u00e4\u00e4nde. T\u00e4na, selliste oskuslike traditsioonide edasikandmine r\u00e4tsepatelt r\u00e4tsepatele lubab luua moemajas r\u00f5ivaid ja pakkuda Sulle valikut, mis mujal maailmas on k\u00e4ttesaamatu luksus.<\/h5>\n\n\t\t<\/div>\n\t<\/div>\n<div class=\"vc_row wpb_row vc_inner vc_row-fluid max_width vc_custom_1727271145088\"><div class=\"wpb_column vc_column_container vc_col-sm-4 et-dark-column\"><div class=\"vc_column-inner\"><div class=\"wpb_wrapper\">\t\n\t<div class=\"et-hovercard-69ef312955ed8 animation bottom-to-top et-hovercard\">\n\t\t<a class=\"et-hovercard-link\" href=\"https:\/\/alexanderling.ee\/et\/groovy-collection-resort-2025\/\" target=\"_self\">\t\t<div class=\"et-hovercard-front et-hovercard-side\">\n\t\t\t<div class=\"et-hovercard-inner\">\n\t\t\t\t<h3 class=\"et-pricing-head\">Resort 25<\/h3>\n\t\t\t<\/div>\n\t\t<\/div>\n\t\t<div class=\"et-hovercard-back et-hovercard-side\">\n\t\t\t<div class=\"et-hovercard-inner\">\n\t\t\t\t\t\t\t\t<h3 class=\"et-pricing-head\">GROOVY<\/h3>\n\t\t\t\t\t\t\t\t\t<div class=\"et-pricing-content\">Kevad\/Suvi 2025<\/div>\n\t\t\t\t\t\t\t<\/div>\n\t\t<\/div>\n\t\t<\/a>\n\t<\/div>\n\t<div class=\"vc_empty_space\"   style=\"height: 40px\"><span class=\"vc_empty_space_inner\"><\/span><\/div><\/div><\/div><\/div><div class=\"wpb_column vc_column_container vc_col-sm-4 et-dark-column\"><div class=\"vc_column-inner\"><div class=\"wpb_wrapper\">\t\n\t<div class=\"et-hovercard-69ef312956212 animation bottom-to-top et-hovercard\">\n\t\t<a class=\"et-hovercard-link\" href=\"https:\/\/alexanderling.ee\/et\/iseoma-collection-spring-summer-2025\/\" target=\"_self\">\t\t<div class=\"et-hovercard-front et-hovercard-side\">\n\t\t\t<div class=\"et-hovercard-inner\">\n\t\t\t\t<h3 class=\"et-pricing-head\">S\/S 25<\/h3>\n\t\t\t<\/div>\n\t\t<\/div>\n\t\t<div class=\"et-hovercard-back et-hovercard-side\">\n\t\t\t<div class=\"et-hovercard-inner\">\n\t\t\t\t\t\t\t\t<h3 class=\"et-pricing-head\">ISEOMA<\/h3>\n\t\t\t\t\t\t\t\t\t<div class=\"et-pricing-content\">Kevad\/Suvi 2025<\/div>\n\t\t\t\t\t\t\t<\/div>\n\t\t<\/div>\n\t\t<\/a>\n\t<\/div>\n\t<div class=\"vc_empty_space\"   style=\"height: 40px\"><span class=\"vc_empty_space_inner\"><\/span><\/div><\/div><\/div><\/div><div class=\"wpb_column vc_column_container vc_col-sm-4 et-dark-column\"><div class=\"vc_column-inner\"><div class=\"wpb_wrapper\">\t\n\t<div class=\"et-hovercard-69ef312956472 animation bottom-to-top et-hovercard\">\n\t\t<a class=\"et-hovercard-link\" href=\"https:\/\/alexanderling.ee\/et\/grey-collection-autumn-winter-2024\/\" target=\"_self\">\t\t<div class=\"et-hovercard-front et-hovercard-side\">\n\t\t\t<div class=\"et-hovercard-inner\">\n\t\t\t\t<h3 class=\"et-pricing-head\">A\/W 24<\/h3>\n\t\t\t<\/div>\n\t\t<\/div>\n\t\t<div class=\"et-hovercard-back et-hovercard-side\">\n\t\t\t<div class=\"et-hovercard-inner\">\n\t\t\t\t\t\t\t\t<h3 class=\"et-pricing-head\">GREY<\/h3>\n\t\t\t\t\t\t\t\t\t<div class=\"et-pricing-content\">S\u00fcgis\/Talv 2024<\/div>\n\t\t\t\t\t\t\t<\/div>\n\t\t<\/div>\n\t\t<\/a>\n\t<\/div>\n\t<div class=\"vc_empty_space\"   style=\"height: 40px\"><span class=\"vc_empty_space_inner\"><\/span><\/div><\/div><\/div><\/div><div class=\"wpb_column vc_column_container vc_col-sm-4 et-dark-column\"><div class=\"vc_column-inner\"><div class=\"wpb_wrapper\">\t\n\t<div class=\"et-hovercard-69ef312956629 animation bottom-to-top et-hovercard\">\n\t\t<a class=\"et-hovercard-link\" href=\"https:\/\/alexanderling.ee\/et\/hedon-resort-24\/\" target=\"_self\">\t\t<div class=\"et-hovercard-front et-hovercard-side\">\n\t\t\t<div class=\"et-hovercard-inner\">\n\t\t\t\t<h3 class=\"et-pricing-head\">Resort 24<\/h3>\n\t\t\t<\/div>\n\t\t<\/div>\n\t\t<div class=\"et-hovercard-back et-hovercard-side\">\n\t\t\t<div class=\"et-hovercard-inner\">\n\t\t\t\t\t\t\t\t<h3 class=\"et-pricing-head\">LILY OF THE VALLEY<\/h3>\n\t\t\t\t\t\t\t\t\t<div class=\"et-pricing-content\">Resort 2024<\/div>\n\t\t\t\t\t\t\t<\/div>\n\t\t<\/div>\n\t\t<\/a>\n\t<\/div>\n\t<div class=\"vc_empty_space\"   style=\"height: 40px\"><span class=\"vc_empty_space_inner\"><\/span><\/div><\/div><\/div><\/div><div class=\"wpb_column vc_column_container vc_col-sm-4 et-dark-column\"><div class=\"vc_column-inner\"><div class=\"wpb_wrapper\">\t\n\t<div class=\"et-hovercard-69ef3129567d3 animation bottom-to-top et-hovercard\">\n\t\t<a class=\"et-hovercard-link\" href=\"https:\/\/alexanderling.ee\/et\/autumn-romance-autumn-winter-2023\/\" target=\"_self\">\t\t<div class=\"et-hovercard-front et-hovercard-side\">\n\t\t\t<div class=\"et-hovercard-inner\">\n\t\t\t\t<h3 class=\"et-pricing-head\">A\/W 23<\/h3>\n\t\t\t<\/div>\n\t\t<\/div>\n\t\t<div class=\"et-hovercard-back et-hovercard-side\">\n\t\t\t<div class=\"et-hovercard-inner\">\n\t\t\t\t\t\t\t\t<h3 class=\"et-pricing-head\">AUTUMN ROMANCE<\/h3>\n\t\t\t\t\t\t\t\t\t<div class=\"et-pricing-content\">S\u00fcgis\/Talv 2023<\/div>\n\t\t\t\t\t\t\t<\/div>\n\t\t<\/div>\n\t\t<\/a>\n\t<\/div>\n\t<div class=\"vc_empty_space\"   style=\"height: 40px\"><span class=\"vc_empty_space_inner\"><\/span><\/div><\/div><\/div><\/div><div class=\"wpb_column vc_column_container vc_col-sm-4 et-dark-column\"><div class=\"vc_column-inner\"><div class=\"wpb_wrapper\">\t\n\t<div class=\"et-hovercard-69ef31295695c animation bottom-to-top et-hovercard\">\n\t\t<a class=\"et-hovercard-link\" href=\"https:\/\/alexanderling.ee\/et\/hedon-resort-23\/\" target=\"_self\">\t\t<div class=\"et-hovercard-front et-hovercard-side\">\n\t\t\t<div class=\"et-hovercard-inner\">\n\t\t\t\t<h3 class=\"et-pricing-head\">Resort 23<\/h3>\n\t\t\t<\/div>\n\t\t<\/div>\n\t\t<div class=\"et-hovercard-back et-hovercard-side\">\n\t\t\t<div class=\"et-hovercard-inner\">\n\t\t\t\t\t\t\t\t<h3 class=\"et-pricing-head\">HEDON<\/h3>\n\t\t\t\t\t\t\t\t\t<div class=\"et-pricing-content\">Resort 2023<\/div>\n\t\t\t\t\t\t\t<\/div>\n\t\t<\/div>\n\t\t<\/a>\n\t<\/div>\n\t<div class=\"vc_empty_space\"   style=\"height: 40px\"><span class=\"vc_empty_space_inner\"><\/span><\/div><\/div><\/div><\/div><div class=\"wpb_column vc_column_container vc_col-sm-4 et-dark-column\"><div class=\"vc_column-inner\"><div class=\"wpb_wrapper\">\t\n\t<div class=\"et-hovercard-69ef312956ae5 animation bottom-to-top et-hovercard\">\n\t\t<a class=\"et-hovercard-link\" href=\"https:\/\/alexanderling.ee\/et\/soft-breeze-spring-summer-2023\/\" target=\"_self\">\t\t<div class=\"et-hovercard-front et-hovercard-side\">\n\t\t\t<div class=\"et-hovercard-inner\">\n\t\t\t\t<h3 class=\"et-pricing-head\">S\/S 23<\/h3>\n\t\t\t<\/div>\n\t\t<\/div>\n\t\t<div class=\"et-hovercard-back et-hovercard-side\">\n\t\t\t<div class=\"et-hovercard-inner\">\n\t\t\t\t\t\t\t\t<h3 class=\"et-pricing-head\">SOFT BREEZE<\/h3>\n\t\t\t\t\t\t\t\t\t<div class=\"et-pricing-content\">Kevad\/Suvi 2023<\/div>\n\t\t\t\t\t\t\t<\/div>\n\t\t<\/div>\n\t\t<\/a>\n\t<\/div>\n\t<div class=\"vc_empty_space\"   style=\"height: 40px\"><span class=\"vc_empty_space_inner\"><\/span><\/div><\/div><\/div><\/div><div class=\"wpb_column vc_column_container vc_col-sm-4 et-dark-column\"><div class=\"vc_column-inner\"><div class=\"wpb_wrapper\">\t\n\t<div class=\"et-hovercard-69ef312956c46 animation bottom-to-top et-hovercard\">\n\t\t<a class=\"et-hovercard-link\" href=\"https:\/\/alexanderling.ee\/et\/simple-life-autumn-winter-2022\/\" target=\"_self\">\t\t<div class=\"et-hovercard-front et-hovercard-side\">\n\t\t\t<div class=\"et-hovercard-inner\">\n\t\t\t\t<h3 class=\"et-pricing-head\">A\/W 22<\/h3>\n\t\t\t<\/div>\n\t\t<\/div>\n\t\t<div class=\"et-hovercard-back et-hovercard-side\">\n\t\t\t<div class=\"et-hovercard-inner\">\n\t\t\t\t\t\t\t\t<h3 class=\"et-pricing-head\">SIMPLE LIFE<\/h3>\n\t\t\t\t\t\t\t\t\t<div class=\"et-pricing-content\">S\u00fcgis\/Talv 2022<\/div>\n\t\t\t\t\t\t\t<\/div>\n\t\t<\/div>\n\t\t<\/a>\n\t<\/div>\n\t<div class=\"vc_empty_space\"   style=\"height: 40px\"><span class=\"vc_empty_space_inner\"><\/span><\/div><\/div><\/div><\/div><div class=\"wpb_column vc_column_container vc_col-sm-4 et-dark-column\"><div class=\"vc_column-inner\"><div class=\"wpb_wrapper\">\t\n\t<div class=\"et-hovercard-69ef312956d8e animation bottom-to-top et-hovercard\">\n\t\t<a class=\"et-hovercard-link\" href=\"https:\/\/alexanderling.ee\/et\/hedon-resort-summer-2022\/\" target=\"_self\">\t\t<div class=\"et-hovercard-front et-hovercard-side\">\n\t\t\t<div class=\"et-hovercard-inner\">\n\t\t\t\t<h3 class=\"et-pricing-head\">Resort 22<\/h3>\n\t\t\t<\/div>\n\t\t<\/div>\n\t\t<div class=\"et-hovercard-back et-hovercard-side\">\n\t\t\t<div class=\"et-hovercard-inner\">\n\t\t\t\t\t\t\t\t<h3 class=\"et-pricing-head\">HEDON<\/h3>\n\t\t\t\t\t\t\t\t\t<div class=\"et-pricing-content\">Resort 2022<\/div>\n\t\t\t\t\t\t\t<\/div>\n\t\t<\/div>\n\t\t<\/a>\n\t<\/div>\n\t<div class=\"vc_empty_space\"   style=\"height: 40px\"><span class=\"vc_empty_space_inner\"><\/span><\/div><\/div><\/div><\/div><div class=\"wpb_column vc_column_container vc_col-sm-4 et-dark-column\"><div class=\"vc_column-inner\"><div class=\"wpb_wrapper\">\t\n\t<div class=\"et-hovercard-69ef312956ee0 animation bottom-to-top et-hovercard\">\n\t\t<a class=\"et-hovercard-link\" href=\"https:\/\/alexanderling.ee\/et\/seashell-spring-summer-2022\/\" target=\"_self\">\t\t<div class=\"et-hovercard-front et-hovercard-side\">\n\t\t\t<div class=\"et-hovercard-inner\">\n\t\t\t\t<h3 class=\"et-pricing-head\">S\/S 22<\/h3>\n\t\t\t<\/div>\n\t\t<\/div>\n\t\t<div class=\"et-hovercard-back et-hovercard-side\">\n\t\t\t<div class=\"et-hovercard-inner\">\n\t\t\t\t\t\t\t\t<h3 class=\"et-pricing-head\">SEASHELL<\/h3>\n\t\t\t\t\t\t\t\t\t<div class=\"et-pricing-content\">Kevad\/Suvi 2022<\/div>\n\t\t\t\t\t\t\t<\/div>\n\t\t<\/div>\n\t\t<\/a>\n\t<\/div>\n\t<div class=\"vc_empty_space\"   style=\"height: 40px\"><span class=\"vc_empty_space_inner\"><\/span><\/div><\/div><\/div><\/div><div class=\"wpb_column vc_column_container vc_col-sm-4 et-dark-column\"><div class=\"vc_column-inner\"><div class=\"wpb_wrapper\">\t\n\t<div class=\"et-hovercard-69ef31295702a animation bottom-to-top et-hovercard\">\n\t\t<a class=\"et-hovercard-link\" href=\"https:\/\/alexanderling.ee\/et\/studio-rennais54nce-autumn-winter-2021\/\" target=\"_self\">\t\t<div class=\"et-hovercard-front et-hovercard-side\">\n\t\t\t<div class=\"et-hovercard-inner\">\n\t\t\t\t<h3 class=\"et-pricing-head\">A\/W 21<\/h3>\n\t\t\t<\/div>\n\t\t<\/div>\n\t\t<div class=\"et-hovercard-back et-hovercard-side\">\n\t\t\t<div class=\"et-hovercard-inner\">\n\t\t\t\t\t\t\t\t<h3 class=\"et-pricing-head\">STUDIO RENNAIS54NCE<\/h3>\n\t\t\t\t\t\t\t\t\t<div class=\"et-pricing-content\">S\u00fcgis\/Talv 2021<\/div>\n\t\t\t\t\t\t\t<\/div>\n\t\t<\/div>\n\t\t<\/a>\n\t<\/div>\n\t<div class=\"vc_empty_space\"   style=\"height: 40px\"><span class=\"vc_empty_space_inner\"><\/span><\/div><\/div><\/div><\/div><div class=\"wpb_column vc_column_container vc_col-sm-4 et-dark-column\"><div class=\"vc_column-inner\"><div class=\"wpb_wrapper\">\t\n\t<div class=\"et-hovercard-69ef31295715d animation bottom-to-top et-hovercard\">\n\t\t<a class=\"et-hovercard-link\" href=\"https:\/\/alexanderling.ee\/et\/sunbursts-spring-summer-2021\/\" target=\"_self\">\t\t<div class=\"et-hovercard-front et-hovercard-side\">\n\t\t\t<div class=\"et-hovercard-inner\">\n\t\t\t\t<h3 class=\"et-pricing-head\">S\/S 21<\/h3>\n\t\t\t<\/div>\n\t\t<\/div>\n\t\t<div class=\"et-hovercard-back et-hovercard-side\">\n\t\t\t<div class=\"et-hovercard-inner\">\n\t\t\t\t\t\t\t\t<h3 class=\"et-pricing-head\">SUNBURST<\/h3>\n\t\t\t\t\t\t\t\t\t<div class=\"et-pricing-content\">Kevad\/Suvi 2021<\/div>\n\t\t\t\t\t\t\t<\/div>\n\t\t<\/div>\n\t\t<\/a>\n\t<\/div>\n\t<div class=\"vc_empty_space\"   style=\"height: 40px\"><span class=\"vc_empty_space_inner\"><\/span><\/div><\/div><\/div><\/div><div class=\"wpb_column vc_column_container vc_col-sm-4 et-dark-column\"><div class=\"vc_column-inner\"><div class=\"wpb_wrapper\">\t\n\t<div class=\"et-hovercard-69ef3129572a5 animation bottom-to-top et-hovercard\">\n\t\t<a class=\"et-hovercard-link\" href=\"https:\/\/alexanderling.ee\/et\/motion-autumn-winter-2020\/\" target=\"_self\">\t\t<div class=\"et-hovercard-front et-hovercard-side\">\n\t\t\t<div class=\"et-hovercard-inner\">\n\t\t\t\t<h3 class=\"et-pricing-head\">A\/W 20<\/h3>\n\t\t\t<\/div>\n\t\t<\/div>\n\t\t<div class=\"et-hovercard-back et-hovercard-side\">\n\t\t\t<div class=\"et-hovercard-inner\">\n\t\t\t\t\t\t\t\t<h3 class=\"et-pricing-head\">MOTION<\/h3>\n\t\t\t\t\t\t\t\t\t<div class=\"et-pricing-content\">S\u00fcgis\/Talv 2020<\/div>\n\t\t\t\t\t\t\t<\/div>\n\t\t<\/div>\n\t\t<\/a>\n\t<\/div>\n\t<div class=\"vc_empty_space\"   style=\"height: 40px\"><span class=\"vc_empty_space_inner\"><\/span><\/div><\/div><\/div><\/div><div class=\"wpb_column vc_column_container vc_col-sm-4 et-dark-column\"><div class=\"vc_column-inner\"><div class=\"wpb_wrapper\">\t\n\t<div class=\"et-hovercard-69ef3129573ce animation bottom-to-top et-hovercard\">\n\t\t<a class=\"et-hovercard-link\" href=\"https:\/\/alexanderling.ee\/et\/louisiana-spring-summer-2020\/\" target=\"_self\">\t\t<div class=\"et-hovercard-front et-hovercard-side\">\n\t\t\t<div class=\"et-hovercard-inner\">\n\t\t\t\t<h3 class=\"et-pricing-head\">S\/S 20<\/h3>\n\t\t\t<\/div>\n\t\t<\/div>\n\t\t<div class=\"et-hovercard-back et-hovercard-side\">\n\t\t\t<div class=\"et-hovercard-inner\">\n\t\t\t\t\t\t\t\t<h3 class=\"et-pricing-head\">LOUISIANA<\/h3>\n\t\t\t\t\t\t\t\t\t<div class=\"et-pricing-content\">Kevad\/Suvi 2020<\/div>\n\t\t\t\t\t\t\t<\/div>\n\t\t<\/div>\n\t\t<\/a>\n\t<\/div>\n\t<div class=\"vc_empty_space\"   style=\"height: 40px\"><span class=\"vc_empty_space_inner\"><\/span><\/div><\/div><\/div><\/div><div class=\"wpb_column vc_column_container vc_col-sm-4 et-dark-column\"><div class=\"vc_column-inner\"><div class=\"wpb_wrapper\">\t\n\t<div class=\"et-hovercard-69ef312957507 animation bottom-to-top et-hovercard\">\n\t\t<a class=\"et-hovercard-link\" href=\"https:\/\/alexanderling.ee\/et\/faith-hope-love-autumn-winter-2019\/\" target=\"_self\">\t\t<div class=\"et-hovercard-front et-hovercard-side\">\n\t\t\t<div class=\"et-hovercard-inner\">\n\t\t\t\t<h3 class=\"et-pricing-head\">A\/W 19<\/h3>\n\t\t\t<\/div>\n\t\t<\/div>\n\t\t<div class=\"et-hovercard-back et-hovercard-side\">\n\t\t\t<div class=\"et-hovercard-inner\">\n\t\t\t\t\t\t\t\t<h3 class=\"et-pricing-head\">FAITH, HOPE, LOVE<\/h3>\n\t\t\t\t\t\t\t\t\t<div class=\"et-pricing-content\">S\u00fcgis\/Talv 2019<\/div>\n\t\t\t\t\t\t\t<\/div>\n\t\t<\/div>\n\t\t<\/a>\n\t<\/div>\n\t<div class=\"vc_empty_space\"   style=\"height: 40px\"><span class=\"vc_empty_space_inner\"><\/span><\/div><\/div><\/div><\/div><div class=\"wpb_column vc_column_container vc_col-sm-4 et-dark-column\"><div class=\"vc_column-inner\"><div class=\"wpb_wrapper\">\t\n\t<div class=\"et-hovercard-69ef312957661 animation bottom-to-top et-hovercard\">\n\t\t<a class=\"et-hovercard-link\" href=\"https:\/\/alexanderling.ee\/et\/india-within-spring-summer-2019\/\" target=\"_self\">\t\t<div class=\"et-hovercard-front et-hovercard-side\">\n\t\t\t<div class=\"et-hovercard-inner\">\n\t\t\t\t<h3 class=\"et-pricing-head\">S\/S 19<\/h3>\n\t\t\t<\/div>\n\t\t<\/div>\n\t\t<div class=\"et-hovercard-back et-hovercard-side\">\n\t\t\t<div class=\"et-hovercard-inner\">\n\t\t\t\t\t\t\t\t<h3 class=\"et-pricing-head\">INDIA WITHIN<\/h3>\n\t\t\t\t\t\t\t\t\t<div class=\"et-pricing-content\">Kevad\/Suvi 2019<\/div>\n\t\t\t\t\t\t\t<\/div>\n\t\t<\/div>\n\t\t<\/a>\n\t<\/div>\n\t<div class=\"vc_empty_space\"   style=\"height: 40px\"><span class=\"vc_empty_space_inner\"><\/span><\/div><\/div><\/div><\/div><div class=\"wpb_column vc_column_container vc_col-sm-4 et-dark-column\"><div class=\"vc_column-inner\"><div class=\"wpb_wrapper\">\t\n\t<div class=\"et-hovercard-69ef312957798 animation bottom-to-top et-hovercard\">\n\t\t<a class=\"et-hovercard-link\" href=\"https:\/\/alexanderling.ee\/et\/airforce-autumn-winter-2018\/\" target=\"_self\">\t\t<div class=\"et-hovercard-front et-hovercard-side\">\n\t\t\t<div class=\"et-hovercard-inner\">\n\t\t\t\t<h3 class=\"et-pricing-head\">A\/W 18<\/h3>\n\t\t\t<\/div>\n\t\t<\/div>\n\t\t<div class=\"et-hovercard-back et-hovercard-side\">\n\t\t\t<div class=\"et-hovercard-inner\">\n\t\t\t\t\t\t\t\t<h3 class=\"et-pricing-head\">AIRFORCE<\/h3>\n\t\t\t\t\t\t\t\t\t<div class=\"et-pricing-content\">S\u00fcgis\/Talv 2017<\/div>\n\t\t\t\t\t\t\t<\/div>\n\t\t<\/div>\n\t\t<\/a>\n\t<\/div>\n\t<div class=\"vc_empty_space\"   style=\"height: 40px\"><span class=\"vc_empty_space_inner\"><\/span><\/div><\/div><\/div><\/div><div class=\"wpb_column vc_column_container vc_col-sm-4 et-dark-column\"><div class=\"vc_column-inner\"><div class=\"wpb_wrapper\">\t\n\t<div class=\"et-hovercard-69ef3129578cd animation bottom-to-top et-hovercard\">\n\t\t<a class=\"et-hovercard-link\" href=\"https:\/\/alexanderling.ee\/et\/by-the-yacht-marina-spring-summer-2018\/\" target=\"_self\">\t\t<div class=\"et-hovercard-front et-hovercard-side\">\n\t\t\t<div class=\"et-hovercard-inner\">\n\t\t\t\t<h3 class=\"et-pricing-head\">S\/S 18<\/h3>\n\t\t\t<\/div>\n\t\t<\/div>\n\t\t<div class=\"et-hovercard-back et-hovercard-side\">\n\t\t\t<div class=\"et-hovercard-inner\">\n\t\t\t\t\t\t\t\t<h3 class=\"et-pricing-head\">BY THE YACHT MARINA<\/h3>\n\t\t\t\t\t\t\t\t\t<div class=\"et-pricing-content\">Kevad\/Suvi 2018<\/div>\n\t\t\t\t\t\t\t<\/div>\n\t\t<\/div>\n\t\t<\/a>\n\t<\/div>\n\t<div class=\"vc_empty_space\"   style=\"height: 40px\"><span class=\"vc_empty_space_inner\"><\/span><\/div><\/div><\/div><\/div><div class=\"wpb_column vc_column_container vc_col-sm-4 et-dark-column\"><div class=\"vc_column-inner\"><div class=\"wpb_wrapper\">\t\n\t<div class=\"et-hovercard-69ef312957a0b animation bottom-to-top et-hovercard\">\n\t\t<a class=\"et-hovercard-link\" href=\"https:\/\/alexanderling.ee\/et\/contrasts-autumn-winter-2017\/\" target=\"_self\">\t\t<div class=\"et-hovercard-front et-hovercard-side\">\n\t\t\t<div class=\"et-hovercard-inner\">\n\t\t\t\t<h3 class=\"et-pricing-head\">A\/W 17<\/h3>\n\t\t\t<\/div>\n\t\t<\/div>\n\t\t<div class=\"et-hovercard-back et-hovercard-side\">\n\t\t\t<div class=\"et-hovercard-inner\">\n\t\t\t\t\t\t\t\t<h3 class=\"et-pricing-head\">CONTRASTS<\/h3>\n\t\t\t\t\t\t\t\t\t<div class=\"et-pricing-content\">S\u00fcgis\/Talv 2017<\/div>\n\t\t\t\t\t\t\t<\/div>\n\t\t<\/div>\n\t\t<\/a>\n\t<\/div>\n\t<div class=\"vc_empty_space\"   style=\"height: 40px\"><span class=\"vc_empty_space_inner\"><\/span><\/div><\/div><\/div><\/div><div class=\"wpb_column vc_column_container vc_col-sm-4 et-dark-column\"><div class=\"vc_column-inner\"><div class=\"wpb_wrapper\">\t\n\t<div class=\"et-hovercard-69ef312957b4b animation bottom-to-top et-hovercard\">\n\t\t<a class=\"et-hovercard-link\" href=\"https:\/\/alexanderling.ee\/et\/monochrome-spring-summer-2017\/\" target=\"_self\">\t\t<div class=\"et-hovercard-front et-hovercard-side\">\n\t\t\t<div class=\"et-hovercard-inner\">\n\t\t\t\t<h3 class=\"et-pricing-head\">S\/S 17<\/h3>\n\t\t\t<\/div>\n\t\t<\/div>\n\t\t<div class=\"et-hovercard-back et-hovercard-side\">\n\t\t\t<div class=\"et-hovercard-inner\">\n\t\t\t\t\t\t\t\t<h3 class=\"et-pricing-head\">MONOCHROME<\/h3>\n\t\t\t\t\t\t\t\t\t<div class=\"et-pricing-content\">Kevad\/Suvi 2017<\/div>\n\t\t\t\t\t\t\t<\/div>\n\t\t<\/div>\n\t\t<\/a>\n\t<\/div>\n\t<div class=\"vc_empty_space\"   style=\"height: 40px\"><span class=\"vc_empty_space_inner\"><\/span><\/div><\/div><\/div><\/div><div class=\"wpb_column vc_column_container vc_col-sm-4 et-dark-column\"><div class=\"vc_column-inner\"><div class=\"wpb_wrapper\">\t\n\t<div class=\"et-hovercard-69ef312957c70 animation bottom-to-top et-hovercard\">\n\t\t<a class=\"et-hovercard-link\" href=\"https:\/\/alexanderling.ee\/et\/autumn-winter-2016\/\" target=\"_self\">\t\t<div class=\"et-hovercard-front et-hovercard-side\">\n\t\t\t<div class=\"et-hovercard-inner\">\n\t\t\t\t<h3 class=\"et-pricing-head\">A\/W 16<\/h3>\n\t\t\t<\/div>\n\t\t<\/div>\n\t\t<div class=\"et-hovercard-back et-hovercard-side\">\n\t\t\t<div class=\"et-hovercard-inner\">\n\t\t\t\t\t\t\t\t<h3 class=\"et-pricing-head\">AUTUMN\/WINTER<\/h3>\n\t\t\t\t\t\t\t\t\t<div class=\"et-pricing-content\">S\u00fcgis\/Talv 2016<\/div>\n\t\t\t\t\t\t\t<\/div>\n\t\t<\/div>\n\t\t<\/a>\n\t<\/div>\n\t<div class=\"vc_empty_space\"   style=\"height: 40px\"><span class=\"vc_empty_space_inner\"><\/span><\/div><\/div><\/div><\/div><\/div><\/div><\/div><\/div><\/div><\/div>\n<\/div>","protected":false},"excerpt":{"rendered":"Inside Collections Explore our collections, where each season has its own story: the inspiration, the materials used and the tailoring behind the clothes. Take a closer look and discover the details that make ALEXANDELING's clothes unique in used fabrics, and become part of our world by wearing clothing made in [...]","protected":false},"author":1,"featured_media":0,"parent":0,"menu_order":0,"comment_status":"closed","ping_status":"closed","template":"","meta":{"nf_dc_page":"","footnotes":""},"class_list":["post-7459","page","type-page","status-publish","hentry"],"jetpack_sharing_enabled":true,"_links":{"self":[{"href":"https:\/\/alexanderling.ee\/et\/wp-json\/wp\/v2\/pages\/7459","targetHints":{"allow":["GET"]}}],"collection":[{"href":"https:\/\/alexanderling.ee\/et\/wp-json\/wp\/v2\/pages"}],"about":[{"href":"https:\/\/alexanderling.ee\/et\/wp-json\/wp\/v2\/types\/page"}],"author":[{"embeddable":true,"href":"https:\/\/alexanderling.ee\/et\/wp-json\/wp\/v2\/users\/1"}],"replies":[{"embeddable":true,"href":"https:\/\/alexanderling.ee\/et\/wp-json\/wp\/v2\/comments?post=7459"}],"version-history":[{"count":5,"href":"https:\/\/alexanderling.ee\/et\/wp-json\/wp\/v2\/pages\/7459\/revisions"}],"predecessor-version":[{"id":10860,"href":"https:\/\/alexanderling.ee\/et\/wp-json\/wp\/v2\/pages\/7459\/revisions\/10860"}],"wp:attachment":[{"href":"https:\/\/alexanderling.ee\/et\/wp-json\/wp\/v2\/media?parent=7459"}],"curies":[{"name":"wp","href":"https:\/\/api.w.org\/{rel}","templated":true}]}}