{"id":7828,"date":"2024-09-27T23:39:15","date_gmt":"2024-09-27T20:39:15","guid":{"rendered":"https:\/\/alexanderling.ee\/?page_id=7828"},"modified":"2025-04-16T12:22:22","modified_gmt":"2025-04-16T09:22:22","slug":"hedon-resort-summer-2022","status":"publish","type":"page","link":"https:\/\/alexanderling.ee\/et\/hedon-resort-summer-2022\/","title":{"rendered":"Hedon Collection &#8211; Resort 2022"},"content":{"rendered":"<div class=\"wpb-content-wrapper\"><div  class=\"sec_row container-fluid\"><div class=\"vc_row wpb_row vc_row-fluid vc_custom_1573187171262 vc_row-o-content-middle vc_row-flex\"><div class=\"wpb_column vc_column_container animation bottom-to-top vc_col-sm-12 vc_col-lg-offset-1 vc_col-lg-4 et-dark-column\"><div class=\"vc_column-inner  vc_custom_1573187307217\"><div class=\"wpb_wrapper\">\n\t<div class=\"wpb_text_column wpb_content_element   vc_custom_1744793222929 preline-large\" >\n\t\t<div class=\"wpb_wrapper\">\n\t\t\t<h1>Kuurortkollektsioon<\/h1>\n<h4>Resort 2022<\/h4>\n\n\t\t<\/div>\n\t<\/div>\n\n\t<div class=\"wpb_text_column wpb_content_element\" >\n\t\t<div class=\"wpb_wrapper\">\n\t\t\t<p><span style=\"font-weight: 400;\">Suvi saabub ja kus mujal kui mitte Eesti suvepealinnas P\u00e4rnus. Alexanderling t\u00f5i kollektsiooni lavale ajaloolise mudaravila Hedon Spa restoranis, kus suvise vikerkaare v\u00e4rvim\u00e4ngu avas dadaistlik j\u00e4\u00e4tisepidustus. Modellidena astusid laval tantsijad, muutes \u00f5htus\u00f6\u00f6gi tantsuliseks moevaatem\u00e4nguks. Magusad j\u00e4\u00e4maiustuste toondides lavendlilillast neoonkollaseni lendlevad \u0161ifoonkleidid, kaheosalised komplektid ja maani suvekleidid jagasid siin kollektsioonis drapeeringute, kroogete ja ootamatute l\u00e4bil\u00f5igetega visiooni suvemoest.<\/span><\/p>\n\n\t\t<\/div>\n\t<\/div>\n<\/div><\/div><\/div><div class=\"wpb_column vc_column_container animation top-to-bottom vc_col-sm-12 vc_col-lg-offset-1 vc_col-lg-5 et-light-column\"><div class=\"vc_column-inner\"><div class=\"wpb_wrapper\">\r\n\t\t<div class=\"et-banner-69eb8d0489210 et-banner content-full  image-type-fluid text-color-light hover-effect hover-zoom\" ><img loading=\"lazy\" decoding=\"async\" width=\"1333\" height=\"2000\" src=\"https:\/\/i0.wp.com\/alexanderling.ee\/wp-content\/uploads\/2024\/09\/MG_1357-65.jpg?fit=1333%2C2000&amp;ssl=1\" class=\"et-banner-main-image\" alt=\"\" sizes=\"auto, (max-width: 1140px) 100vw, 1140px\" srcset=\"https:\/\/i0.wp.com\/alexanderling.ee\/wp-content\/uploads\/2024\/09\/MG_1357-65.jpg?w=1333&amp;ssl=1 1333w, https:\/\/i0.wp.com\/alexanderling.ee\/wp-content\/uploads\/2024\/09\/MG_1357-65.jpg?resize=200%2C300&amp;ssl=1 200w, https:\/\/i0.wp.com\/alexanderling.ee\/wp-content\/uploads\/2024\/09\/MG_1357-65.jpg?resize=682%2C1024&amp;ssl=1 682w, https:\/\/i0.wp.com\/alexanderling.ee\/wp-content\/uploads\/2024\/09\/MG_1357-65.jpg?resize=768%2C1152&amp;ssl=1 768w, https:\/\/i0.wp.com\/alexanderling.ee\/wp-content\/uploads\/2024\/09\/MG_1357-65.jpg?resize=1024%2C1536&amp;ssl=1 1024w, https:\/\/i0.wp.com\/alexanderling.ee\/wp-content\/uploads\/2024\/09\/MG_1357-65.jpg?resize=8%2C12&amp;ssl=1 8w, https:\/\/i0.wp.com\/alexanderling.ee\/wp-content\/uploads\/2024\/09\/MG_1357-65.jpg?resize=100%2C150&amp;ssl=1 100w, https:\/\/i0.wp.com\/alexanderling.ee\/wp-content\/uploads\/2024\/09\/MG_1357-65.jpg?resize=450%2C675&amp;ssl=1 450w, https:\/\/i0.wp.com\/alexanderling.ee\/wp-content\/uploads\/2024\/09\/MG_1357-65.jpg?resize=900%2C1350&amp;ssl=1 900w\" \/>\r\n\t\t<\/div><\/div><\/div><\/div><\/div><\/div><div  class=\"sec_row container\"><div class=\"vc_row wpb_row vc_row-fluid no-padding vc_custom_1727469507310 vc_row-has-fill vc_row-o-content-middle vc_row-flex\"><div class=\"wpb_column vc_column_container animation left-to-right vc_col-sm-12 vc_col-lg-6 et-dark-column\"><div class=\"vc_column-inner\"><div class=\"wpb_wrapper\">\t<div class=\"et-image-983 et-image     et_image_link\">\n\t\t<div class=\"et-image-inner\">\n\t\t\t\t\t\t\t<div class=\"et-image-thumb\">\n\t\t\t\t\t<img loading=\"lazy\" decoding=\"async\" width=\"1333\" height=\"2000\" src=\"https:\/\/i0.wp.com\/alexanderling.ee\/wp-content\/uploads\/2024\/09\/0T0A3431-34-1.jpg?fit=1333%2C2000&amp;ssl=1\" class=\"attachment-full\" alt=\"\" title=\"0T0A3431-34\" srcset=\"https:\/\/i0.wp.com\/alexanderling.ee\/wp-content\/uploads\/2024\/09\/0T0A3431-34-1.jpg?w=1333&amp;ssl=1 1333w, https:\/\/i0.wp.com\/alexanderling.ee\/wp-content\/uploads\/2024\/09\/0T0A3431-34-1.jpg?resize=200%2C300&amp;ssl=1 200w, https:\/\/i0.wp.com\/alexanderling.ee\/wp-content\/uploads\/2024\/09\/0T0A3431-34-1.jpg?resize=682%2C1024&amp;ssl=1 682w, https:\/\/i0.wp.com\/alexanderling.ee\/wp-content\/uploads\/2024\/09\/0T0A3431-34-1.jpg?resize=768%2C1152&amp;ssl=1 768w, https:\/\/i0.wp.com\/alexanderling.ee\/wp-content\/uploads\/2024\/09\/0T0A3431-34-1.jpg?resize=1024%2C1536&amp;ssl=1 1024w, https:\/\/i0.wp.com\/alexanderling.ee\/wp-content\/uploads\/2024\/09\/0T0A3431-34-1.jpg?resize=8%2C12&amp;ssl=1 8w, https:\/\/i0.wp.com\/alexanderling.ee\/wp-content\/uploads\/2024\/09\/0T0A3431-34-1.jpg?resize=100%2C150&amp;ssl=1 100w, https:\/\/i0.wp.com\/alexanderling.ee\/wp-content\/uploads\/2024\/09\/0T0A3431-34-1.jpg?resize=450%2C675&amp;ssl=1 450w, https:\/\/i0.wp.com\/alexanderling.ee\/wp-content\/uploads\/2024\/09\/0T0A3431-34-1.jpg?resize=900%2C1350&amp;ssl=1 900w\" sizes=\"auto, (max-width: 1140px) 100vw, 1140px\" \/>\t\t\t\t<\/div>\n\t\t\t\t\t\t\t\t\t\t\t<\/div>\n\t<\/div>\n  <\/div><\/div><\/div><\/div><\/div><div  class=\"sec_row container-fluid\"><div class=\"vc_row wpb_row vc_row-fluid align-center vc_custom_1727464827350 vc_row-o-content-middle vc_row-flex\"><div class=\"wpb_column vc_column_container animation bottom-to-top vc_col-sm-12 vc_col-lg-4 et-dark-column\"><div class=\"vc_column-inner\"><div class=\"wpb_wrapper\">\t<div class=\"et-image-943 et-image     et_image_link\">\n\t\t<div class=\"et-image-inner\">\n\t\t\t\t\t\t\t<div class=\"et-image-thumb\">\n\t\t\t\t\t<img loading=\"lazy\" decoding=\"async\" width=\"1333\" height=\"2000\" src=\"https:\/\/i0.wp.com\/alexanderling.ee\/wp-content\/uploads\/2024\/09\/MG_1362-66.jpg?fit=1333%2C2000&amp;ssl=1\" class=\"attachment-full\" alt=\"\" title=\"_MG_1362-66\" srcset=\"https:\/\/i0.wp.com\/alexanderling.ee\/wp-content\/uploads\/2024\/09\/MG_1362-66.jpg?w=1333&amp;ssl=1 1333w, https:\/\/i0.wp.com\/alexanderling.ee\/wp-content\/uploads\/2024\/09\/MG_1362-66.jpg?resize=200%2C300&amp;ssl=1 200w, https:\/\/i0.wp.com\/alexanderling.ee\/wp-content\/uploads\/2024\/09\/MG_1362-66.jpg?resize=682%2C1024&amp;ssl=1 682w, https:\/\/i0.wp.com\/alexanderling.ee\/wp-content\/uploads\/2024\/09\/MG_1362-66.jpg?resize=768%2C1152&amp;ssl=1 768w, https:\/\/i0.wp.com\/alexanderling.ee\/wp-content\/uploads\/2024\/09\/MG_1362-66.jpg?resize=1024%2C1536&amp;ssl=1 1024w, https:\/\/i0.wp.com\/alexanderling.ee\/wp-content\/uploads\/2024\/09\/MG_1362-66.jpg?resize=8%2C12&amp;ssl=1 8w, https:\/\/i0.wp.com\/alexanderling.ee\/wp-content\/uploads\/2024\/09\/MG_1362-66.jpg?resize=100%2C150&amp;ssl=1 100w, https:\/\/i0.wp.com\/alexanderling.ee\/wp-content\/uploads\/2024\/09\/MG_1362-66.jpg?resize=450%2C675&amp;ssl=1 450w, https:\/\/i0.wp.com\/alexanderling.ee\/wp-content\/uploads\/2024\/09\/MG_1362-66.jpg?resize=900%2C1350&amp;ssl=1 900w\" sizes=\"auto, (max-width: 1140px) 100vw, 1140px\" \/>\t\t\t\t<\/div>\n\t\t\t\t\t\t\t\t\t\t\t<\/div>\n\t<\/div>\n  <\/div><\/div><\/div><div data-vc-parallax=\"1.5\" class=\"wpb_column vc_column_container animation top-to-bottom vc_col-sm-12 vc_col-lg-offset-1 vc_col-lg-6 et-light-column vc_col-has-fill vc_general vc_parallax vc_parallax-content-moving\"><div class=\"vc_column-inner  vc_custom_1573185905585\"><div class=\"wpb_wrapper\">\r\n\t\t<div class=\"et-banner-69eb8d048a260 et-banner content-full  image-type-fluid text-color-light hover-effect hover-zoom\" ><img loading=\"lazy\" decoding=\"async\" width=\"1333\" height=\"2000\" src=\"https:\/\/i0.wp.com\/alexanderling.ee\/wp-content\/uploads\/2024\/09\/MG_1344-62.jpg?fit=1333%2C2000&amp;ssl=1\" class=\"et-banner-main-image\" alt=\"\" sizes=\"auto, (max-width: 1140px) 100vw, 1140px\" srcset=\"https:\/\/i0.wp.com\/alexanderling.ee\/wp-content\/uploads\/2024\/09\/MG_1344-62.jpg?w=1333&amp;ssl=1 1333w, https:\/\/i0.wp.com\/alexanderling.ee\/wp-content\/uploads\/2024\/09\/MG_1344-62.jpg?resize=200%2C300&amp;ssl=1 200w, https:\/\/i0.wp.com\/alexanderling.ee\/wp-content\/uploads\/2024\/09\/MG_1344-62.jpg?resize=682%2C1024&amp;ssl=1 682w, https:\/\/i0.wp.com\/alexanderling.ee\/wp-content\/uploads\/2024\/09\/MG_1344-62.jpg?resize=768%2C1152&amp;ssl=1 768w, https:\/\/i0.wp.com\/alexanderling.ee\/wp-content\/uploads\/2024\/09\/MG_1344-62.jpg?resize=1024%2C1536&amp;ssl=1 1024w, https:\/\/i0.wp.com\/alexanderling.ee\/wp-content\/uploads\/2024\/09\/MG_1344-62.jpg?resize=8%2C12&amp;ssl=1 8w, https:\/\/i0.wp.com\/alexanderling.ee\/wp-content\/uploads\/2024\/09\/MG_1344-62.jpg?resize=100%2C150&amp;ssl=1 100w, https:\/\/i0.wp.com\/alexanderling.ee\/wp-content\/uploads\/2024\/09\/MG_1344-62.jpg?resize=450%2C675&amp;ssl=1 450w, https:\/\/i0.wp.com\/alexanderling.ee\/wp-content\/uploads\/2024\/09\/MG_1344-62.jpg?resize=900%2C1350&amp;ssl=1 900w\" \/>\r\n\t\t<\/div><\/div><\/div><\/div><\/div><\/div><div  class=\"sec_row container-fluid\"><div class=\"vc_row wpb_row vc_row-fluid align-center vc_custom_1727465984274 vc_row-o-content-middle vc_row-flex\"><div class=\"wpb_column vc_column_container animation bottom-to-top vc_col-sm-6 vc_col-lg-offset-1 vc_col-lg-6 et-dark-column\"><div class=\"vc_column-inner\"><div class=\"wpb_wrapper\">\t<div class=\"et-image-824 et-image     et_image_link\">\n\t\t<div class=\"et-image-inner\">\n\t\t\t\t\t\t\t<div class=\"et-image-thumb\">\n\t\t\t\t\t<img loading=\"lazy\" decoding=\"async\" width=\"1333\" height=\"2000\" src=\"https:\/\/i0.wp.com\/alexanderling.ee\/wp-content\/uploads\/2024\/09\/0T0A3452-39.jpg?fit=1333%2C2000&amp;ssl=1\" class=\"attachment-full\" alt=\"\" title=\"0T0A3452-39\" srcset=\"https:\/\/i0.wp.com\/alexanderling.ee\/wp-content\/uploads\/2024\/09\/0T0A3452-39.jpg?w=1333&amp;ssl=1 1333w, https:\/\/i0.wp.com\/alexanderling.ee\/wp-content\/uploads\/2024\/09\/0T0A3452-39.jpg?resize=200%2C300&amp;ssl=1 200w, https:\/\/i0.wp.com\/alexanderling.ee\/wp-content\/uploads\/2024\/09\/0T0A3452-39.jpg?resize=682%2C1024&amp;ssl=1 682w, https:\/\/i0.wp.com\/alexanderling.ee\/wp-content\/uploads\/2024\/09\/0T0A3452-39.jpg?resize=768%2C1152&amp;ssl=1 768w, https:\/\/i0.wp.com\/alexanderling.ee\/wp-content\/uploads\/2024\/09\/0T0A3452-39.jpg?resize=1024%2C1536&amp;ssl=1 1024w, https:\/\/i0.wp.com\/alexanderling.ee\/wp-content\/uploads\/2024\/09\/0T0A3452-39.jpg?resize=8%2C12&amp;ssl=1 8w, https:\/\/i0.wp.com\/alexanderling.ee\/wp-content\/uploads\/2024\/09\/0T0A3452-39.jpg?resize=100%2C150&amp;ssl=1 100w, https:\/\/i0.wp.com\/alexanderling.ee\/wp-content\/uploads\/2024\/09\/0T0A3452-39.jpg?resize=450%2C675&amp;ssl=1 450w, https:\/\/i0.wp.com\/alexanderling.ee\/wp-content\/uploads\/2024\/09\/0T0A3452-39.jpg?resize=900%2C1350&amp;ssl=1 900w\" sizes=\"auto, (max-width: 1140px) 100vw, 1140px\" \/>\t\t\t\t<\/div>\n\t\t\t\t\t\t\t\t\t\t\t<\/div>\n\t<\/div>\n  <\/div><\/div><\/div><\/div><\/div><div  class=\"sec_row container-fluid\"><div class=\"vc_row wpb_row vc_row-fluid vc_custom_1573187171262 vc_row-o-content-middle vc_row-flex\"><div class=\"wpb_column vc_column_container animation bottom-to-top vc_col-sm-12 vc_col-lg-offset-1 vc_col-lg-4 et-dark-column\"><div class=\"vc_column-inner  vc_custom_1573187307217\"><div class=\"wpb_wrapper\">\t<div class=\"et-image-993 et-image     et_image_link\">\n\t\t<div class=\"et-image-inner\">\n\t\t\t\t\t\t\t<div class=\"et-image-thumb\">\n\t\t\t\t\t<img loading=\"lazy\" decoding=\"async\" width=\"1333\" height=\"2000\" src=\"https:\/\/i0.wp.com\/alexanderling.ee\/wp-content\/uploads\/2024\/09\/MG_1350-63.jpg?fit=1333%2C2000&amp;ssl=1\" class=\"attachment-full\" alt=\"\" title=\"_MG_1350-63\" srcset=\"https:\/\/i0.wp.com\/alexanderling.ee\/wp-content\/uploads\/2024\/09\/MG_1350-63.jpg?w=1333&amp;ssl=1 1333w, https:\/\/i0.wp.com\/alexanderling.ee\/wp-content\/uploads\/2024\/09\/MG_1350-63.jpg?resize=200%2C300&amp;ssl=1 200w, https:\/\/i0.wp.com\/alexanderling.ee\/wp-content\/uploads\/2024\/09\/MG_1350-63.jpg?resize=682%2C1024&amp;ssl=1 682w, https:\/\/i0.wp.com\/alexanderling.ee\/wp-content\/uploads\/2024\/09\/MG_1350-63.jpg?resize=768%2C1152&amp;ssl=1 768w, https:\/\/i0.wp.com\/alexanderling.ee\/wp-content\/uploads\/2024\/09\/MG_1350-63.jpg?resize=1024%2C1536&amp;ssl=1 1024w, https:\/\/i0.wp.com\/alexanderling.ee\/wp-content\/uploads\/2024\/09\/MG_1350-63.jpg?resize=8%2C12&amp;ssl=1 8w, https:\/\/i0.wp.com\/alexanderling.ee\/wp-content\/uploads\/2024\/09\/MG_1350-63.jpg?resize=100%2C150&amp;ssl=1 100w, https:\/\/i0.wp.com\/alexanderling.ee\/wp-content\/uploads\/2024\/09\/MG_1350-63.jpg?resize=450%2C675&amp;ssl=1 450w, https:\/\/i0.wp.com\/alexanderling.ee\/wp-content\/uploads\/2024\/09\/MG_1350-63.jpg?resize=900%2C1350&amp;ssl=1 900w\" sizes=\"auto, (max-width: 1140px) 100vw, 1140px\" \/>\t\t\t\t<\/div>\n\t\t\t\t\t\t\t\t\t\t\t<\/div>\n\t<\/div>\n  <\/div><\/div><\/div><div class=\"wpb_column vc_column_container animation top-to-bottom vc_col-sm-12 vc_col-lg-offset-1 vc_col-lg-5 et-light-column\"><div class=\"vc_column-inner\"><div class=\"wpb_wrapper\">\r\n\t\t<div class=\"et-banner-69eb8d048b0ad et-banner content-full  image-type-fluid text-color-light hover-effect hover-zoom\" ><img loading=\"lazy\" decoding=\"async\" width=\"1333\" height=\"2000\" src=\"https:\/\/i0.wp.com\/alexanderling.ee\/wp-content\/uploads\/2024\/10\/MG_1275-41.jpg?fit=1333%2C2000&amp;ssl=1\" class=\"et-banner-main-image\" alt=\"\" sizes=\"auto, (max-width: 1140px) 100vw, 1140px\" srcset=\"https:\/\/i0.wp.com\/alexanderling.ee\/wp-content\/uploads\/2024\/10\/MG_1275-41.jpg?w=1333&amp;ssl=1 1333w, https:\/\/i0.wp.com\/alexanderling.ee\/wp-content\/uploads\/2024\/10\/MG_1275-41.jpg?resize=200%2C300&amp;ssl=1 200w, https:\/\/i0.wp.com\/alexanderling.ee\/wp-content\/uploads\/2024\/10\/MG_1275-41.jpg?resize=682%2C1024&amp;ssl=1 682w, https:\/\/i0.wp.com\/alexanderling.ee\/wp-content\/uploads\/2024\/10\/MG_1275-41.jpg?resize=768%2C1152&amp;ssl=1 768w, https:\/\/i0.wp.com\/alexanderling.ee\/wp-content\/uploads\/2024\/10\/MG_1275-41.jpg?resize=1024%2C1536&amp;ssl=1 1024w, https:\/\/i0.wp.com\/alexanderling.ee\/wp-content\/uploads\/2024\/10\/MG_1275-41.jpg?resize=8%2C12&amp;ssl=1 8w, https:\/\/i0.wp.com\/alexanderling.ee\/wp-content\/uploads\/2024\/10\/MG_1275-41.jpg?resize=100%2C150&amp;ssl=1 100w, https:\/\/i0.wp.com\/alexanderling.ee\/wp-content\/uploads\/2024\/10\/MG_1275-41.jpg?resize=450%2C675&amp;ssl=1 450w, https:\/\/i0.wp.com\/alexanderling.ee\/wp-content\/uploads\/2024\/10\/MG_1275-41.jpg?resize=900%2C1350&amp;ssl=1 900w\" \/>\r\n\t\t<\/div><\/div><\/div><\/div><\/div><\/div><div  class=\"sec_row container-fluid\"><div class=\"vc_row wpb_row vc_row-fluid no-padding vc_custom_1727469753393 vc_row-has-fill vc_row-o-content-middle vc_row-flex\"><div class=\"wpb_column vc_column_container animation left-to-right vc_col-sm-12 vc_col-lg-6 et-dark-column\"><div class=\"vc_column-inner\"><div class=\"wpb_wrapper\">\t<div class=\"et-image-36 et-image     et_image_link\">\n\t\t<div class=\"et-image-inner\">\n\t\t\t\t\t\t\t<div class=\"et-image-thumb\">\n\t\t\t\t\t<img loading=\"lazy\" decoding=\"async\" width=\"1333\" height=\"2000\" src=\"https:\/\/i0.wp.com\/alexanderling.ee\/wp-content\/uploads\/2024\/09\/MG_1305-54.jpg?fit=1333%2C2000&amp;ssl=1\" class=\"attachment-full\" alt=\"\" title=\"_MG_1305-54\" srcset=\"https:\/\/i0.wp.com\/alexanderling.ee\/wp-content\/uploads\/2024\/09\/MG_1305-54.jpg?w=1333&amp;ssl=1 1333w, https:\/\/i0.wp.com\/alexanderling.ee\/wp-content\/uploads\/2024\/09\/MG_1305-54.jpg?resize=200%2C300&amp;ssl=1 200w, https:\/\/i0.wp.com\/alexanderling.ee\/wp-content\/uploads\/2024\/09\/MG_1305-54.jpg?resize=682%2C1024&amp;ssl=1 682w, https:\/\/i0.wp.com\/alexanderling.ee\/wp-content\/uploads\/2024\/09\/MG_1305-54.jpg?resize=768%2C1152&amp;ssl=1 768w, https:\/\/i0.wp.com\/alexanderling.ee\/wp-content\/uploads\/2024\/09\/MG_1305-54.jpg?resize=1024%2C1536&amp;ssl=1 1024w, https:\/\/i0.wp.com\/alexanderling.ee\/wp-content\/uploads\/2024\/09\/MG_1305-54.jpg?resize=8%2C12&amp;ssl=1 8w, https:\/\/i0.wp.com\/alexanderling.ee\/wp-content\/uploads\/2024\/09\/MG_1305-54.jpg?resize=100%2C150&amp;ssl=1 100w, https:\/\/i0.wp.com\/alexanderling.ee\/wp-content\/uploads\/2024\/09\/MG_1305-54.jpg?resize=450%2C675&amp;ssl=1 450w, https:\/\/i0.wp.com\/alexanderling.ee\/wp-content\/uploads\/2024\/09\/MG_1305-54.jpg?resize=900%2C1350&amp;ssl=1 900w\" sizes=\"auto, (max-width: 1140px) 100vw, 1140px\" \/>\t\t\t\t<\/div>\n\t\t\t\t\t\t\t\t\t\t\t<\/div>\n\t<\/div>\n  <\/div><\/div><\/div><div class=\"wpb_column vc_column_container animation right-to-left vc_col-sm-12 vc_col-lg-offset-1 vc_col-lg-3 et-light-column\"><div class=\"vc_column-inner  vc_custom_1555606234336\"><div class=\"wpb_wrapper\">\t\t<div id=\"et-button-69eb8d048ba2e\" class=\"et_btn_align_left animation bottom-to-top\">\n\t\t\t<a href=\"https:\/\/alexanderling.ee\/et\/toode\/dress-dhaka-light-blue\/\" class=\"et_btn button et_btn_lg outlined rounded color-light  arrow-enabled\"  role=\"button\" title=\"Pood\" ><span>Vaata l\u00e4hemalt<\/span><svg xmlns=\"http:\/\/www.w3.org\/2000\/svg\" xmlns:xlink=\"http:\/\/www.w3.org\/1999\/xlink\" x=\"0px\" y=\"0px\"\r\n\t width=\"30px\" height=\"18px\" viewbox=\"0 0 30 18\" enable-background=\"new 0 0 30 18\" xml:space=\"preserve\">\r\n<path class=\"handle\" d=\"M20.305,16.212c-0.407,0.409-0.407,1.071,0,1.479s1.068,0.408,1.476,0l7.914-7.952c0.408-0.409,0.408-1.071,0-1.481\tl-7.914-7.952c-0.407-0.409-1.068-0.409-1.476,0s-0.407,1.071,0,1.48l7.185,7.221L20.305,16.212z\"\/>\r\n<path class=\"bar\" fill-rule=\"evenodd\" clip-rule=\"evenodd\" d=\"M1,8h28.001c0.551,0,1,0.448,1,1c0,0.553-0.449,1-1,1H1c-0.553,0-1-0.447-1-1\tC0,8.448,0.447,8,1,8z\"\/>\r\n<\/svg>\r\n<\/a>\n\t\t<\/div>\n\t\t\n\t<\/div><\/div><\/div><\/div><\/div><div  class=\"sec_row container\"><div class=\"vc_row wpb_row vc_row-fluid vc_custom_1727469659702\"><div class=\"wpb_column vc_column_container vc_col-sm-12 et-dark-column\"><div class=\"vc_column-inner  vc_custom_1727461472328\"><div class=\"wpb_wrapper\"><\/div><\/div><\/div><\/div><\/div>\n<\/div>","protected":false},"excerpt":{"rendered":"\"Hedon\" Collection Resort 2022 Summer has arrived and where else but in Estonia's summer capital, P\u00e4rnu. Alexanderling brought the collection to the stage in the historical, former mud spa, Hedon Spa &amp; Hotel, where the Summer rainbow color play was opened by an ice cream party. As part of the [...]","protected":false},"author":1,"featured_media":0,"parent":0,"menu_order":0,"comment_status":"closed","ping_status":"closed","template":"","meta":{"nf_dc_page":"","footnotes":""},"class_list":["post-7828","page","type-page","status-publish","hentry"],"jetpack_sharing_enabled":true,"_links":{"self":[{"href":"https:\/\/alexanderling.ee\/et\/wp-json\/wp\/v2\/pages\/7828","targetHints":{"allow":["GET"]}}],"collection":[{"href":"https:\/\/alexanderling.ee\/et\/wp-json\/wp\/v2\/pages"}],"about":[{"href":"https:\/\/alexanderling.ee\/et\/wp-json\/wp\/v2\/types\/page"}],"author":[{"embeddable":true,"href":"https:\/\/alexanderling.ee\/et\/wp-json\/wp\/v2\/users\/1"}],"replies":[{"embeddable":true,"href":"https:\/\/alexanderling.ee\/et\/wp-json\/wp\/v2\/comments?post=7828"}],"version-history":[{"count":5,"href":"https:\/\/alexanderling.ee\/et\/wp-json\/wp\/v2\/pages\/7828\/revisions"}],"predecessor-version":[{"id":9550,"href":"https:\/\/alexanderling.ee\/et\/wp-json\/wp\/v2\/pages\/7828\/revisions\/9550"}],"wp:attachment":[{"href":"https:\/\/alexanderling.ee\/et\/wp-json\/wp\/v2\/media?parent=7828"}],"curies":[{"name":"wp","href":"https:\/\/api.w.org\/{rel}","templated":true}]}}