{"id":7897,"date":"2024-09-29T06:52:34","date_gmt":"2024-09-29T03:52:34","guid":{"rendered":"https:\/\/alexanderling.ee\/?page_id=7897"},"modified":"2025-03-03T14:19:25","modified_gmt":"2025-03-03T11:19:25","slug":"motion-autumn-winter-2020","status":"publish","type":"page","link":"https:\/\/alexanderling.ee\/et\/motion-autumn-winter-2020\/","title":{"rendered":"Motion Collection &#8211; Autumn\/Winter 2020"},"content":{"rendered":"<div class=\"wpb-content-wrapper\"><div  class=\"sec_row container-fluid\"><div class=\"vc_row wpb_row vc_row-fluid vc_custom_1573187171262 vc_row-o-content-middle vc_row-flex\"><div class=\"wpb_column vc_column_container animation bottom-to-top vc_col-sm-12 vc_col-lg-offset-1 vc_col-lg-4 et-dark-column\"><div class=\"vc_column-inner  vc_custom_1573187307217\"><div class=\"wpb_wrapper\">\n\t<div class=\"wpb_text_column wpb_content_element   vc_custom_1729193550075 preline-large\" >\n\t\t<div class=\"wpb_wrapper\">\n\t\t\t<h1>Kollektsioon \u201cMotion\u201d<\/h1>\n<h4>S\u00fcgis\/Talv 2020<\/h4>\n\n\t\t<\/div>\n\t<\/div>\n\n\t<div class=\"wpb_text_column wpb_content_element\" >\n\t\t<div class=\"wpb_wrapper\">\n\t\t\t<p><span style=\"font-weight: 400;\">2020 on spordi aasta. Edasil\u00fckkunud ol\u00fcmpiam\u00e4ngude aasta. 100 aastat on m\u00f6\u00f6dunud Eesti esimesest ol\u00fcmpiakullast. Alexanderling moevaatem\u00e4ngus on r\u00f5ivaid, mis on inspireeritud spordist, \u00fchildades moe spordiga. Selleks, et tervislikku eluviisi edendada, on ALEXANDERLINGi s\u00fcgistalvine kollektsioon p\u00fchendatud spordile \u2013 \u0161nitti on v\u00f5etud spordir\u00f5ivaste detailidest: soonikud pahkluudel, v\u00e4rvlis ja kaeluses ning vabadust pakkuvad puhv-varrukad.<\/span><\/p>\n<p><span style=\"font-weight: 400;\">Kollektsiooni loomeprotsess sai alguse kevadel, keset hullumeelsust, koroonapandeemia lukustatust. Kuueteistk\u00fcmne komplekti valmimist suunas tugevalt inimeste suhtlus- ja liikumisharjumuste ning enesejuhtimise pealesunnitud muutumine. Tundus, nagu oleksid k\u00f5ik ennast kokku v\u00f5tnud, tegutsema hakanud ning seel\u00e4bi ka paremaks inimeseks saanud.<\/span><\/p>\n<p><span style=\"font-weight: 400;\">ALEXANDERLING toob esitlusele kollektsiooni, mille iga toode annab kandjale v\u00f5imaluse keskenduda liikumise mugavusele. Peenikeste metalldetailidega lukud jakkide esipaneelil, vooderdatud pitsdressipluusid ja taskutega vabalt kukkuvad dress-viigip\u00fcksid \u00fclistavad sporti kui kultuuri ja (edasi)liikumist. Kandjateni j\u00f5uavad aegumatud mustad dressistiilis viigip\u00fcksid koos militaarroheliste toppidega. Nende k\u00f5rval kontrastsena paistvad puudriroosast pitskangast seelikud muudavad s\u00fcgistalvise musta kollektsiooni pastelsete v\u00e4rvipritsmetega kaetuks.<\/span><\/p>\n\n\t\t<\/div>\n\t<\/div>\n<\/div><\/div><\/div><div class=\"wpb_column vc_column_container animation top-to-bottom vc_col-sm-12 vc_col-lg-offset-1 vc_col-lg-5 et-light-column\"><div class=\"vc_column-inner\"><div class=\"wpb_wrapper\">\r\n\t\t<div class=\"et-banner-69eb92f704ceb et-banner content-full  image-type-fluid text-color-light hover-effect hover-zoom\" ><img loading=\"lazy\" decoding=\"async\" width=\"1667\" height=\"2500\" src=\"https:\/\/i0.wp.com\/alexanderling.ee\/wp-content\/uploads\/2024\/09\/201011_TFW-Alexanderling_Erlend_Staub_41.jpg?fit=1667%2C2500&amp;ssl=1\" class=\"et-banner-main-image\" alt=\"\" sizes=\"auto, (max-width: 1140px) 100vw, 1140px\" srcset=\"https:\/\/i0.wp.com\/alexanderling.ee\/wp-content\/uploads\/2024\/09\/201011_TFW-Alexanderling_Erlend_Staub_41.jpg?w=1667&amp;ssl=1 1667w, https:\/\/i0.wp.com\/alexanderling.ee\/wp-content\/uploads\/2024\/09\/201011_TFW-Alexanderling_Erlend_Staub_41.jpg?resize=200%2C300&amp;ssl=1 200w, https:\/\/i0.wp.com\/alexanderling.ee\/wp-content\/uploads\/2024\/09\/201011_TFW-Alexanderling_Erlend_Staub_41.jpg?resize=683%2C1024&amp;ssl=1 683w, https:\/\/i0.wp.com\/alexanderling.ee\/wp-content\/uploads\/2024\/09\/201011_TFW-Alexanderling_Erlend_Staub_41.jpg?resize=768%2C1152&amp;ssl=1 768w, https:\/\/i0.wp.com\/alexanderling.ee\/wp-content\/uploads\/2024\/09\/201011_TFW-Alexanderling_Erlend_Staub_41.jpg?resize=1024%2C1536&amp;ssl=1 1024w, https:\/\/i0.wp.com\/alexanderling.ee\/wp-content\/uploads\/2024\/09\/201011_TFW-Alexanderling_Erlend_Staub_41.jpg?resize=1366%2C2048&amp;ssl=1 1366w, https:\/\/i0.wp.com\/alexanderling.ee\/wp-content\/uploads\/2024\/09\/201011_TFW-Alexanderling_Erlend_Staub_41.jpg?resize=8%2C12&amp;ssl=1 8w, https:\/\/i0.wp.com\/alexanderling.ee\/wp-content\/uploads\/2024\/09\/201011_TFW-Alexanderling_Erlend_Staub_41.jpg?resize=100%2C150&amp;ssl=1 100w, https:\/\/i0.wp.com\/alexanderling.ee\/wp-content\/uploads\/2024\/09\/201011_TFW-Alexanderling_Erlend_Staub_41.jpg?resize=450%2C675&amp;ssl=1 450w, https:\/\/i0.wp.com\/alexanderling.ee\/wp-content\/uploads\/2024\/09\/201011_TFW-Alexanderling_Erlend_Staub_41.jpg?resize=900%2C1350&amp;ssl=1 900w\" \/>\r\n\t\t<\/div><\/div><\/div><\/div><\/div><\/div><div  class=\"sec_row container\"><div class=\"vc_row wpb_row vc_row-fluid no-padding vc_custom_1727582467908 vc_row-has-fill vc_row-o-content-middle vc_row-flex\"><div class=\"wpb_column vc_column_container animation left-to-right vc_col-sm-12 vc_col-lg-6 et-dark-column\"><div class=\"vc_column-inner\"><div class=\"wpb_wrapper\">\t<div class=\"et-image-769 et-image     et_image_link\">\n\t\t<div class=\"et-image-inner\">\n\t\t\t\t\t\t\t<div class=\"et-image-thumb\">\n\t\t\t\t\t<img loading=\"lazy\" decoding=\"async\" width=\"1667\" height=\"2500\" src=\"https:\/\/i0.wp.com\/alexanderling.ee\/wp-content\/uploads\/2024\/09\/201011_TFW-Alexanderling_Erlend_Staub_87.jpg?fit=1667%2C2500&amp;ssl=1\" class=\"attachment-full\" alt=\"\" title=\"201011_TFW-Alexanderling_Erlend_\u0160taub_87\" srcset=\"https:\/\/i0.wp.com\/alexanderling.ee\/wp-content\/uploads\/2024\/09\/201011_TFW-Alexanderling_Erlend_Staub_87.jpg?w=1667&amp;ssl=1 1667w, https:\/\/i0.wp.com\/alexanderling.ee\/wp-content\/uploads\/2024\/09\/201011_TFW-Alexanderling_Erlend_Staub_87.jpg?resize=200%2C300&amp;ssl=1 200w, https:\/\/i0.wp.com\/alexanderling.ee\/wp-content\/uploads\/2024\/09\/201011_TFW-Alexanderling_Erlend_Staub_87.jpg?resize=683%2C1024&amp;ssl=1 683w, https:\/\/i0.wp.com\/alexanderling.ee\/wp-content\/uploads\/2024\/09\/201011_TFW-Alexanderling_Erlend_Staub_87.jpg?resize=768%2C1152&amp;ssl=1 768w, https:\/\/i0.wp.com\/alexanderling.ee\/wp-content\/uploads\/2024\/09\/201011_TFW-Alexanderling_Erlend_Staub_87.jpg?resize=1024%2C1536&amp;ssl=1 1024w, https:\/\/i0.wp.com\/alexanderling.ee\/wp-content\/uploads\/2024\/09\/201011_TFW-Alexanderling_Erlend_Staub_87.jpg?resize=1366%2C2048&amp;ssl=1 1366w, https:\/\/i0.wp.com\/alexanderling.ee\/wp-content\/uploads\/2024\/09\/201011_TFW-Alexanderling_Erlend_Staub_87.jpg?resize=8%2C12&amp;ssl=1 8w, https:\/\/i0.wp.com\/alexanderling.ee\/wp-content\/uploads\/2024\/09\/201011_TFW-Alexanderling_Erlend_Staub_87.jpg?resize=100%2C150&amp;ssl=1 100w, https:\/\/i0.wp.com\/alexanderling.ee\/wp-content\/uploads\/2024\/09\/201011_TFW-Alexanderling_Erlend_Staub_87.jpg?resize=450%2C675&amp;ssl=1 450w\" sizes=\"auto, (max-width: 1140px) 100vw, 1140px\" \/>\t\t\t\t<\/div>\n\t\t\t\t\t\t\t\t\t\t\t<\/div>\n\t<\/div>\n  <\/div><\/div><\/div><\/div><\/div><div  class=\"sec_row container-fluid\"><div class=\"vc_row wpb_row vc_row-fluid align-center vc_custom_1727464827350 vc_row-o-content-middle vc_row-flex\"><div class=\"wpb_column vc_column_container animation bottom-to-top vc_col-sm-12 vc_col-lg-4 et-dark-column\"><div class=\"vc_column-inner\"><div class=\"wpb_wrapper\">\t<div class=\"et-image-232 et-image     et_image_link\">\n\t\t<div class=\"et-image-inner\">\n\t\t\t\t\t\t\t<div class=\"et-image-thumb\">\n\t\t\t\t\t<img loading=\"lazy\" decoding=\"async\" width=\"1667\" height=\"2500\" src=\"https:\/\/i0.wp.com\/alexanderling.ee\/wp-content\/uploads\/2024\/09\/201011_TFW-Alexanderling_Erlend_Staub_82.jpg?fit=1667%2C2500&amp;ssl=1\" class=\"attachment-full\" alt=\"\" title=\"201011_TFW-Alexanderling_Erlend_\u0160taub_82\" srcset=\"https:\/\/i0.wp.com\/alexanderling.ee\/wp-content\/uploads\/2024\/09\/201011_TFW-Alexanderling_Erlend_Staub_82.jpg?w=1667&amp;ssl=1 1667w, https:\/\/i0.wp.com\/alexanderling.ee\/wp-content\/uploads\/2024\/09\/201011_TFW-Alexanderling_Erlend_Staub_82.jpg?resize=200%2C300&amp;ssl=1 200w, https:\/\/i0.wp.com\/alexanderling.ee\/wp-content\/uploads\/2024\/09\/201011_TFW-Alexanderling_Erlend_Staub_82.jpg?resize=683%2C1024&amp;ssl=1 683w, https:\/\/i0.wp.com\/alexanderling.ee\/wp-content\/uploads\/2024\/09\/201011_TFW-Alexanderling_Erlend_Staub_82.jpg?resize=768%2C1152&amp;ssl=1 768w, https:\/\/i0.wp.com\/alexanderling.ee\/wp-content\/uploads\/2024\/09\/201011_TFW-Alexanderling_Erlend_Staub_82.jpg?resize=1024%2C1536&amp;ssl=1 1024w, https:\/\/i0.wp.com\/alexanderling.ee\/wp-content\/uploads\/2024\/09\/201011_TFW-Alexanderling_Erlend_Staub_82.jpg?resize=1366%2C2048&amp;ssl=1 1366w, https:\/\/i0.wp.com\/alexanderling.ee\/wp-content\/uploads\/2024\/09\/201011_TFW-Alexanderling_Erlend_Staub_82.jpg?resize=8%2C12&amp;ssl=1 8w, https:\/\/i0.wp.com\/alexanderling.ee\/wp-content\/uploads\/2024\/09\/201011_TFW-Alexanderling_Erlend_Staub_82.jpg?resize=100%2C150&amp;ssl=1 100w, https:\/\/i0.wp.com\/alexanderling.ee\/wp-content\/uploads\/2024\/09\/201011_TFW-Alexanderling_Erlend_Staub_82.jpg?resize=450%2C675&amp;ssl=1 450w, https:\/\/i0.wp.com\/alexanderling.ee\/wp-content\/uploads\/2024\/09\/201011_TFW-Alexanderling_Erlend_Staub_82.jpg?resize=900%2C1350&amp;ssl=1 900w\" sizes=\"auto, (max-width: 1140px) 100vw, 1140px\" \/>\t\t\t\t<\/div>\n\t\t\t\t\t\t\t\t\t\t\t<\/div>\n\t<\/div>\n  <\/div><\/div><\/div><div data-vc-parallax=\"1.5\" class=\"wpb_column vc_column_container animation top-to-bottom vc_col-sm-12 vc_col-lg-offset-1 vc_col-lg-6 et-light-column vc_col-has-fill vc_general vc_parallax vc_parallax-content-moving\"><div class=\"vc_column-inner  vc_custom_1573185905585\"><div class=\"wpb_wrapper\">\r\n\t\t<div class=\"et-banner-69eb92f705b25 et-banner content-full  image-type-fluid text-color-light hover-effect hover-zoom\" ><img loading=\"lazy\" decoding=\"async\" width=\"1667\" height=\"2500\" src=\"https:\/\/i0.wp.com\/alexanderling.ee\/wp-content\/uploads\/2024\/09\/201011_TFW-Alexanderling_Erlend_Staub_96.jpg?fit=1667%2C2500&amp;ssl=1\" class=\"et-banner-main-image\" alt=\"\" sizes=\"auto, (max-width: 1140px) 100vw, 1140px\" srcset=\"https:\/\/i0.wp.com\/alexanderling.ee\/wp-content\/uploads\/2024\/09\/201011_TFW-Alexanderling_Erlend_Staub_96.jpg?w=1667&amp;ssl=1 1667w, https:\/\/i0.wp.com\/alexanderling.ee\/wp-content\/uploads\/2024\/09\/201011_TFW-Alexanderling_Erlend_Staub_96.jpg?resize=200%2C300&amp;ssl=1 200w, https:\/\/i0.wp.com\/alexanderling.ee\/wp-content\/uploads\/2024\/09\/201011_TFW-Alexanderling_Erlend_Staub_96.jpg?resize=683%2C1024&amp;ssl=1 683w, https:\/\/i0.wp.com\/alexanderling.ee\/wp-content\/uploads\/2024\/09\/201011_TFW-Alexanderling_Erlend_Staub_96.jpg?resize=768%2C1152&amp;ssl=1 768w, https:\/\/i0.wp.com\/alexanderling.ee\/wp-content\/uploads\/2024\/09\/201011_TFW-Alexanderling_Erlend_Staub_96.jpg?resize=1024%2C1536&amp;ssl=1 1024w, https:\/\/i0.wp.com\/alexanderling.ee\/wp-content\/uploads\/2024\/09\/201011_TFW-Alexanderling_Erlend_Staub_96.jpg?resize=1366%2C2048&amp;ssl=1 1366w, https:\/\/i0.wp.com\/alexanderling.ee\/wp-content\/uploads\/2024\/09\/201011_TFW-Alexanderling_Erlend_Staub_96.jpg?resize=8%2C12&amp;ssl=1 8w, https:\/\/i0.wp.com\/alexanderling.ee\/wp-content\/uploads\/2024\/09\/201011_TFW-Alexanderling_Erlend_Staub_96.jpg?resize=100%2C150&amp;ssl=1 100w, https:\/\/i0.wp.com\/alexanderling.ee\/wp-content\/uploads\/2024\/09\/201011_TFW-Alexanderling_Erlend_Staub_96.jpg?resize=450%2C675&amp;ssl=1 450w, https:\/\/i0.wp.com\/alexanderling.ee\/wp-content\/uploads\/2024\/09\/201011_TFW-Alexanderling_Erlend_Staub_96.jpg?resize=900%2C1350&amp;ssl=1 900w\" \/>\r\n\t\t<\/div><\/div><\/div><\/div><\/div><\/div><div  class=\"sec_row container-fluid\"><div class=\"vc_row wpb_row vc_row-fluid align-center vc_custom_1727465984274 vc_row-o-content-middle vc_row-flex\"><div class=\"wpb_column vc_column_container animation bottom-to-top vc_col-sm-6 vc_col-lg-offset-1 vc_col-lg-6 et-dark-column\"><div class=\"vc_column-inner\"><div class=\"wpb_wrapper\">\t<div class=\"et-image-862 et-image     et_image_link\">\n\t\t<div class=\"et-image-inner\">\n\t\t\t\t\t\t\t<div class=\"et-image-thumb\">\n\t\t\t\t\t<img loading=\"lazy\" decoding=\"async\" width=\"1667\" height=\"2500\" src=\"https:\/\/i0.wp.com\/alexanderling.ee\/wp-content\/uploads\/2024\/09\/201011_TFW-Alexanderling_Erlend_Staub_108.jpg?fit=1667%2C2500&amp;ssl=1\" class=\"attachment-full\" alt=\"\" title=\"201011_TFW-Alexanderling_Erlend_\u0160taub_108\" srcset=\"https:\/\/i0.wp.com\/alexanderling.ee\/wp-content\/uploads\/2024\/09\/201011_TFW-Alexanderling_Erlend_Staub_108.jpg?w=1667&amp;ssl=1 1667w, https:\/\/i0.wp.com\/alexanderling.ee\/wp-content\/uploads\/2024\/09\/201011_TFW-Alexanderling_Erlend_Staub_108.jpg?resize=200%2C300&amp;ssl=1 200w, https:\/\/i0.wp.com\/alexanderling.ee\/wp-content\/uploads\/2024\/09\/201011_TFW-Alexanderling_Erlend_Staub_108.jpg?resize=683%2C1024&amp;ssl=1 683w, https:\/\/i0.wp.com\/alexanderling.ee\/wp-content\/uploads\/2024\/09\/201011_TFW-Alexanderling_Erlend_Staub_108.jpg?resize=768%2C1152&amp;ssl=1 768w, https:\/\/i0.wp.com\/alexanderling.ee\/wp-content\/uploads\/2024\/09\/201011_TFW-Alexanderling_Erlend_Staub_108.jpg?resize=1024%2C1536&amp;ssl=1 1024w, https:\/\/i0.wp.com\/alexanderling.ee\/wp-content\/uploads\/2024\/09\/201011_TFW-Alexanderling_Erlend_Staub_108.jpg?resize=1366%2C2048&amp;ssl=1 1366w, https:\/\/i0.wp.com\/alexanderling.ee\/wp-content\/uploads\/2024\/09\/201011_TFW-Alexanderling_Erlend_Staub_108.jpg?resize=8%2C12&amp;ssl=1 8w, https:\/\/i0.wp.com\/alexanderling.ee\/wp-content\/uploads\/2024\/09\/201011_TFW-Alexanderling_Erlend_Staub_108.jpg?resize=100%2C150&amp;ssl=1 100w, https:\/\/i0.wp.com\/alexanderling.ee\/wp-content\/uploads\/2024\/09\/201011_TFW-Alexanderling_Erlend_Staub_108.jpg?resize=450%2C675&amp;ssl=1 450w, https:\/\/i0.wp.com\/alexanderling.ee\/wp-content\/uploads\/2024\/09\/201011_TFW-Alexanderling_Erlend_Staub_108.jpg?resize=900%2C1350&amp;ssl=1 900w\" sizes=\"auto, (max-width: 1140px) 100vw, 1140px\" \/>\t\t\t\t<\/div>\n\t\t\t\t\t\t\t\t\t\t\t<\/div>\n\t<\/div>\n  <\/div><\/div><\/div><\/div><\/div><div  class=\"sec_row container-fluid\"><div class=\"vc_row wpb_row vc_row-fluid align-center vc_custom_1727582245896 vc_row-o-content-middle vc_row-flex\"><div class=\"wpb_column vc_column_container animation bottom-to-top vc_col-sm-12 vc_col-lg-4 et-dark-column\"><div class=\"vc_column-inner\"><div class=\"wpb_wrapper\">\t<div class=\"et-image-215 et-image     et_image_link\">\n\t\t<div class=\"et-image-inner\">\n\t\t\t\t\t\t\t<div class=\"et-image-thumb\">\n\t\t\t\t\t<img loading=\"lazy\" decoding=\"async\" width=\"1667\" height=\"2500\" src=\"https:\/\/i0.wp.com\/alexanderling.ee\/wp-content\/uploads\/2024\/09\/201011_TFW-Alexanderling_Erlend_Staub_16.jpg?fit=1667%2C2500&amp;ssl=1\" class=\"attachment-full\" alt=\"\" title=\"201011_TFW-Alexanderling_Erlend_\u0160taub_16\" srcset=\"https:\/\/i0.wp.com\/alexanderling.ee\/wp-content\/uploads\/2024\/09\/201011_TFW-Alexanderling_Erlend_Staub_16.jpg?w=1667&amp;ssl=1 1667w, https:\/\/i0.wp.com\/alexanderling.ee\/wp-content\/uploads\/2024\/09\/201011_TFW-Alexanderling_Erlend_Staub_16.jpg?resize=200%2C300&amp;ssl=1 200w, https:\/\/i0.wp.com\/alexanderling.ee\/wp-content\/uploads\/2024\/09\/201011_TFW-Alexanderling_Erlend_Staub_16.jpg?resize=683%2C1024&amp;ssl=1 683w, https:\/\/i0.wp.com\/alexanderling.ee\/wp-content\/uploads\/2024\/09\/201011_TFW-Alexanderling_Erlend_Staub_16.jpg?resize=768%2C1152&amp;ssl=1 768w, https:\/\/i0.wp.com\/alexanderling.ee\/wp-content\/uploads\/2024\/09\/201011_TFW-Alexanderling_Erlend_Staub_16.jpg?resize=1024%2C1536&amp;ssl=1 1024w, https:\/\/i0.wp.com\/alexanderling.ee\/wp-content\/uploads\/2024\/09\/201011_TFW-Alexanderling_Erlend_Staub_16.jpg?resize=1366%2C2048&amp;ssl=1 1366w, https:\/\/i0.wp.com\/alexanderling.ee\/wp-content\/uploads\/2024\/09\/201011_TFW-Alexanderling_Erlend_Staub_16.jpg?resize=8%2C12&amp;ssl=1 8w, https:\/\/i0.wp.com\/alexanderling.ee\/wp-content\/uploads\/2024\/09\/201011_TFW-Alexanderling_Erlend_Staub_16.jpg?resize=100%2C150&amp;ssl=1 100w, https:\/\/i0.wp.com\/alexanderling.ee\/wp-content\/uploads\/2024\/09\/201011_TFW-Alexanderling_Erlend_Staub_16.jpg?resize=450%2C675&amp;ssl=1 450w, https:\/\/i0.wp.com\/alexanderling.ee\/wp-content\/uploads\/2024\/09\/201011_TFW-Alexanderling_Erlend_Staub_16.jpg?resize=900%2C1350&amp;ssl=1 900w\" sizes=\"auto, (max-width: 1140px) 100vw, 1140px\" \/>\t\t\t\t<\/div>\n\t\t\t\t\t\t\t\t\t\t\t<\/div>\n\t<\/div>\n  <\/div><\/div><\/div><div data-vc-parallax=\"1.5\" class=\"wpb_column vc_column_container animation top-to-bottom vc_col-sm-12 vc_col-lg-offset-1 vc_col-lg-6 et-light-column vc_col-has-fill vc_general vc_parallax vc_parallax-content-moving\"><div class=\"vc_column-inner  vc_custom_1573185905585\"><div class=\"wpb_wrapper\">\r\n\t\t<div class=\"et-banner-69eb92f7065a6 et-banner content-full  image-type-fluid text-color-light hover-effect hover-zoom\" ><img loading=\"lazy\" decoding=\"async\" width=\"1667\" height=\"2500\" src=\"https:\/\/i0.wp.com\/alexanderling.ee\/wp-content\/uploads\/2024\/09\/201011_TFW-Alexanderling_Erlend_Staub_22.jpg?fit=1667%2C2500&amp;ssl=1\" class=\"et-banner-main-image\" alt=\"\" sizes=\"auto, (max-width: 1140px) 100vw, 1140px\" srcset=\"https:\/\/i0.wp.com\/alexanderling.ee\/wp-content\/uploads\/2024\/09\/201011_TFW-Alexanderling_Erlend_Staub_22.jpg?w=1667&amp;ssl=1 1667w, https:\/\/i0.wp.com\/alexanderling.ee\/wp-content\/uploads\/2024\/09\/201011_TFW-Alexanderling_Erlend_Staub_22.jpg?resize=200%2C300&amp;ssl=1 200w, https:\/\/i0.wp.com\/alexanderling.ee\/wp-content\/uploads\/2024\/09\/201011_TFW-Alexanderling_Erlend_Staub_22.jpg?resize=683%2C1024&amp;ssl=1 683w, https:\/\/i0.wp.com\/alexanderling.ee\/wp-content\/uploads\/2024\/09\/201011_TFW-Alexanderling_Erlend_Staub_22.jpg?resize=768%2C1152&amp;ssl=1 768w, https:\/\/i0.wp.com\/alexanderling.ee\/wp-content\/uploads\/2024\/09\/201011_TFW-Alexanderling_Erlend_Staub_22.jpg?resize=1024%2C1536&amp;ssl=1 1024w, https:\/\/i0.wp.com\/alexanderling.ee\/wp-content\/uploads\/2024\/09\/201011_TFW-Alexanderling_Erlend_Staub_22.jpg?resize=1366%2C2048&amp;ssl=1 1366w, https:\/\/i0.wp.com\/alexanderling.ee\/wp-content\/uploads\/2024\/09\/201011_TFW-Alexanderling_Erlend_Staub_22.jpg?resize=8%2C12&amp;ssl=1 8w, https:\/\/i0.wp.com\/alexanderling.ee\/wp-content\/uploads\/2024\/09\/201011_TFW-Alexanderling_Erlend_Staub_22.jpg?resize=100%2C150&amp;ssl=1 100w, https:\/\/i0.wp.com\/alexanderling.ee\/wp-content\/uploads\/2024\/09\/201011_TFW-Alexanderling_Erlend_Staub_22.jpg?resize=450%2C675&amp;ssl=1 450w, https:\/\/i0.wp.com\/alexanderling.ee\/wp-content\/uploads\/2024\/09\/201011_TFW-Alexanderling_Erlend_Staub_22.jpg?resize=900%2C1350&amp;ssl=1 900w\" \/>\r\n\t\t<\/div><\/div><\/div><\/div><\/div><\/div><div  class=\"sec_row container-fluid\"><div class=\"vc_row wpb_row vc_row-fluid align-center vc_custom_1555550614288 vc_row-o-content-middle vc_row-flex\"><div class=\"wpb_column vc_column_container animation bottom-to-top vc_col-sm-6 vc_col-lg-offset-1 vc_col-lg-6 et-dark-column\"><div class=\"vc_column-inner\"><div class=\"wpb_wrapper\">\t<div class=\"et-image-731 et-image     et_image_link\">\n\t\t<div class=\"et-image-inner\">\n\t\t\t\t\t\t\t<div class=\"et-image-thumb\">\n\t\t\t\t\t<img loading=\"lazy\" decoding=\"async\" width=\"1667\" height=\"2500\" src=\"https:\/\/i0.wp.com\/alexanderling.ee\/wp-content\/uploads\/2024\/09\/201011_TFW-Alexanderling_Erlend_Staub_91.jpg?fit=1667%2C2500&amp;ssl=1\" class=\"attachment-full\" alt=\"\" title=\"201011_TFW-Alexanderling_Erlend_\u0160taub_91\" srcset=\"https:\/\/i0.wp.com\/alexanderling.ee\/wp-content\/uploads\/2024\/09\/201011_TFW-Alexanderling_Erlend_Staub_91.jpg?w=1667&amp;ssl=1 1667w, https:\/\/i0.wp.com\/alexanderling.ee\/wp-content\/uploads\/2024\/09\/201011_TFW-Alexanderling_Erlend_Staub_91.jpg?resize=200%2C300&amp;ssl=1 200w, https:\/\/i0.wp.com\/alexanderling.ee\/wp-content\/uploads\/2024\/09\/201011_TFW-Alexanderling_Erlend_Staub_91.jpg?resize=683%2C1024&amp;ssl=1 683w, https:\/\/i0.wp.com\/alexanderling.ee\/wp-content\/uploads\/2024\/09\/201011_TFW-Alexanderling_Erlend_Staub_91.jpg?resize=768%2C1152&amp;ssl=1 768w, https:\/\/i0.wp.com\/alexanderling.ee\/wp-content\/uploads\/2024\/09\/201011_TFW-Alexanderling_Erlend_Staub_91.jpg?resize=1024%2C1536&amp;ssl=1 1024w, https:\/\/i0.wp.com\/alexanderling.ee\/wp-content\/uploads\/2024\/09\/201011_TFW-Alexanderling_Erlend_Staub_91.jpg?resize=1366%2C2048&amp;ssl=1 1366w, https:\/\/i0.wp.com\/alexanderling.ee\/wp-content\/uploads\/2024\/09\/201011_TFW-Alexanderling_Erlend_Staub_91.jpg?resize=8%2C12&amp;ssl=1 8w, https:\/\/i0.wp.com\/alexanderling.ee\/wp-content\/uploads\/2024\/09\/201011_TFW-Alexanderling_Erlend_Staub_91.jpg?resize=100%2C150&amp;ssl=1 100w, https:\/\/i0.wp.com\/alexanderling.ee\/wp-content\/uploads\/2024\/09\/201011_TFW-Alexanderling_Erlend_Staub_91.jpg?resize=450%2C675&amp;ssl=1 450w, https:\/\/i0.wp.com\/alexanderling.ee\/wp-content\/uploads\/2024\/09\/201011_TFW-Alexanderling_Erlend_Staub_91.jpg?resize=900%2C1350&amp;ssl=1 900w\" sizes=\"auto, (max-width: 1140px) 100vw, 1140px\" \/>\t\t\t\t<\/div>\n\t\t\t\t\t\t\t\t\t\t\t<\/div>\n\t<\/div>\n  <\/div><\/div><\/div><\/div><\/div><div  class=\"sec_row container-fluid\"><div class=\"vc_row wpb_row vc_row-fluid align-center vc_custom_1727582245896 vc_row-o-content-middle vc_row-flex\"><div class=\"wpb_column vc_column_container animation bottom-to-top vc_col-sm-12 vc_col-lg-4 et-dark-column\"><div class=\"vc_column-inner\"><div class=\"wpb_wrapper\">\t<div class=\"et-image-54 et-image     et_image_link\">\n\t\t<div class=\"et-image-inner\">\n\t\t\t\t\t\t\t<div class=\"et-image-thumb\">\n\t\t\t\t\t<img loading=\"lazy\" decoding=\"async\" width=\"1667\" height=\"2500\" src=\"https:\/\/i0.wp.com\/alexanderling.ee\/wp-content\/uploads\/2024\/09\/201011_TFW-Alexanderling_Erlend_Staub_38.jpg?fit=1667%2C2500&amp;ssl=1\" class=\"attachment-full\" alt=\"\" title=\"201011_TFW-Alexanderling_Erlend_\u0160taub_38\" srcset=\"https:\/\/i0.wp.com\/alexanderling.ee\/wp-content\/uploads\/2024\/09\/201011_TFW-Alexanderling_Erlend_Staub_38.jpg?w=1667&amp;ssl=1 1667w, https:\/\/i0.wp.com\/alexanderling.ee\/wp-content\/uploads\/2024\/09\/201011_TFW-Alexanderling_Erlend_Staub_38.jpg?resize=200%2C300&amp;ssl=1 200w, https:\/\/i0.wp.com\/alexanderling.ee\/wp-content\/uploads\/2024\/09\/201011_TFW-Alexanderling_Erlend_Staub_38.jpg?resize=683%2C1024&amp;ssl=1 683w, https:\/\/i0.wp.com\/alexanderling.ee\/wp-content\/uploads\/2024\/09\/201011_TFW-Alexanderling_Erlend_Staub_38.jpg?resize=768%2C1152&amp;ssl=1 768w, https:\/\/i0.wp.com\/alexanderling.ee\/wp-content\/uploads\/2024\/09\/201011_TFW-Alexanderling_Erlend_Staub_38.jpg?resize=1024%2C1536&amp;ssl=1 1024w, https:\/\/i0.wp.com\/alexanderling.ee\/wp-content\/uploads\/2024\/09\/201011_TFW-Alexanderling_Erlend_Staub_38.jpg?resize=1366%2C2048&amp;ssl=1 1366w, https:\/\/i0.wp.com\/alexanderling.ee\/wp-content\/uploads\/2024\/09\/201011_TFW-Alexanderling_Erlend_Staub_38.jpg?resize=8%2C12&amp;ssl=1 8w, https:\/\/i0.wp.com\/alexanderling.ee\/wp-content\/uploads\/2024\/09\/201011_TFW-Alexanderling_Erlend_Staub_38.jpg?resize=100%2C150&amp;ssl=1 100w, https:\/\/i0.wp.com\/alexanderling.ee\/wp-content\/uploads\/2024\/09\/201011_TFW-Alexanderling_Erlend_Staub_38.jpg?resize=450%2C675&amp;ssl=1 450w, https:\/\/i0.wp.com\/alexanderling.ee\/wp-content\/uploads\/2024\/09\/201011_TFW-Alexanderling_Erlend_Staub_38.jpg?resize=900%2C1350&amp;ssl=1 900w\" sizes=\"auto, (max-width: 1140px) 100vw, 1140px\" \/>\t\t\t\t<\/div>\n\t\t\t\t\t\t\t\t\t\t\t<\/div>\n\t<\/div>\n  <\/div><\/div><\/div><div data-vc-parallax=\"1.5\" class=\"wpb_column vc_column_container animation top-to-bottom vc_col-sm-12 vc_col-lg-offset-1 vc_col-lg-6 et-light-column vc_col-has-fill vc_general vc_parallax vc_parallax-content-moving\"><div class=\"vc_column-inner  vc_custom_1573185905585\"><div class=\"wpb_wrapper\">\r\n\t\t<div class=\"et-banner-69eb92f707793 et-banner content-full  image-type-fluid text-color-light hover-effect hover-zoom\" ><img loading=\"lazy\" decoding=\"async\" width=\"1667\" height=\"2500\" src=\"https:\/\/i0.wp.com\/alexanderling.ee\/wp-content\/uploads\/2024\/10\/201011_TFW-Alexanderling_Erlend_Staub_60.jpg?fit=1667%2C2500&amp;ssl=1\" class=\"et-banner-main-image\" alt=\"\" sizes=\"auto, (max-width: 1140px) 100vw, 1140px\" srcset=\"https:\/\/i0.wp.com\/alexanderling.ee\/wp-content\/uploads\/2024\/10\/201011_TFW-Alexanderling_Erlend_Staub_60.jpg?w=1667&amp;ssl=1 1667w, https:\/\/i0.wp.com\/alexanderling.ee\/wp-content\/uploads\/2024\/10\/201011_TFW-Alexanderling_Erlend_Staub_60.jpg?resize=200%2C300&amp;ssl=1 200w, https:\/\/i0.wp.com\/alexanderling.ee\/wp-content\/uploads\/2024\/10\/201011_TFW-Alexanderling_Erlend_Staub_60.jpg?resize=683%2C1024&amp;ssl=1 683w, https:\/\/i0.wp.com\/alexanderling.ee\/wp-content\/uploads\/2024\/10\/201011_TFW-Alexanderling_Erlend_Staub_60.jpg?resize=768%2C1152&amp;ssl=1 768w, https:\/\/i0.wp.com\/alexanderling.ee\/wp-content\/uploads\/2024\/10\/201011_TFW-Alexanderling_Erlend_Staub_60.jpg?resize=1024%2C1536&amp;ssl=1 1024w, https:\/\/i0.wp.com\/alexanderling.ee\/wp-content\/uploads\/2024\/10\/201011_TFW-Alexanderling_Erlend_Staub_60.jpg?resize=1366%2C2048&amp;ssl=1 1366w, https:\/\/i0.wp.com\/alexanderling.ee\/wp-content\/uploads\/2024\/10\/201011_TFW-Alexanderling_Erlend_Staub_60.jpg?resize=8%2C12&amp;ssl=1 8w, https:\/\/i0.wp.com\/alexanderling.ee\/wp-content\/uploads\/2024\/10\/201011_TFW-Alexanderling_Erlend_Staub_60.jpg?resize=100%2C150&amp;ssl=1 100w, https:\/\/i0.wp.com\/alexanderling.ee\/wp-content\/uploads\/2024\/10\/201011_TFW-Alexanderling_Erlend_Staub_60.jpg?resize=450%2C675&amp;ssl=1 450w, https:\/\/i0.wp.com\/alexanderling.ee\/wp-content\/uploads\/2024\/10\/201011_TFW-Alexanderling_Erlend_Staub_60.jpg?resize=900%2C1350&amp;ssl=1 900w\" \/>\r\n\t\t<\/div><\/div><\/div><\/div><\/div><\/div>\n<\/div>","protected":false},"excerpt":{"rendered":"\"Motion\" Collection Autumn\/Winter 2020 2020 is the year of sports. The year of the postponed Olympics. 100 years have passed since Estonia's first Olympic gold. In the collection, ALEXANDERLING presents sports-inspired clothing, combining fashion with sport- the cut is taken from the details of sportswear: ribbed ankles, collar and neck, [...]","protected":false},"author":1,"featured_media":0,"parent":0,"menu_order":0,"comment_status":"closed","ping_status":"closed","template":"","meta":{"nf_dc_page":"","footnotes":""},"class_list":["post-7897","page","type-page","status-publish","hentry"],"jetpack_sharing_enabled":true,"_links":{"self":[{"href":"https:\/\/alexanderling.ee\/et\/wp-json\/wp\/v2\/pages\/7897","targetHints":{"allow":["GET"]}}],"collection":[{"href":"https:\/\/alexanderling.ee\/et\/wp-json\/wp\/v2\/pages"}],"about":[{"href":"https:\/\/alexanderling.ee\/et\/wp-json\/wp\/v2\/types\/page"}],"author":[{"embeddable":true,"href":"https:\/\/alexanderling.ee\/et\/wp-json\/wp\/v2\/users\/1"}],"replies":[{"embeddable":true,"href":"https:\/\/alexanderling.ee\/et\/wp-json\/wp\/v2\/comments?post=7897"}],"version-history":[{"count":5,"href":"https:\/\/alexanderling.ee\/et\/wp-json\/wp\/v2\/pages\/7897\/revisions"}],"predecessor-version":[{"id":9400,"href":"https:\/\/alexanderling.ee\/et\/wp-json\/wp\/v2\/pages\/7897\/revisions\/9400"}],"wp:attachment":[{"href":"https:\/\/alexanderling.ee\/et\/wp-json\/wp\/v2\/media?parent=7897"}],"curies":[{"name":"wp","href":"https:\/\/api.w.org\/{rel}","templated":true}]}}