{"id":7912,"date":"2024-09-29T07:27:28","date_gmt":"2024-09-29T04:27:28","guid":{"rendered":"https:\/\/alexanderling.ee\/?page_id=7912"},"modified":"2025-03-03T13:10:14","modified_gmt":"2025-03-03T10:10:14","slug":"louisiana-spring-summer-2020","status":"publish","type":"page","link":"https:\/\/alexanderling.ee\/et\/louisiana-spring-summer-2020\/","title":{"rendered":"Louisiana Collection &#8211; Spring\/Summer 2020"},"content":{"rendered":"<div class=\"wpb-content-wrapper\"><div  class=\"sec_row container-fluid\"><div class=\"vc_row wpb_row vc_row-fluid vc_custom_1573187171262 vc_row-o-content-middle vc_row-flex\"><div class=\"wpb_column vc_column_container animation bottom-to-top vc_col-sm-12 vc_col-lg-offset-1 vc_col-lg-4 et-dark-column\"><div class=\"vc_column-inner  vc_custom_1573187307217\"><div class=\"wpb_wrapper\">\n\t<div class=\"wpb_text_column wpb_content_element   vc_custom_1729193562492 preline-large\" >\n\t\t<div class=\"wpb_wrapper\">\n\t\t\t<h1>Kollektsioon \u201cLouisiana\u201d<\/h1>\n<h4>Kevad\/Suvi 2020<\/h4>\n\n\t\t<\/div>\n\t<\/div>\n\n\t<div class=\"wpb_text_column wpb_content_element\" >\n\t\t<div class=\"wpb_wrapper\">\n\t\t\t<p><span style=\"font-weight: 400;\">\u201cSee kollektsioon r\u00e4\u00e4gib preeria hullumeelsusest\u201d selgitab kollektsiooni saamilugu moekunstnik Anu Ling. \u201c1862. aastal kiitis USA president Abraham Lincoln heaks asundustalu seaduse (Homestead Act), mis andis vallalistele naistele ja leskedele \u00f5iguse oma maat\u00fckile kauges l\u00e4\u00e4nes \u2013 eeldusel, et nad viibivad kohal v\u00e4hemalt viis aastat. Niisiis leidus naisi, kes tulid oma kodudest Euroopast (Norras, Saksamaal ja mujal), tuues kaasa oma vara ja r\u00f5ivad ning alustasid uut elu suures preerias. Sellise r\u00e4ndega toimunud elumuudatusega ilmnesid naistel aga ka agorafoobia ja erinevat sorti \u00e4revush\u00e4ired. Teades seda vaatame sellele ajastule iseloomulikuks saanud musti ripsipaelu kaelas, juustesse s\u00f5lmituna ning k\u00f5rvale suunatuna hoopis teises valguses.<\/span><\/p>\n<p><span style=\"font-weight: 400;\">Disainer Anu Lingi eesm\u00e4rgiks on ka sellisest elukatsumusest leida ilu. \u201eKuigi r\u00f5huvas meeleolus kannavad preeriat\u00fcdrukud siiski satsidega t\u00e4iendatud kleite, mis suunavad praktiliselt iga naise ilutaevasse\u201d \u00fctleb moedisainer.<\/span><\/p>\n<p><span style=\"font-weight: 400;\">Kollektsioon on ligi 30 komplektist n\u00f5ksutavate preeriat\u00fcdrukute seljas, pahkluupikkuseid kleite, pleegitamata linatoonis ja satsidega k\u00fcllatud detailidega. Kollektsiooni as\u00fcmmeetrilised ja voogavad proportsioonid on maal\u00e4hedases v\u00e4rvigammas, seda r\u00f5hutavad v\u00e4rske kevadise preeriarohu roheline ja kolletunud s\u00fcgisheina pruun.<\/span><\/p>\n\n\t\t<\/div>\n\t<\/div>\n<\/div><\/div><\/div><div class=\"wpb_column vc_column_container animation top-to-bottom vc_col-sm-12 vc_col-lg-offset-1 vc_col-lg-5 et-light-column\"><div class=\"vc_column-inner\"><div class=\"wpb_wrapper\">\r\n\t\t<div class=\"et-banner-69eb8d0311ee9 et-banner content-full  image-type-fluid text-color-light hover-effect hover-zoom\" ><img loading=\"lazy\" decoding=\"async\" width=\"1667\" height=\"2500\" src=\"https:\/\/i0.wp.com\/alexanderling.ee\/wp-content\/uploads\/2024\/09\/200422_TFW_ALEXANDERLING_Erlend_Staub_4.jpg?fit=1667%2C2500&amp;ssl=1\" class=\"et-banner-main-image\" alt=\"\" sizes=\"auto, (max-width: 1140px) 100vw, 1140px\" srcset=\"https:\/\/i0.wp.com\/alexanderling.ee\/wp-content\/uploads\/2024\/09\/200422_TFW_ALEXANDERLING_Erlend_Staub_4.jpg?w=1667&amp;ssl=1 1667w, https:\/\/i0.wp.com\/alexanderling.ee\/wp-content\/uploads\/2024\/09\/200422_TFW_ALEXANDERLING_Erlend_Staub_4.jpg?resize=200%2C300&amp;ssl=1 200w, https:\/\/i0.wp.com\/alexanderling.ee\/wp-content\/uploads\/2024\/09\/200422_TFW_ALEXANDERLING_Erlend_Staub_4.jpg?resize=683%2C1024&amp;ssl=1 683w, https:\/\/i0.wp.com\/alexanderling.ee\/wp-content\/uploads\/2024\/09\/200422_TFW_ALEXANDERLING_Erlend_Staub_4.jpg?resize=768%2C1152&amp;ssl=1 768w, https:\/\/i0.wp.com\/alexanderling.ee\/wp-content\/uploads\/2024\/09\/200422_TFW_ALEXANDERLING_Erlend_Staub_4.jpg?resize=1024%2C1536&amp;ssl=1 1024w, https:\/\/i0.wp.com\/alexanderling.ee\/wp-content\/uploads\/2024\/09\/200422_TFW_ALEXANDERLING_Erlend_Staub_4.jpg?resize=1366%2C2048&amp;ssl=1 1366w, https:\/\/i0.wp.com\/alexanderling.ee\/wp-content\/uploads\/2024\/09\/200422_TFW_ALEXANDERLING_Erlend_Staub_4.jpg?resize=8%2C12&amp;ssl=1 8w, https:\/\/i0.wp.com\/alexanderling.ee\/wp-content\/uploads\/2024\/09\/200422_TFW_ALEXANDERLING_Erlend_Staub_4.jpg?resize=100%2C150&amp;ssl=1 100w, https:\/\/i0.wp.com\/alexanderling.ee\/wp-content\/uploads\/2024\/09\/200422_TFW_ALEXANDERLING_Erlend_Staub_4.jpg?resize=450%2C675&amp;ssl=1 450w, https:\/\/i0.wp.com\/alexanderling.ee\/wp-content\/uploads\/2024\/09\/200422_TFW_ALEXANDERLING_Erlend_Staub_4.jpg?resize=900%2C1350&amp;ssl=1 900w\" \/>\r\n\t\t<\/div><\/div><\/div><\/div><\/div><\/div><div  class=\"sec_row container\"><div class=\"vc_row wpb_row vc_row-fluid no-padding vc_custom_1727582467908 vc_row-has-fill vc_row-o-content-middle vc_row-flex\"><div class=\"wpb_column vc_column_container animation left-to-right vc_col-sm-12 vc_col-lg-6 et-dark-column\"><div class=\"vc_column-inner\"><div class=\"wpb_wrapper\">\t<div class=\"et-image-635 et-image     et_image_link\">\n\t\t<div class=\"et-image-inner\">\n\t\t\t\t\t\t\t<div class=\"et-image-thumb\">\n\t\t\t\t\t<img loading=\"lazy\" decoding=\"async\" width=\"1667\" height=\"2500\" src=\"https:\/\/i0.wp.com\/alexanderling.ee\/wp-content\/uploads\/2024\/09\/200422_TFW_ALEXANDERLING_Erlend_Staub_268.jpg?fit=1667%2C2500&amp;ssl=1\" class=\"attachment-full\" alt=\"\" title=\"200422_TFW_ALEXANDERLING_Erlend_Staub_268\" srcset=\"https:\/\/i0.wp.com\/alexanderling.ee\/wp-content\/uploads\/2024\/09\/200422_TFW_ALEXANDERLING_Erlend_Staub_268.jpg?w=1667&amp;ssl=1 1667w, https:\/\/i0.wp.com\/alexanderling.ee\/wp-content\/uploads\/2024\/09\/200422_TFW_ALEXANDERLING_Erlend_Staub_268.jpg?resize=200%2C300&amp;ssl=1 200w, https:\/\/i0.wp.com\/alexanderling.ee\/wp-content\/uploads\/2024\/09\/200422_TFW_ALEXANDERLING_Erlend_Staub_268.jpg?resize=683%2C1024&amp;ssl=1 683w, https:\/\/i0.wp.com\/alexanderling.ee\/wp-content\/uploads\/2024\/09\/200422_TFW_ALEXANDERLING_Erlend_Staub_268.jpg?resize=768%2C1152&amp;ssl=1 768w, https:\/\/i0.wp.com\/alexanderling.ee\/wp-content\/uploads\/2024\/09\/200422_TFW_ALEXANDERLING_Erlend_Staub_268.jpg?resize=1024%2C1536&amp;ssl=1 1024w, https:\/\/i0.wp.com\/alexanderling.ee\/wp-content\/uploads\/2024\/09\/200422_TFW_ALEXANDERLING_Erlend_Staub_268.jpg?resize=1366%2C2048&amp;ssl=1 1366w, https:\/\/i0.wp.com\/alexanderling.ee\/wp-content\/uploads\/2024\/09\/200422_TFW_ALEXANDERLING_Erlend_Staub_268.jpg?resize=8%2C12&amp;ssl=1 8w, https:\/\/i0.wp.com\/alexanderling.ee\/wp-content\/uploads\/2024\/09\/200422_TFW_ALEXANDERLING_Erlend_Staub_268.jpg?resize=100%2C150&amp;ssl=1 100w, https:\/\/i0.wp.com\/alexanderling.ee\/wp-content\/uploads\/2024\/09\/200422_TFW_ALEXANDERLING_Erlend_Staub_268.jpg?resize=450%2C675&amp;ssl=1 450w, https:\/\/i0.wp.com\/alexanderling.ee\/wp-content\/uploads\/2024\/09\/200422_TFW_ALEXANDERLING_Erlend_Staub_268.jpg?resize=900%2C1350&amp;ssl=1 900w\" sizes=\"auto, (max-width: 1140px) 100vw, 1140px\" \/>\t\t\t\t<\/div>\n\t\t\t\t\t\t\t\t\t\t\t<\/div>\n\t<\/div>\n  <\/div><\/div><\/div><\/div><\/div><div  class=\"sec_row container-fluid\"><div class=\"vc_row wpb_row vc_row-fluid align-center vc_custom_1727464827350 vc_row-o-content-middle vc_row-flex\"><div class=\"wpb_column vc_column_container animation bottom-to-top vc_col-sm-12 vc_col-lg-4 et-dark-column\"><div class=\"vc_column-inner\"><div class=\"wpb_wrapper\">\t<div class=\"et-image-623 et-image     et_image_link\">\n\t\t<div class=\"et-image-inner\">\n\t\t\t\t\t\t\t<div class=\"et-image-thumb\">\n\t\t\t\t\t<img loading=\"lazy\" decoding=\"async\" width=\"1667\" height=\"2500\" src=\"https:\/\/i0.wp.com\/alexanderling.ee\/wp-content\/uploads\/2024\/09\/200422_TFW_ALEXANDERLING_Erlend_Staub_206.jpg?fit=1667%2C2500&amp;ssl=1\" class=\"attachment-full\" alt=\"\" title=\"200422_TFW_ALEXANDERLING_Erlend_Staub_206\" srcset=\"https:\/\/i0.wp.com\/alexanderling.ee\/wp-content\/uploads\/2024\/09\/200422_TFW_ALEXANDERLING_Erlend_Staub_206.jpg?w=1667&amp;ssl=1 1667w, https:\/\/i0.wp.com\/alexanderling.ee\/wp-content\/uploads\/2024\/09\/200422_TFW_ALEXANDERLING_Erlend_Staub_206.jpg?resize=200%2C300&amp;ssl=1 200w, https:\/\/i0.wp.com\/alexanderling.ee\/wp-content\/uploads\/2024\/09\/200422_TFW_ALEXANDERLING_Erlend_Staub_206.jpg?resize=683%2C1024&amp;ssl=1 683w, https:\/\/i0.wp.com\/alexanderling.ee\/wp-content\/uploads\/2024\/09\/200422_TFW_ALEXANDERLING_Erlend_Staub_206.jpg?resize=768%2C1152&amp;ssl=1 768w, https:\/\/i0.wp.com\/alexanderling.ee\/wp-content\/uploads\/2024\/09\/200422_TFW_ALEXANDERLING_Erlend_Staub_206.jpg?resize=1024%2C1536&amp;ssl=1 1024w, https:\/\/i0.wp.com\/alexanderling.ee\/wp-content\/uploads\/2024\/09\/200422_TFW_ALEXANDERLING_Erlend_Staub_206.jpg?resize=1366%2C2048&amp;ssl=1 1366w, https:\/\/i0.wp.com\/alexanderling.ee\/wp-content\/uploads\/2024\/09\/200422_TFW_ALEXANDERLING_Erlend_Staub_206.jpg?resize=8%2C12&amp;ssl=1 8w, https:\/\/i0.wp.com\/alexanderling.ee\/wp-content\/uploads\/2024\/09\/200422_TFW_ALEXANDERLING_Erlend_Staub_206.jpg?resize=100%2C150&amp;ssl=1 100w, https:\/\/i0.wp.com\/alexanderling.ee\/wp-content\/uploads\/2024\/09\/200422_TFW_ALEXANDERLING_Erlend_Staub_206.jpg?resize=450%2C675&amp;ssl=1 450w, https:\/\/i0.wp.com\/alexanderling.ee\/wp-content\/uploads\/2024\/09\/200422_TFW_ALEXANDERLING_Erlend_Staub_206.jpg?resize=900%2C1350&amp;ssl=1 900w\" sizes=\"auto, (max-width: 1140px) 100vw, 1140px\" \/>\t\t\t\t<\/div>\n\t\t\t\t\t\t\t\t\t\t\t<\/div>\n\t<\/div>\n  <\/div><\/div><\/div><div data-vc-parallax=\"1.5\" class=\"wpb_column vc_column_container animation top-to-bottom vc_col-sm-12 vc_col-lg-offset-1 vc_col-lg-6 et-light-column vc_col-has-fill vc_general vc_parallax vc_parallax-content-moving\"><div class=\"vc_column-inner  vc_custom_1573185905585\"><div class=\"wpb_wrapper\">\r\n\t\t<div class=\"et-banner-69eb8d0312df7 et-banner content-full  image-type-fluid text-color-light hover-effect hover-zoom\" ><img loading=\"lazy\" decoding=\"async\" width=\"1667\" height=\"2500\" src=\"https:\/\/i0.wp.com\/alexanderling.ee\/wp-content\/uploads\/2024\/09\/ALEXANDERLING-Top-Mafra-Dress-Gradil-Front-1.jpg?fit=1667%2C2500&amp;ssl=1\" class=\"et-banner-main-image\" alt=\"\" sizes=\"auto, (max-width: 1140px) 100vw, 1140px\" srcset=\"https:\/\/i0.wp.com\/alexanderling.ee\/wp-content\/uploads\/2024\/09\/ALEXANDERLING-Top-Mafra-Dress-Gradil-Front-1.jpg?w=1667&amp;ssl=1 1667w, https:\/\/i0.wp.com\/alexanderling.ee\/wp-content\/uploads\/2024\/09\/ALEXANDERLING-Top-Mafra-Dress-Gradil-Front-1.jpg?resize=200%2C300&amp;ssl=1 200w, https:\/\/i0.wp.com\/alexanderling.ee\/wp-content\/uploads\/2024\/09\/ALEXANDERLING-Top-Mafra-Dress-Gradil-Front-1.jpg?resize=683%2C1024&amp;ssl=1 683w, https:\/\/i0.wp.com\/alexanderling.ee\/wp-content\/uploads\/2024\/09\/ALEXANDERLING-Top-Mafra-Dress-Gradil-Front-1.jpg?resize=768%2C1152&amp;ssl=1 768w, https:\/\/i0.wp.com\/alexanderling.ee\/wp-content\/uploads\/2024\/09\/ALEXANDERLING-Top-Mafra-Dress-Gradil-Front-1.jpg?resize=1024%2C1536&amp;ssl=1 1024w, https:\/\/i0.wp.com\/alexanderling.ee\/wp-content\/uploads\/2024\/09\/ALEXANDERLING-Top-Mafra-Dress-Gradil-Front-1.jpg?resize=1366%2C2048&amp;ssl=1 1366w, https:\/\/i0.wp.com\/alexanderling.ee\/wp-content\/uploads\/2024\/09\/ALEXANDERLING-Top-Mafra-Dress-Gradil-Front-1.jpg?resize=8%2C12&amp;ssl=1 8w, https:\/\/i0.wp.com\/alexanderling.ee\/wp-content\/uploads\/2024\/09\/ALEXANDERLING-Top-Mafra-Dress-Gradil-Front-1.jpg?resize=100%2C150&amp;ssl=1 100w, https:\/\/i0.wp.com\/alexanderling.ee\/wp-content\/uploads\/2024\/09\/ALEXANDERLING-Top-Mafra-Dress-Gradil-Front-1.jpg?resize=450%2C675&amp;ssl=1 450w, https:\/\/i0.wp.com\/alexanderling.ee\/wp-content\/uploads\/2024\/09\/ALEXANDERLING-Top-Mafra-Dress-Gradil-Front-1.jpg?resize=900%2C1350&amp;ssl=1 900w\" \/>\r\n\t\t<\/div><\/div><\/div><\/div><\/div><\/div><div  class=\"sec_row container-fluid\"><div class=\"vc_row wpb_row vc_row-fluid align-center vc_custom_1727465984274 vc_row-o-content-middle vc_row-flex\"><div class=\"wpb_column vc_column_container animation bottom-to-top vc_col-sm-6 vc_col-lg-offset-1 vc_col-lg-6 et-dark-column\"><div class=\"vc_column-inner\"><div class=\"wpb_wrapper\">\t<div class=\"et-image-447 et-image     et_image_link\">\n\t\t<div class=\"et-image-inner\">\n\t\t\t\t\t\t\t<div class=\"et-image-thumb\">\n\t\t\t\t\t<img loading=\"lazy\" decoding=\"async\" width=\"1667\" height=\"2500\" src=\"https:\/\/i0.wp.com\/alexanderling.ee\/wp-content\/uploads\/2024\/09\/200422_TFW_ALEXANDERLING_Erlend_Staub_254.jpg?fit=1667%2C2500&amp;ssl=1\" class=\"attachment-full\" alt=\"\" title=\"200422_TFW_ALEXANDERLING_Erlend_Staub_254\" srcset=\"https:\/\/i0.wp.com\/alexanderling.ee\/wp-content\/uploads\/2024\/09\/200422_TFW_ALEXANDERLING_Erlend_Staub_254.jpg?w=1667&amp;ssl=1 1667w, https:\/\/i0.wp.com\/alexanderling.ee\/wp-content\/uploads\/2024\/09\/200422_TFW_ALEXANDERLING_Erlend_Staub_254.jpg?resize=200%2C300&amp;ssl=1 200w, https:\/\/i0.wp.com\/alexanderling.ee\/wp-content\/uploads\/2024\/09\/200422_TFW_ALEXANDERLING_Erlend_Staub_254.jpg?resize=683%2C1024&amp;ssl=1 683w, https:\/\/i0.wp.com\/alexanderling.ee\/wp-content\/uploads\/2024\/09\/200422_TFW_ALEXANDERLING_Erlend_Staub_254.jpg?resize=768%2C1152&amp;ssl=1 768w, https:\/\/i0.wp.com\/alexanderling.ee\/wp-content\/uploads\/2024\/09\/200422_TFW_ALEXANDERLING_Erlend_Staub_254.jpg?resize=1024%2C1536&amp;ssl=1 1024w, https:\/\/i0.wp.com\/alexanderling.ee\/wp-content\/uploads\/2024\/09\/200422_TFW_ALEXANDERLING_Erlend_Staub_254.jpg?resize=1366%2C2048&amp;ssl=1 1366w, https:\/\/i0.wp.com\/alexanderling.ee\/wp-content\/uploads\/2024\/09\/200422_TFW_ALEXANDERLING_Erlend_Staub_254.jpg?resize=8%2C12&amp;ssl=1 8w, https:\/\/i0.wp.com\/alexanderling.ee\/wp-content\/uploads\/2024\/09\/200422_TFW_ALEXANDERLING_Erlend_Staub_254.jpg?resize=100%2C150&amp;ssl=1 100w, https:\/\/i0.wp.com\/alexanderling.ee\/wp-content\/uploads\/2024\/09\/200422_TFW_ALEXANDERLING_Erlend_Staub_254.jpg?resize=450%2C675&amp;ssl=1 450w, https:\/\/i0.wp.com\/alexanderling.ee\/wp-content\/uploads\/2024\/09\/200422_TFW_ALEXANDERLING_Erlend_Staub_254.jpg?resize=900%2C1350&amp;ssl=1 900w\" sizes=\"auto, (max-width: 1140px) 100vw, 1140px\" \/>\t\t\t\t<\/div>\n\t\t\t\t\t\t\t\t\t\t\t<\/div>\n\t<\/div>\n  <\/div><\/div><\/div><\/div><\/div><div  class=\"sec_row container-fluid\"><div class=\"vc_row wpb_row vc_row-fluid align-center vc_custom_1727582245896 vc_row-o-content-middle vc_row-flex\"><div class=\"wpb_column vc_column_container animation bottom-to-top vc_col-sm-12 vc_col-lg-4 et-dark-column\"><div class=\"vc_column-inner\"><div class=\"wpb_wrapper\">\t<div class=\"et-image-386 et-image     et_image_link\">\n\t\t<div class=\"et-image-inner\">\n\t\t\t\t\t\t\t<div class=\"et-image-thumb\">\n\t\t\t\t\t<img loading=\"lazy\" decoding=\"async\" width=\"1667\" height=\"2500\" src=\"https:\/\/i0.wp.com\/alexanderling.ee\/wp-content\/uploads\/2024\/09\/200422_TFW_ALEXANDERLING_Erlend_Staub_123.jpg?fit=1667%2C2500&amp;ssl=1\" class=\"attachment-full\" alt=\"\" title=\"200422_TFW_ALEXANDERLING_Erlend_Staub_123\" srcset=\"https:\/\/i0.wp.com\/alexanderling.ee\/wp-content\/uploads\/2024\/09\/200422_TFW_ALEXANDERLING_Erlend_Staub_123.jpg?w=1667&amp;ssl=1 1667w, https:\/\/i0.wp.com\/alexanderling.ee\/wp-content\/uploads\/2024\/09\/200422_TFW_ALEXANDERLING_Erlend_Staub_123.jpg?resize=200%2C300&amp;ssl=1 200w, https:\/\/i0.wp.com\/alexanderling.ee\/wp-content\/uploads\/2024\/09\/200422_TFW_ALEXANDERLING_Erlend_Staub_123.jpg?resize=683%2C1024&amp;ssl=1 683w, https:\/\/i0.wp.com\/alexanderling.ee\/wp-content\/uploads\/2024\/09\/200422_TFW_ALEXANDERLING_Erlend_Staub_123.jpg?resize=768%2C1152&amp;ssl=1 768w, https:\/\/i0.wp.com\/alexanderling.ee\/wp-content\/uploads\/2024\/09\/200422_TFW_ALEXANDERLING_Erlend_Staub_123.jpg?resize=1024%2C1536&amp;ssl=1 1024w, https:\/\/i0.wp.com\/alexanderling.ee\/wp-content\/uploads\/2024\/09\/200422_TFW_ALEXANDERLING_Erlend_Staub_123.jpg?resize=1366%2C2048&amp;ssl=1 1366w, https:\/\/i0.wp.com\/alexanderling.ee\/wp-content\/uploads\/2024\/09\/200422_TFW_ALEXANDERLING_Erlend_Staub_123.jpg?resize=8%2C12&amp;ssl=1 8w, https:\/\/i0.wp.com\/alexanderling.ee\/wp-content\/uploads\/2024\/09\/200422_TFW_ALEXANDERLING_Erlend_Staub_123.jpg?resize=100%2C150&amp;ssl=1 100w, https:\/\/i0.wp.com\/alexanderling.ee\/wp-content\/uploads\/2024\/09\/200422_TFW_ALEXANDERLING_Erlend_Staub_123.jpg?resize=450%2C675&amp;ssl=1 450w, https:\/\/i0.wp.com\/alexanderling.ee\/wp-content\/uploads\/2024\/09\/200422_TFW_ALEXANDERLING_Erlend_Staub_123.jpg?resize=900%2C1350&amp;ssl=1 900w\" sizes=\"auto, (max-width: 1140px) 100vw, 1140px\" \/>\t\t\t\t<\/div>\n\t\t\t\t\t\t\t\t\t\t\t<\/div>\n\t<\/div>\n  <\/div><\/div><\/div><div data-vc-parallax=\"1.5\" class=\"wpb_column vc_column_container animation top-to-bottom vc_col-sm-12 vc_col-lg-offset-1 vc_col-lg-6 et-light-column vc_col-has-fill vc_general vc_parallax vc_parallax-content-moving\"><div class=\"vc_column-inner  vc_custom_1573185905585\"><div class=\"wpb_wrapper\">\r\n\t\t<div class=\"et-banner-69eb8d0313979 et-banner content-full  image-type-fluid text-color-light hover-effect hover-zoom\" ><img loading=\"lazy\" decoding=\"async\" width=\"1667\" height=\"2500\" src=\"https:\/\/i0.wp.com\/alexanderling.ee\/wp-content\/uploads\/2024\/09\/200422_TFW_ALEXANDERLING_Erlend_Staub_132.jpg?fit=1667%2C2500&amp;ssl=1\" class=\"et-banner-main-image\" alt=\"\" sizes=\"auto, (max-width: 1140px) 100vw, 1140px\" srcset=\"https:\/\/i0.wp.com\/alexanderling.ee\/wp-content\/uploads\/2024\/09\/200422_TFW_ALEXANDERLING_Erlend_Staub_132.jpg?w=1667&amp;ssl=1 1667w, https:\/\/i0.wp.com\/alexanderling.ee\/wp-content\/uploads\/2024\/09\/200422_TFW_ALEXANDERLING_Erlend_Staub_132.jpg?resize=200%2C300&amp;ssl=1 200w, https:\/\/i0.wp.com\/alexanderling.ee\/wp-content\/uploads\/2024\/09\/200422_TFW_ALEXANDERLING_Erlend_Staub_132.jpg?resize=683%2C1024&amp;ssl=1 683w, https:\/\/i0.wp.com\/alexanderling.ee\/wp-content\/uploads\/2024\/09\/200422_TFW_ALEXANDERLING_Erlend_Staub_132.jpg?resize=768%2C1152&amp;ssl=1 768w, https:\/\/i0.wp.com\/alexanderling.ee\/wp-content\/uploads\/2024\/09\/200422_TFW_ALEXANDERLING_Erlend_Staub_132.jpg?resize=1024%2C1536&amp;ssl=1 1024w, https:\/\/i0.wp.com\/alexanderling.ee\/wp-content\/uploads\/2024\/09\/200422_TFW_ALEXANDERLING_Erlend_Staub_132.jpg?resize=1366%2C2048&amp;ssl=1 1366w, https:\/\/i0.wp.com\/alexanderling.ee\/wp-content\/uploads\/2024\/09\/200422_TFW_ALEXANDERLING_Erlend_Staub_132.jpg?resize=8%2C12&amp;ssl=1 8w, https:\/\/i0.wp.com\/alexanderling.ee\/wp-content\/uploads\/2024\/09\/200422_TFW_ALEXANDERLING_Erlend_Staub_132.jpg?resize=100%2C150&amp;ssl=1 100w, https:\/\/i0.wp.com\/alexanderling.ee\/wp-content\/uploads\/2024\/09\/200422_TFW_ALEXANDERLING_Erlend_Staub_132.jpg?resize=450%2C675&amp;ssl=1 450w, https:\/\/i0.wp.com\/alexanderling.ee\/wp-content\/uploads\/2024\/09\/200422_TFW_ALEXANDERLING_Erlend_Staub_132.jpg?resize=900%2C1350&amp;ssl=1 900w\" \/>\r\n\t\t<\/div><\/div><\/div><\/div><\/div><\/div><div  class=\"sec_row container-fluid\"><div class=\"vc_row wpb_row vc_row-fluid align-center vc_custom_1555550614288 vc_row-o-content-middle vc_row-flex\"><div class=\"wpb_column vc_column_container animation bottom-to-top vc_col-sm-6 vc_col-lg-offset-1 vc_col-lg-6 et-dark-column\"><div class=\"vc_column-inner\"><div class=\"wpb_wrapper\">\t<div class=\"et-image-420 et-image     et_image_link\">\n\t\t<div class=\"et-image-inner\">\n\t\t\t\t\t\t\t<div class=\"et-image-thumb\">\n\t\t\t\t\t<img loading=\"lazy\" decoding=\"async\" width=\"1667\" height=\"2500\" src=\"https:\/\/i0.wp.com\/alexanderling.ee\/wp-content\/uploads\/2024\/09\/ALEXANDERLING-Estoril-Front.jpg?fit=1667%2C2500&amp;ssl=1\" class=\"attachment-full\" alt=\"\" title=\"ALEXANDERLING Estoril Front\" srcset=\"https:\/\/i0.wp.com\/alexanderling.ee\/wp-content\/uploads\/2024\/09\/ALEXANDERLING-Estoril-Front.jpg?w=1667&amp;ssl=1 1667w, https:\/\/i0.wp.com\/alexanderling.ee\/wp-content\/uploads\/2024\/09\/ALEXANDERLING-Estoril-Front.jpg?resize=200%2C300&amp;ssl=1 200w, https:\/\/i0.wp.com\/alexanderling.ee\/wp-content\/uploads\/2024\/09\/ALEXANDERLING-Estoril-Front.jpg?resize=683%2C1024&amp;ssl=1 683w, https:\/\/i0.wp.com\/alexanderling.ee\/wp-content\/uploads\/2024\/09\/ALEXANDERLING-Estoril-Front.jpg?resize=768%2C1152&amp;ssl=1 768w, https:\/\/i0.wp.com\/alexanderling.ee\/wp-content\/uploads\/2024\/09\/ALEXANDERLING-Estoril-Front.jpg?resize=1024%2C1536&amp;ssl=1 1024w, https:\/\/i0.wp.com\/alexanderling.ee\/wp-content\/uploads\/2024\/09\/ALEXANDERLING-Estoril-Front.jpg?resize=1366%2C2048&amp;ssl=1 1366w, https:\/\/i0.wp.com\/alexanderling.ee\/wp-content\/uploads\/2024\/09\/ALEXANDERLING-Estoril-Front.jpg?resize=8%2C12&amp;ssl=1 8w, https:\/\/i0.wp.com\/alexanderling.ee\/wp-content\/uploads\/2024\/09\/ALEXANDERLING-Estoril-Front.jpg?resize=100%2C150&amp;ssl=1 100w, https:\/\/i0.wp.com\/alexanderling.ee\/wp-content\/uploads\/2024\/09\/ALEXANDERLING-Estoril-Front.jpg?resize=450%2C675&amp;ssl=1 450w, https:\/\/i0.wp.com\/alexanderling.ee\/wp-content\/uploads\/2024\/09\/ALEXANDERLING-Estoril-Front.jpg?resize=900%2C1350&amp;ssl=1 900w\" sizes=\"auto, (max-width: 1140px) 100vw, 1140px\" \/>\t\t\t\t<\/div>\n\t\t\t\t\t\t\t\t\t\t\t<\/div>\n\t<\/div>\n  <\/div><\/div><\/div><\/div><\/div><div  class=\"sec_row container-fluid\"><div class=\"vc_row wpb_row vc_row-fluid align-center vc_custom_1727582245896 vc_row-o-content-middle vc_row-flex\"><div class=\"wpb_column vc_column_container animation bottom-to-top vc_col-sm-12 vc_col-lg-4 et-dark-column\"><div class=\"vc_column-inner\"><div class=\"wpb_wrapper\">\t<div class=\"et-image-708 et-image     et_image_link\">\n\t\t<div class=\"et-image-inner\">\n\t\t\t\t\t\t\t<div class=\"et-image-thumb\">\n\t\t\t\t\t<img loading=\"lazy\" decoding=\"async\" width=\"1667\" height=\"2500\" src=\"https:\/\/i0.wp.com\/alexanderling.ee\/wp-content\/uploads\/2024\/09\/ALEXANDERLING-Leiria-Front.jpg?fit=1667%2C2500&amp;ssl=1\" class=\"attachment-full\" alt=\"\" title=\"ALEXANDERLING Leiria Front\" srcset=\"https:\/\/i0.wp.com\/alexanderling.ee\/wp-content\/uploads\/2024\/09\/ALEXANDERLING-Leiria-Front.jpg?w=1667&amp;ssl=1 1667w, https:\/\/i0.wp.com\/alexanderling.ee\/wp-content\/uploads\/2024\/09\/ALEXANDERLING-Leiria-Front.jpg?resize=200%2C300&amp;ssl=1 200w, https:\/\/i0.wp.com\/alexanderling.ee\/wp-content\/uploads\/2024\/09\/ALEXANDERLING-Leiria-Front.jpg?resize=683%2C1024&amp;ssl=1 683w, https:\/\/i0.wp.com\/alexanderling.ee\/wp-content\/uploads\/2024\/09\/ALEXANDERLING-Leiria-Front.jpg?resize=768%2C1152&amp;ssl=1 768w, https:\/\/i0.wp.com\/alexanderling.ee\/wp-content\/uploads\/2024\/09\/ALEXANDERLING-Leiria-Front.jpg?resize=1024%2C1536&amp;ssl=1 1024w, https:\/\/i0.wp.com\/alexanderling.ee\/wp-content\/uploads\/2024\/09\/ALEXANDERLING-Leiria-Front.jpg?resize=1366%2C2048&amp;ssl=1 1366w, https:\/\/i0.wp.com\/alexanderling.ee\/wp-content\/uploads\/2024\/09\/ALEXANDERLING-Leiria-Front.jpg?resize=8%2C12&amp;ssl=1 8w, https:\/\/i0.wp.com\/alexanderling.ee\/wp-content\/uploads\/2024\/09\/ALEXANDERLING-Leiria-Front.jpg?resize=100%2C150&amp;ssl=1 100w, https:\/\/i0.wp.com\/alexanderling.ee\/wp-content\/uploads\/2024\/09\/ALEXANDERLING-Leiria-Front.jpg?resize=450%2C675&amp;ssl=1 450w, https:\/\/i0.wp.com\/alexanderling.ee\/wp-content\/uploads\/2024\/09\/ALEXANDERLING-Leiria-Front.jpg?resize=900%2C1350&amp;ssl=1 900w\" sizes=\"auto, (max-width: 1140px) 100vw, 1140px\" \/>\t\t\t\t<\/div>\n\t\t\t\t\t\t\t\t\t\t\t<\/div>\n\t<\/div>\n  <\/div><\/div><\/div><div data-vc-parallax=\"1.5\" class=\"wpb_column vc_column_container animation top-to-bottom vc_col-sm-12 vc_col-lg-offset-1 vc_col-lg-6 et-light-column vc_col-has-fill vc_general vc_parallax vc_parallax-content-moving\"><div class=\"vc_column-inner  vc_custom_1573185905585\"><div class=\"wpb_wrapper\">\r\n\t\t<div class=\"et-banner-69eb8d03144e4 et-banner content-full  image-type-fluid text-color-light hover-effect hover-zoom\" ><img loading=\"lazy\" decoding=\"async\" width=\"1667\" height=\"2500\" src=\"https:\/\/i0.wp.com\/alexanderling.ee\/wp-content\/uploads\/2024\/10\/200422_TFW_ALEXANDERLING_Erlend_Staub_71.jpg?fit=1667%2C2500&amp;ssl=1\" class=\"et-banner-main-image\" alt=\"\" sizes=\"auto, (max-width: 1140px) 100vw, 1140px\" srcset=\"https:\/\/i0.wp.com\/alexanderling.ee\/wp-content\/uploads\/2024\/10\/200422_TFW_ALEXANDERLING_Erlend_Staub_71.jpg?w=1667&amp;ssl=1 1667w, https:\/\/i0.wp.com\/alexanderling.ee\/wp-content\/uploads\/2024\/10\/200422_TFW_ALEXANDERLING_Erlend_Staub_71.jpg?resize=200%2C300&amp;ssl=1 200w, https:\/\/i0.wp.com\/alexanderling.ee\/wp-content\/uploads\/2024\/10\/200422_TFW_ALEXANDERLING_Erlend_Staub_71.jpg?resize=683%2C1024&amp;ssl=1 683w, https:\/\/i0.wp.com\/alexanderling.ee\/wp-content\/uploads\/2024\/10\/200422_TFW_ALEXANDERLING_Erlend_Staub_71.jpg?resize=768%2C1152&amp;ssl=1 768w, https:\/\/i0.wp.com\/alexanderling.ee\/wp-content\/uploads\/2024\/10\/200422_TFW_ALEXANDERLING_Erlend_Staub_71.jpg?resize=1024%2C1536&amp;ssl=1 1024w, https:\/\/i0.wp.com\/alexanderling.ee\/wp-content\/uploads\/2024\/10\/200422_TFW_ALEXANDERLING_Erlend_Staub_71.jpg?resize=1366%2C2048&amp;ssl=1 1366w, https:\/\/i0.wp.com\/alexanderling.ee\/wp-content\/uploads\/2024\/10\/200422_TFW_ALEXANDERLING_Erlend_Staub_71.jpg?resize=8%2C12&amp;ssl=1 8w, https:\/\/i0.wp.com\/alexanderling.ee\/wp-content\/uploads\/2024\/10\/200422_TFW_ALEXANDERLING_Erlend_Staub_71.jpg?resize=100%2C150&amp;ssl=1 100w, https:\/\/i0.wp.com\/alexanderling.ee\/wp-content\/uploads\/2024\/10\/200422_TFW_ALEXANDERLING_Erlend_Staub_71.jpg?resize=450%2C675&amp;ssl=1 450w, https:\/\/i0.wp.com\/alexanderling.ee\/wp-content\/uploads\/2024\/10\/200422_TFW_ALEXANDERLING_Erlend_Staub_71.jpg?resize=900%2C1350&amp;ssl=1 900w\" \/>\r\n\t\t<\/div><\/div><\/div><\/div><\/div><\/div>\n<\/div>","protected":false},"excerpt":{"rendered":"\"Louisiana\" Collection Spring\/Summer 2020 \"This collection is about the madness of the prairie,\" explains the Sami story of the collection, fashion designer Anu Ling. \"1862. In 1940, US President Abraham Lincoln approved the Homestead Act, which gave unmarried women and widows the right to their own piece of land in [...]","protected":false},"author":1,"featured_media":0,"parent":0,"menu_order":0,"comment_status":"closed","ping_status":"closed","template":"","meta":{"nf_dc_page":"","footnotes":""},"class_list":["post-7912","page","type-page","status-publish","hentry"],"jetpack_sharing_enabled":true,"_links":{"self":[{"href":"https:\/\/alexanderling.ee\/et\/wp-json\/wp\/v2\/pages\/7912","targetHints":{"allow":["GET"]}}],"collection":[{"href":"https:\/\/alexanderling.ee\/et\/wp-json\/wp\/v2\/pages"}],"about":[{"href":"https:\/\/alexanderling.ee\/et\/wp-json\/wp\/v2\/types\/page"}],"author":[{"embeddable":true,"href":"https:\/\/alexanderling.ee\/et\/wp-json\/wp\/v2\/users\/1"}],"replies":[{"embeddable":true,"href":"https:\/\/alexanderling.ee\/et\/wp-json\/wp\/v2\/comments?post=7912"}],"version-history":[{"count":5,"href":"https:\/\/alexanderling.ee\/et\/wp-json\/wp\/v2\/pages\/7912\/revisions"}],"predecessor-version":[{"id":9388,"href":"https:\/\/alexanderling.ee\/et\/wp-json\/wp\/v2\/pages\/7912\/revisions\/9388"}],"wp:attachment":[{"href":"https:\/\/alexanderling.ee\/et\/wp-json\/wp\/v2\/media?parent=7912"}],"curies":[{"name":"wp","href":"https:\/\/api.w.org\/{rel}","templated":true}]}}