{"id":7962,"date":"2024-09-29T08:41:10","date_gmt":"2024-09-29T05:41:10","guid":{"rendered":"https:\/\/alexanderling.ee\/?page_id=7962"},"modified":"2025-03-03T13:25:43","modified_gmt":"2025-03-03T10:25:43","slug":"india-within-spring-summer-2019","status":"publish","type":"page","link":"https:\/\/alexanderling.ee\/et\/india-within-spring-summer-2019\/","title":{"rendered":"India Within Collection &#8211; Spring\/Summer 2019"},"content":{"rendered":"<div class=\"wpb-content-wrapper\"><div  class=\"sec_row container-fluid\"><div class=\"vc_row wpb_row vc_row-fluid vc_custom_1573187171262 vc_row-o-content-middle vc_row-flex\"><div class=\"wpb_column vc_column_container animation bottom-to-top vc_col-sm-12 vc_col-lg-offset-1 vc_col-lg-4 et-dark-column\"><div class=\"vc_column-inner  vc_custom_1573187307217\"><div class=\"wpb_wrapper\">\n\t<div class=\"wpb_text_column wpb_content_element   vc_custom_1729189183340 preline-large\" >\n\t\t<div class=\"wpb_wrapper\">\n\t\t\t<h1>Kollektsioon \u201cIndia Within\"<\/h1>\n<h4>Kevad\/Suvi 2019<\/h4>\n\n\t\t<\/div>\n\t<\/div>\n\n\t<div class=\"wpb_text_column wpb_content_element\" >\n\t\t<div class=\"wpb_wrapper\">\n\t\t\t<p><span style=\"font-weight: 400;\">2019. aasta kevad\/suvel on moekunstnik Anu Ling m\u00f5elnud sellele, mida naised soovivad, kaasaegsele naiselikkusele ja kuidas neid ideid kollektsioonis kureerida.<\/span><\/p>\n<p><span style=\"font-weight: 400;\">\"S\u00fcgisel oli mul v\u00f5imalus kogeda Indiat tavap\u00e4rasest huvitavamal viisil. Ma reisisin P\u00f5hja-Indias linnast linna m\u00f6\u00f6da kohalikke teid, n\u00e4gin India naisi nende igap\u00e4evastes toimingutes ja erinevates olukordades. Seda rikkaliku kultuuri, kus kirkad v\u00e4rvid on argip\u00e4eva osaks, rahustasid maha m\u00e4gised, kohati porised loodustoonid vihmaperioodi l\u00f5pul,\u201d \u00fctleb ta. Esindatud on palju v\u00e4rve, erinevaid toone. Palett on tugev: oran\u017e ja fuksia koos vahajate v\u00e4rvitoonide: pruuni, tolmuse halli ning kahvatu bee\u017eiga. Tekstuur on k\u00fcllastatud erineva siidiga - sobitatud ja sobimatu \u00fcheskoos. Kingad on madalad ja kerge siidja l\u00e4ikega, kannast avatud ja terava ninaga. 70-ndate arhiividest inspireeritud v\u00e4rvid kullabee\u017eist, punasest ja mustast on esindatud nii s\u00f5na-s\u00f5nalt kui ka abstraktselt. J\u00e4rjepidevalt on t\u00e4histatud kleitidega loomulikku naiselikkust \u2013 ideid nende minevikust ja tulevikuettepanekuid. On sensuaalsuse puudutusi, n\u00e4put\u00e4is 70ndaid. Ometi on see k\u00f5ik kokku toodud millessegi, mida kapseldades v\u00f5ime kutsuda n\u00fc\u00fcdisaegse naiselikkuse t\u00e4hestikuks.<\/span><\/p>\n\n\t\t<\/div>\n\t<\/div>\n<\/div><\/div><\/div><div class=\"wpb_column vc_column_container animation top-to-bottom vc_col-sm-12 vc_col-lg-offset-1 vc_col-lg-5 et-light-column\"><div class=\"vc_column-inner\"><div class=\"wpb_wrapper\">\r\n\t\t<div class=\"et-banner-69eb92f676612 et-banner content-full  image-type-fluid text-color-light hover-effect hover-zoom\" ><img loading=\"lazy\" decoding=\"async\" width=\"1632\" height=\"2040\" src=\"https:\/\/i0.wp.com\/alexanderling.ee\/wp-content\/uploads\/2024\/09\/TFW-SS2019-catwalk-14.jpg?fit=1632%2C2040&amp;ssl=1\" class=\"et-banner-main-image\" alt=\"\" sizes=\"auto, (max-width: 1140px) 100vw, 1140px\" srcset=\"https:\/\/i0.wp.com\/alexanderling.ee\/wp-content\/uploads\/2024\/09\/TFW-SS2019-catwalk-14.jpg?w=1632&amp;ssl=1 1632w, https:\/\/i0.wp.com\/alexanderling.ee\/wp-content\/uploads\/2024\/09\/TFW-SS2019-catwalk-14.jpg?resize=240%2C300&amp;ssl=1 240w, https:\/\/i0.wp.com\/alexanderling.ee\/wp-content\/uploads\/2024\/09\/TFW-SS2019-catwalk-14.jpg?resize=819%2C1024&amp;ssl=1 819w, https:\/\/i0.wp.com\/alexanderling.ee\/wp-content\/uploads\/2024\/09\/TFW-SS2019-catwalk-14.jpg?resize=768%2C960&amp;ssl=1 768w, https:\/\/i0.wp.com\/alexanderling.ee\/wp-content\/uploads\/2024\/09\/TFW-SS2019-catwalk-14.jpg?resize=1229%2C1536&amp;ssl=1 1229w, https:\/\/i0.wp.com\/alexanderling.ee\/wp-content\/uploads\/2024\/09\/TFW-SS2019-catwalk-14.jpg?resize=10%2C12&amp;ssl=1 10w, https:\/\/i0.wp.com\/alexanderling.ee\/wp-content\/uploads\/2024\/09\/TFW-SS2019-catwalk-14.jpg?resize=120%2C150&amp;ssl=1 120w, https:\/\/i0.wp.com\/alexanderling.ee\/wp-content\/uploads\/2024\/09\/TFW-SS2019-catwalk-14.jpg?resize=450%2C563&amp;ssl=1 450w, https:\/\/i0.wp.com\/alexanderling.ee\/wp-content\/uploads\/2024\/09\/TFW-SS2019-catwalk-14.jpg?resize=900%2C1125&amp;ssl=1 900w\" \/>\r\n\t\t<\/div><\/div><\/div><\/div><\/div><\/div><div  class=\"sec_row container\"><div class=\"vc_row wpb_row vc_row-fluid no-padding vc_custom_1727588771394 vc_row-has-fill vc_row-o-content-middle vc_row-flex\"><div class=\"wpb_column vc_column_container animation left-to-right vc_col-sm-12 vc_col-lg-6 et-dark-column\"><div class=\"vc_column-inner\"><div class=\"wpb_wrapper\">\t<div class=\"et-image-932 et-image     et_image_link\">\n\t\t<div class=\"et-image-inner\">\n\t\t\t\t\t\t\t<div class=\"et-image-thumb\">\n\t\t\t\t\t<img loading=\"lazy\" decoding=\"async\" width=\"1457\" height=\"2040\" src=\"https:\/\/i0.wp.com\/alexanderling.ee\/wp-content\/uploads\/2024\/09\/TFW-SS2019-catwalk-13.jpg?fit=1457%2C2040&amp;ssl=1\" class=\"attachment-full\" alt=\"\" title=\"TFW SS2019 catwalk 13\" srcset=\"https:\/\/i0.wp.com\/alexanderling.ee\/wp-content\/uploads\/2024\/09\/TFW-SS2019-catwalk-13.jpg?w=1457&amp;ssl=1 1457w, https:\/\/i0.wp.com\/alexanderling.ee\/wp-content\/uploads\/2024\/09\/TFW-SS2019-catwalk-13.jpg?resize=214%2C300&amp;ssl=1 214w, https:\/\/i0.wp.com\/alexanderling.ee\/wp-content\/uploads\/2024\/09\/TFW-SS2019-catwalk-13.jpg?resize=731%2C1024&amp;ssl=1 731w, https:\/\/i0.wp.com\/alexanderling.ee\/wp-content\/uploads\/2024\/09\/TFW-SS2019-catwalk-13.jpg?resize=768%2C1075&amp;ssl=1 768w, https:\/\/i0.wp.com\/alexanderling.ee\/wp-content\/uploads\/2024\/09\/TFW-SS2019-catwalk-13.jpg?resize=1097%2C1536&amp;ssl=1 1097w, https:\/\/i0.wp.com\/alexanderling.ee\/wp-content\/uploads\/2024\/09\/TFW-SS2019-catwalk-13.jpg?resize=9%2C12&amp;ssl=1 9w, https:\/\/i0.wp.com\/alexanderling.ee\/wp-content\/uploads\/2024\/09\/TFW-SS2019-catwalk-13.jpg?resize=107%2C150&amp;ssl=1 107w, https:\/\/i0.wp.com\/alexanderling.ee\/wp-content\/uploads\/2024\/09\/TFW-SS2019-catwalk-13.jpg?resize=450%2C630&amp;ssl=1 450w, https:\/\/i0.wp.com\/alexanderling.ee\/wp-content\/uploads\/2024\/09\/TFW-SS2019-catwalk-13.jpg?resize=900%2C1260&amp;ssl=1 900w\" sizes=\"auto, (max-width: 1140px) 100vw, 1140px\" \/>\t\t\t\t<\/div>\n\t\t\t\t\t\t\t\t\t\t\t<\/div>\n\t<\/div>\n  <\/div><\/div><\/div><\/div><\/div><div  class=\"sec_row container-fluid\"><div class=\"vc_row wpb_row vc_row-fluid align-center vc_custom_1727464827350 vc_row-o-content-middle vc_row-flex\"><div class=\"wpb_column vc_column_container animation bottom-to-top vc_col-sm-12 vc_col-lg-4 et-dark-column\"><div class=\"vc_column-inner\"><div class=\"wpb_wrapper\">\t<div class=\"et-image-67 et-image     et_image_link\">\n\t\t<div class=\"et-image-inner\">\n\t\t\t\t\t\t\t<div class=\"et-image-thumb\">\n\t\t\t\t\t<img loading=\"lazy\" decoding=\"async\" width=\"1457\" height=\"2040\" src=\"https:\/\/i0.wp.com\/alexanderling.ee\/wp-content\/uploads\/2024\/09\/TFW-SS2019-catwalk-15.jpg?fit=1457%2C2040&amp;ssl=1\" class=\"attachment-full\" alt=\"\" title=\"TFW SS2019 catwalk 15\" srcset=\"https:\/\/i0.wp.com\/alexanderling.ee\/wp-content\/uploads\/2024\/09\/TFW-SS2019-catwalk-15.jpg?w=1457&amp;ssl=1 1457w, https:\/\/i0.wp.com\/alexanderling.ee\/wp-content\/uploads\/2024\/09\/TFW-SS2019-catwalk-15.jpg?resize=214%2C300&amp;ssl=1 214w, https:\/\/i0.wp.com\/alexanderling.ee\/wp-content\/uploads\/2024\/09\/TFW-SS2019-catwalk-15.jpg?resize=731%2C1024&amp;ssl=1 731w, https:\/\/i0.wp.com\/alexanderling.ee\/wp-content\/uploads\/2024\/09\/TFW-SS2019-catwalk-15.jpg?resize=768%2C1075&amp;ssl=1 768w, https:\/\/i0.wp.com\/alexanderling.ee\/wp-content\/uploads\/2024\/09\/TFW-SS2019-catwalk-15.jpg?resize=1097%2C1536&amp;ssl=1 1097w, https:\/\/i0.wp.com\/alexanderling.ee\/wp-content\/uploads\/2024\/09\/TFW-SS2019-catwalk-15.jpg?resize=9%2C12&amp;ssl=1 9w, https:\/\/i0.wp.com\/alexanderling.ee\/wp-content\/uploads\/2024\/09\/TFW-SS2019-catwalk-15.jpg?resize=107%2C150&amp;ssl=1 107w, https:\/\/i0.wp.com\/alexanderling.ee\/wp-content\/uploads\/2024\/09\/TFW-SS2019-catwalk-15.jpg?resize=450%2C630&amp;ssl=1 450w, https:\/\/i0.wp.com\/alexanderling.ee\/wp-content\/uploads\/2024\/09\/TFW-SS2019-catwalk-15.jpg?resize=900%2C1260&amp;ssl=1 900w\" sizes=\"auto, (max-width: 1140px) 100vw, 1140px\" \/>\t\t\t\t<\/div>\n\t\t\t\t\t\t\t\t\t\t\t<\/div>\n\t<\/div>\n  <\/div><\/div><\/div><div data-vc-parallax=\"1.5\" class=\"wpb_column vc_column_container animation top-to-bottom vc_col-sm-12 vc_col-lg-offset-1 vc_col-lg-6 et-light-column vc_col-has-fill vc_general vc_parallax vc_parallax-content-moving\"><div class=\"vc_column-inner  vc_custom_1573185905585\"><div class=\"wpb_wrapper\">\r\n\t\t<div class=\"et-banner-69eb92f677564 et-banner content-full  image-type-fluid text-color-light hover-effect hover-zoom\" ><img loading=\"lazy\" decoding=\"async\" width=\"1457\" height=\"2040\" src=\"https:\/\/i0.wp.com\/alexanderling.ee\/wp-content\/uploads\/2024\/09\/ALEXANDERLING-Shimla-Red-Front-1.jpg?fit=1457%2C2040&amp;ssl=1\" class=\"et-banner-main-image\" alt=\"\" sizes=\"auto, (max-width: 1140px) 100vw, 1140px\" srcset=\"https:\/\/i0.wp.com\/alexanderling.ee\/wp-content\/uploads\/2024\/09\/ALEXANDERLING-Shimla-Red-Front-1.jpg?w=1457&amp;ssl=1 1457w, https:\/\/i0.wp.com\/alexanderling.ee\/wp-content\/uploads\/2024\/09\/ALEXANDERLING-Shimla-Red-Front-1.jpg?resize=214%2C300&amp;ssl=1 214w, https:\/\/i0.wp.com\/alexanderling.ee\/wp-content\/uploads\/2024\/09\/ALEXANDERLING-Shimla-Red-Front-1.jpg?resize=731%2C1024&amp;ssl=1 731w, https:\/\/i0.wp.com\/alexanderling.ee\/wp-content\/uploads\/2024\/09\/ALEXANDERLING-Shimla-Red-Front-1.jpg?resize=768%2C1075&amp;ssl=1 768w, https:\/\/i0.wp.com\/alexanderling.ee\/wp-content\/uploads\/2024\/09\/ALEXANDERLING-Shimla-Red-Front-1.jpg?resize=1097%2C1536&amp;ssl=1 1097w, https:\/\/i0.wp.com\/alexanderling.ee\/wp-content\/uploads\/2024\/09\/ALEXANDERLING-Shimla-Red-Front-1.jpg?resize=9%2C12&amp;ssl=1 9w, https:\/\/i0.wp.com\/alexanderling.ee\/wp-content\/uploads\/2024\/09\/ALEXANDERLING-Shimla-Red-Front-1.jpg?resize=107%2C150&amp;ssl=1 107w, https:\/\/i0.wp.com\/alexanderling.ee\/wp-content\/uploads\/2024\/09\/ALEXANDERLING-Shimla-Red-Front-1.jpg?resize=450%2C630&amp;ssl=1 450w, https:\/\/i0.wp.com\/alexanderling.ee\/wp-content\/uploads\/2024\/09\/ALEXANDERLING-Shimla-Red-Front-1.jpg?resize=900%2C1260&amp;ssl=1 900w\" \/>\r\n\t\t<\/div><\/div><\/div><\/div><\/div><\/div><div  class=\"sec_row container-fluid\"><div class=\"vc_row wpb_row vc_row-fluid align-center vc_custom_1727465984274 vc_row-o-content-middle vc_row-flex\"><div class=\"wpb_column vc_column_container animation bottom-to-top vc_col-sm-6 vc_col-lg-offset-1 vc_col-lg-6 et-dark-column\"><div class=\"vc_column-inner\"><div class=\"wpb_wrapper\">\t<div class=\"et-image-328 et-image     et_image_link\">\n\t\t<div class=\"et-image-inner\">\n\t\t\t\t\t\t\t<div class=\"et-image-thumb\">\n\t\t\t\t\t<img loading=\"lazy\" decoding=\"async\" width=\"1457\" height=\"2040\" src=\"https:\/\/i0.wp.com\/alexanderling.ee\/wp-content\/uploads\/2024\/09\/TFW-SS2019-catwalk-1.jpg?fit=1457%2C2040&amp;ssl=1\" class=\"attachment-full\" alt=\"\" title=\"TFW SS2019 catwalk 1\" srcset=\"https:\/\/i0.wp.com\/alexanderling.ee\/wp-content\/uploads\/2024\/09\/TFW-SS2019-catwalk-1.jpg?w=1457&amp;ssl=1 1457w, https:\/\/i0.wp.com\/alexanderling.ee\/wp-content\/uploads\/2024\/09\/TFW-SS2019-catwalk-1.jpg?resize=214%2C300&amp;ssl=1 214w, https:\/\/i0.wp.com\/alexanderling.ee\/wp-content\/uploads\/2024\/09\/TFW-SS2019-catwalk-1.jpg?resize=731%2C1024&amp;ssl=1 731w, https:\/\/i0.wp.com\/alexanderling.ee\/wp-content\/uploads\/2024\/09\/TFW-SS2019-catwalk-1.jpg?resize=768%2C1075&amp;ssl=1 768w, https:\/\/i0.wp.com\/alexanderling.ee\/wp-content\/uploads\/2024\/09\/TFW-SS2019-catwalk-1.jpg?resize=1097%2C1536&amp;ssl=1 1097w, https:\/\/i0.wp.com\/alexanderling.ee\/wp-content\/uploads\/2024\/09\/TFW-SS2019-catwalk-1.jpg?resize=9%2C12&amp;ssl=1 9w, https:\/\/i0.wp.com\/alexanderling.ee\/wp-content\/uploads\/2024\/09\/TFW-SS2019-catwalk-1.jpg?resize=107%2C150&amp;ssl=1 107w, https:\/\/i0.wp.com\/alexanderling.ee\/wp-content\/uploads\/2024\/09\/TFW-SS2019-catwalk-1.jpg?resize=450%2C630&amp;ssl=1 450w, https:\/\/i0.wp.com\/alexanderling.ee\/wp-content\/uploads\/2024\/09\/TFW-SS2019-catwalk-1.jpg?resize=900%2C1260&amp;ssl=1 900w\" sizes=\"auto, (max-width: 1140px) 100vw, 1140px\" \/>\t\t\t\t<\/div>\n\t\t\t\t\t\t\t\t\t\t\t<\/div>\n\t<\/div>\n  <\/div><\/div><\/div><\/div><\/div><div  class=\"sec_row container-fluid\"><div class=\"vc_row wpb_row vc_row-fluid align-center vc_custom_1727582245896 vc_row-o-content-middle vc_row-flex\"><div class=\"wpb_column vc_column_container animation bottom-to-top vc_col-sm-12 vc_col-lg-4 et-dark-column\"><div class=\"vc_column-inner\"><div class=\"wpb_wrapper\">\t<div class=\"et-image-146 et-image     et_image_link\">\n\t\t<div class=\"et-image-inner\">\n\t\t\t\t\t\t\t<div class=\"et-image-thumb\">\n\t\t\t\t\t<img loading=\"lazy\" decoding=\"async\" width=\"1457\" height=\"2040\" src=\"https:\/\/i0.wp.com\/alexanderling.ee\/wp-content\/uploads\/2024\/09\/TFW-SS2019-catwalk-16-1.jpg?fit=1457%2C2040&amp;ssl=1\" class=\"attachment-full\" alt=\"\" title=\"TFW SS2019 catwalk 16-1\" srcset=\"https:\/\/i0.wp.com\/alexanderling.ee\/wp-content\/uploads\/2024\/09\/TFW-SS2019-catwalk-16-1.jpg?w=1457&amp;ssl=1 1457w, https:\/\/i0.wp.com\/alexanderling.ee\/wp-content\/uploads\/2024\/09\/TFW-SS2019-catwalk-16-1.jpg?resize=214%2C300&amp;ssl=1 214w, https:\/\/i0.wp.com\/alexanderling.ee\/wp-content\/uploads\/2024\/09\/TFW-SS2019-catwalk-16-1.jpg?resize=731%2C1024&amp;ssl=1 731w, https:\/\/i0.wp.com\/alexanderling.ee\/wp-content\/uploads\/2024\/09\/TFW-SS2019-catwalk-16-1.jpg?resize=768%2C1075&amp;ssl=1 768w, https:\/\/i0.wp.com\/alexanderling.ee\/wp-content\/uploads\/2024\/09\/TFW-SS2019-catwalk-16-1.jpg?resize=1097%2C1536&amp;ssl=1 1097w, https:\/\/i0.wp.com\/alexanderling.ee\/wp-content\/uploads\/2024\/09\/TFW-SS2019-catwalk-16-1.jpg?resize=9%2C12&amp;ssl=1 9w, https:\/\/i0.wp.com\/alexanderling.ee\/wp-content\/uploads\/2024\/09\/TFW-SS2019-catwalk-16-1.jpg?resize=107%2C150&amp;ssl=1 107w, https:\/\/i0.wp.com\/alexanderling.ee\/wp-content\/uploads\/2024\/09\/TFW-SS2019-catwalk-16-1.jpg?resize=450%2C630&amp;ssl=1 450w, https:\/\/i0.wp.com\/alexanderling.ee\/wp-content\/uploads\/2024\/09\/TFW-SS2019-catwalk-16-1.jpg?resize=900%2C1260&amp;ssl=1 900w\" sizes=\"auto, (max-width: 1140px) 100vw, 1140px\" \/>\t\t\t\t<\/div>\n\t\t\t\t\t\t\t\t\t\t\t<\/div>\n\t<\/div>\n  <\/div><\/div><\/div><div data-vc-parallax=\"1.5\" class=\"wpb_column vc_column_container animation top-to-bottom vc_col-sm-12 vc_col-lg-offset-1 vc_col-lg-6 et-light-column vc_col-has-fill vc_general vc_parallax vc_parallax-content-moving\"><div class=\"vc_column-inner  vc_custom_1573185905585\"><div class=\"wpb_wrapper\">\r\n\t\t<div class=\"et-banner-69eb92f678223 et-banner content-full  image-type-fluid text-color-light hover-effect hover-zoom\" ><img loading=\"lazy\" decoding=\"async\" width=\"1457\" height=\"2040\" src=\"https:\/\/i0.wp.com\/alexanderling.ee\/wp-content\/uploads\/2024\/09\/TFW-SS2019-catwalk-23.jpg?fit=1457%2C2040&amp;ssl=1\" class=\"et-banner-main-image\" alt=\"\" sizes=\"auto, (max-width: 1140px) 100vw, 1140px\" srcset=\"https:\/\/i0.wp.com\/alexanderling.ee\/wp-content\/uploads\/2024\/09\/TFW-SS2019-catwalk-23.jpg?w=1457&amp;ssl=1 1457w, https:\/\/i0.wp.com\/alexanderling.ee\/wp-content\/uploads\/2024\/09\/TFW-SS2019-catwalk-23.jpg?resize=214%2C300&amp;ssl=1 214w, https:\/\/i0.wp.com\/alexanderling.ee\/wp-content\/uploads\/2024\/09\/TFW-SS2019-catwalk-23.jpg?resize=731%2C1024&amp;ssl=1 731w, https:\/\/i0.wp.com\/alexanderling.ee\/wp-content\/uploads\/2024\/09\/TFW-SS2019-catwalk-23.jpg?resize=768%2C1075&amp;ssl=1 768w, https:\/\/i0.wp.com\/alexanderling.ee\/wp-content\/uploads\/2024\/09\/TFW-SS2019-catwalk-23.jpg?resize=1097%2C1536&amp;ssl=1 1097w, https:\/\/i0.wp.com\/alexanderling.ee\/wp-content\/uploads\/2024\/09\/TFW-SS2019-catwalk-23.jpg?resize=9%2C12&amp;ssl=1 9w, https:\/\/i0.wp.com\/alexanderling.ee\/wp-content\/uploads\/2024\/09\/TFW-SS2019-catwalk-23.jpg?resize=107%2C150&amp;ssl=1 107w, https:\/\/i0.wp.com\/alexanderling.ee\/wp-content\/uploads\/2024\/09\/TFW-SS2019-catwalk-23.jpg?resize=450%2C630&amp;ssl=1 450w, https:\/\/i0.wp.com\/alexanderling.ee\/wp-content\/uploads\/2024\/09\/TFW-SS2019-catwalk-23.jpg?resize=900%2C1260&amp;ssl=1 900w\" \/>\r\n\t\t<\/div><\/div><\/div><\/div><\/div><\/div><div  class=\"sec_row container-fluid\"><div class=\"vc_row wpb_row vc_row-fluid align-center vc_custom_1555550614288 vc_row-o-content-middle vc_row-flex\"><div class=\"wpb_column vc_column_container animation bottom-to-top vc_col-sm-6 vc_col-lg-offset-1 vc_col-lg-6 et-dark-column\"><div class=\"vc_column-inner\"><div class=\"wpb_wrapper\">\t<div class=\"et-image-617 et-image     et_image_link\">\n\t\t<div class=\"et-image-inner\">\n\t\t\t\t\t\t\t<div class=\"et-image-thumb\">\n\t\t\t\t\t<img loading=\"lazy\" decoding=\"async\" width=\"1457\" height=\"2040\" src=\"https:\/\/i0.wp.com\/alexanderling.ee\/wp-content\/uploads\/2024\/09\/ALEXANDERLING-Gurdaspur-Fuchsia-Front-1.jpg?fit=1457%2C2040&amp;ssl=1\" class=\"attachment-full\" alt=\"\" title=\"ALEXANDERLING Gurdaspur Fuchsia Front 1\" srcset=\"https:\/\/i0.wp.com\/alexanderling.ee\/wp-content\/uploads\/2024\/09\/ALEXANDERLING-Gurdaspur-Fuchsia-Front-1.jpg?w=1457&amp;ssl=1 1457w, https:\/\/i0.wp.com\/alexanderling.ee\/wp-content\/uploads\/2024\/09\/ALEXANDERLING-Gurdaspur-Fuchsia-Front-1.jpg?resize=214%2C300&amp;ssl=1 214w, https:\/\/i0.wp.com\/alexanderling.ee\/wp-content\/uploads\/2024\/09\/ALEXANDERLING-Gurdaspur-Fuchsia-Front-1.jpg?resize=731%2C1024&amp;ssl=1 731w, https:\/\/i0.wp.com\/alexanderling.ee\/wp-content\/uploads\/2024\/09\/ALEXANDERLING-Gurdaspur-Fuchsia-Front-1.jpg?resize=768%2C1075&amp;ssl=1 768w, https:\/\/i0.wp.com\/alexanderling.ee\/wp-content\/uploads\/2024\/09\/ALEXANDERLING-Gurdaspur-Fuchsia-Front-1.jpg?resize=1097%2C1536&amp;ssl=1 1097w, https:\/\/i0.wp.com\/alexanderling.ee\/wp-content\/uploads\/2024\/09\/ALEXANDERLING-Gurdaspur-Fuchsia-Front-1.jpg?resize=9%2C12&amp;ssl=1 9w, https:\/\/i0.wp.com\/alexanderling.ee\/wp-content\/uploads\/2024\/09\/ALEXANDERLING-Gurdaspur-Fuchsia-Front-1.jpg?resize=107%2C150&amp;ssl=1 107w, https:\/\/i0.wp.com\/alexanderling.ee\/wp-content\/uploads\/2024\/09\/ALEXANDERLING-Gurdaspur-Fuchsia-Front-1.jpg?resize=450%2C630&amp;ssl=1 450w, https:\/\/i0.wp.com\/alexanderling.ee\/wp-content\/uploads\/2024\/09\/ALEXANDERLING-Gurdaspur-Fuchsia-Front-1.jpg?resize=900%2C1260&amp;ssl=1 900w\" sizes=\"auto, (max-width: 1140px) 100vw, 1140px\" \/>\t\t\t\t<\/div>\n\t\t\t\t\t\t\t\t\t\t\t<\/div>\n\t<\/div>\n  <\/div><\/div><\/div><\/div><\/div><div  class=\"sec_row container-fluid\"><div class=\"vc_row wpb_row vc_row-fluid align-center vc_custom_1727582245896 vc_row-o-content-middle vc_row-flex\"><div class=\"wpb_column vc_column_container animation bottom-to-top vc_col-sm-12 vc_col-lg-4 et-dark-column\"><div class=\"vc_column-inner\"><div class=\"wpb_wrapper\">\t<div class=\"et-image-517 et-image     et_image_link\">\n\t\t<div class=\"et-image-inner\">\n\t\t\t\t\t\t\t<div class=\"et-image-thumb\">\n\t\t\t\t\t<img loading=\"lazy\" decoding=\"async\" width=\"1457\" height=\"2040\" src=\"https:\/\/i0.wp.com\/alexanderling.ee\/wp-content\/uploads\/2024\/09\/TFW-SS2019-catwalk-25-11.jpg?fit=1457%2C2040&amp;ssl=1\" class=\"attachment-full\" alt=\"\" title=\"TFW SS2019 catwalk 25-11\" srcset=\"https:\/\/i0.wp.com\/alexanderling.ee\/wp-content\/uploads\/2024\/09\/TFW-SS2019-catwalk-25-11.jpg?w=1457&amp;ssl=1 1457w, https:\/\/i0.wp.com\/alexanderling.ee\/wp-content\/uploads\/2024\/09\/TFW-SS2019-catwalk-25-11.jpg?resize=214%2C300&amp;ssl=1 214w, https:\/\/i0.wp.com\/alexanderling.ee\/wp-content\/uploads\/2024\/09\/TFW-SS2019-catwalk-25-11.jpg?resize=731%2C1024&amp;ssl=1 731w, https:\/\/i0.wp.com\/alexanderling.ee\/wp-content\/uploads\/2024\/09\/TFW-SS2019-catwalk-25-11.jpg?resize=768%2C1075&amp;ssl=1 768w, https:\/\/i0.wp.com\/alexanderling.ee\/wp-content\/uploads\/2024\/09\/TFW-SS2019-catwalk-25-11.jpg?resize=1097%2C1536&amp;ssl=1 1097w, https:\/\/i0.wp.com\/alexanderling.ee\/wp-content\/uploads\/2024\/09\/TFW-SS2019-catwalk-25-11.jpg?resize=9%2C12&amp;ssl=1 9w, https:\/\/i0.wp.com\/alexanderling.ee\/wp-content\/uploads\/2024\/09\/TFW-SS2019-catwalk-25-11.jpg?resize=107%2C150&amp;ssl=1 107w, https:\/\/i0.wp.com\/alexanderling.ee\/wp-content\/uploads\/2024\/09\/TFW-SS2019-catwalk-25-11.jpg?resize=450%2C630&amp;ssl=1 450w, https:\/\/i0.wp.com\/alexanderling.ee\/wp-content\/uploads\/2024\/09\/TFW-SS2019-catwalk-25-11.jpg?resize=900%2C1260&amp;ssl=1 900w\" sizes=\"auto, (max-width: 1140px) 100vw, 1140px\" \/>\t\t\t\t<\/div>\n\t\t\t\t\t\t\t\t\t\t\t<\/div>\n\t<\/div>\n  <\/div><\/div><\/div><div data-vc-parallax=\"1.5\" class=\"wpb_column vc_column_container animation top-to-bottom vc_col-sm-12 vc_col-lg-offset-1 vc_col-lg-6 et-light-column vc_col-has-fill vc_general vc_parallax vc_parallax-content-moving\"><div class=\"vc_column-inner  vc_custom_1573185905585\"><div class=\"wpb_wrapper\">\r\n\t\t<div class=\"et-banner-69eb92f678e7d et-banner content-full  image-type-fluid text-color-light hover-effect hover-zoom\" ><img loading=\"lazy\" decoding=\"async\" width=\"1632\" height=\"2040\" src=\"https:\/\/i0.wp.com\/alexanderling.ee\/wp-content\/uploads\/2024\/10\/TFW-SS2019-catwalk-26-1.jpg?fit=1632%2C2040&amp;ssl=1\" class=\"et-banner-main-image\" alt=\"\" sizes=\"auto, (max-width: 1140px) 100vw, 1140px\" srcset=\"https:\/\/i0.wp.com\/alexanderling.ee\/wp-content\/uploads\/2024\/10\/TFW-SS2019-catwalk-26-1.jpg?w=1632&amp;ssl=1 1632w, https:\/\/i0.wp.com\/alexanderling.ee\/wp-content\/uploads\/2024\/10\/TFW-SS2019-catwalk-26-1.jpg?resize=240%2C300&amp;ssl=1 240w, https:\/\/i0.wp.com\/alexanderling.ee\/wp-content\/uploads\/2024\/10\/TFW-SS2019-catwalk-26-1.jpg?resize=819%2C1024&amp;ssl=1 819w, https:\/\/i0.wp.com\/alexanderling.ee\/wp-content\/uploads\/2024\/10\/TFW-SS2019-catwalk-26-1.jpg?resize=768%2C960&amp;ssl=1 768w, https:\/\/i0.wp.com\/alexanderling.ee\/wp-content\/uploads\/2024\/10\/TFW-SS2019-catwalk-26-1.jpg?resize=1229%2C1536&amp;ssl=1 1229w, https:\/\/i0.wp.com\/alexanderling.ee\/wp-content\/uploads\/2024\/10\/TFW-SS2019-catwalk-26-1.jpg?resize=10%2C12&amp;ssl=1 10w, https:\/\/i0.wp.com\/alexanderling.ee\/wp-content\/uploads\/2024\/10\/TFW-SS2019-catwalk-26-1.jpg?resize=120%2C150&amp;ssl=1 120w, https:\/\/i0.wp.com\/alexanderling.ee\/wp-content\/uploads\/2024\/10\/TFW-SS2019-catwalk-26-1.jpg?resize=450%2C563&amp;ssl=1 450w, https:\/\/i0.wp.com\/alexanderling.ee\/wp-content\/uploads\/2024\/10\/TFW-SS2019-catwalk-26-1.jpg?resize=900%2C1125&amp;ssl=1 900w\" \/>\r\n\t\t<\/div><\/div><\/div><\/div><\/div><\/div>\n<\/div>","protected":false},"excerpt":{"rendered":"\"India Within\" Collection Spring\/Summer 2019 For Spring\/Summer 2019, fashion designer Anu Ling has been thinking about what women want, modern femininity and how to curate these ideas in the collection. \u2019In Autumn, I had the opportunity to experience India in a more interesting way than usual. I traveled from town [...]","protected":false},"author":1,"featured_media":0,"parent":0,"menu_order":0,"comment_status":"closed","ping_status":"closed","template":"","meta":{"nf_dc_page":"","footnotes":""},"class_list":["post-7962","page","type-page","status-publish","hentry"],"jetpack_sharing_enabled":true,"_links":{"self":[{"href":"https:\/\/alexanderling.ee\/et\/wp-json\/wp\/v2\/pages\/7962","targetHints":{"allow":["GET"]}}],"collection":[{"href":"https:\/\/alexanderling.ee\/et\/wp-json\/wp\/v2\/pages"}],"about":[{"href":"https:\/\/alexanderling.ee\/et\/wp-json\/wp\/v2\/types\/page"}],"author":[{"embeddable":true,"href":"https:\/\/alexanderling.ee\/et\/wp-json\/wp\/v2\/users\/1"}],"replies":[{"embeddable":true,"href":"https:\/\/alexanderling.ee\/et\/wp-json\/wp\/v2\/comments?post=7962"}],"version-history":[{"count":5,"href":"https:\/\/alexanderling.ee\/et\/wp-json\/wp\/v2\/pages\/7962\/revisions"}],"predecessor-version":[{"id":9392,"href":"https:\/\/alexanderling.ee\/et\/wp-json\/wp\/v2\/pages\/7962\/revisions\/9392"}],"wp:attachment":[{"href":"https:\/\/alexanderling.ee\/et\/wp-json\/wp\/v2\/media?parent=7962"}],"curies":[{"name":"wp","href":"https:\/\/api.w.org\/{rel}","templated":true}]}}