{"id":8164,"date":"2024-10-17T22:52:01","date_gmt":"2024-10-17T19:52:01","guid":{"rendered":"https:\/\/alexanderling.ee\/?page_id=8164"},"modified":"2025-03-03T14:47:37","modified_gmt":"2025-03-03T11:47:37","slug":"contrasts-autumn-winter-2017","status":"publish","type":"page","link":"https:\/\/alexanderling.ee\/et\/contrasts-autumn-winter-2017\/","title":{"rendered":"Contrasts Collection &#8211; Autumn\/Winter 2017"},"content":{"rendered":"<div class=\"wpb-content-wrapper\"><div  class=\"sec_row container-fluid\"><div class=\"vc_row wpb_row vc_row-fluid vc_custom_1573187171262 vc_row-o-content-middle vc_row-flex\"><div class=\"wpb_column vc_column_container animation bottom-to-top vc_col-sm-12 vc_col-lg-offset-1 vc_col-lg-4 et-dark-column\"><div class=\"vc_column-inner  vc_custom_1573187307217\"><div class=\"wpb_wrapper\">\n\t<div class=\"wpb_text_column wpb_content_element   vc_custom_1729195348153 preline-large\" >\n\t\t<div class=\"wpb_wrapper\">\n\t\t\t<h1>Kollektsioon \"Contrasts\"<\/h1>\n<h4>S\u00fcgis\/Talv 2017<\/h4>\n\n\t\t<\/div>\n\t<\/div>\n\n\t<div class=\"wpb_text_column wpb_content_element\" >\n\t\t<div class=\"wpb_wrapper\">\n\t\t\t<p><span style=\"font-weight: 400;\">2017. aasta s\u00fcgisel olen m\u00f5elnud talveperioodile, mis ei oleks lihtsalt mustvalge, vaid milles oleks bukleekanga rikkust, s\u00e4delust, satse, kohati koketsust, aga seda k\u00f5ike v\u00e4ga magusas v\u00f5tmes, mida k\u00f5ike pehmendavad oliivrohelised ja tumehallid toonid. Kangastest leidub laserl\u00f5ikelist neopreeni, siidiorganzal villalille motiive, aga ka pitsi ja siidisatiini. \u00dchelt poolt nii pehmed ja klassikalised l\u00f5iked nagu pliiatsseelikud ja varrukateta topid on need, mis on aja jooksul talviti kandjate lemmikuks saanud ja ka siin kollektsioonis oma koha leidnud, teisalt on sisse toodud aga kohmas keeduvillamantel ja pikendatud \u00f5laga dressipluusi l\u00f5iget.<\/span><\/p>\n\n\t\t<\/div>\n\t<\/div>\n<\/div><\/div><\/div><div class=\"wpb_column vc_column_container animation top-to-bottom vc_col-sm-12 vc_col-lg-offset-1 vc_col-lg-5 et-light-column\"><div class=\"vc_column-inner\"><div class=\"wpb_wrapper\">\r\n\t\t<div class=\"et-banner-69eb8d031b189 et-banner content-full  image-type-fluid text-color-light hover-effect hover-zoom\" ><img loading=\"lazy\" decoding=\"async\" width=\"1707\" height=\"2560\" src=\"https:\/\/i0.wp.com\/alexanderling.ee\/wp-content\/uploads\/2024\/10\/ALEXANDERLING-AW201718-Port-De-Sa-Calobra-front-scaled.jpg?fit=1707%2C2560&amp;ssl=1\" class=\"et-banner-main-image\" alt=\"\" sizes=\"auto, (max-width: 1140px) 100vw, 1140px\" srcset=\"https:\/\/i0.wp.com\/alexanderling.ee\/wp-content\/uploads\/2024\/10\/ALEXANDERLING-AW201718-Port-De-Sa-Calobra-front-scaled.jpg?w=1707&amp;ssl=1 1707w, https:\/\/i0.wp.com\/alexanderling.ee\/wp-content\/uploads\/2024\/10\/ALEXANDERLING-AW201718-Port-De-Sa-Calobra-front-scaled.jpg?resize=200%2C300&amp;ssl=1 200w, https:\/\/i0.wp.com\/alexanderling.ee\/wp-content\/uploads\/2024\/10\/ALEXANDERLING-AW201718-Port-De-Sa-Calobra-front-scaled.jpg?resize=683%2C1024&amp;ssl=1 683w, https:\/\/i0.wp.com\/alexanderling.ee\/wp-content\/uploads\/2024\/10\/ALEXANDERLING-AW201718-Port-De-Sa-Calobra-front-scaled.jpg?resize=768%2C1152&amp;ssl=1 768w, https:\/\/i0.wp.com\/alexanderling.ee\/wp-content\/uploads\/2024\/10\/ALEXANDERLING-AW201718-Port-De-Sa-Calobra-front-scaled.jpg?resize=1024%2C1536&amp;ssl=1 1024w, https:\/\/i0.wp.com\/alexanderling.ee\/wp-content\/uploads\/2024\/10\/ALEXANDERLING-AW201718-Port-De-Sa-Calobra-front-scaled.jpg?resize=1365%2C2048&amp;ssl=1 1365w, https:\/\/i0.wp.com\/alexanderling.ee\/wp-content\/uploads\/2024\/10\/ALEXANDERLING-AW201718-Port-De-Sa-Calobra-front-scaled.jpg?resize=8%2C12&amp;ssl=1 8w, https:\/\/i0.wp.com\/alexanderling.ee\/wp-content\/uploads\/2024\/10\/ALEXANDERLING-AW201718-Port-De-Sa-Calobra-front-scaled.jpg?resize=100%2C150&amp;ssl=1 100w, https:\/\/i0.wp.com\/alexanderling.ee\/wp-content\/uploads\/2024\/10\/ALEXANDERLING-AW201718-Port-De-Sa-Calobra-front-scaled.jpg?resize=450%2C675&amp;ssl=1 450w, https:\/\/i0.wp.com\/alexanderling.ee\/wp-content\/uploads\/2024\/10\/ALEXANDERLING-AW201718-Port-De-Sa-Calobra-front-scaled.jpg?resize=900%2C1350&amp;ssl=1 900w\" \/>\r\n\t\t<\/div><\/div><\/div><\/div><\/div><\/div><div  class=\"sec_row container\"><div class=\"vc_row wpb_row vc_row-fluid no-padding vc_custom_1729195827268 vc_row-has-fill vc_row-o-content-middle vc_row-flex\"><div class=\"wpb_column vc_column_container animation left-to-right vc_col-sm-12 vc_col-lg-6 et-dark-column\"><div class=\"vc_column-inner\"><div class=\"wpb_wrapper\">\t<div class=\"et-image-537 et-image     et_image_link\">\n\t\t<div class=\"et-image-inner\">\n\t\t\t\t\t\t\t<div class=\"et-image-thumb\">\n\t\t\t\t\t<img loading=\"lazy\" decoding=\"async\" width=\"1707\" height=\"2560\" src=\"https:\/\/i0.wp.com\/alexanderling.ee\/wp-content\/uploads\/2024\/10\/ALEXANDERLING-AW201718-Pollenca-Deia-front-scaled.jpg?fit=1707%2C2560&amp;ssl=1\" class=\"attachment-full\" alt=\"\" title=\"ALEXANDERLING AW201718 Pollenca, Deia front\" srcset=\"https:\/\/i0.wp.com\/alexanderling.ee\/wp-content\/uploads\/2024\/10\/ALEXANDERLING-AW201718-Pollenca-Deia-front-scaled.jpg?w=1707&amp;ssl=1 1707w, https:\/\/i0.wp.com\/alexanderling.ee\/wp-content\/uploads\/2024\/10\/ALEXANDERLING-AW201718-Pollenca-Deia-front-scaled.jpg?resize=200%2C300&amp;ssl=1 200w, https:\/\/i0.wp.com\/alexanderling.ee\/wp-content\/uploads\/2024\/10\/ALEXANDERLING-AW201718-Pollenca-Deia-front-scaled.jpg?resize=683%2C1024&amp;ssl=1 683w, https:\/\/i0.wp.com\/alexanderling.ee\/wp-content\/uploads\/2024\/10\/ALEXANDERLING-AW201718-Pollenca-Deia-front-scaled.jpg?resize=768%2C1152&amp;ssl=1 768w, https:\/\/i0.wp.com\/alexanderling.ee\/wp-content\/uploads\/2024\/10\/ALEXANDERLING-AW201718-Pollenca-Deia-front-scaled.jpg?resize=1024%2C1536&amp;ssl=1 1024w, https:\/\/i0.wp.com\/alexanderling.ee\/wp-content\/uploads\/2024\/10\/ALEXANDERLING-AW201718-Pollenca-Deia-front-scaled.jpg?resize=1365%2C2048&amp;ssl=1 1365w, https:\/\/i0.wp.com\/alexanderling.ee\/wp-content\/uploads\/2024\/10\/ALEXANDERLING-AW201718-Pollenca-Deia-front-scaled.jpg?resize=8%2C12&amp;ssl=1 8w, https:\/\/i0.wp.com\/alexanderling.ee\/wp-content\/uploads\/2024\/10\/ALEXANDERLING-AW201718-Pollenca-Deia-front-scaled.jpg?resize=100%2C150&amp;ssl=1 100w, https:\/\/i0.wp.com\/alexanderling.ee\/wp-content\/uploads\/2024\/10\/ALEXANDERLING-AW201718-Pollenca-Deia-front-scaled.jpg?resize=450%2C675&amp;ssl=1 450w, https:\/\/i0.wp.com\/alexanderling.ee\/wp-content\/uploads\/2024\/10\/ALEXANDERLING-AW201718-Pollenca-Deia-front-scaled.jpg?resize=900%2C1350&amp;ssl=1 900w\" sizes=\"auto, (max-width: 1140px) 100vw, 1140px\" \/>\t\t\t\t<\/div>\n\t\t\t\t\t\t\t\t\t\t\t<\/div>\n\t<\/div>\n  <\/div><\/div><\/div><\/div><\/div><div  class=\"sec_row container-fluid\"><div class=\"vc_row wpb_row vc_row-fluid align-center vc_custom_1727464827350 vc_row-o-content-middle vc_row-flex\"><div class=\"wpb_column vc_column_container animation bottom-to-top vc_col-sm-12 vc_col-lg-4 et-dark-column\"><div class=\"vc_column-inner\"><div class=\"wpb_wrapper\">\t<div class=\"et-image-618 et-image     et_image_link\">\n\t\t<div class=\"et-image-inner\">\n\t\t\t\t\t\t\t<div class=\"et-image-thumb\">\n\t\t\t\t\t<img loading=\"lazy\" decoding=\"async\" width=\"1707\" height=\"2560\" src=\"https:\/\/i0.wp.com\/alexanderling.ee\/wp-content\/uploads\/2024\/10\/ALEXANDERLING-Sa-Pobla-front-scaled.jpg?fit=1707%2C2560&amp;ssl=1\" class=\"attachment-full\" alt=\"\" title=\"ALEXANDERLING Sa Pobla front\" srcset=\"https:\/\/i0.wp.com\/alexanderling.ee\/wp-content\/uploads\/2024\/10\/ALEXANDERLING-Sa-Pobla-front-scaled.jpg?w=1707&amp;ssl=1 1707w, https:\/\/i0.wp.com\/alexanderling.ee\/wp-content\/uploads\/2024\/10\/ALEXANDERLING-Sa-Pobla-front-scaled.jpg?resize=200%2C300&amp;ssl=1 200w, https:\/\/i0.wp.com\/alexanderling.ee\/wp-content\/uploads\/2024\/10\/ALEXANDERLING-Sa-Pobla-front-scaled.jpg?resize=683%2C1024&amp;ssl=1 683w, https:\/\/i0.wp.com\/alexanderling.ee\/wp-content\/uploads\/2024\/10\/ALEXANDERLING-Sa-Pobla-front-scaled.jpg?resize=768%2C1152&amp;ssl=1 768w, https:\/\/i0.wp.com\/alexanderling.ee\/wp-content\/uploads\/2024\/10\/ALEXANDERLING-Sa-Pobla-front-scaled.jpg?resize=1024%2C1536&amp;ssl=1 1024w, https:\/\/i0.wp.com\/alexanderling.ee\/wp-content\/uploads\/2024\/10\/ALEXANDERLING-Sa-Pobla-front-scaled.jpg?resize=1365%2C2048&amp;ssl=1 1365w, https:\/\/i0.wp.com\/alexanderling.ee\/wp-content\/uploads\/2024\/10\/ALEXANDERLING-Sa-Pobla-front-scaled.jpg?resize=8%2C12&amp;ssl=1 8w, https:\/\/i0.wp.com\/alexanderling.ee\/wp-content\/uploads\/2024\/10\/ALEXANDERLING-Sa-Pobla-front-scaled.jpg?resize=100%2C150&amp;ssl=1 100w, https:\/\/i0.wp.com\/alexanderling.ee\/wp-content\/uploads\/2024\/10\/ALEXANDERLING-Sa-Pobla-front-scaled.jpg?resize=450%2C675&amp;ssl=1 450w, https:\/\/i0.wp.com\/alexanderling.ee\/wp-content\/uploads\/2024\/10\/ALEXANDERLING-Sa-Pobla-front-scaled.jpg?resize=900%2C1350&amp;ssl=1 900w\" sizes=\"auto, (max-width: 1140px) 100vw, 1140px\" \/>\t\t\t\t<\/div>\n\t\t\t\t\t\t\t\t\t\t\t<\/div>\n\t<\/div>\n  <\/div><\/div><\/div><div data-vc-parallax=\"1.5\" class=\"wpb_column vc_column_container animation top-to-bottom vc_col-sm-12 vc_col-lg-offset-1 vc_col-lg-6 et-light-column vc_col-has-fill vc_general vc_parallax vc_parallax-content-moving\"><div class=\"vc_column-inner  vc_custom_1573185905585\"><div class=\"wpb_wrapper\">\r\n\t\t<div class=\"et-banner-69eb8d031c0e5 et-banner content-full  image-type-fluid text-color-light hover-effect hover-zoom\" ><img loading=\"lazy\" decoding=\"async\" width=\"1707\" height=\"2560\" src=\"https:\/\/i0.wp.com\/alexanderling.ee\/wp-content\/uploads\/2024\/10\/ALEXANDERLING-AW201718-Can-Picafort-front-scaled.jpg?fit=1707%2C2560&amp;ssl=1\" class=\"et-banner-main-image\" alt=\"\" sizes=\"auto, (max-width: 1140px) 100vw, 1140px\" srcset=\"https:\/\/i0.wp.com\/alexanderling.ee\/wp-content\/uploads\/2024\/10\/ALEXANDERLING-AW201718-Can-Picafort-front-scaled.jpg?w=1707&amp;ssl=1 1707w, https:\/\/i0.wp.com\/alexanderling.ee\/wp-content\/uploads\/2024\/10\/ALEXANDERLING-AW201718-Can-Picafort-front-scaled.jpg?resize=200%2C300&amp;ssl=1 200w, https:\/\/i0.wp.com\/alexanderling.ee\/wp-content\/uploads\/2024\/10\/ALEXANDERLING-AW201718-Can-Picafort-front-scaled.jpg?resize=683%2C1024&amp;ssl=1 683w, https:\/\/i0.wp.com\/alexanderling.ee\/wp-content\/uploads\/2024\/10\/ALEXANDERLING-AW201718-Can-Picafort-front-scaled.jpg?resize=768%2C1152&amp;ssl=1 768w, https:\/\/i0.wp.com\/alexanderling.ee\/wp-content\/uploads\/2024\/10\/ALEXANDERLING-AW201718-Can-Picafort-front-scaled.jpg?resize=1024%2C1536&amp;ssl=1 1024w, https:\/\/i0.wp.com\/alexanderling.ee\/wp-content\/uploads\/2024\/10\/ALEXANDERLING-AW201718-Can-Picafort-front-scaled.jpg?resize=1365%2C2048&amp;ssl=1 1365w, https:\/\/i0.wp.com\/alexanderling.ee\/wp-content\/uploads\/2024\/10\/ALEXANDERLING-AW201718-Can-Picafort-front-scaled.jpg?resize=8%2C12&amp;ssl=1 8w, https:\/\/i0.wp.com\/alexanderling.ee\/wp-content\/uploads\/2024\/10\/ALEXANDERLING-AW201718-Can-Picafort-front-scaled.jpg?resize=100%2C150&amp;ssl=1 100w, https:\/\/i0.wp.com\/alexanderling.ee\/wp-content\/uploads\/2024\/10\/ALEXANDERLING-AW201718-Can-Picafort-front-scaled.jpg?resize=450%2C675&amp;ssl=1 450w, https:\/\/i0.wp.com\/alexanderling.ee\/wp-content\/uploads\/2024\/10\/ALEXANDERLING-AW201718-Can-Picafort-front-scaled.jpg?resize=900%2C1350&amp;ssl=1 900w\" \/>\r\n\t\t<\/div><\/div><\/div><\/div><\/div><\/div><div  class=\"sec_row container-fluid\"><div class=\"vc_row wpb_row vc_row-fluid align-center vc_custom_1727465984274 vc_row-o-content-middle vc_row-flex\"><div class=\"wpb_column vc_column_container animation bottom-to-top vc_col-sm-6 vc_col-lg-offset-1 vc_col-lg-6 et-dark-column\"><div class=\"vc_column-inner\"><div class=\"wpb_wrapper\">\t<div class=\"et-image-355 et-image     et_image_link\">\n\t\t<div class=\"et-image-inner\">\n\t\t\t\t\t\t\t<div class=\"et-image-thumb\">\n\t\t\t\t\t<img loading=\"lazy\" decoding=\"async\" width=\"1707\" height=\"2560\" src=\"https:\/\/i0.wp.com\/alexanderling.ee\/wp-content\/uploads\/2024\/10\/ALEXANDERLING-Cala-DOr-Valldemossa-front-scaled.jpg?fit=1707%2C2560&amp;ssl=1\" class=\"attachment-full\" alt=\"\" title=\"ALEXANDERLING Cala D&#039;Or, Valldemossa front\" srcset=\"https:\/\/i0.wp.com\/alexanderling.ee\/wp-content\/uploads\/2024\/10\/ALEXANDERLING-Cala-DOr-Valldemossa-front-scaled.jpg?w=1707&amp;ssl=1 1707w, https:\/\/i0.wp.com\/alexanderling.ee\/wp-content\/uploads\/2024\/10\/ALEXANDERLING-Cala-DOr-Valldemossa-front-scaled.jpg?resize=200%2C300&amp;ssl=1 200w, https:\/\/i0.wp.com\/alexanderling.ee\/wp-content\/uploads\/2024\/10\/ALEXANDERLING-Cala-DOr-Valldemossa-front-scaled.jpg?resize=683%2C1024&amp;ssl=1 683w, https:\/\/i0.wp.com\/alexanderling.ee\/wp-content\/uploads\/2024\/10\/ALEXANDERLING-Cala-DOr-Valldemossa-front-scaled.jpg?resize=768%2C1152&amp;ssl=1 768w, https:\/\/i0.wp.com\/alexanderling.ee\/wp-content\/uploads\/2024\/10\/ALEXANDERLING-Cala-DOr-Valldemossa-front-scaled.jpg?resize=1024%2C1536&amp;ssl=1 1024w, https:\/\/i0.wp.com\/alexanderling.ee\/wp-content\/uploads\/2024\/10\/ALEXANDERLING-Cala-DOr-Valldemossa-front-scaled.jpg?resize=1365%2C2048&amp;ssl=1 1365w, https:\/\/i0.wp.com\/alexanderling.ee\/wp-content\/uploads\/2024\/10\/ALEXANDERLING-Cala-DOr-Valldemossa-front-scaled.jpg?resize=8%2C12&amp;ssl=1 8w, https:\/\/i0.wp.com\/alexanderling.ee\/wp-content\/uploads\/2024\/10\/ALEXANDERLING-Cala-DOr-Valldemossa-front-scaled.jpg?resize=100%2C150&amp;ssl=1 100w, https:\/\/i0.wp.com\/alexanderling.ee\/wp-content\/uploads\/2024\/10\/ALEXANDERLING-Cala-DOr-Valldemossa-front-scaled.jpg?resize=450%2C675&amp;ssl=1 450w, https:\/\/i0.wp.com\/alexanderling.ee\/wp-content\/uploads\/2024\/10\/ALEXANDERLING-Cala-DOr-Valldemossa-front-scaled.jpg?resize=900%2C1350&amp;ssl=1 900w\" sizes=\"auto, (max-width: 1140px) 100vw, 1140px\" \/>\t\t\t\t<\/div>\n\t\t\t\t\t\t\t\t\t\t\t<\/div>\n\t<\/div>\n  <\/div><\/div><\/div><\/div><\/div><div  class=\"sec_row container-fluid\"><div class=\"vc_row wpb_row vc_row-fluid align-center vc_custom_1727582245896 vc_row-o-content-middle vc_row-flex\"><div class=\"wpb_column vc_column_container animation bottom-to-top vc_col-sm-12 vc_col-lg-4 et-dark-column\"><div class=\"vc_column-inner\"><div class=\"wpb_wrapper\">\t<div class=\"et-image-831 et-image     et_image_link\">\n\t\t<div class=\"et-image-inner\">\n\t\t\t\t\t\t\t<div class=\"et-image-thumb\">\n\t\t\t\t\t<img loading=\"lazy\" decoding=\"async\" width=\"1707\" height=\"2560\" src=\"https:\/\/i0.wp.com\/alexanderling.ee\/wp-content\/uploads\/2024\/10\/ALEXANDERLING-AW201718-Cala-Sant-Vicenc-front-scaled.jpg?fit=1707%2C2560&amp;ssl=1\" class=\"attachment-full\" alt=\"\" title=\"ALEXANDERLING AW201718 Cala Sant Vicenc front\" srcset=\"https:\/\/i0.wp.com\/alexanderling.ee\/wp-content\/uploads\/2024\/10\/ALEXANDERLING-AW201718-Cala-Sant-Vicenc-front-scaled.jpg?w=1707&amp;ssl=1 1707w, https:\/\/i0.wp.com\/alexanderling.ee\/wp-content\/uploads\/2024\/10\/ALEXANDERLING-AW201718-Cala-Sant-Vicenc-front-scaled.jpg?resize=200%2C300&amp;ssl=1 200w, https:\/\/i0.wp.com\/alexanderling.ee\/wp-content\/uploads\/2024\/10\/ALEXANDERLING-AW201718-Cala-Sant-Vicenc-front-scaled.jpg?resize=683%2C1024&amp;ssl=1 683w, https:\/\/i0.wp.com\/alexanderling.ee\/wp-content\/uploads\/2024\/10\/ALEXANDERLING-AW201718-Cala-Sant-Vicenc-front-scaled.jpg?resize=768%2C1152&amp;ssl=1 768w, https:\/\/i0.wp.com\/alexanderling.ee\/wp-content\/uploads\/2024\/10\/ALEXANDERLING-AW201718-Cala-Sant-Vicenc-front-scaled.jpg?resize=1024%2C1536&amp;ssl=1 1024w, https:\/\/i0.wp.com\/alexanderling.ee\/wp-content\/uploads\/2024\/10\/ALEXANDERLING-AW201718-Cala-Sant-Vicenc-front-scaled.jpg?resize=1365%2C2048&amp;ssl=1 1365w, https:\/\/i0.wp.com\/alexanderling.ee\/wp-content\/uploads\/2024\/10\/ALEXANDERLING-AW201718-Cala-Sant-Vicenc-front-scaled.jpg?resize=8%2C12&amp;ssl=1 8w, https:\/\/i0.wp.com\/alexanderling.ee\/wp-content\/uploads\/2024\/10\/ALEXANDERLING-AW201718-Cala-Sant-Vicenc-front-scaled.jpg?resize=100%2C150&amp;ssl=1 100w, https:\/\/i0.wp.com\/alexanderling.ee\/wp-content\/uploads\/2024\/10\/ALEXANDERLING-AW201718-Cala-Sant-Vicenc-front-scaled.jpg?resize=450%2C675&amp;ssl=1 450w, https:\/\/i0.wp.com\/alexanderling.ee\/wp-content\/uploads\/2024\/10\/ALEXANDERLING-AW201718-Cala-Sant-Vicenc-front-scaled.jpg?resize=900%2C1350&amp;ssl=1 900w\" sizes=\"auto, (max-width: 1140px) 100vw, 1140px\" \/>\t\t\t\t<\/div>\n\t\t\t\t\t\t\t\t\t\t\t<\/div>\n\t<\/div>\n  <\/div><\/div><\/div><div data-vc-parallax=\"1.5\" class=\"wpb_column vc_column_container animation top-to-bottom vc_col-sm-12 vc_col-lg-offset-1 vc_col-lg-6 et-light-column vc_col-has-fill vc_general vc_parallax vc_parallax-content-moving\"><div class=\"vc_column-inner  vc_custom_1573185905585\"><div class=\"wpb_wrapper\">\r\n\t\t<div class=\"et-banner-69eb8d031cd56 et-banner content-full  image-type-fluid text-color-light hover-effect hover-zoom\" ><img loading=\"lazy\" decoding=\"async\" width=\"1707\" height=\"2560\" src=\"https:\/\/i0.wp.com\/alexanderling.ee\/wp-content\/uploads\/2024\/10\/ALEXANDERLING-AW201718-Cala-Millor-front-scaled.jpg?fit=1707%2C2560&amp;ssl=1\" class=\"et-banner-main-image\" alt=\"\" sizes=\"auto, (max-width: 1140px) 100vw, 1140px\" srcset=\"https:\/\/i0.wp.com\/alexanderling.ee\/wp-content\/uploads\/2024\/10\/ALEXANDERLING-AW201718-Cala-Millor-front-scaled.jpg?w=1707&amp;ssl=1 1707w, https:\/\/i0.wp.com\/alexanderling.ee\/wp-content\/uploads\/2024\/10\/ALEXANDERLING-AW201718-Cala-Millor-front-scaled.jpg?resize=200%2C300&amp;ssl=1 200w, https:\/\/i0.wp.com\/alexanderling.ee\/wp-content\/uploads\/2024\/10\/ALEXANDERLING-AW201718-Cala-Millor-front-scaled.jpg?resize=683%2C1024&amp;ssl=1 683w, https:\/\/i0.wp.com\/alexanderling.ee\/wp-content\/uploads\/2024\/10\/ALEXANDERLING-AW201718-Cala-Millor-front-scaled.jpg?resize=768%2C1152&amp;ssl=1 768w, https:\/\/i0.wp.com\/alexanderling.ee\/wp-content\/uploads\/2024\/10\/ALEXANDERLING-AW201718-Cala-Millor-front-scaled.jpg?resize=1024%2C1536&amp;ssl=1 1024w, https:\/\/i0.wp.com\/alexanderling.ee\/wp-content\/uploads\/2024\/10\/ALEXANDERLING-AW201718-Cala-Millor-front-scaled.jpg?resize=1365%2C2048&amp;ssl=1 1365w, https:\/\/i0.wp.com\/alexanderling.ee\/wp-content\/uploads\/2024\/10\/ALEXANDERLING-AW201718-Cala-Millor-front-scaled.jpg?resize=8%2C12&amp;ssl=1 8w, https:\/\/i0.wp.com\/alexanderling.ee\/wp-content\/uploads\/2024\/10\/ALEXANDERLING-AW201718-Cala-Millor-front-scaled.jpg?resize=100%2C150&amp;ssl=1 100w, https:\/\/i0.wp.com\/alexanderling.ee\/wp-content\/uploads\/2024\/10\/ALEXANDERLING-AW201718-Cala-Millor-front-scaled.jpg?resize=450%2C675&amp;ssl=1 450w, https:\/\/i0.wp.com\/alexanderling.ee\/wp-content\/uploads\/2024\/10\/ALEXANDERLING-AW201718-Cala-Millor-front-scaled.jpg?resize=900%2C1350&amp;ssl=1 900w\" \/>\r\n\t\t<\/div><\/div><\/div><\/div><\/div><\/div><div  class=\"sec_row container-fluid\"><div class=\"vc_row wpb_row vc_row-fluid align-center vc_custom_1555550614288 vc_row-o-content-middle vc_row-flex\"><div class=\"wpb_column vc_column_container animation bottom-to-top vc_col-sm-6 vc_col-lg-offset-1 vc_col-lg-6 et-dark-column\"><div class=\"vc_column-inner\"><div class=\"wpb_wrapper\">\t<div class=\"et-image-797 et-image     et_image_link\">\n\t\t<div class=\"et-image-inner\">\n\t\t\t\t\t\t\t<div class=\"et-image-thumb\">\n\t\t\t\t\t<img decoding=\"async\" src=\"https:\/\/i0.wp.com\/alexanderling.ee\/wp-content\/uploads\/2024\/10\/ALEXANDERLING-AW201718-Esporles-Marratzi-front.jpg?fit=%2C&amp;ssl=1\" class=\"attachment-full\" alt=\"\" title=\"ALEXANDERLING AW201718 Esporles, Marratzi front\" \/>\t\t\t\t<\/div>\n\t\t\t\t\t\t\t\t\t\t\t<\/div>\n\t<\/div>\n  <\/div><\/div><\/div><\/div><\/div><div  class=\"sec_row container-fluid\"><div class=\"vc_row wpb_row vc_row-fluid align-center vc_custom_1727582245896 vc_row-o-content-middle vc_row-flex\"><div class=\"wpb_column vc_column_container animation bottom-to-top vc_col-sm-12 vc_col-lg-4 et-dark-column\"><div class=\"vc_column-inner\"><div class=\"wpb_wrapper\">\t<div class=\"et-image-579 et-image     et_image_link\">\n\t\t<div class=\"et-image-inner\">\n\t\t\t\t\t\t\t<div class=\"et-image-thumb\">\n\t\t\t\t\t<img loading=\"lazy\" decoding=\"async\" width=\"1707\" height=\"2560\" src=\"https:\/\/i0.wp.com\/alexanderling.ee\/wp-content\/uploads\/2024\/10\/ALEXANDERLING-AW201718-Sa-Coma-Porreres-front-scaled.jpg?fit=1707%2C2560&amp;ssl=1\" class=\"attachment-full\" alt=\"\" title=\"ALEXANDERLING AW201718 Sa Coma, Porreres front\" srcset=\"https:\/\/i0.wp.com\/alexanderling.ee\/wp-content\/uploads\/2024\/10\/ALEXANDERLING-AW201718-Sa-Coma-Porreres-front-scaled.jpg?w=1707&amp;ssl=1 1707w, https:\/\/i0.wp.com\/alexanderling.ee\/wp-content\/uploads\/2024\/10\/ALEXANDERLING-AW201718-Sa-Coma-Porreres-front-scaled.jpg?resize=200%2C300&amp;ssl=1 200w, https:\/\/i0.wp.com\/alexanderling.ee\/wp-content\/uploads\/2024\/10\/ALEXANDERLING-AW201718-Sa-Coma-Porreres-front-scaled.jpg?resize=683%2C1024&amp;ssl=1 683w, https:\/\/i0.wp.com\/alexanderling.ee\/wp-content\/uploads\/2024\/10\/ALEXANDERLING-AW201718-Sa-Coma-Porreres-front-scaled.jpg?resize=768%2C1152&amp;ssl=1 768w, https:\/\/i0.wp.com\/alexanderling.ee\/wp-content\/uploads\/2024\/10\/ALEXANDERLING-AW201718-Sa-Coma-Porreres-front-scaled.jpg?resize=1024%2C1536&amp;ssl=1 1024w, https:\/\/i0.wp.com\/alexanderling.ee\/wp-content\/uploads\/2024\/10\/ALEXANDERLING-AW201718-Sa-Coma-Porreres-front-scaled.jpg?resize=1365%2C2048&amp;ssl=1 1365w, https:\/\/i0.wp.com\/alexanderling.ee\/wp-content\/uploads\/2024\/10\/ALEXANDERLING-AW201718-Sa-Coma-Porreres-front-scaled.jpg?resize=8%2C12&amp;ssl=1 8w, https:\/\/i0.wp.com\/alexanderling.ee\/wp-content\/uploads\/2024\/10\/ALEXANDERLING-AW201718-Sa-Coma-Porreres-front-scaled.jpg?resize=100%2C150&amp;ssl=1 100w, https:\/\/i0.wp.com\/alexanderling.ee\/wp-content\/uploads\/2024\/10\/ALEXANDERLING-AW201718-Sa-Coma-Porreres-front-scaled.jpg?resize=450%2C675&amp;ssl=1 450w, https:\/\/i0.wp.com\/alexanderling.ee\/wp-content\/uploads\/2024\/10\/ALEXANDERLING-AW201718-Sa-Coma-Porreres-front-scaled.jpg?resize=900%2C1350&amp;ssl=1 900w\" sizes=\"auto, (max-width: 1140px) 100vw, 1140px\" \/>\t\t\t\t<\/div>\n\t\t\t\t\t\t\t\t\t\t\t<\/div>\n\t<\/div>\n  <\/div><\/div><\/div><div data-vc-parallax=\"1.5\" class=\"wpb_column vc_column_container animation top-to-bottom vc_col-sm-12 vc_col-lg-offset-1 vc_col-lg-6 et-light-column vc_col-has-fill vc_general vc_parallax vc_parallax-content-moving\"><div class=\"vc_column-inner  vc_custom_1573185905585\"><div class=\"wpb_wrapper\">\r\n\t\t<div class=\"et-banner-69eb8d031d864 et-banner content-full  image-type-fluid text-color-light hover-effect hover-zoom\" ><img loading=\"lazy\" decoding=\"async\" width=\"1707\" height=\"2560\" src=\"https:\/\/i0.wp.com\/alexanderling.ee\/wp-content\/uploads\/2024\/10\/ALEXANDERLING-AW201718-Alcudia-Port-DAlcudia-front-scaled.jpg?fit=1707%2C2560&amp;ssl=1\" class=\"et-banner-main-image\" alt=\"\" sizes=\"auto, (max-width: 1140px) 100vw, 1140px\" srcset=\"https:\/\/i0.wp.com\/alexanderling.ee\/wp-content\/uploads\/2024\/10\/ALEXANDERLING-AW201718-Alcudia-Port-DAlcudia-front-scaled.jpg?w=1707&amp;ssl=1 1707w, https:\/\/i0.wp.com\/alexanderling.ee\/wp-content\/uploads\/2024\/10\/ALEXANDERLING-AW201718-Alcudia-Port-DAlcudia-front-scaled.jpg?resize=200%2C300&amp;ssl=1 200w, https:\/\/i0.wp.com\/alexanderling.ee\/wp-content\/uploads\/2024\/10\/ALEXANDERLING-AW201718-Alcudia-Port-DAlcudia-front-scaled.jpg?resize=683%2C1024&amp;ssl=1 683w, https:\/\/i0.wp.com\/alexanderling.ee\/wp-content\/uploads\/2024\/10\/ALEXANDERLING-AW201718-Alcudia-Port-DAlcudia-front-scaled.jpg?resize=768%2C1152&amp;ssl=1 768w, https:\/\/i0.wp.com\/alexanderling.ee\/wp-content\/uploads\/2024\/10\/ALEXANDERLING-AW201718-Alcudia-Port-DAlcudia-front-scaled.jpg?resize=1024%2C1536&amp;ssl=1 1024w\" \/>\r\n\t\t<\/div><\/div><\/div><\/div><\/div><\/div>\n<\/div>","protected":false},"excerpt":{"rendered":"\"Contrasts\" Collection Autumn\/Winter 2017 In the fall of 2017, I have been thinking about the winter season, which would not be just black and white, but which would have the richness of boucl\u00e9 fabric, sparkle, frills, sometimes coquettishness, but all this in a very sweet way, softened by olive green [...]","protected":false},"author":1,"featured_media":0,"parent":0,"menu_order":0,"comment_status":"closed","ping_status":"closed","template":"","meta":{"nf_dc_page":"","footnotes":""},"class_list":["post-8164","page","type-page","status-publish","hentry"],"jetpack_sharing_enabled":true,"_links":{"self":[{"href":"https:\/\/alexanderling.ee\/et\/wp-json\/wp\/v2\/pages\/8164","targetHints":{"allow":["GET"]}}],"collection":[{"href":"https:\/\/alexanderling.ee\/et\/wp-json\/wp\/v2\/pages"}],"about":[{"href":"https:\/\/alexanderling.ee\/et\/wp-json\/wp\/v2\/types\/page"}],"author":[{"embeddable":true,"href":"https:\/\/alexanderling.ee\/et\/wp-json\/wp\/v2\/users\/1"}],"replies":[{"embeddable":true,"href":"https:\/\/alexanderling.ee\/et\/wp-json\/wp\/v2\/comments?post=8164"}],"version-history":[{"count":5,"href":"https:\/\/alexanderling.ee\/et\/wp-json\/wp\/v2\/pages\/8164\/revisions"}],"predecessor-version":[{"id":9407,"href":"https:\/\/alexanderling.ee\/et\/wp-json\/wp\/v2\/pages\/8164\/revisions\/9407"}],"wp:attachment":[{"href":"https:\/\/alexanderling.ee\/et\/wp-json\/wp\/v2\/media?parent=8164"}],"curies":[{"name":"wp","href":"https:\/\/api.w.org\/{rel}","templated":true}]}}