{"id":8166,"date":"2024-10-17T22:58:46","date_gmt":"2024-10-17T19:58:46","guid":{"rendered":"https:\/\/alexanderling.ee\/?page_id=8166"},"modified":"2025-03-04T12:54:57","modified_gmt":"2025-03-04T09:54:57","slug":"monochrome-spring-summer-2017","status":"publish","type":"page","link":"https:\/\/alexanderling.ee\/et\/monochrome-spring-summer-2017\/","title":{"rendered":"Monochrome Collection &#8211; Spring\/Summer 2017"},"content":{"rendered":"<div class=\"wpb-content-wrapper\"><div  class=\"sec_row container-fluid\"><div class=\"vc_row wpb_row vc_row-fluid vc_custom_1573187171262 vc_row-o-content-middle vc_row-flex\"><div class=\"wpb_column vc_column_container animation bottom-to-top vc_col-sm-12 vc_col-lg-offset-1 vc_col-lg-4 et-dark-column\"><div class=\"vc_column-inner  vc_custom_1573187307217\"><div class=\"wpb_wrapper\">\n\t<div class=\"wpb_text_column wpb_content_element   vc_custom_1729194949672 preline-large\" >\n\t\t<div class=\"wpb_wrapper\">\n\t\t\t<h1>Kollektsioon \"Monochrome\"<\/h1>\n<h4>Kevad\/Suvi 2017<\/h4>\n\n\t\t<\/div>\n\t<\/div>\n\n\t<div class=\"wpb_text_column wpb_content_element\" >\n\t\t<div class=\"wpb_wrapper\">\n\t\t\t<p><span style=\"font-weight: 400;\">See on kollektsioon, milles on esindatud broderiikangastel monokroomsed toonid: must ja valge. Broderiipuuvillapitsile on katsetatud v\u00e4ga erinevaid suvekleitide l\u00f5ikeid, n\u00e4iteks vabalt kukkuv kookonimudel, aga ka teravatipulised kraed, krooked \u00f5lajoonel, mitmekihilised l\u00e4bil\u00f5iked taljejoonel. L\u00f5ppmulje on aga maitsekalt viimistletud ja \u00fcdini naiselik kollektsioon, mis ei ole trendidest dikteeritud.<\/span><\/p>\n\n\t\t<\/div>\n\t<\/div>\n<\/div><\/div><\/div><div class=\"wpb_column vc_column_container animation top-to-bottom vc_col-sm-12 vc_col-lg-offset-1 vc_col-lg-5 et-light-column\"><div class=\"vc_column-inner\"><div class=\"wpb_wrapper\">\r\n\t\t<div class=\"et-banner-69eb92f524e9d et-banner content-full  image-type-fluid text-color-light hover-effect hover-zoom\" ><img loading=\"lazy\" decoding=\"async\" width=\"1362\" height=\"1969\" src=\"https:\/\/i0.wp.com\/alexanderling.ee\/wp-content\/uploads\/2025\/03\/S_S2017-ALEXANDERLING-NOVARA-back.jpg?fit=1362%2C1969&amp;ssl=1\" class=\"et-banner-main-image\" alt=\"\" sizes=\"auto, (max-width: 1140px) 100vw, 1140px\" srcset=\"https:\/\/i0.wp.com\/alexanderling.ee\/wp-content\/uploads\/2025\/03\/S_S2017-ALEXANDERLING-NOVARA-back.jpg?w=1362&amp;ssl=1 1362w, https:\/\/i0.wp.com\/alexanderling.ee\/wp-content\/uploads\/2025\/03\/S_S2017-ALEXANDERLING-NOVARA-back.jpg?resize=208%2C300&amp;ssl=1 208w, https:\/\/i0.wp.com\/alexanderling.ee\/wp-content\/uploads\/2025\/03\/S_S2017-ALEXANDERLING-NOVARA-back.jpg?resize=708%2C1024&amp;ssl=1 708w, https:\/\/i0.wp.com\/alexanderling.ee\/wp-content\/uploads\/2025\/03\/S_S2017-ALEXANDERLING-NOVARA-back.jpg?resize=768%2C1110&amp;ssl=1 768w, https:\/\/i0.wp.com\/alexanderling.ee\/wp-content\/uploads\/2025\/03\/S_S2017-ALEXANDERLING-NOVARA-back.jpg?resize=1062%2C1536&amp;ssl=1 1062w, https:\/\/i0.wp.com\/alexanderling.ee\/wp-content\/uploads\/2025\/03\/S_S2017-ALEXANDERLING-NOVARA-back.jpg?resize=8%2C12&amp;ssl=1 8w, https:\/\/i0.wp.com\/alexanderling.ee\/wp-content\/uploads\/2025\/03\/S_S2017-ALEXANDERLING-NOVARA-back.jpg?resize=104%2C150&amp;ssl=1 104w, https:\/\/i0.wp.com\/alexanderling.ee\/wp-content\/uploads\/2025\/03\/S_S2017-ALEXANDERLING-NOVARA-back.jpg?resize=450%2C651&amp;ssl=1 450w, https:\/\/i0.wp.com\/alexanderling.ee\/wp-content\/uploads\/2025\/03\/S_S2017-ALEXANDERLING-NOVARA-back.jpg?resize=900%2C1301&amp;ssl=1 900w\" \/>\r\n\t\t<\/div><\/div><\/div><\/div><\/div><\/div><div  class=\"sec_row container\"><div class=\"vc_row wpb_row vc_row-fluid no-padding vc_custom_1729195711963 vc_row-has-fill vc_row-o-content-middle vc_row-flex\"><div class=\"wpb_column vc_column_container animation left-to-right vc_col-sm-12 vc_col-lg-6 et-dark-column\"><div class=\"vc_column-inner\"><div class=\"wpb_wrapper\">\t<div class=\"et-image-979 et-image     et_image_link\">\n\t\t<div class=\"et-image-inner\">\n\t\t\t\t\t\t\t<div class=\"et-image-thumb\">\n\t\t\t\t\t<img loading=\"lazy\" decoding=\"async\" width=\"1362\" height=\"1962\" src=\"https:\/\/i0.wp.com\/alexanderling.ee\/wp-content\/uploads\/2025\/03\/S_S2017-ALEXANDERLING-BARDOLINO-front-1-1.jpg?fit=1362%2C1962&amp;ssl=1\" class=\"attachment-full\" alt=\"\" title=\"S_S2017 ALEXANDERLING BARDOLINO front (1)\" srcset=\"https:\/\/i0.wp.com\/alexanderling.ee\/wp-content\/uploads\/2025\/03\/S_S2017-ALEXANDERLING-BARDOLINO-front-1-1.jpg?w=1362&amp;ssl=1 1362w, https:\/\/i0.wp.com\/alexanderling.ee\/wp-content\/uploads\/2025\/03\/S_S2017-ALEXANDERLING-BARDOLINO-front-1-1.jpg?resize=208%2C300&amp;ssl=1 208w, https:\/\/i0.wp.com\/alexanderling.ee\/wp-content\/uploads\/2025\/03\/S_S2017-ALEXANDERLING-BARDOLINO-front-1-1.jpg?resize=711%2C1024&amp;ssl=1 711w, https:\/\/i0.wp.com\/alexanderling.ee\/wp-content\/uploads\/2025\/03\/S_S2017-ALEXANDERLING-BARDOLINO-front-1-1.jpg?resize=768%2C1106&amp;ssl=1 768w, https:\/\/i0.wp.com\/alexanderling.ee\/wp-content\/uploads\/2025\/03\/S_S2017-ALEXANDERLING-BARDOLINO-front-1-1.jpg?resize=1066%2C1536&amp;ssl=1 1066w, https:\/\/i0.wp.com\/alexanderling.ee\/wp-content\/uploads\/2025\/03\/S_S2017-ALEXANDERLING-BARDOLINO-front-1-1.jpg?resize=8%2C12&amp;ssl=1 8w, https:\/\/i0.wp.com\/alexanderling.ee\/wp-content\/uploads\/2025\/03\/S_S2017-ALEXANDERLING-BARDOLINO-front-1-1.jpg?resize=104%2C150&amp;ssl=1 104w, https:\/\/i0.wp.com\/alexanderling.ee\/wp-content\/uploads\/2025\/03\/S_S2017-ALEXANDERLING-BARDOLINO-front-1-1.jpg?resize=450%2C648&amp;ssl=1 450w, https:\/\/i0.wp.com\/alexanderling.ee\/wp-content\/uploads\/2025\/03\/S_S2017-ALEXANDERLING-BARDOLINO-front-1-1.jpg?resize=900%2C1296&amp;ssl=1 900w\" sizes=\"auto, (max-width: 1140px) 100vw, 1140px\" \/>\t\t\t\t<\/div>\n\t\t\t\t\t\t\t\t\t\t\t<\/div>\n\t<\/div>\n  <\/div><\/div><\/div><\/div><\/div><div  class=\"sec_row container-fluid\"><div class=\"vc_row wpb_row vc_row-fluid align-center vc_custom_1727464827350 vc_row-o-content-middle vc_row-flex\"><div class=\"wpb_column vc_column_container animation bottom-to-top vc_col-sm-12 vc_col-lg-4 et-dark-column\"><div class=\"vc_column-inner\"><div class=\"wpb_wrapper\">\t<div class=\"et-image-311 et-image     et_image_link\">\n\t\t<div class=\"et-image-inner\">\n\t\t\t\t\t\t\t<div class=\"et-image-thumb\">\n\t\t\t\t\t<img loading=\"lazy\" decoding=\"async\" width=\"1362\" height=\"1962\" src=\"https:\/\/i0.wp.com\/alexanderling.ee\/wp-content\/uploads\/2025\/03\/S_S2017-ALEXANDERLING-VENICE-front-1.jpg?fit=1362%2C1962&amp;ssl=1\" class=\"attachment-full\" alt=\"\" title=\"S_S2017 ALEXANDERLING VENICE front (1)\" srcset=\"https:\/\/i0.wp.com\/alexanderling.ee\/wp-content\/uploads\/2025\/03\/S_S2017-ALEXANDERLING-VENICE-front-1.jpg?w=1362&amp;ssl=1 1362w, https:\/\/i0.wp.com\/alexanderling.ee\/wp-content\/uploads\/2025\/03\/S_S2017-ALEXANDERLING-VENICE-front-1.jpg?resize=208%2C300&amp;ssl=1 208w, https:\/\/i0.wp.com\/alexanderling.ee\/wp-content\/uploads\/2025\/03\/S_S2017-ALEXANDERLING-VENICE-front-1.jpg?resize=711%2C1024&amp;ssl=1 711w, https:\/\/i0.wp.com\/alexanderling.ee\/wp-content\/uploads\/2025\/03\/S_S2017-ALEXANDERLING-VENICE-front-1.jpg?resize=768%2C1106&amp;ssl=1 768w, https:\/\/i0.wp.com\/alexanderling.ee\/wp-content\/uploads\/2025\/03\/S_S2017-ALEXANDERLING-VENICE-front-1.jpg?resize=1066%2C1536&amp;ssl=1 1066w, https:\/\/i0.wp.com\/alexanderling.ee\/wp-content\/uploads\/2025\/03\/S_S2017-ALEXANDERLING-VENICE-front-1.jpg?resize=8%2C12&amp;ssl=1 8w, https:\/\/i0.wp.com\/alexanderling.ee\/wp-content\/uploads\/2025\/03\/S_S2017-ALEXANDERLING-VENICE-front-1.jpg?resize=104%2C150&amp;ssl=1 104w, https:\/\/i0.wp.com\/alexanderling.ee\/wp-content\/uploads\/2025\/03\/S_S2017-ALEXANDERLING-VENICE-front-1.jpg?resize=450%2C648&amp;ssl=1 450w, https:\/\/i0.wp.com\/alexanderling.ee\/wp-content\/uploads\/2025\/03\/S_S2017-ALEXANDERLING-VENICE-front-1.jpg?resize=900%2C1296&amp;ssl=1 900w\" sizes=\"auto, (max-width: 1140px) 100vw, 1140px\" \/>\t\t\t\t<\/div>\n\t\t\t\t\t\t\t\t\t\t\t<\/div>\n\t<\/div>\n  <\/div><\/div><\/div><div data-vc-parallax=\"1.5\" class=\"wpb_column vc_column_container animation top-to-bottom vc_col-sm-12 vc_col-lg-offset-1 vc_col-lg-6 et-light-column vc_col-has-fill vc_general vc_parallax vc_parallax-content-moving\"><div class=\"vc_column-inner  vc_custom_1573185905585\"><div class=\"wpb_wrapper\">\r\n\t\t<div class=\"et-banner-69eb92f525c6b et-banner content-full  image-type-fluid text-color-light hover-effect hover-zoom\" ><img loading=\"lazy\" decoding=\"async\" width=\"1362\" height=\"1964\" src=\"https:\/\/i0.wp.com\/alexanderling.ee\/wp-content\/uploads\/2025\/03\/S_S2017-ALEXANDERLING-ROME-front.jpg?fit=1362%2C1964&amp;ssl=1\" class=\"et-banner-main-image\" alt=\"\" sizes=\"auto, (max-width: 1140px) 100vw, 1140px\" srcset=\"https:\/\/i0.wp.com\/alexanderling.ee\/wp-content\/uploads\/2025\/03\/S_S2017-ALEXANDERLING-ROME-front.jpg?w=1362&amp;ssl=1 1362w, https:\/\/i0.wp.com\/alexanderling.ee\/wp-content\/uploads\/2025\/03\/S_S2017-ALEXANDERLING-ROME-front.jpg?resize=208%2C300&amp;ssl=1 208w, https:\/\/i0.wp.com\/alexanderling.ee\/wp-content\/uploads\/2025\/03\/S_S2017-ALEXANDERLING-ROME-front.jpg?resize=710%2C1024&amp;ssl=1 710w, https:\/\/i0.wp.com\/alexanderling.ee\/wp-content\/uploads\/2025\/03\/S_S2017-ALEXANDERLING-ROME-front.jpg?resize=768%2C1107&amp;ssl=1 768w, https:\/\/i0.wp.com\/alexanderling.ee\/wp-content\/uploads\/2025\/03\/S_S2017-ALEXANDERLING-ROME-front.jpg?resize=1065%2C1536&amp;ssl=1 1065w, https:\/\/i0.wp.com\/alexanderling.ee\/wp-content\/uploads\/2025\/03\/S_S2017-ALEXANDERLING-ROME-front.jpg?resize=8%2C12&amp;ssl=1 8w, https:\/\/i0.wp.com\/alexanderling.ee\/wp-content\/uploads\/2025\/03\/S_S2017-ALEXANDERLING-ROME-front.jpg?resize=104%2C150&amp;ssl=1 104w, https:\/\/i0.wp.com\/alexanderling.ee\/wp-content\/uploads\/2025\/03\/S_S2017-ALEXANDERLING-ROME-front.jpg?resize=450%2C649&amp;ssl=1 450w, https:\/\/i0.wp.com\/alexanderling.ee\/wp-content\/uploads\/2025\/03\/S_S2017-ALEXANDERLING-ROME-front.jpg?resize=900%2C1298&amp;ssl=1 900w\" \/>\r\n\t\t<\/div><\/div><\/div><\/div><\/div><\/div><div  class=\"sec_row container-fluid\"><div class=\"vc_row wpb_row vc_row-fluid align-center vc_custom_1727465984274 vc_row-o-content-middle vc_row-flex\"><div class=\"wpb_column vc_column_container animation bottom-to-top vc_col-sm-6 vc_col-lg-offset-1 vc_col-lg-6 et-dark-column\"><div class=\"vc_column-inner\"><div class=\"wpb_wrapper\">\t<div class=\"et-image-887 et-image     et_image_link\">\n\t\t<div class=\"et-image-inner\">\n\t\t\t\t\t\t\t<div class=\"et-image-thumb\">\n\t\t\t\t\t<img loading=\"lazy\" decoding=\"async\" width=\"1362\" height=\"1964\" src=\"https:\/\/i0.wp.com\/alexanderling.ee\/wp-content\/uploads\/2025\/03\/S_S2017-ALEXANDERLING-LECCO-front.jpg?fit=1362%2C1964&amp;ssl=1\" class=\"attachment-full\" alt=\"\" title=\"S_S2017 ALEXANDERLING LECCO front\" srcset=\"https:\/\/i0.wp.com\/alexanderling.ee\/wp-content\/uploads\/2025\/03\/S_S2017-ALEXANDERLING-LECCO-front.jpg?w=1362&amp;ssl=1 1362w, https:\/\/i0.wp.com\/alexanderling.ee\/wp-content\/uploads\/2025\/03\/S_S2017-ALEXANDERLING-LECCO-front.jpg?resize=208%2C300&amp;ssl=1 208w, https:\/\/i0.wp.com\/alexanderling.ee\/wp-content\/uploads\/2025\/03\/S_S2017-ALEXANDERLING-LECCO-front.jpg?resize=710%2C1024&amp;ssl=1 710w, https:\/\/i0.wp.com\/alexanderling.ee\/wp-content\/uploads\/2025\/03\/S_S2017-ALEXANDERLING-LECCO-front.jpg?resize=768%2C1107&amp;ssl=1 768w, https:\/\/i0.wp.com\/alexanderling.ee\/wp-content\/uploads\/2025\/03\/S_S2017-ALEXANDERLING-LECCO-front.jpg?resize=1065%2C1536&amp;ssl=1 1065w, https:\/\/i0.wp.com\/alexanderling.ee\/wp-content\/uploads\/2025\/03\/S_S2017-ALEXANDERLING-LECCO-front.jpg?resize=8%2C12&amp;ssl=1 8w, https:\/\/i0.wp.com\/alexanderling.ee\/wp-content\/uploads\/2025\/03\/S_S2017-ALEXANDERLING-LECCO-front.jpg?resize=104%2C150&amp;ssl=1 104w, https:\/\/i0.wp.com\/alexanderling.ee\/wp-content\/uploads\/2025\/03\/S_S2017-ALEXANDERLING-LECCO-front.jpg?resize=450%2C649&amp;ssl=1 450w, https:\/\/i0.wp.com\/alexanderling.ee\/wp-content\/uploads\/2025\/03\/S_S2017-ALEXANDERLING-LECCO-front.jpg?resize=900%2C1298&amp;ssl=1 900w\" sizes=\"auto, (max-width: 1140px) 100vw, 1140px\" \/>\t\t\t\t<\/div>\n\t\t\t\t\t\t\t\t\t\t\t<\/div>\n\t<\/div>\n  <\/div><\/div><\/div><\/div><\/div><div  class=\"sec_row container-fluid\"><div class=\"vc_row wpb_row vc_row-fluid align-center vc_custom_1727582245896 vc_row-o-content-middle vc_row-flex\"><div class=\"wpb_column vc_column_container animation bottom-to-top vc_col-sm-12 vc_col-lg-4 et-dark-column\"><div class=\"vc_column-inner\"><div class=\"wpb_wrapper\">\t<div class=\"et-image-664 et-image     et_image_link\">\n\t\t<div class=\"et-image-inner\">\n\t\t\t\t\t\t\t<div class=\"et-image-thumb\">\n\t\t\t\t\t<img loading=\"lazy\" decoding=\"async\" width=\"1362\" height=\"1964\" src=\"https:\/\/i0.wp.com\/alexanderling.ee\/wp-content\/uploads\/2025\/03\/S_S2017-ALEXANDERLING-VARESE-back.jpg?fit=1362%2C1964&amp;ssl=1\" class=\"attachment-full\" alt=\"\" title=\"S_S2017 ALEXANDERLING VARESE back\" srcset=\"https:\/\/i0.wp.com\/alexanderling.ee\/wp-content\/uploads\/2025\/03\/S_S2017-ALEXANDERLING-VARESE-back.jpg?w=1362&amp;ssl=1 1362w, https:\/\/i0.wp.com\/alexanderling.ee\/wp-content\/uploads\/2025\/03\/S_S2017-ALEXANDERLING-VARESE-back.jpg?resize=208%2C300&amp;ssl=1 208w, https:\/\/i0.wp.com\/alexanderling.ee\/wp-content\/uploads\/2025\/03\/S_S2017-ALEXANDERLING-VARESE-back.jpg?resize=710%2C1024&amp;ssl=1 710w, https:\/\/i0.wp.com\/alexanderling.ee\/wp-content\/uploads\/2025\/03\/S_S2017-ALEXANDERLING-VARESE-back.jpg?resize=768%2C1107&amp;ssl=1 768w, https:\/\/i0.wp.com\/alexanderling.ee\/wp-content\/uploads\/2025\/03\/S_S2017-ALEXANDERLING-VARESE-back.jpg?resize=1065%2C1536&amp;ssl=1 1065w, https:\/\/i0.wp.com\/alexanderling.ee\/wp-content\/uploads\/2025\/03\/S_S2017-ALEXANDERLING-VARESE-back.jpg?resize=8%2C12&amp;ssl=1 8w, https:\/\/i0.wp.com\/alexanderling.ee\/wp-content\/uploads\/2025\/03\/S_S2017-ALEXANDERLING-VARESE-back.jpg?resize=104%2C150&amp;ssl=1 104w, https:\/\/i0.wp.com\/alexanderling.ee\/wp-content\/uploads\/2025\/03\/S_S2017-ALEXANDERLING-VARESE-back.jpg?resize=450%2C649&amp;ssl=1 450w, https:\/\/i0.wp.com\/alexanderling.ee\/wp-content\/uploads\/2025\/03\/S_S2017-ALEXANDERLING-VARESE-back.jpg?resize=900%2C1298&amp;ssl=1 900w\" sizes=\"auto, (max-width: 1140px) 100vw, 1140px\" \/>\t\t\t\t<\/div>\n\t\t\t\t\t\t\t\t\t\t\t<\/div>\n\t<\/div>\n  <\/div><\/div><\/div><div data-vc-parallax=\"1.5\" class=\"wpb_column vc_column_container animation top-to-bottom vc_col-sm-12 vc_col-lg-offset-1 vc_col-lg-6 et-light-column vc_col-has-fill vc_general vc_parallax vc_parallax-content-moving\"><div class=\"vc_column-inner  vc_custom_1573185905585\"><div class=\"wpb_wrapper\">\r\n\t\t<div class=\"et-banner-69eb92f526645 et-banner content-full  image-type-fluid text-color-light hover-effect hover-zoom\" ><img loading=\"lazy\" decoding=\"async\" width=\"1362\" height=\"1964\" src=\"https:\/\/i0.wp.com\/alexanderling.ee\/wp-content\/uploads\/2025\/03\/S_S2017-ALEXANDERLING-MONZA-front.jpg?fit=1362%2C1964&amp;ssl=1\" class=\"et-banner-main-image\" alt=\"\" sizes=\"auto, (max-width: 1140px) 100vw, 1140px\" srcset=\"https:\/\/i0.wp.com\/alexanderling.ee\/wp-content\/uploads\/2025\/03\/S_S2017-ALEXANDERLING-MONZA-front.jpg?w=1362&amp;ssl=1 1362w, https:\/\/i0.wp.com\/alexanderling.ee\/wp-content\/uploads\/2025\/03\/S_S2017-ALEXANDERLING-MONZA-front.jpg?resize=208%2C300&amp;ssl=1 208w, https:\/\/i0.wp.com\/alexanderling.ee\/wp-content\/uploads\/2025\/03\/S_S2017-ALEXANDERLING-MONZA-front.jpg?resize=710%2C1024&amp;ssl=1 710w, https:\/\/i0.wp.com\/alexanderling.ee\/wp-content\/uploads\/2025\/03\/S_S2017-ALEXANDERLING-MONZA-front.jpg?resize=768%2C1107&amp;ssl=1 768w, https:\/\/i0.wp.com\/alexanderling.ee\/wp-content\/uploads\/2025\/03\/S_S2017-ALEXANDERLING-MONZA-front.jpg?resize=1065%2C1536&amp;ssl=1 1065w, https:\/\/i0.wp.com\/alexanderling.ee\/wp-content\/uploads\/2025\/03\/S_S2017-ALEXANDERLING-MONZA-front.jpg?resize=8%2C12&amp;ssl=1 8w, https:\/\/i0.wp.com\/alexanderling.ee\/wp-content\/uploads\/2025\/03\/S_S2017-ALEXANDERLING-MONZA-front.jpg?resize=104%2C150&amp;ssl=1 104w, https:\/\/i0.wp.com\/alexanderling.ee\/wp-content\/uploads\/2025\/03\/S_S2017-ALEXANDERLING-MONZA-front.jpg?resize=450%2C649&amp;ssl=1 450w, https:\/\/i0.wp.com\/alexanderling.ee\/wp-content\/uploads\/2025\/03\/S_S2017-ALEXANDERLING-MONZA-front.jpg?resize=900%2C1298&amp;ssl=1 900w\" \/>\r\n\t\t<\/div><\/div><\/div><\/div><\/div><\/div><div  class=\"sec_row container-fluid\"><div class=\"vc_row wpb_row vc_row-fluid align-center vc_custom_1555550614288 vc_row-o-content-middle vc_row-flex\"><div class=\"wpb_column vc_column_container animation bottom-to-top vc_col-sm-6 vc_col-lg-offset-1 vc_col-lg-6 et-dark-column\"><div class=\"vc_column-inner\"><div class=\"wpb_wrapper\">\t<div class=\"et-image-772 et-image     et_image_link\">\n\t\t<div class=\"et-image-inner\">\n\t\t\t\t\t\t\t<div class=\"et-image-thumb\">\n\t\t\t\t\t<img loading=\"lazy\" decoding=\"async\" width=\"1362\" height=\"1964\" src=\"https:\/\/i0.wp.com\/alexanderling.ee\/wp-content\/uploads\/2025\/03\/S_S2017-ALEXANDERLING-DOMASO-front.jpg?fit=1362%2C1964&amp;ssl=1\" class=\"attachment-full\" alt=\"\" title=\"S_S2017 ALEXANDERLING DOMASO front\" srcset=\"https:\/\/i0.wp.com\/alexanderling.ee\/wp-content\/uploads\/2025\/03\/S_S2017-ALEXANDERLING-DOMASO-front.jpg?w=1362&amp;ssl=1 1362w, https:\/\/i0.wp.com\/alexanderling.ee\/wp-content\/uploads\/2025\/03\/S_S2017-ALEXANDERLING-DOMASO-front.jpg?resize=208%2C300&amp;ssl=1 208w, https:\/\/i0.wp.com\/alexanderling.ee\/wp-content\/uploads\/2025\/03\/S_S2017-ALEXANDERLING-DOMASO-front.jpg?resize=710%2C1024&amp;ssl=1 710w, https:\/\/i0.wp.com\/alexanderling.ee\/wp-content\/uploads\/2025\/03\/S_S2017-ALEXANDERLING-DOMASO-front.jpg?resize=768%2C1107&amp;ssl=1 768w, https:\/\/i0.wp.com\/alexanderling.ee\/wp-content\/uploads\/2025\/03\/S_S2017-ALEXANDERLING-DOMASO-front.jpg?resize=1065%2C1536&amp;ssl=1 1065w, https:\/\/i0.wp.com\/alexanderling.ee\/wp-content\/uploads\/2025\/03\/S_S2017-ALEXANDERLING-DOMASO-front.jpg?resize=8%2C12&amp;ssl=1 8w, https:\/\/i0.wp.com\/alexanderling.ee\/wp-content\/uploads\/2025\/03\/S_S2017-ALEXANDERLING-DOMASO-front.jpg?resize=104%2C150&amp;ssl=1 104w, https:\/\/i0.wp.com\/alexanderling.ee\/wp-content\/uploads\/2025\/03\/S_S2017-ALEXANDERLING-DOMASO-front.jpg?resize=450%2C649&amp;ssl=1 450w, https:\/\/i0.wp.com\/alexanderling.ee\/wp-content\/uploads\/2025\/03\/S_S2017-ALEXANDERLING-DOMASO-front.jpg?resize=900%2C1298&amp;ssl=1 900w\" sizes=\"auto, (max-width: 1140px) 100vw, 1140px\" \/>\t\t\t\t<\/div>\n\t\t\t\t\t\t\t\t\t\t\t<\/div>\n\t<\/div>\n  <\/div><\/div><\/div><\/div><\/div>\n<\/div>","protected":false},"excerpt":{"rendered":"\"Monochrome\" Collection Spring\/Summer 2017 This is a collection in which monochrome tones are represented on embroidery fabrics: black and white. Many different cuts of summer dresses have been tested on embroidered cotton lace, for example, a free-falling cocoon model, as well as pointed collars, crochets on the shoulder line, multi-layer [...]","protected":false},"author":1,"featured_media":0,"parent":0,"menu_order":0,"comment_status":"closed","ping_status":"closed","template":"","meta":{"nf_dc_page":"","footnotes":""},"class_list":["post-8166","page","type-page","status-publish","hentry"],"jetpack_sharing_enabled":true,"_links":{"self":[{"href":"https:\/\/alexanderling.ee\/et\/wp-json\/wp\/v2\/pages\/8166","targetHints":{"allow":["GET"]}}],"collection":[{"href":"https:\/\/alexanderling.ee\/et\/wp-json\/wp\/v2\/pages"}],"about":[{"href":"https:\/\/alexanderling.ee\/et\/wp-json\/wp\/v2\/types\/page"}],"author":[{"embeddable":true,"href":"https:\/\/alexanderling.ee\/et\/wp-json\/wp\/v2\/users\/1"}],"replies":[{"embeddable":true,"href":"https:\/\/alexanderling.ee\/et\/wp-json\/wp\/v2\/comments?post=8166"}],"version-history":[{"count":5,"href":"https:\/\/alexanderling.ee\/et\/wp-json\/wp\/v2\/pages\/8166\/revisions"}],"predecessor-version":[{"id":9421,"href":"https:\/\/alexanderling.ee\/et\/wp-json\/wp\/v2\/pages\/8166\/revisions\/9421"}],"wp:attachment":[{"href":"https:\/\/alexanderling.ee\/et\/wp-json\/wp\/v2\/media?parent=8166"}],"curies":[{"name":"wp","href":"https:\/\/api.w.org\/{rel}","templated":true}]}}