{"id":8170,"date":"2024-10-17T23:14:16","date_gmt":"2024-10-17T20:14:16","guid":{"rendered":"https:\/\/alexanderling.ee\/?page_id=8170"},"modified":"2025-03-03T13:13:54","modified_gmt":"2025-03-03T10:13:54","slug":"autumn-winter-2016","status":"publish","type":"page","link":"https:\/\/alexanderling.ee\/et\/autumn-winter-2016\/","title":{"rendered":"S\u00fcgis\/Talv kollektsioon 2016"},"content":{"rendered":"<div class=\"wpb-content-wrapper\"><div  class=\"sec_row container-fluid\"><div class=\"vc_row wpb_row vc_row-fluid vc_custom_1573187171262 vc_row-o-content-middle vc_row-flex\"><div class=\"wpb_column vc_column_container animation bottom-to-top vc_col-sm-12 vc_col-lg-offset-1 vc_col-lg-4 et-dark-column\"><div class=\"vc_column-inner  vc_custom_1573187307217\"><div class=\"wpb_wrapper\">\n\t<div class=\"wpb_text_column wpb_content_element   vc_custom_1729195539651 preline-large\" >\n\t\t<div class=\"wpb_wrapper\">\n\t\t\t<h1>S\u00fcgis\/Talv 2016<\/h1>\n\n\t\t<\/div>\n\t<\/div>\n\n\t<div class=\"wpb_text_column wpb_content_element\" >\n\t\t<div class=\"wpb_wrapper\">\n\t\t\t<p><span style=\"font-weight: 400;\">ALEXANDERLING moemaja esimene kollektsioon alustas drapeeringute ja trikotaa\u017ei kanga tutvustamist laiemale klientuurile. Kogu kollektsioonis oli esindatud pidulikkuse tunne, mis oli t\u00e4pselt loodud kollektsiooniesitlemis aega \u2013 novembrikuud \u2013 arvestades. Materjalidest ning l\u00f5igetest olid esindatud kootud kahepoolne villamoh\u00e4\u00e4r auklike nahataskutega, t\u00e4pit\u00fcll lainelise ripsipaelaga, viskoosikudumist jakk aga ka bukleevilla.<\/span><\/p>\n\n\t\t<\/div>\n\t<\/div>\n<\/div><\/div><\/div><div class=\"wpb_column vc_column_container animation top-to-bottom vc_col-sm-12 vc_col-lg-offset-1 vc_col-lg-5 et-light-column\"><div class=\"vc_column-inner\"><div class=\"wpb_wrapper\">\r\n\t\t<div class=\"et-banner-69eb8d0221b90 et-banner content-full  image-type-fluid text-color-light hover-effect hover-zoom\" ><img loading=\"lazy\" decoding=\"async\" width=\"1704\" height=\"2560\" src=\"https:\/\/i0.wp.com\/alexanderling.ee\/wp-content\/uploads\/2024\/10\/AW-201617-4-scaled.jpg?fit=1704%2C2560&amp;ssl=1\" class=\"et-banner-main-image\" alt=\"\" sizes=\"auto, (max-width: 1140px) 100vw, 1140px\" srcset=\"https:\/\/i0.wp.com\/alexanderling.ee\/wp-content\/uploads\/2024\/10\/AW-201617-4-scaled.jpg?w=1704&amp;ssl=1 1704w, https:\/\/i0.wp.com\/alexanderling.ee\/wp-content\/uploads\/2024\/10\/AW-201617-4-scaled.jpg?resize=200%2C300&amp;ssl=1 200w, https:\/\/i0.wp.com\/alexanderling.ee\/wp-content\/uploads\/2024\/10\/AW-201617-4-scaled.jpg?resize=682%2C1024&amp;ssl=1 682w, https:\/\/i0.wp.com\/alexanderling.ee\/wp-content\/uploads\/2024\/10\/AW-201617-4-scaled.jpg?resize=768%2C1154&amp;ssl=1 768w, https:\/\/i0.wp.com\/alexanderling.ee\/wp-content\/uploads\/2024\/10\/AW-201617-4-scaled.jpg?resize=1023%2C1536&amp;ssl=1 1023w, https:\/\/i0.wp.com\/alexanderling.ee\/wp-content\/uploads\/2024\/10\/AW-201617-4-scaled.jpg?resize=1363%2C2048&amp;ssl=1 1363w, https:\/\/i0.wp.com\/alexanderling.ee\/wp-content\/uploads\/2024\/10\/AW-201617-4-scaled.jpg?resize=8%2C12&amp;ssl=1 8w, https:\/\/i0.wp.com\/alexanderling.ee\/wp-content\/uploads\/2024\/10\/AW-201617-4-scaled.jpg?resize=100%2C150&amp;ssl=1 100w, https:\/\/i0.wp.com\/alexanderling.ee\/wp-content\/uploads\/2024\/10\/AW-201617-4-scaled.jpg?resize=450%2C676&amp;ssl=1 450w, https:\/\/i0.wp.com\/alexanderling.ee\/wp-content\/uploads\/2024\/10\/AW-201617-4-scaled.jpg?resize=900%2C1352&amp;ssl=1 900w\" \/>\r\n\t\t<\/div><\/div><\/div><\/div><\/div><\/div><div  class=\"sec_row container-fluid\"><div class=\"vc_row wpb_row vc_row-fluid align-center vc_custom_1729187208499 vc_row-o-content-middle vc_row-flex\"><div class=\"wpb_column vc_column_container animation bottom-to-top vc_col-sm-6 vc_col-lg-offset-1 vc_col-lg-6 et-dark-column\"><div class=\"vc_column-inner\"><div class=\"wpb_wrapper\">\t<div class=\"et-image-353 et-image     et_image_link\">\n\t\t<div class=\"et-image-inner\">\n\t\t\t\t\t\t\t<div class=\"et-image-thumb\">\n\t\t\t\t\t<img decoding=\"async\" src=\"https:\/\/i0.wp.com\/alexanderling.ee\/wp-content\/uploads\/2024\/10\/AW-201617-2.jpg?fit=%2C&amp;ssl=1\" class=\"attachment-full\" alt=\"\" title=\"A:W 2016:17 2\" \/>\t\t\t\t<\/div>\n\t\t\t\t\t\t\t\t\t\t\t<\/div>\n\t<\/div>\n  <\/div><\/div><\/div><\/div><\/div><div  class=\"sec_row container-fluid\"><div class=\"vc_row wpb_row vc_row-fluid align-center vc_custom_1555550614288 vc_row-o-content-middle vc_row-flex\"><div class=\"wpb_column vc_column_container animation bottom-to-top vc_col-sm-6 vc_col-lg-offset-1 vc_col-lg-7 et-dark-column\"><div class=\"vc_column-inner\"><div class=\"wpb_wrapper\">\t<div class=\"et-image-393 et-image     et_image_link\">\n\t\t<div class=\"et-image-inner\">\n\t\t\t\t\t\t\t<div class=\"et-image-thumb\">\n\t\t\t\t\t<img loading=\"lazy\" decoding=\"async\" width=\"2560\" height=\"1707\" src=\"https:\/\/i0.wp.com\/alexanderling.ee\/wp-content\/uploads\/2024\/10\/AW-201617-6-scaled.jpg?fit=2560%2C1707&amp;ssl=1\" class=\"attachment-full\" alt=\"\" title=\"A:W 2016:17 6\" srcset=\"https:\/\/i0.wp.com\/alexanderling.ee\/wp-content\/uploads\/2024\/10\/AW-201617-6-scaled.jpg?w=2560&amp;ssl=1 2560w, https:\/\/i0.wp.com\/alexanderling.ee\/wp-content\/uploads\/2024\/10\/AW-201617-6-scaled.jpg?resize=300%2C200&amp;ssl=1 300w, https:\/\/i0.wp.com\/alexanderling.ee\/wp-content\/uploads\/2024\/10\/AW-201617-6-scaled.jpg?resize=1024%2C683&amp;ssl=1 1024w, https:\/\/i0.wp.com\/alexanderling.ee\/wp-content\/uploads\/2024\/10\/AW-201617-6-scaled.jpg?resize=768%2C512&amp;ssl=1 768w, https:\/\/i0.wp.com\/alexanderling.ee\/wp-content\/uploads\/2024\/10\/AW-201617-6-scaled.jpg?resize=1536%2C1024&amp;ssl=1 1536w, https:\/\/i0.wp.com\/alexanderling.ee\/wp-content\/uploads\/2024\/10\/AW-201617-6-scaled.jpg?resize=2048%2C1366&amp;ssl=1 2048w, https:\/\/i0.wp.com\/alexanderling.ee\/wp-content\/uploads\/2024\/10\/AW-201617-6-scaled.jpg?resize=18%2C12&amp;ssl=1 18w, https:\/\/i0.wp.com\/alexanderling.ee\/wp-content\/uploads\/2024\/10\/AW-201617-6-scaled.jpg?resize=150%2C100&amp;ssl=1 150w, https:\/\/i0.wp.com\/alexanderling.ee\/wp-content\/uploads\/2024\/10\/AW-201617-6-scaled.jpg?resize=450%2C300&amp;ssl=1 450w, https:\/\/i0.wp.com\/alexanderling.ee\/wp-content\/uploads\/2024\/10\/AW-201617-6-scaled.jpg?resize=900%2C600&amp;ssl=1 900w, https:\/\/i0.wp.com\/alexanderling.ee\/wp-content\/uploads\/2024\/10\/AW-201617-6-scaled.jpg?w=2280&amp;ssl=1 2280w\" sizes=\"auto, (max-width: 1140px) 100vw, 1140px\" \/>\t\t\t\t<\/div>\n\t\t\t\t\t\t\t\t\t\t\t<\/div>\n\t<\/div>\n  <\/div><\/div><\/div><\/div><\/div>\n<\/div>","protected":false},"excerpt":{"rendered":"Autumn\/Winter 2016 The first collection of the ALEXANDERLING fashion house started introducing drapery and knit fabric to a wider clientele. The whole collection had a sense of festivity, which was precisely created considering the time of the collection presentation - the month of November. Among the materials and cuts, there [...]","protected":false},"author":1,"featured_media":0,"parent":0,"menu_order":0,"comment_status":"closed","ping_status":"closed","template":"","meta":{"nf_dc_page":"","footnotes":""},"class_list":["post-8170","page","type-page","status-publish","hentry"],"jetpack_sharing_enabled":true,"_links":{"self":[{"href":"https:\/\/alexanderling.ee\/et\/wp-json\/wp\/v2\/pages\/8170","targetHints":{"allow":["GET"]}}],"collection":[{"href":"https:\/\/alexanderling.ee\/et\/wp-json\/wp\/v2\/pages"}],"about":[{"href":"https:\/\/alexanderling.ee\/et\/wp-json\/wp\/v2\/types\/page"}],"author":[{"embeddable":true,"href":"https:\/\/alexanderling.ee\/et\/wp-json\/wp\/v2\/users\/1"}],"replies":[{"embeddable":true,"href":"https:\/\/alexanderling.ee\/et\/wp-json\/wp\/v2\/comments?post=8170"}],"version-history":[{"count":5,"href":"https:\/\/alexanderling.ee\/et\/wp-json\/wp\/v2\/pages\/8170\/revisions"}],"predecessor-version":[{"id":9390,"href":"https:\/\/alexanderling.ee\/et\/wp-json\/wp\/v2\/pages\/8170\/revisions\/9390"}],"wp:attachment":[{"href":"https:\/\/alexanderling.ee\/et\/wp-json\/wp\/v2\/media?parent=8170"}],"curies":[{"name":"wp","href":"https:\/\/api.w.org\/{rel}","templated":true}]}}