{"id":8462,"date":"2024-10-24T21:40:00","date_gmt":"2024-10-24T18:40:00","guid":{"rendered":"https:\/\/alexanderling.ee\/?page_id=8462"},"modified":"2024-10-26T13:55:56","modified_gmt":"2024-10-26T10:55:56","slug":"grey-collection-autumn-winter-2024","status":"publish","type":"page","link":"https:\/\/alexanderling.ee\/et\/grey-collection-autumn-winter-2024\/","title":{"rendered":"Grey collection &#8211; Autumn\/Winter 2024"},"content":{"rendered":"<div class=\"wpb-content-wrapper\"><div  class=\"sec_row container-fluid\"><div class=\"vc_row wpb_row vc_row-fluid no-padding vc_custom_1579745009383\"><div class=\"wpb_column vc_column_container vc_col-sm-12 et-dark-column\"><div class=\"vc_column-inner\"><div class=\"wpb_wrapper\"><div class=\"vc_row wpb_row vc_inner vc_row-fluid max_width align-center vc_row-o-content-middle vc_row-flex\"><div class=\"wpb_column vc_column_container animation left-to-right vc_col-sm-12 vc_col-md-7 et-dark-column\"><div class=\"vc_column-inner\"><div class=\"wpb_wrapper\">\r\n\t\t<div class=\"et-banner-69eb92f65f771 et-banner content-full  image-type-fluid text-color-dark hover-effect\" ><img loading=\"lazy\" decoding=\"async\" width=\"1920\" height=\"2560\" src=\"https:\/\/i0.wp.com\/alexanderling.ee\/wp-content\/uploads\/2024\/10\/004-scaled.jpg?fit=1920%2C2560&amp;ssl=1\" class=\"et-banner-main-image\" alt=\"\" sizes=\"auto, (max-width: 1140px) 100vw, 1140px\" srcset=\"https:\/\/i0.wp.com\/alexanderling.ee\/wp-content\/uploads\/2024\/10\/004-scaled.jpg?w=1920&amp;ssl=1 1920w, https:\/\/i0.wp.com\/alexanderling.ee\/wp-content\/uploads\/2024\/10\/004-scaled.jpg?resize=225%2C300&amp;ssl=1 225w, https:\/\/i0.wp.com\/alexanderling.ee\/wp-content\/uploads\/2024\/10\/004-scaled.jpg?resize=768%2C1024&amp;ssl=1 768w, https:\/\/i0.wp.com\/alexanderling.ee\/wp-content\/uploads\/2024\/10\/004-scaled.jpg?resize=1152%2C1536&amp;ssl=1 1152w\" \/>\r\n\t\t<\/div><\/div><\/div><\/div><div class=\"wpb_column vc_column_container animation right-to-left vc_col-sm-12 vc_col-md-5 et-dark-column\"><div class=\"vc_column-inner  vc_custom_1578532669392\"><div class=\"wpb_wrapper\">\n\t<div class=\"wpb_text_column wpb_content_element   vc_custom_1729940084019 preline-large\" >\n\t\t<div class=\"wpb_wrapper\">\n\t\t\t<h1>\"Grey\" kollektsioon<\/h1>\n<h4>S\u00fcgis\/Talv 2024<\/h4>\n\n\t\t<\/div>\n\t<\/div>\n\n\t<div class=\"wpb_text_column wpb_content_element\" >\n\t\t<div class=\"wpb_wrapper\">\n\t\t\t<p><span style=\"font-weight: 400;\">T\u00e4navune s\u00fcgis hooaeg on peast jalatallani halli tooniga ansamblistatud. Halli v\u00e4rvi t\u00f5eline tugevus seisneb selle mitmek\u00fclgsuses, \u00fcleminekul vabaajar\u00f5ivastelt pidulikele ja sobib h\u00e4sti laia v\u00e4rvivalikuga. Selles kollektsioonis on minu eesm\u00e4rk taasleiutada hall koos \u0161ikkide \u00fchev\u00e4rviliste stiilide ning elava lilla ja lavendli aktsentidega. Tegelikult halli seostataksegi rahulikkuse, tasakaalu ja rafineeritusega. Maailmas, kus paljud inimesed otsivad kaasaegse elu kaose keskel stabiilsust ja vaikust, pakub hall mugavust ja usaldusv\u00e4\u00e4rsust. <\/span><\/p>\n\n\t\t<\/div>\n\t<\/div>\n<\/div><\/div><\/div><\/div><\/div><\/div><\/div><\/div><\/div><div  class=\"sec_row container\"><div class=\"vc_row wpb_row vc_row-fluid\"><div class=\"wpb_column vc_column_container vc_col-sm-12 et-dark-column\"><div class=\"vc_column-inner\"><div class=\"wpb_wrapper\">\n\t<div class=\"wpb_text_column wpb_content_element\" >\n\t\t<div class=\"wpb_wrapper\">\n\t\t\t<p><span style=\"font-weight: 400;\">Kollektsiooni t\u00e4helepanu keskpunktis on hall plissees\u00e4rk r\u00e4tsepa \u00fclikonnap\u00fckstega. Mulle meeldib lisada oma kollektsiooni plisseedetaile, kuna see on naiselik viis r\u00f5hutada liivakella siluetti. Jopedel on n\u00e4ha erinevaid tekstuuriga materjale, n\u00e4iteks polsterdatud metallkangast kombineerituna jerseyga, mis lisab s\u00fcgavust. Villaste materjalide laialdane kasutamine annab \u00fcler\u00f5ivastele pehme puudutuse ja mantlite siluett annab samas kaasaegse h\u00f5ngu olulistele s\u00fcgisgarderoobiosale. Puhaste l\u00f5igete ja julgete v\u00e4rvide t\u00f5us selles kollektsioonis on tihedalt seotud minimalistlike ja j\u00e4tkusuutlike moeliikumistega. Tunnen end muutumas keskkonnateadlikumaks, mist\u00f5ttu t\u00f5mbab mind ajatu, mitmek\u00fclgne teoste looming, mis \u00fcletab hooajatrende.<\/span><\/p>\n<p><span style=\"font-weight: 400;\">T\u00e4navar\u00f5ivaste ja vabaajar\u00f5ivastel on m\u00f5ju, mida ei saa minu viimastes kollektsioonides mainimata j\u00e4tta. Esikohale on seotud mugavus ja praktilisus ning kinnitusena olen kasutanud tugevaid metallist t\u00f5mblukke, potsakaid trukke ja lisanud suured taskudetailid, mis sobivad aktiivse elustiiliga. Emotsionaalne resonants muudab meie disainid atraktiivseks valikuks, kuna tegelikult otsime t\u00e4nap\u00e4eval \u00fcha enam r\u00f5ivaid, mis mitte ainult ei n\u00e4e head v\u00e4lja, vaid milles saab end h\u00e4sti tunda ka kandes.<\/span><\/p>\n\n\t\t<\/div>\n\t<\/div>\n<\/div><\/div><\/div><\/div><\/div>\n<\/div>","protected":false},"excerpt":{"rendered":"\"Grey\" Collection Autumn\/Winter 2024 This season is head-to-toe ensembled in the hue of grey. The colour of grey's true strength lies in its versatility, effortlessly transitioning from casual to formalwear and pairing well with a wide array of colors. In this collection, my aim is to reinvent grey with chic [...]","protected":false},"author":1,"featured_media":0,"parent":0,"menu_order":0,"comment_status":"closed","ping_status":"closed","template":"","meta":{"nf_dc_page":"","footnotes":""},"class_list":["post-8462","page","type-page","status-publish","hentry"],"jetpack_sharing_enabled":true,"_links":{"self":[{"href":"https:\/\/alexanderling.ee\/et\/wp-json\/wp\/v2\/pages\/8462","targetHints":{"allow":["GET"]}}],"collection":[{"href":"https:\/\/alexanderling.ee\/et\/wp-json\/wp\/v2\/pages"}],"about":[{"href":"https:\/\/alexanderling.ee\/et\/wp-json\/wp\/v2\/types\/page"}],"author":[{"embeddable":true,"href":"https:\/\/alexanderling.ee\/et\/wp-json\/wp\/v2\/users\/1"}],"replies":[{"embeddable":true,"href":"https:\/\/alexanderling.ee\/et\/wp-json\/wp\/v2\/comments?post=8462"}],"version-history":[{"count":5,"href":"https:\/\/alexanderling.ee\/et\/wp-json\/wp\/v2\/pages\/8462\/revisions"}],"predecessor-version":[{"id":8492,"href":"https:\/\/alexanderling.ee\/et\/wp-json\/wp\/v2\/pages\/8462\/revisions\/8492"}],"wp:attachment":[{"href":"https:\/\/alexanderling.ee\/et\/wp-json\/wp\/v2\/media?parent=8462"}],"curies":[{"name":"wp","href":"https:\/\/api.w.org\/{rel}","templated":true}]}}