{"id":9457,"date":"2025-03-05T15:46:27","date_gmt":"2025-03-05T12:46:27","guid":{"rendered":"https:\/\/alexanderling.ee\/?page_id=9457"},"modified":"2025-04-24T13:48:41","modified_gmt":"2025-04-24T10:48:41","slug":"bespoke","status":"publish","type":"page","link":"https:\/\/alexanderling.ee\/et\/bespoke\/","title":{"rendered":"INDIVIDUAALR\u00d5IVAD"},"content":{"rendered":"<div class=\"wpb-content-wrapper\"><div  class=\"sec_row container-fluid\"><div class=\"vc_row wpb_row vc_row-fluid no-padding vc_custom_1741269603741 vc_row-has-fill vc_row-o-content-middle vc_row-flex\"><div class=\"wpb_column vc_column_container vc_col-sm-6 et-dark-column\"><div class=\"vc_column-inner\"><div class=\"wpb_wrapper\">\n\t<div class=\"wpb_text_column wpb_content_element animation bottom-to-top  vc_custom_1745490779483\" >\n\t\t<div class=\"wpb_wrapper\">\n\t\t\t<h5>R\u00e4tsepat\u00f6\u00f6na valmivad r\u00f5ivad t\u00e4hendavad seda, et valmistame spetsiaalselt Sulle loodud tooted. Esimesel kohtumisel joonistan moejoonise, valime \u00fcheskoos kangad, seej\u00e4rel v\u00f5tame Sinu m\u00f5\u00f5dud ja sobiva hinnapakkumuse edastamise j\u00e4rel saamegi alustada loomeprotsessiga. Selle jaoks oleme loonud k\u00f5rvalliini A. LING br\u00e4ndina, kus keskendume iga kliendi individuaalsetele soovidele austamaks kodumaist disaini ja h\u00e4sti istuvaid r\u00f5ivaid.<\/h5>\n<h5 class=\"translation-block\">See on protsess, mis tagab, et ese on loodud just Sulle ja tavap\u00e4raselt h\u00f5lmab v\u00e4hemalt kahte proovi, kuid oleme paindlikud ning saame toote valmistada ka ilma proovideta ja selle siis postitada. Silmas palume pidada, et tellimuse t\u00e4itmise aeg on umbes 4 n\u00e4dalat, mis v\u00f5ib varieeruda ka kiiremaks olenevalt kangaste saadavusest meie Madalmaade, Itaalia ja Hispaania kangatarnijatelt, v\u00f5i valides kanga hoopis moemajas olevast valimist. Olgu selleks siis eriline pidup\u00e4eva kleit, h\u00e4stiistuv mantel, topp, triiks\u00e4rk v\u00f5i taskutega mugav t\u00f6\u00f6kleit \u2013 meie eesm\u00e4rk on luua midagi ainulaadset, valmistatud k\u00f5rgeima kvaliteediga \u2013 olgu selleks nii meeste kui naiste r\u00f5ivas.<\/h5>\n<h5>Lisaks pakume ka parandusteenust k\u00f5igile meie valmistatud ja Sinu isiklikele esemetele, et v\u00e4\u00e4rtustada r\u00f5ivaste kasutamist ka tulevikus.<\/h5>\n<p>Individuaalr\u00f5ivaste tellimiseks v\u00f5ta \u00fchendust meiega aja broneerimiseks kirjutades oma soov info@alexanderling.ee v\u00f5i helistades 56 930 960.<\/p>\n\n\t\t<\/div>\n\t<\/div>\n<\/div><\/div><\/div><div class=\"wpb_column vc_column_container vc_col-sm-6 et-dark-column\"><div class=\"vc_column-inner\"><div class=\"wpb_wrapper\">\t<div class=\"et-image-510 et-image     et_image_link\">\n\t\t<div class=\"et-image-inner\">\n\t\t\t\t\t\t\t<a  class=\"mfp-image et-lightbox\" data-mfp-type=\"image\" data-mfp-src=\"https:\/\/i0.wp.com\/alexanderling.ee\/wp-content\/uploads\/2025\/03\/ALEXANDERLING-SS24-2-1-scaled.jpg?fit=2560%2C1920&#038;ssl=1\"  title=\"ALEXANDERLING SS24 2-1\">\n\t\t\t\t\t\t\t<div class=\"et-image-thumb\">\n\t\t\t\t\t<img loading=\"lazy\" decoding=\"async\" width=\"2560\" height=\"1920\" src=\"https:\/\/i0.wp.com\/alexanderling.ee\/wp-content\/uploads\/2025\/03\/ALEXANDERLING-SS24-2-1-scaled.jpg?fit=2560%2C1920&amp;ssl=1\" class=\"attachment-full\" alt=\"\" title=\"ALEXANDERLING SS24 2-1\" srcset=\"https:\/\/i0.wp.com\/alexanderling.ee\/wp-content\/uploads\/2025\/03\/ALEXANDERLING-SS24-2-1-scaled.jpg?w=2560&amp;ssl=1 2560w, https:\/\/i0.wp.com\/alexanderling.ee\/wp-content\/uploads\/2025\/03\/ALEXANDERLING-SS24-2-1-scaled.jpg?resize=300%2C225&amp;ssl=1 300w, https:\/\/i0.wp.com\/alexanderling.ee\/wp-content\/uploads\/2025\/03\/ALEXANDERLING-SS24-2-1-scaled.jpg?resize=1024%2C768&amp;ssl=1 1024w, https:\/\/i0.wp.com\/alexanderling.ee\/wp-content\/uploads\/2025\/03\/ALEXANDERLING-SS24-2-1-scaled.jpg?resize=768%2C576&amp;ssl=1 768w, https:\/\/i0.wp.com\/alexanderling.ee\/wp-content\/uploads\/2025\/03\/ALEXANDERLING-SS24-2-1-scaled.jpg?resize=1536%2C1152&amp;ssl=1 1536w, https:\/\/i0.wp.com\/alexanderling.ee\/wp-content\/uploads\/2025\/03\/ALEXANDERLING-SS24-2-1-scaled.jpg?w=2280&amp;ssl=1 2280w\" sizes=\"auto, (max-width: 1140px) 100vw, 1140px\" \/>\t\t\t\t<\/div>\n\t\t\t\t\t\t\t<\/a>\n\t\t\t\t\t\t\t\t\t\t\t<\/div>\n\t<\/div>\n  <\/div><\/div><\/div><\/div><\/div><div  class=\"sec_row container\"><div class=\"vc_row wpb_row vc_row-fluid\"><div class=\"wpb_column vc_column_container vc_col-sm-12 et-dark-column\"><div class=\"vc_column-inner\"><div class=\"wpb_wrapper\"><div class=\"vc_empty_space\"   style=\"height: 100px\"><span class=\"vc_empty_space_inner\"><\/span><\/div><\/div><\/div><\/div><\/div><\/div>\n<\/div>","protected":false},"excerpt":{"rendered":"Bespoke clothing means we will meticulously craft an item designed especially for you. I will sketch you a design, we carefully select the materials, take measurements from you and send the price quote. For this, we have created a sub brand A. LING, where we focus on the individual needs [...]","protected":false},"author":1,"featured_media":0,"parent":0,"menu_order":0,"comment_status":"closed","ping_status":"closed","template":"","meta":{"nf_dc_page":"","footnotes":""},"class_list":["post-9457","page","type-page","status-publish","hentry"],"jetpack_sharing_enabled":true,"_links":{"self":[{"href":"https:\/\/alexanderling.ee\/et\/wp-json\/wp\/v2\/pages\/9457","targetHints":{"allow":["GET"]}}],"collection":[{"href":"https:\/\/alexanderling.ee\/et\/wp-json\/wp\/v2\/pages"}],"about":[{"href":"https:\/\/alexanderling.ee\/et\/wp-json\/wp\/v2\/types\/page"}],"author":[{"embeddable":true,"href":"https:\/\/alexanderling.ee\/et\/wp-json\/wp\/v2\/users\/1"}],"replies":[{"embeddable":true,"href":"https:\/\/alexanderling.ee\/et\/wp-json\/wp\/v2\/comments?post=9457"}],"version-history":[{"count":5,"href":"https:\/\/alexanderling.ee\/et\/wp-json\/wp\/v2\/pages\/9457\/revisions"}],"predecessor-version":[{"id":9800,"href":"https:\/\/alexanderling.ee\/et\/wp-json\/wp\/v2\/pages\/9457\/revisions\/9800"}],"wp:attachment":[{"href":"https:\/\/alexanderling.ee\/et\/wp-json\/wp\/v2\/media?parent=9457"}],"curies":[{"name":"wp","href":"https:\/\/api.w.org\/{rel}","templated":true}]}}