{"id":9552,"date":"2025-04-16T12:35:17","date_gmt":"2025-04-16T09:35:17","guid":{"rendered":"https:\/\/alexanderling.ee\/?page_id=9552"},"modified":"2025-04-24T14:46:21","modified_gmt":"2025-04-24T11:46:21","slug":"iseoma-collection-spring-summer-2025","status":"publish","type":"page","link":"https:\/\/alexanderling.ee\/et\/iseoma-collection-spring-summer-2025\/","title":{"rendered":"Iseoma Collection &#8211; Spring\/Summer 2025"},"content":{"rendered":"<div class=\"wpb-content-wrapper\"><div  class=\"sec_row container-fluid\"><div class=\"vc_row wpb_row vc_row-fluid vc_custom_1573187171262 vc_row-o-content-middle vc_row-flex\"><div class=\"wpb_column vc_column_container animation bottom-to-top vc_col-sm-12 vc_col-lg-offset-1 vc_col-lg-4 et-dark-column\"><div class=\"vc_column-inner  vc_custom_1573187307217\"><div class=\"wpb_wrapper\">\n\t<div class=\"wpb_text_column wpb_content_element   vc_custom_1744795438576 preline-large\" >\n\t\t<div class=\"wpb_wrapper\">\n\t\t\t<h1>Kollektsioon \u201cIseoma\u201d<\/h1>\n<h4>Kevad\/Suvi 2025<\/h4>\n\n\t\t<\/div>\n\t<\/div>\n\n\t<div class=\"wpb_text_column wpb_content_element\" >\n\t\t<div class=\"wpb_wrapper\">\n\t\t\t<p>Meie uus kollektsioon on t\u00f5epoolest sinise, musta ja naturaalvalge poeetilises koosm\u00f5jus. Kollektsiooni igas l\u00f5ikes on tabatud rahvatantsu emotsioon ja liikumine, laulu harmoonia ja tuhandete \u00fchtsus \u00fches h\u00e4\u00e4les, nii nagu meil on iga viie aasta tagant Eesti laulu- ja tantsupidu. See on ood Eestile: rahvusliku uhkuse, p\u00e4randi ja r\u00fctmi t\u00e4histamine Eesti lipu v\u00f5imsa s\u00fcmboolika ning Eesti armastatud laulu- ja tantsupeo \"Iseoma\" ajatu kultuurilise s\u00fcdamel\u00f6\u00f6gi all. \"See kollektsioon on minu armastuskiri Eestile \u2013 meie taeva ja j\u00e4rve s\u00fcgavsinisele, meie mulla ja mineviku mustale ning l\u00f5putute suve\u00f6\u00f6de valgele. Soovisin t\u00f5lkida meie rahvusliku hinge moekunsti,\" \u00fctleb moekunstnik Anu Ling. \"Ja ma arvan, et olen p\u00e4ris h\u00e4sti tegelikult hakkama saanud.\" Kollektsioon on saadaval veebipoes ja moemajas, samuti on teil v\u00f5imalik tellida kollektsioonist tooteid oma suurusesse. Lihtsalt anna meile oma soovist teada. Sellise personaalsusega v\u00f5imaldame n\u00e4idata seda, milles meie maja k\u00f5ige tugevam on: iga naise kui indiviidi eelistamist ja riiete valmistamist vastavalt oma kehakujule.<\/p>\n\n\t\t<\/div>\n\t<\/div>\n<\/div><\/div><\/div><div class=\"wpb_column vc_column_container animation top-to-bottom vc_col-sm-12 vc_col-lg-offset-1 vc_col-lg-5 et-light-column\"><div class=\"vc_column-inner\"><div class=\"wpb_wrapper\">\r\n\t\t<div class=\"et-banner-69ef48ad9a06d et-banner content-full  image-type-fluid text-color-light hover-effect hover-zoom\" ><img loading=\"lazy\" decoding=\"async\" width=\"802\" height=\"1074\" src=\"https:\/\/i0.wp.com\/alexanderling.ee\/wp-content\/uploads\/2025\/04\/Screenshot-2025-04-16-122701.png?fit=802%2C1074&amp;ssl=1\" class=\"et-banner-main-image\" alt=\"\" sizes=\"auto, (max-width: 802px) 100vw, 802px\" srcset=\"https:\/\/i0.wp.com\/alexanderling.ee\/wp-content\/uploads\/2025\/04\/Screenshot-2025-04-16-122701.png?w=802&amp;ssl=1 802w, https:\/\/i0.wp.com\/alexanderling.ee\/wp-content\/uploads\/2025\/04\/Screenshot-2025-04-16-122701.png?resize=224%2C300&amp;ssl=1 224w, https:\/\/i0.wp.com\/alexanderling.ee\/wp-content\/uploads\/2025\/04\/Screenshot-2025-04-16-122701.png?resize=765%2C1024&amp;ssl=1 765w, https:\/\/i0.wp.com\/alexanderling.ee\/wp-content\/uploads\/2025\/04\/Screenshot-2025-04-16-122701.png?resize=768%2C1028&amp;ssl=1 768w, https:\/\/i0.wp.com\/alexanderling.ee\/wp-content\/uploads\/2025\/04\/Screenshot-2025-04-16-122701.png?resize=9%2C12&amp;ssl=1 9w, https:\/\/i0.wp.com\/alexanderling.ee\/wp-content\/uploads\/2025\/04\/Screenshot-2025-04-16-122701.png?resize=112%2C150&amp;ssl=1 112w, https:\/\/i0.wp.com\/alexanderling.ee\/wp-content\/uploads\/2025\/04\/Screenshot-2025-04-16-122701.png?resize=450%2C603&amp;ssl=1 450w\" \/>\r\n\t\t<\/div><\/div><\/div><\/div><\/div><\/div><div  class=\"sec_row container-fluid\"><div class=\"vc_row wpb_row vc_row-fluid align-center vc_custom_1727464827350 vc_row-o-content-middle vc_row-flex\"><div class=\"wpb_column vc_column_container animation bottom-to-top vc_col-sm-12 vc_col-lg-4 et-dark-column\"><div class=\"vc_column-inner\"><div class=\"wpb_wrapper\">\t<div class=\"et-image-170 et-image     et_image_link\">\n\t\t<div class=\"et-image-inner\">\n\t\t\t\t\t\t\t<div class=\"et-image-thumb\">\n\t\t\t\t\t<img loading=\"lazy\" decoding=\"async\" width=\"815\" height=\"1072\" src=\"https:\/\/i0.wp.com\/alexanderling.ee\/wp-content\/uploads\/2025\/04\/Screenshot-2025-04-16-122756.png?fit=815%2C1072&amp;ssl=1\" class=\"attachment-full\" alt=\"\" title=\"Screenshot 2025-04-16 122756\" srcset=\"https:\/\/i0.wp.com\/alexanderling.ee\/wp-content\/uploads\/2025\/04\/Screenshot-2025-04-16-122756.png?w=815&amp;ssl=1 815w, https:\/\/i0.wp.com\/alexanderling.ee\/wp-content\/uploads\/2025\/04\/Screenshot-2025-04-16-122756.png?resize=228%2C300&amp;ssl=1 228w, https:\/\/i0.wp.com\/alexanderling.ee\/wp-content\/uploads\/2025\/04\/Screenshot-2025-04-16-122756.png?resize=779%2C1024&amp;ssl=1 779w, https:\/\/i0.wp.com\/alexanderling.ee\/wp-content\/uploads\/2025\/04\/Screenshot-2025-04-16-122756.png?resize=768%2C1010&amp;ssl=1 768w, https:\/\/i0.wp.com\/alexanderling.ee\/wp-content\/uploads\/2025\/04\/Screenshot-2025-04-16-122756.png?resize=9%2C12&amp;ssl=1 9w, https:\/\/i0.wp.com\/alexanderling.ee\/wp-content\/uploads\/2025\/04\/Screenshot-2025-04-16-122756.png?resize=114%2C150&amp;ssl=1 114w, https:\/\/i0.wp.com\/alexanderling.ee\/wp-content\/uploads\/2025\/04\/Screenshot-2025-04-16-122756.png?resize=450%2C592&amp;ssl=1 450w\" sizes=\"auto, (max-width: 815px) 100vw, 815px\" \/>\t\t\t\t<\/div>\n\t\t\t\t\t\t\t\t\t\t\t<\/div>\n\t<\/div>\n  <\/div><\/div><\/div><div data-vc-parallax=\"1.5\" class=\"wpb_column vc_column_container animation top-to-bottom vc_col-sm-12 vc_col-lg-offset-1 vc_col-lg-6 et-light-column vc_col-has-fill vc_general vc_parallax vc_parallax-content-moving\"><div class=\"vc_column-inner  vc_custom_1573185905585\"><div class=\"wpb_wrapper\">\r\n\t\t<div class=\"et-banner-69ef48ad9a8e9 et-banner content-full  image-type-fluid text-color-light hover-effect hover-zoom\" ><img loading=\"lazy\" decoding=\"async\" width=\"799\" height=\"1067\" src=\"https:\/\/i0.wp.com\/alexanderling.ee\/wp-content\/uploads\/2025\/04\/Screenshot-2025-04-16-122721.png?fit=799%2C1067&amp;ssl=1\" class=\"et-banner-main-image\" alt=\"\" sizes=\"auto, (max-width: 799px) 100vw, 799px\" srcset=\"https:\/\/i0.wp.com\/alexanderling.ee\/wp-content\/uploads\/2025\/04\/Screenshot-2025-04-16-122721.png?w=799&amp;ssl=1 799w, https:\/\/i0.wp.com\/alexanderling.ee\/wp-content\/uploads\/2025\/04\/Screenshot-2025-04-16-122721.png?resize=225%2C300&amp;ssl=1 225w, https:\/\/i0.wp.com\/alexanderling.ee\/wp-content\/uploads\/2025\/04\/Screenshot-2025-04-16-122721.png?resize=767%2C1024&amp;ssl=1 767w, https:\/\/i0.wp.com\/alexanderling.ee\/wp-content\/uploads\/2025\/04\/Screenshot-2025-04-16-122721.png?resize=768%2C1026&amp;ssl=1 768w, https:\/\/i0.wp.com\/alexanderling.ee\/wp-content\/uploads\/2025\/04\/Screenshot-2025-04-16-122721.png?resize=9%2C12&amp;ssl=1 9w, https:\/\/i0.wp.com\/alexanderling.ee\/wp-content\/uploads\/2025\/04\/Screenshot-2025-04-16-122721.png?resize=112%2C150&amp;ssl=1 112w, https:\/\/i0.wp.com\/alexanderling.ee\/wp-content\/uploads\/2025\/04\/Screenshot-2025-04-16-122721.png?resize=450%2C601&amp;ssl=1 450w\" \/>\r\n\t\t<\/div><\/div><\/div><\/div><\/div><\/div><div  class=\"sec_row container-fluid\"><div class=\"vc_row wpb_row vc_row-fluid align-center vc_custom_1727465984274 vc_row-o-content-middle vc_row-flex\"><div class=\"wpb_column vc_column_container animation bottom-to-top vc_col-sm-6 vc_col-lg-offset-1 vc_col-lg-6 et-dark-column\"><div class=\"vc_column-inner\"><div class=\"wpb_wrapper\">\t<div class=\"et-image-463 et-image     et_image_link\">\n\t\t<div class=\"et-image-inner\">\n\t\t\t\t\t\t\t<div class=\"et-image-thumb\">\n\t\t\t\t\t<img loading=\"lazy\" decoding=\"async\" width=\"804\" height=\"1075\" src=\"https:\/\/i0.wp.com\/alexanderling.ee\/wp-content\/uploads\/2025\/04\/Screenshot-2025-04-16-122740.png?fit=804%2C1075&amp;ssl=1\" class=\"attachment-full\" alt=\"\" title=\"Screenshot 2025-04-16 122740\" srcset=\"https:\/\/i0.wp.com\/alexanderling.ee\/wp-content\/uploads\/2025\/04\/Screenshot-2025-04-16-122740.png?w=804&amp;ssl=1 804w, https:\/\/i0.wp.com\/alexanderling.ee\/wp-content\/uploads\/2025\/04\/Screenshot-2025-04-16-122740.png?resize=224%2C300&amp;ssl=1 224w, https:\/\/i0.wp.com\/alexanderling.ee\/wp-content\/uploads\/2025\/04\/Screenshot-2025-04-16-122740.png?resize=766%2C1024&amp;ssl=1 766w, https:\/\/i0.wp.com\/alexanderling.ee\/wp-content\/uploads\/2025\/04\/Screenshot-2025-04-16-122740.png?resize=768%2C1027&amp;ssl=1 768w, https:\/\/i0.wp.com\/alexanderling.ee\/wp-content\/uploads\/2025\/04\/Screenshot-2025-04-16-122740.png?resize=9%2C12&amp;ssl=1 9w, https:\/\/i0.wp.com\/alexanderling.ee\/wp-content\/uploads\/2025\/04\/Screenshot-2025-04-16-122740.png?resize=112%2C150&amp;ssl=1 112w, https:\/\/i0.wp.com\/alexanderling.ee\/wp-content\/uploads\/2025\/04\/Screenshot-2025-04-16-122740.png?resize=450%2C602&amp;ssl=1 450w\" sizes=\"auto, (max-width: 804px) 100vw, 804px\" \/>\t\t\t\t<\/div>\n\t\t\t\t\t\t\t\t\t\t\t<\/div>\n\t<\/div>\n  <\/div><\/div><\/div><\/div><\/div>\n<\/div>","protected":false},"excerpt":{"rendered":"\"Iseoma\" Collection Spring\/Summer 2025 Our new collection is indeed in the poetic interplay of blue, black, and ivory. Each piece in the collection captures the emotion and movement of folk dance, the harmony of song, and the unity of thousands gathered in one voice, just as we have Estonian Song [...]","protected":false},"author":1,"featured_media":0,"parent":0,"menu_order":0,"comment_status":"closed","ping_status":"closed","template":"","meta":{"nf_dc_page":"","footnotes":""},"class_list":["post-9552","page","type-page","status-publish","hentry"],"jetpack_sharing_enabled":true,"_links":{"self":[{"href":"https:\/\/alexanderling.ee\/et\/wp-json\/wp\/v2\/pages\/9552","targetHints":{"allow":["GET"]}}],"collection":[{"href":"https:\/\/alexanderling.ee\/et\/wp-json\/wp\/v2\/pages"}],"about":[{"href":"https:\/\/alexanderling.ee\/et\/wp-json\/wp\/v2\/types\/page"}],"author":[{"embeddable":true,"href":"https:\/\/alexanderling.ee\/et\/wp-json\/wp\/v2\/users\/1"}],"replies":[{"embeddable":true,"href":"https:\/\/alexanderling.ee\/et\/wp-json\/wp\/v2\/comments?post=9552"}],"version-history":[{"count":5,"href":"https:\/\/alexanderling.ee\/et\/wp-json\/wp\/v2\/pages\/9552\/revisions"}],"predecessor-version":[{"id":9806,"href":"https:\/\/alexanderling.ee\/et\/wp-json\/wp\/v2\/pages\/9552\/revisions\/9806"}],"wp:attachment":[{"href":"https:\/\/alexanderling.ee\/et\/wp-json\/wp\/v2\/media?parent=9552"}],"curies":[{"name":"wp","href":"https:\/\/api.w.org\/{rel}","templated":true}]}}