{"id":10000,"date":"2025-06-15T17:42:29","date_gmt":"2025-06-15T14:42:29","guid":{"rendered":"https:\/\/alexanderling.ee\/?post_type=product&#038;p=10000"},"modified":"2025-09-18T17:57:17","modified_gmt":"2025-09-18T14:57:17","slug":"trousers-son-real","status":"publish","type":"product","link":"https:\/\/alexanderling.ee\/et\/toode\/trousers-son-real\/","title":{"rendered":"P\u00fcksid SON REAL"},"content":{"rendered":"<p>P\u00fckstel on ees metalllukk-, n\u00f6\u00f6p- ja haak-kinnis. Sisset\u00f6\u00f6deldud k\u00fcljetaskud ja v\u00e4rvlil on sees kumm mugavamaks kandmiseks.<\/p>","protected":false},"excerpt":{"rendered":"<p>Sigarettp\u00fcksid SON REAL on ees voldi ja sisse\u00f5mmeldud viigiga. \u00dchelt poolt formaalseteks \u00fcritusteks m\u00f5eldud p\u00fcksid on kergelt kukeka pikkusega, mis julgustab m\u00e4ngima proportsioonidega. K\u00f5rge v\u00e4rvliga, millel sees kumm mugavamaks istuvuseks ja sirgelt kukkuv s\u00e4\u00e4rejoon vormib ilusasti jalga ja jalan\u00f5usid, millega p\u00fckste kantakse.<\/p>\n<p><strong>Stiilinipp:<\/strong> kanna samast kangast topi SON MOJA v\u00f5i CAPDEPERAga. \u00c4ra unusta oma pikkuse teada andmist meile, et saaksime all\u00e4\u00e4re pikkuse m\u00e4\u00e4rata Sinu pikkusele sobivaks.<\/p>\n<p><strong>Istuvus:<\/strong> modell on 176 cm pikk ja kannab suurust 36.<\/p>\n<p>Vastab suurusele.<\/p>","protected":false},"featured_media":10127,"template":"","meta":{"nf_dc_page":""},"product_brand":[],"product_cat":[281,20,28],"product_tag":[],"class_list":{"0":"post-10000","1":"product","2":"type-product","3":"status-publish","4":"has-post-thumbnail","6":"product_cat-groovy-resort-25","7":"product_cat-bottoms","8":"product_cat-trousers","10":"first","11":"instock","12":"taxable","13":"shipping-taxable","14":"product-type-variable"},"jetpack_sharing_enabled":true,"_links":{"self":[{"href":"https:\/\/alexanderling.ee\/et\/wp-json\/wp\/v2\/product\/10000","targetHints":{"allow":["GET"]}}],"collection":[{"href":"https:\/\/alexanderling.ee\/et\/wp-json\/wp\/v2\/product"}],"about":[{"href":"https:\/\/alexanderling.ee\/et\/wp-json\/wp\/v2\/types\/product"}],"wp:featuredmedia":[{"embeddable":true,"href":"https:\/\/alexanderling.ee\/et\/wp-json\/wp\/v2\/media\/10127"}],"wp:attachment":[{"href":"https:\/\/alexanderling.ee\/et\/wp-json\/wp\/v2\/media?parent=10000"}],"wp:term":[{"taxonomy":"product_brand","embeddable":true,"href":"https:\/\/alexanderling.ee\/et\/wp-json\/wp\/v2\/product_brand?post=10000"},{"taxonomy":"product_cat","embeddable":true,"href":"https:\/\/alexanderling.ee\/et\/wp-json\/wp\/v2\/product_cat?post=10000"},{"taxonomy":"product_tag","embeddable":true,"href":"https:\/\/alexanderling.ee\/et\/wp-json\/wp\/v2\/product_tag?post=10000"}],"curies":[{"name":"wp","href":"https:\/\/api.w.org\/{rel}","templated":true}]}}