{"id":10002,"date":"2025-06-15T18:04:50","date_gmt":"2025-06-15T15:04:50","guid":{"rendered":"https:\/\/alexanderling.ee\/?post_type=product&#038;p=10002"},"modified":"2025-10-25T20:04:08","modified_gmt":"2025-10-25T17:04:08","slug":"jeans-son-mas","status":"publish","type":"product","link":"https:\/\/alexanderling.ee\/et\/toode\/jeans-son-mas\/","title":{"rendered":"Teksad SON MAS"},"content":{"rendered":"<p>Teksastel on ees metalllukk-, haak-kinnis. Pealepandud esi- ja tagataskud.<\/p>","protected":false},"excerpt":{"rendered":"<p>Moekunstnik Anu Lingi lemmiktoode, n\u00fc\u00fcd siis br\u00e4ndi signatuurl\u00f5ige, SON MAS teksased on klassikaline teksal\u00f5ige, aga v\u00e4ga samas vormitud tundega. Inspireeritud kuuek\u00fcmnedate vintaa\u017e-stiilist, on see l\u00f5ige uuesti loodud teksasse, mida on k\u00e4sitsi v\u00e4rvitud fuksiatooni. Klassikalised kuuek\u00fcmnedate taskud on tagak\u00fcljel pealepanduna, millele peale tikitud ALEXANDERLING logo.<\/p>\n<p><strong>Stiilinipp:<\/strong> sobita kokku \u00fcle \u00f5lgade kukkuva taftipluusi PUNTIROga. \u00c4ra unusta oma pikkuse teada andmist meile, et saaksime all\u00e4\u00e4re pikkuse m\u00e4\u00e4rata Sinu pikkusele sobivaks.<\/p>\n<p><strong>Istuvus:<\/strong> modell on 176 cm pikk ja kannab suurust 36.<\/p>\n<p>Vastab suurusele.<\/p>","protected":false},"featured_media":10144,"template":"","meta":{"nf_dc_page":""},"product_brand":[],"product_cat":[281,20,28],"product_tag":[345],"class_list":{"0":"post-10002","1":"product","2":"type-product","3":"status-publish","4":"has-post-thumbnail","6":"product_cat-groovy-resort-25","7":"product_cat-bottoms","8":"product_cat-trousers","9":"product_tag-new","11":"first","12":"instock","13":"sale","14":"taxable","15":"shipping-taxable","16":"purchasable","17":"product-type-variable"},"jetpack_sharing_enabled":true,"_links":{"self":[{"href":"https:\/\/alexanderling.ee\/et\/wp-json\/wp\/v2\/product\/10002","targetHints":{"allow":["GET"]}}],"collection":[{"href":"https:\/\/alexanderling.ee\/et\/wp-json\/wp\/v2\/product"}],"about":[{"href":"https:\/\/alexanderling.ee\/et\/wp-json\/wp\/v2\/types\/product"}],"wp:featuredmedia":[{"embeddable":true,"href":"https:\/\/alexanderling.ee\/et\/wp-json\/wp\/v2\/media\/10144"}],"wp:attachment":[{"href":"https:\/\/alexanderling.ee\/et\/wp-json\/wp\/v2\/media?parent=10002"}],"wp:term":[{"taxonomy":"product_brand","embeddable":true,"href":"https:\/\/alexanderling.ee\/et\/wp-json\/wp\/v2\/product_brand?post=10002"},{"taxonomy":"product_cat","embeddable":true,"href":"https:\/\/alexanderling.ee\/et\/wp-json\/wp\/v2\/product_cat?post=10002"},{"taxonomy":"product_tag","embeddable":true,"href":"https:\/\/alexanderling.ee\/et\/wp-json\/wp\/v2\/product_tag?post=10002"}],"curies":[{"name":"wp","href":"https:\/\/api.w.org\/{rel}","templated":true}]}}