{"id":10006,"date":"2025-06-15T17:51:08","date_gmt":"2025-06-15T14:51:08","guid":{"rendered":"https:\/\/alexanderling.ee\/?post_type=product&#038;p=10006"},"modified":"2025-06-15T17:52:49","modified_gmt":"2025-06-15T14:52:49","slug":"top-puntiro","status":"publish","type":"product","link":"https:\/\/alexanderling.ee\/et\/toode\/top-puntiro\/","title":{"rendered":"Topp PUNTIRO"},"content":{"rendered":"<p>Topp on t\u00f6\u00f6deldud viskoosivoodrile.<\/p>","protected":false},"excerpt":{"rendered":"<p>PUNTIRO on \u00f5lgadelt kukkuva l\u00f5ikega suvetopp, mis on m\u00f5eldud kodumaisesse suvekuu \u00f5htutesse. Vabalt kukkuv kehaosa annab mugava istuvuse ja \u00fclesuuruses r\u00f5hutatud puhvvarrukad lisavad topile pidulikkust. Istudes t\u00e4pselt dekoltee k\u00f5rgusel, paljastab topp delikaatselt rangluud.<\/p>\n<p><strong>Stiilinipp:<\/strong> minu lemmikviis stiliseerimiseks on kanda toppi t\u00f5mmates varrukad \u00fclesse ja lisades juurde fuksialillad teksap\u00fcksid SON MAS.<\/p>\n<p><strong>Istuvus:<\/strong> modell on 176 cm pikk ja kannab universaalset suurust, mis sobib k\u00f5ikidele kandjatele.<\/p>\n<p>Istub kehasse vabalt.<\/p>","protected":false},"featured_media":10133,"template":"","meta":{"nf_dc_page":""},"product_brand":[],"product_cat":[281,125,17],"product_tag":[],"class_list":{"0":"post-10006","1":"product","2":"type-product","3":"status-publish","4":"has-post-thumbnail","6":"product_cat-groovy-resort-25","7":"product_cat-collections","8":"product_cat-tops","10":"first","11":"instock","12":"taxable","13":"shipping-taxable","14":"purchasable","15":"product-type-variable"},"jetpack_sharing_enabled":true,"_links":{"self":[{"href":"https:\/\/alexanderling.ee\/et\/wp-json\/wp\/v2\/product\/10006","targetHints":{"allow":["GET"]}}],"collection":[{"href":"https:\/\/alexanderling.ee\/et\/wp-json\/wp\/v2\/product"}],"about":[{"href":"https:\/\/alexanderling.ee\/et\/wp-json\/wp\/v2\/types\/product"}],"wp:featuredmedia":[{"embeddable":true,"href":"https:\/\/alexanderling.ee\/et\/wp-json\/wp\/v2\/media\/10133"}],"wp:attachment":[{"href":"https:\/\/alexanderling.ee\/et\/wp-json\/wp\/v2\/media?parent=10006"}],"wp:term":[{"taxonomy":"product_brand","embeddable":true,"href":"https:\/\/alexanderling.ee\/et\/wp-json\/wp\/v2\/product_brand?post=10006"},{"taxonomy":"product_cat","embeddable":true,"href":"https:\/\/alexanderling.ee\/et\/wp-json\/wp\/v2\/product_cat?post=10006"},{"taxonomy":"product_tag","embeddable":true,"href":"https:\/\/alexanderling.ee\/et\/wp-json\/wp\/v2\/product_tag?post=10006"}],"curies":[{"name":"wp","href":"https:\/\/api.w.org\/{rel}","templated":true}]}}