{"id":10015,"date":"2025-06-15T20:13:03","date_gmt":"2025-06-15T17:13:03","guid":{"rendered":"https:\/\/alexanderling.ee\/?post_type=product&#038;p=10015"},"modified":"2026-02-04T16:08:45","modified_gmt":"2026-02-04T13:08:45","slug":"skirt-selva","status":"publish","type":"product","link":"https:\/\/alexanderling.ee\/et\/toode\/skirt-selva\/","title":{"rendered":"Seelik SELVA"},"content":{"rendered":"<p>Seelikul on viskoosivooder ja seljal peitlukk-kinnis.<\/p>","protected":false},"excerpt":{"rendered":"<p>Taftiseelik SELVA on \u00f5mmeldud voodrile ja all\u00e4\u00e4res on vallatu satsidetail. Seelik langeb kaunilt puusadele ja edasi A-l\u00f5ikeliselt kuni ohtra satsidega palistatud all\u00e4\u00e4r vastu tuleb. Kuigi seelikut on v\u00f5imalik v\u00e4ga pidulikuks v\u00e4ljan\u00e4gemiseks luua, siis teine v\u00f5imalus on kanda seda hoopis musta dressipluusiga.<\/p>\n<p><strong>Stiilinipp:<\/strong> sobita taftiseelik hoopis \u00fclesuuruses dressipluusi RUBERTSiga, et luua kontrastne v\u00e4ljan\u00e4gemine.<\/p>\n<p><strong>Istuvus:<\/strong> modell on 176 cm pikk ja kannab suurust 36.<\/p>\n<p>Vastab suurusele.<\/p>","protected":false},"featured_media":10205,"template":"","meta":{"nf_dc_page":""},"product_brand":[],"product_cat":[281,20,125,27],"product_tag":[345],"class_list":{"0":"post-10015","1":"product","2":"type-product","3":"status-publish","4":"has-post-thumbnail","6":"product_cat-groovy-resort-25","7":"product_cat-bottoms","8":"product_cat-collections","9":"product_cat-skirts","10":"product_tag-new","12":"first","13":"instock","14":"sale","15":"taxable","16":"shipping-taxable","17":"purchasable","18":"product-type-variable"},"jetpack_sharing_enabled":true,"_links":{"self":[{"href":"https:\/\/alexanderling.ee\/et\/wp-json\/wp\/v2\/product\/10015","targetHints":{"allow":["GET"]}}],"collection":[{"href":"https:\/\/alexanderling.ee\/et\/wp-json\/wp\/v2\/product"}],"about":[{"href":"https:\/\/alexanderling.ee\/et\/wp-json\/wp\/v2\/types\/product"}],"wp:featuredmedia":[{"embeddable":true,"href":"https:\/\/alexanderling.ee\/et\/wp-json\/wp\/v2\/media\/10205"}],"wp:attachment":[{"href":"https:\/\/alexanderling.ee\/et\/wp-json\/wp\/v2\/media?parent=10015"}],"wp:term":[{"taxonomy":"product_brand","embeddable":true,"href":"https:\/\/alexanderling.ee\/et\/wp-json\/wp\/v2\/product_brand?post=10015"},{"taxonomy":"product_cat","embeddable":true,"href":"https:\/\/alexanderling.ee\/et\/wp-json\/wp\/v2\/product_cat?post=10015"},{"taxonomy":"product_tag","embeddable":true,"href":"https:\/\/alexanderling.ee\/et\/wp-json\/wp\/v2\/product_tag?post=10015"}],"curies":[{"name":"wp","href":"https:\/\/api.w.org\/{rel}","templated":true}]}}