{"id":10018,"date":"2025-06-15T20:20:40","date_gmt":"2025-06-15T17:20:40","guid":{"rendered":"https:\/\/alexanderling.ee\/?post_type=product&#038;p=10018"},"modified":"2025-10-25T19:39:51","modified_gmt":"2025-10-25T16:39:51","slug":"sweatrshirt-felanitx","status":"publish","type":"product","link":"https:\/\/alexanderling.ee\/et\/toode\/sweatrshirt-felanitx\/","title":{"rendered":"Dressipluus FELANTIX"},"content":{"rendered":"<p>Dressipluusil on elastsed soonikkoes k\u00e4tised, kaelus ja all\u00e4\u00e4r.<\/p>","protected":false},"excerpt":{"rendered":"<p>See mitmek\u00fclgne must \u00fclisuur FELANITX dressipluus on valmistatud raskest punta viskoossegust, mis annab meeldiva viimistluse. Sellel on raglaanist k\u00e4eaugud ning soonikkoes mansetid, kaelus ja all\u00e4\u00e4r mugava istuvuse tagamiseks. Vabaaja, kuid ateljeele iseloomuliku elegantsiga t\u00e4idetud pluus on k\u00f5rgetasemeline garderoobi p\u00f5hielement.<\/p>\n<p><strong>Stiilinipp:<\/strong> Meile meeldib riietust elavdada elevandiluu v\u00e4rvi SELVA seelikuga.<\/p>\n<p><strong>Istuvus:<\/strong> modell on 176 cm pikk ja kannab suurust 36.<\/p>\n<p>Istub kehasse vabalt.<\/p>","protected":false},"featured_media":10207,"template":"","meta":{"nf_dc_page":""},"product_brand":[],"product_cat":[281,125,17],"product_tag":[],"class_list":{"0":"post-10018","1":"product","2":"type-product","3":"status-publish","4":"has-post-thumbnail","6":"product_cat-groovy-resort-25","7":"product_cat-collections","8":"product_cat-tops","10":"first","11":"instock","12":"taxable","13":"shipping-taxable","14":"purchasable","15":"product-type-variable"},"jetpack_sharing_enabled":true,"_links":{"self":[{"href":"https:\/\/alexanderling.ee\/et\/wp-json\/wp\/v2\/product\/10018","targetHints":{"allow":["GET"]}}],"collection":[{"href":"https:\/\/alexanderling.ee\/et\/wp-json\/wp\/v2\/product"}],"about":[{"href":"https:\/\/alexanderling.ee\/et\/wp-json\/wp\/v2\/types\/product"}],"wp:featuredmedia":[{"embeddable":true,"href":"https:\/\/alexanderling.ee\/et\/wp-json\/wp\/v2\/media\/10207"}],"wp:attachment":[{"href":"https:\/\/alexanderling.ee\/et\/wp-json\/wp\/v2\/media?parent=10018"}],"wp:term":[{"taxonomy":"product_brand","embeddable":true,"href":"https:\/\/alexanderling.ee\/et\/wp-json\/wp\/v2\/product_brand?post=10018"},{"taxonomy":"product_cat","embeddable":true,"href":"https:\/\/alexanderling.ee\/et\/wp-json\/wp\/v2\/product_cat?post=10018"},{"taxonomy":"product_tag","embeddable":true,"href":"https:\/\/alexanderling.ee\/et\/wp-json\/wp\/v2\/product_tag?post=10018"}],"curies":[{"name":"wp","href":"https:\/\/api.w.org\/{rel}","templated":true}]}}