{"id":10022,"date":"2025-05-29T14:01:43","date_gmt":"2025-05-29T11:01:43","guid":{"rendered":"https:\/\/alexanderling.ee\/?post_type=product&#038;p=10022"},"modified":"2025-11-08T02:48:14","modified_gmt":"2025-11-07T23:48:14","slug":"cardigan-ojasalu","status":"publish","type":"product","link":"https:\/\/alexanderling.ee\/et\/toode\/cardigan-ojasalu\/","title":{"rendered":"Keep TRENTO"},"content":{"rendered":"<p>Keebil on ees metallist n\u00f6\u00f6p-kinnis.<\/p>","protected":false},"excerpt":{"rendered":"<p>TRENTO keep on valmistatud eksklusiivsest Ecuadori angooravillast. Keebi k\u00f5rge kaelus ja \u00e4\u00e4red on kootud samast angooravillast. Keep kukub vabalt kehasse. Keebil on kitsenahast v\u00f6\u00f6koha augud, millest saab v\u00f6\u00f6 l\u00e4bi panna, kui on soov, et keep istuks taljesse. See on v\u00e4ga universaalne pealisr\u00f5ivas just \u00f5htukleitide peal kandmiseks.<\/p>\n<p><strong>Stiilinipp:<\/strong> k\u00fcsi peenikest kuldset metalliv\u00f6\u00f6d meilt, kui soovid kanda keepi kehasse istuvalt.<\/p>\n<p><strong>Istuvus:<\/strong> modell on 176 cm pikk ja kannab universaalset suurust, mis sobib k\u00f5ikidele kandjatele.<\/p>\n<p>\u00dcks suurus sobib k\u00f5igile.<\/p>","protected":false},"featured_media":10156,"template":"","meta":{"nf_dc_page":""},"product_brand":[],"product_cat":[164,23,58],"product_tag":[],"class_list":{"0":"post-10022","1":"product","2":"type-product","3":"status-publish","4":"has-post-thumbnail","6":"product_cat-coats-jackets","7":"product_cat-outerwear","8":"product_cat-sale","10":"first","11":"instock","12":"sale","13":"taxable","14":"shipping-taxable","15":"purchasable","16":"product-type-variable"},"jetpack_sharing_enabled":true,"_links":{"self":[{"href":"https:\/\/alexanderling.ee\/et\/wp-json\/wp\/v2\/product\/10022","targetHints":{"allow":["GET"]}}],"collection":[{"href":"https:\/\/alexanderling.ee\/et\/wp-json\/wp\/v2\/product"}],"about":[{"href":"https:\/\/alexanderling.ee\/et\/wp-json\/wp\/v2\/types\/product"}],"wp:featuredmedia":[{"embeddable":true,"href":"https:\/\/alexanderling.ee\/et\/wp-json\/wp\/v2\/media\/10156"}],"wp:attachment":[{"href":"https:\/\/alexanderling.ee\/et\/wp-json\/wp\/v2\/media?parent=10022"}],"wp:term":[{"taxonomy":"product_brand","embeddable":true,"href":"https:\/\/alexanderling.ee\/et\/wp-json\/wp\/v2\/product_brand?post=10022"},{"taxonomy":"product_cat","embeddable":true,"href":"https:\/\/alexanderling.ee\/et\/wp-json\/wp\/v2\/product_cat?post=10022"},{"taxonomy":"product_tag","embeddable":true,"href":"https:\/\/alexanderling.ee\/et\/wp-json\/wp\/v2\/product_tag?post=10022"}],"curies":[{"name":"wp","href":"https:\/\/api.w.org\/{rel}","templated":true}]}}