{"id":10066,"date":"2025-06-09T22:07:59","date_gmt":"2025-06-09T19:07:59","guid":{"rendered":"https:\/\/alexanderling.ee\/?post_type=product&#038;p=10066"},"modified":"2025-11-08T02:50:38","modified_gmt":"2025-11-07T23:50:38","slug":"jacket-es-poute","status":"publish","type":"product","link":"https:\/\/alexanderling.ee\/et\/toode\/jacket-es-poute\/","title":{"rendered":"Jacket ES POUET"},"content":{"rendered":"<p>Ees kaks h\u00f5bemetalli trukk-kinnist, lisaks l\u00e4bipaistvale dekoltee trukk-kinnisele.<\/p>","protected":false},"excerpt":{"rendered":"<p>ES POUET on broderiipitsist kimono-l\u00f5ikeline jakk, millel hingav puuvillane vooder. Ees on kaks h\u00f5bemetallist trukk-kinnist. Varrukaotstes on kummidetail t\u00e4nu millele kukub varrukas ilusti, l\u00f5ppdes 3\/4 pikkuses ning millega r\u00f5hutab ilusaid pikki k\u00e4si.<\/p>\n<p><strong>Stiilinipp:<\/strong> kanna kimonojakki samast kangast seelikuga SA GARRIGA, et tekiks t\u00e4iuslik ansambel.<\/p>\n<p><strong>Istuvus:<\/strong> modell on 179 cm pikk ja kannab suurust 36.<\/p>\n<p>Vastab suurusele.<\/p>","protected":false},"featured_media":10073,"template":"","meta":{"nf_dc_page":""},"product_brand":[],"product_cat":[281,164,23,58],"product_tag":[],"class_list":{"0":"post-10066","1":"product","2":"type-product","3":"status-publish","4":"has-post-thumbnail","6":"product_cat-groovy-resort-25","7":"product_cat-coats-jackets","8":"product_cat-outerwear","9":"product_cat-sale","11":"first","12":"instock","13":"sale","14":"taxable","15":"shipping-taxable","16":"purchasable","17":"product-type-variable"},"jetpack_sharing_enabled":true,"_links":{"self":[{"href":"https:\/\/alexanderling.ee\/et\/wp-json\/wp\/v2\/product\/10066","targetHints":{"allow":["GET"]}}],"collection":[{"href":"https:\/\/alexanderling.ee\/et\/wp-json\/wp\/v2\/product"}],"about":[{"href":"https:\/\/alexanderling.ee\/et\/wp-json\/wp\/v2\/types\/product"}],"wp:featuredmedia":[{"embeddable":true,"href":"https:\/\/alexanderling.ee\/et\/wp-json\/wp\/v2\/media\/10073"}],"wp:attachment":[{"href":"https:\/\/alexanderling.ee\/et\/wp-json\/wp\/v2\/media?parent=10066"}],"wp:term":[{"taxonomy":"product_brand","embeddable":true,"href":"https:\/\/alexanderling.ee\/et\/wp-json\/wp\/v2\/product_brand?post=10066"},{"taxonomy":"product_cat","embeddable":true,"href":"https:\/\/alexanderling.ee\/et\/wp-json\/wp\/v2\/product_cat?post=10066"},{"taxonomy":"product_tag","embeddable":true,"href":"https:\/\/alexanderling.ee\/et\/wp-json\/wp\/v2\/product_tag?post=10066"}],"curies":[{"name":"wp","href":"https:\/\/api.w.org\/{rel}","templated":true}]}}