{"id":10093,"date":"2025-06-15T16:33:47","date_gmt":"2025-06-15T13:33:47","guid":{"rendered":"https:\/\/alexanderling.ee\/?post_type=product&#038;p=10093"},"modified":"2026-02-04T16:37:12","modified_gmt":"2026-02-04T13:37:12","slug":"top-truuta-2","status":"publish","type":"product","link":"https:\/\/alexanderling.ee\/et\/toode\/top-truuta-2\/","title":{"rendered":"Topp TRUUTA BLACK"},"content":{"rendered":"<p><span data-sheets-root=\"1\">Pluusil on seotavad \u00f5lapaelad ja kummidetailid varrukaotstes.<\/span><\/p>","protected":false},"excerpt":{"rendered":"<p><span data-sheets-root=\"1\">Meil on r\u00f5\u00f5m esitleda \u00f5lgadelt kukkuva vaba l\u00f5ikega suvetoppi, mis on m\u00f5eldud r\u00f5hutamaks naiselikke rangluid. Ripsipaeladetailid \u00f5lgadel on seotavad \u00f5lapaelteks, andes mugava istuvuse. See puuvillane topp sobib kandmiseks nii suvisel p\u00e4evasel kui ka \u00f5htusel \u00fcritusel<\/span><\/p>\n<p><strong>Stiilinipp:<\/strong> minu lemmikviis stiliseerimiseks on kanda toppi koos litritega l\u00e4bi tikitud midiseeliku BILBAOga.<\/p>\n<p><strong>Istuvus:<\/strong> modell on 176 cm pikk ja kannab suurust 38.<\/p>\n<p>Istub kehasse vabalt.<\/p>","protected":false},"featured_media":10098,"template":"","meta":{"nf_dc_page":""},"product_brand":[],"product_cat":[281,58,17],"product_tag":[345],"class_list":{"0":"post-10093","1":"product","2":"type-product","3":"status-publish","4":"has-post-thumbnail","6":"product_cat-groovy-resort-25","7":"product_cat-sale","8":"product_cat-tops","9":"product_tag-new","11":"first","12":"instock","13":"sale","14":"taxable","15":"shipping-taxable","16":"purchasable","17":"product-type-variable"},"jetpack_sharing_enabled":true,"_links":{"self":[{"href":"https:\/\/alexanderling.ee\/et\/wp-json\/wp\/v2\/product\/10093","targetHints":{"allow":["GET"]}}],"collection":[{"href":"https:\/\/alexanderling.ee\/et\/wp-json\/wp\/v2\/product"}],"about":[{"href":"https:\/\/alexanderling.ee\/et\/wp-json\/wp\/v2\/types\/product"}],"wp:featuredmedia":[{"embeddable":true,"href":"https:\/\/alexanderling.ee\/et\/wp-json\/wp\/v2\/media\/10098"}],"wp:attachment":[{"href":"https:\/\/alexanderling.ee\/et\/wp-json\/wp\/v2\/media?parent=10093"}],"wp:term":[{"taxonomy":"product_brand","embeddable":true,"href":"https:\/\/alexanderling.ee\/et\/wp-json\/wp\/v2\/product_brand?post=10093"},{"taxonomy":"product_cat","embeddable":true,"href":"https:\/\/alexanderling.ee\/et\/wp-json\/wp\/v2\/product_cat?post=10093"},{"taxonomy":"product_tag","embeddable":true,"href":"https:\/\/alexanderling.ee\/et\/wp-json\/wp\/v2\/product_tag?post=10093"}],"curies":[{"name":"wp","href":"https:\/\/api.w.org\/{rel}","templated":true}]}}