{"id":10137,"date":"2025-06-15T17:59:31","date_gmt":"2025-06-15T14:59:31","guid":{"rendered":"https:\/\/alexanderling.ee\/?post_type=product&#038;p=10137"},"modified":"2025-11-08T02:20:22","modified_gmt":"2025-11-07T23:20:22","slug":"maxi-dress-christchurch-maxi","status":"publish","type":"product","link":"https:\/\/alexanderling.ee\/et\/toode\/maxi-dress-christchurch-maxi\/","title":{"rendered":"Kleit CHRISTCHURCH MAXI"},"content":{"rendered":"<p><span data-sheets-root=\"1\">Kleidil on seljal peitlukk-kinnis.<\/span><\/p>","protected":false},"excerpt":{"rendered":"<p>CHRISTCHURCH MAXI \u00fchendab endas k\u00f5ige pehmema trikotaa\u017eikanga, mida olete eales kandnud koos eest risti-r\u00e4sti l\u00f5ike universaalsusega. See t\u00e4hendab, et kirju kangas m\u00f5jub v\u00e4ga efektsena, samas peidab vajadusel kehaosi, mida r\u00f5hutada ei soovi, samas kui m\u00e4hitud v\u00f6\u00f6osa toob esile kauni ja naiseliku taljejoone. M\u00e4hi taljeosa kas seljale seotuna, j\u00e4tke see eest s\u00f5lme v\u00f5i m\u00e4hi \u00fcmber v\u00f6\u00f6koh a nii, et peidad paelte otsad m\u00e4hise alla. Armastame selle kanga juures seda, et kui peale kanga tundmist oma seljas, on see k\u00f5ige mugavam, mida oled kunagi tundnud.<\/p>\n<p><strong>Stiilinipp:<\/strong> soovitame pikki kleite kanda kinniste madalate jalan\u00f5udega, n\u00e4iteks balleriinadega. \u00c4ra unusta oma pikkuse teada andmist meile, et saaksime all\u00e4\u00e4re pikkuse m\u00e4\u00e4rata Sinu pikkusele sobivaks.<\/p>\n<p><strong>Istuvus:<\/strong> modell on 176 cm pikk ja kannab suurust 36.<\/p>\n<p>Vastab suurusele.<\/p>","protected":false},"featured_media":10138,"template":"","meta":{"nf_dc_page":""},"product_brand":[],"product_cat":[281,293,58],"product_tag":[],"class_list":{"0":"post-10137","1":"product","2":"type-product","3":"status-publish","4":"has-post-thumbnail","6":"product_cat-groovy-resort-25","7":"product_cat-floor-length-dresses","8":"product_cat-sale","10":"first","11":"instock","12":"sale","13":"taxable","14":"shipping-taxable","15":"purchasable","16":"product-type-variable"},"jetpack_sharing_enabled":true,"_links":{"self":[{"href":"https:\/\/alexanderling.ee\/et\/wp-json\/wp\/v2\/product\/10137","targetHints":{"allow":["GET"]}}],"collection":[{"href":"https:\/\/alexanderling.ee\/et\/wp-json\/wp\/v2\/product"}],"about":[{"href":"https:\/\/alexanderling.ee\/et\/wp-json\/wp\/v2\/types\/product"}],"wp:featuredmedia":[{"embeddable":true,"href":"https:\/\/alexanderling.ee\/et\/wp-json\/wp\/v2\/media\/10138"}],"wp:attachment":[{"href":"https:\/\/alexanderling.ee\/et\/wp-json\/wp\/v2\/media?parent=10137"}],"wp:term":[{"taxonomy":"product_brand","embeddable":true,"href":"https:\/\/alexanderling.ee\/et\/wp-json\/wp\/v2\/product_brand?post=10137"},{"taxonomy":"product_cat","embeddable":true,"href":"https:\/\/alexanderling.ee\/et\/wp-json\/wp\/v2\/product_cat?post=10137"},{"taxonomy":"product_tag","embeddable":true,"href":"https:\/\/alexanderling.ee\/et\/wp-json\/wp\/v2\/product_tag?post=10137"}],"curies":[{"name":"wp","href":"https:\/\/api.w.org\/{rel}","templated":true}]}}