{"id":10152,"date":"2025-06-15T18:22:46","date_gmt":"2025-06-15T15:22:46","guid":{"rendered":"https:\/\/alexanderling.ee\/?post_type=product&#038;p=10152"},"modified":"2025-11-07T23:51:26","modified_gmt":"2025-11-07T20:51:26","slug":"bralette-son-riera","status":"publish","type":"product","link":"https:\/\/alexanderling.ee\/et\/toode\/bralette-son-riera\/","title":{"rendered":"Rinnahoidja SON RIERA"},"content":{"rendered":"<p><span data-sheets-root=\"1\">Topil on seljal reguleeritav metallist haak-kinnis.<\/span><\/p>","protected":false},"excerpt":{"rendered":"<p><span data-sheets-root=\"1\">SON RIERA on litritopike, mis on valmistatud mustast teksakangast, mis on omakorda t\u00e4is tikitud litritega. See on topp, mille oleme spetsiaalselt loonud, et luua t\u00e4iuslik tervik samast kangast teksajaki ARNEDO ja teksade CALA TUENTiga. Kummist \u00f5lapaelad, reguleeritav haak-kinnis seljal ja pehme vooder teevad topi kandmise v\u00e4ga mugavaks.<\/span><\/p>\n<p><strong>Stiilinipp:<\/strong> tervikliku v\u00e4ljan\u00e4gemise loomiseks kanna samast kangast loodud teksajaki ARNEDO ja teksaste CALA TUENTiga.<\/p>\n<p><strong>Istuvus:<\/strong> modell on 176 cm pikk ja kannab suurust 38.<\/p>\n<p>Vastab suurusele.<\/p>","protected":false},"featured_media":10153,"template":"","meta":{"nf_dc_page":""},"product_brand":[],"product_cat":[281,104,58,17],"product_tag":[],"class_list":{"0":"post-10152","1":"product","2":"type-product","3":"status-publish","4":"has-post-thumbnail","6":"product_cat-groovy-resort-25","7":"product_cat-lingerie","8":"product_cat-sale","9":"product_cat-tops","11":"first","12":"instock","13":"sale","14":"taxable","15":"shipping-taxable","16":"purchasable","17":"product-type-variable"},"jetpack_sharing_enabled":true,"_links":{"self":[{"href":"https:\/\/alexanderling.ee\/et\/wp-json\/wp\/v2\/product\/10152","targetHints":{"allow":["GET"]}}],"collection":[{"href":"https:\/\/alexanderling.ee\/et\/wp-json\/wp\/v2\/product"}],"about":[{"href":"https:\/\/alexanderling.ee\/et\/wp-json\/wp\/v2\/types\/product"}],"wp:featuredmedia":[{"embeddable":true,"href":"https:\/\/alexanderling.ee\/et\/wp-json\/wp\/v2\/media\/10153"}],"wp:attachment":[{"href":"https:\/\/alexanderling.ee\/et\/wp-json\/wp\/v2\/media?parent=10152"}],"wp:term":[{"taxonomy":"product_brand","embeddable":true,"href":"https:\/\/alexanderling.ee\/et\/wp-json\/wp\/v2\/product_brand?post=10152"},{"taxonomy":"product_cat","embeddable":true,"href":"https:\/\/alexanderling.ee\/et\/wp-json\/wp\/v2\/product_cat?post=10152"},{"taxonomy":"product_tag","embeddable":true,"href":"https:\/\/alexanderling.ee\/et\/wp-json\/wp\/v2\/product_tag?post=10152"}],"curies":[{"name":"wp","href":"https:\/\/api.w.org\/{rel}","templated":true}]}}