{"id":10166,"date":"2025-06-15T19:04:57","date_gmt":"2025-06-15T16:04:57","guid":{"rendered":"https:\/\/alexanderling.ee\/?post_type=product&#038;p=10166"},"modified":"2026-02-03T16:38:34","modified_gmt":"2026-02-03T13:38:34","slug":"jersey-jacket-sineu-fuchsia","status":"publish","type":"product","link":"https:\/\/alexanderling.ee\/et\/toode\/jersey-jacket-sineu-fuchsia\/","title":{"rendered":"Jakk SINEU FUCHSIA"},"content":{"rendered":"<p><span data-sheets-root=\"1\">Naiste jakk on m\u00f5nusast trikotaa\u017eikangast ja ilma voodrita. Ees on kolm metallist trukk-kinnist.<\/span><\/p>","protected":false},"excerpt":{"rendered":"<p><span data-sheets-root=\"1\">SINEU FUCHSIA on pehmest trikotaa\u017eist jakk. Jakk on ilma voodrita, olles \u00fclimugav ese kandmiseks kontoris v\u00f5i \u00f5htutundidel kui jahedam hakkab. Jakil on reljeefi sisse \u00f5mmeldud tasku. \u00dclimalt k\u00f5rgekvaliteediline r\u00e4tsepat\u00f6\u00f6 ja pehme kangas muudab selle h\u00e4stiistuvaks jakiks ja sobib kandmiseks aastaringselt nii eest kinni trukituna, kui ka lahtiselt.<\/span><\/p>\n<p><strong>Stiilinipp:<\/strong> kanna naiste jakki k\u00f5rge kaelusega topiga, n\u00e4iteks BOEZA, kas siis musta v\u00f5i bee\u017eina.<\/p>\n<p><strong>Istuvus:<\/strong> modell on 176 cm pikk ja kannab suurust 36.<\/p>\n<p>Vastab suurusele.<\/p>","protected":false},"featured_media":10173,"template":"","meta":{"nf_dc_page":""},"product_brand":[],"product_cat":[281,164,23],"product_tag":[345],"class_list":{"0":"post-10166","1":"product","2":"type-product","3":"status-publish","4":"has-post-thumbnail","6":"product_cat-groovy-resort-25","7":"product_cat-coats-jackets","8":"product_cat-outerwear","9":"product_tag-new","11":"first","12":"instock","13":"sale","14":"taxable","15":"shipping-taxable","16":"purchasable","17":"product-type-variable"},"jetpack_sharing_enabled":true,"_links":{"self":[{"href":"https:\/\/alexanderling.ee\/et\/wp-json\/wp\/v2\/product\/10166","targetHints":{"allow":["GET"]}}],"collection":[{"href":"https:\/\/alexanderling.ee\/et\/wp-json\/wp\/v2\/product"}],"about":[{"href":"https:\/\/alexanderling.ee\/et\/wp-json\/wp\/v2\/types\/product"}],"wp:featuredmedia":[{"embeddable":true,"href":"https:\/\/alexanderling.ee\/et\/wp-json\/wp\/v2\/media\/10173"}],"wp:attachment":[{"href":"https:\/\/alexanderling.ee\/et\/wp-json\/wp\/v2\/media?parent=10166"}],"wp:term":[{"taxonomy":"product_brand","embeddable":true,"href":"https:\/\/alexanderling.ee\/et\/wp-json\/wp\/v2\/product_brand?post=10166"},{"taxonomy":"product_cat","embeddable":true,"href":"https:\/\/alexanderling.ee\/et\/wp-json\/wp\/v2\/product_cat?post=10166"},{"taxonomy":"product_tag","embeddable":true,"href":"https:\/\/alexanderling.ee\/et\/wp-json\/wp\/v2\/product_tag?post=10166"}],"curies":[{"name":"wp","href":"https:\/\/api.w.org\/{rel}","templated":true}]}}