{"id":10175,"date":"2025-06-15T19:11:33","date_gmt":"2025-06-15T16:11:33","guid":{"rendered":"https:\/\/alexanderling.ee\/?post_type=product&#038;p=10175"},"modified":"2026-02-04T16:12:38","modified_gmt":"2026-02-04T13:12:38","slug":"trousers-son-gil","status":"publish","type":"product","link":"https:\/\/alexanderling.ee\/et\/toode\/trousers-son-gil\/","title":{"rendered":"P\u00fcksid SON GIL"},"content":{"rendered":"<p><span data-sheets-root=\"1\">P\u00fckstel on ees lukk ja haak-kinnis.<\/span><\/p>","protected":false},"excerpt":{"rendered":"<p><span data-sheets-root=\"1\">SON GIL on viskoositrikotaa\u017eist p\u00fcksid, millel sisse\u00f5mmeldud viigid. Taljes istuv v\u00e4rvel ja sirgelt kukkuv s\u00e4\u00e4r lisavad sihvakust, lai all\u00e4\u00e4re \u00e4rakeeramine r\u00f5hutab Alexanderling moemaja pisikeste detailide v\u00e4ljatoomist. P\u00fckstel on kaks esik\u00fcljetaskut.<\/span><\/p>\n<p><strong>Stiilinipp:<\/strong> sobita p\u00fcksid kokku samast kangast naiste jaki SINEUga. \u00c4ra unusta oma pikkuse teada andmist meile, et saaksime all\u00e4\u00e4re pikkuse m\u00e4\u00e4rata Sinu pikkusele sobivaks.<\/p>\n<p><strong>Istuvus:<\/strong> modell on 176 cm pikk ja kannab suurust 36.<\/p>\n<p>Vastab suurusele.<\/p>","protected":false},"featured_media":10176,"template":"","meta":{"nf_dc_page":""},"product_brand":[],"product_cat":[281,20,28],"product_tag":[345],"class_list":{"0":"post-10175","1":"product","2":"type-product","3":"status-publish","4":"has-post-thumbnail","6":"product_cat-groovy-resort-25","7":"product_cat-bottoms","8":"product_cat-trousers","9":"product_tag-new","11":"first","12":"instock","13":"sale","14":"taxable","15":"shipping-taxable","16":"purchasable","17":"product-type-variable"},"jetpack_sharing_enabled":true,"_links":{"self":[{"href":"https:\/\/alexanderling.ee\/et\/wp-json\/wp\/v2\/product\/10175","targetHints":{"allow":["GET"]}}],"collection":[{"href":"https:\/\/alexanderling.ee\/et\/wp-json\/wp\/v2\/product"}],"about":[{"href":"https:\/\/alexanderling.ee\/et\/wp-json\/wp\/v2\/types\/product"}],"wp:featuredmedia":[{"embeddable":true,"href":"https:\/\/alexanderling.ee\/et\/wp-json\/wp\/v2\/media\/10176"}],"wp:attachment":[{"href":"https:\/\/alexanderling.ee\/et\/wp-json\/wp\/v2\/media?parent=10175"}],"wp:term":[{"taxonomy":"product_brand","embeddable":true,"href":"https:\/\/alexanderling.ee\/et\/wp-json\/wp\/v2\/product_brand?post=10175"},{"taxonomy":"product_cat","embeddable":true,"href":"https:\/\/alexanderling.ee\/et\/wp-json\/wp\/v2\/product_cat?post=10175"},{"taxonomy":"product_tag","embeddable":true,"href":"https:\/\/alexanderling.ee\/et\/wp-json\/wp\/v2\/product_tag?post=10175"}],"curies":[{"name":"wp","href":"https:\/\/api.w.org\/{rel}","templated":true}]}}