{"id":10193,"date":"2025-06-15T20:08:53","date_gmt":"2025-06-15T17:08:53","guid":{"rendered":"https:\/\/alexanderling.ee\/?post_type=product&#038;p=10193"},"modified":"2025-11-08T02:34:50","modified_gmt":"2025-11-07T23:34:50","slug":"dress-moscari","status":"publish","type":"product","link":"https:\/\/alexanderling.ee\/et\/toode\/dress-moscari\/","title":{"rendered":"Kleit MOSCARI"},"content":{"rendered":"<p><span data-sheets-root=\"1\">Kleit on t\u00f6\u00f6deldud viskoosivoodrile ja seljal on peit-lukk kinnis.<\/span><\/p>","protected":false},"excerpt":{"rendered":"<p><span data-sheets-root=\"1\">MOSCARI on taftikleit, millel seelikuosa on l\u00f5igatud A-l\u00f5ikelisena ja varrukad on vabalt kukkuvad, millel all \u00e4\u00e4res kummidetail. Kleidi talje on eraldi v\u00e4lja toodud pikendatud osaga ja rinnaosa all on krookedetailid. V-kaelus muudab keha sihvakamaks. Kleidil on viskoosivooder.<\/span><\/p>\n<p><strong>Stiilinipp:<\/strong> MOSCARI kleit on minimalistlik ja soovitame kleidi ilu maksimaalseks v\u00e4ljatoomiseks j\u00e4tta aksessuaarid minimalistlikuks. Meie sobitasime moevaatem\u00e4ngus kleidi balleriinadega.<\/p>\n<p><strong>Istuvus:<\/strong> modell on 176 cm pikk ja kannab suurust 38.<\/p>\n<p>Vastab suurusele.<\/p>","protected":false},"featured_media":10195,"template":"","meta":{"nf_dc_page":""},"product_brand":[],"product_cat":[281,35,58],"product_tag":[],"class_list":{"0":"post-10193","1":"product","2":"type-product","3":"status-publish","4":"has-post-thumbnail","6":"product_cat-groovy-resort-25","7":"product_cat-dresses","8":"product_cat-sale","10":"first","11":"instock","12":"sale","13":"taxable","14":"shipping-taxable","15":"purchasable","16":"product-type-variable"},"jetpack_sharing_enabled":true,"_links":{"self":[{"href":"https:\/\/alexanderling.ee\/et\/wp-json\/wp\/v2\/product\/10193","targetHints":{"allow":["GET"]}}],"collection":[{"href":"https:\/\/alexanderling.ee\/et\/wp-json\/wp\/v2\/product"}],"about":[{"href":"https:\/\/alexanderling.ee\/et\/wp-json\/wp\/v2\/types\/product"}],"wp:featuredmedia":[{"embeddable":true,"href":"https:\/\/alexanderling.ee\/et\/wp-json\/wp\/v2\/media\/10195"}],"wp:attachment":[{"href":"https:\/\/alexanderling.ee\/et\/wp-json\/wp\/v2\/media?parent=10193"}],"wp:term":[{"taxonomy":"product_brand","embeddable":true,"href":"https:\/\/alexanderling.ee\/et\/wp-json\/wp\/v2\/product_brand?post=10193"},{"taxonomy":"product_cat","embeddable":true,"href":"https:\/\/alexanderling.ee\/et\/wp-json\/wp\/v2\/product_cat?post=10193"},{"taxonomy":"product_tag","embeddable":true,"href":"https:\/\/alexanderling.ee\/et\/wp-json\/wp\/v2\/product_tag?post=10193"}],"curies":[{"name":"wp","href":"https:\/\/api.w.org\/{rel}","templated":true}]}}