{"id":10227,"date":"2025-06-16T16:44:06","date_gmt":"2025-06-16T13:44:06","guid":{"rendered":"https:\/\/alexanderling.ee\/?post_type=product&#038;p=10227"},"modified":"2026-02-03T16:31:49","modified_gmt":"2026-02-03T13:31:49","slug":"jacket-arnedo","status":"publish","type":"product","link":"https:\/\/alexanderling.ee\/et\/toode\/jacket-arnedo\/","title":{"rendered":"Teksajakk ARNEDO"},"content":{"rendered":"<p><span data-sheets-root=\"1\">Teksatagi krae, nelja peale\u00f5mmeldud esitasku ja metallist trukk-kinnistega.<\/span><\/p>","protected":false},"excerpt":{"rendered":"<p><span data-sheets-root=\"1\">ARNEDO on teksajakk, mis on valmistatud mustast teksakangast ja omakorda peale tikitud litridetailidega. Jakk on inspireeritud kuuek\u00fcmnendatest: krae, peale pandud neli esitaskut kannavad edasi t\u00e4pselt seda kuuek\u00fcmnedate lahedat tunnetust.<\/span><\/p>\n<p><strong>Stiilinipp:<\/strong> soovitame kanda baleriinitega ja p\u00e4rast tellimuse esitamist andke meile teada oma pikkus, et saaksime all\u00e4\u00e4rt vastavalt teie pikkusele muuta.<\/p>\n<p><strong>Istuvus:<\/strong> modell on 176 cm pikk ja kannab suurust 38.<\/p>\n<p>Vastab suurusele.<\/p>","protected":false},"featured_media":10233,"template":"","meta":{"nf_dc_page":""},"product_brand":[],"product_cat":[281,164,23],"product_tag":[345],"class_list":{"0":"post-10227","1":"product","2":"type-product","3":"status-publish","4":"has-post-thumbnail","6":"product_cat-groovy-resort-25","7":"product_cat-coats-jackets","8":"product_cat-outerwear","9":"product_tag-new","11":"first","12":"onbackorder","13":"taxable","14":"shipping-taxable","15":"purchasable","16":"product-type-variable"},"jetpack_sharing_enabled":true,"_links":{"self":[{"href":"https:\/\/alexanderling.ee\/et\/wp-json\/wp\/v2\/product\/10227","targetHints":{"allow":["GET"]}}],"collection":[{"href":"https:\/\/alexanderling.ee\/et\/wp-json\/wp\/v2\/product"}],"about":[{"href":"https:\/\/alexanderling.ee\/et\/wp-json\/wp\/v2\/types\/product"}],"wp:featuredmedia":[{"embeddable":true,"href":"https:\/\/alexanderling.ee\/et\/wp-json\/wp\/v2\/media\/10233"}],"wp:attachment":[{"href":"https:\/\/alexanderling.ee\/et\/wp-json\/wp\/v2\/media?parent=10227"}],"wp:term":[{"taxonomy":"product_brand","embeddable":true,"href":"https:\/\/alexanderling.ee\/et\/wp-json\/wp\/v2\/product_brand?post=10227"},{"taxonomy":"product_cat","embeddable":true,"href":"https:\/\/alexanderling.ee\/et\/wp-json\/wp\/v2\/product_cat?post=10227"},{"taxonomy":"product_tag","embeddable":true,"href":"https:\/\/alexanderling.ee\/et\/wp-json\/wp\/v2\/product_tag?post=10227"}],"curies":[{"name":"wp","href":"https:\/\/api.w.org\/{rel}","templated":true}]}}