{"id":10296,"date":"2025-06-29T13:05:28","date_gmt":"2025-06-29T10:05:28","guid":{"rendered":"https:\/\/alexanderling.ee\/?post_type=product&#038;p=10296"},"modified":"2025-11-08T02:55:00","modified_gmt":"2025-11-07T23:55:00","slug":"suit-jacket-dormeuil","status":"publish","type":"product","link":"https:\/\/alexanderling.ee\/et\/toode\/suit-jacket-dormeuil\/","title":{"rendered":"Jakk DORMEUIL"},"content":{"rendered":"<p>Jakil on ees kaks n\u00f6\u00f6p-kinnist. Ees kaks klapiga taskut ja \u00fcks rinnatasku.<\/p>","protected":false},"excerpt":{"rendered":"<p>DORMEUIL on meeste jakk, mis on valmistatud luksuskangatootja Dormeuil k\u00f5rgekvaliteetsest puuvillast. Jakil on veluuri tekstuur ja esialgu on see disainitud meeste jakiks suuruses 50. Meie stiliseerime seda aga naiste jakina, millel oversized-tunnetus.<\/p>\n<p><strong>Stiilinipp:<\/strong> kas pole huvitav, kui laenata midagi meeste garderoobist nagu seda pintsakut? Kanna kontoris v\u00f5i osa \u00f5htul v\u00e4ljamineku r\u00f5ivastusest.<\/p>\n<p><strong>Istuvus:<\/strong> modell on 176 cm pikk ja kannab suurust 50.<\/p>\n<p>Vastab suurusele.<\/p>","protected":false},"featured_media":10303,"template":"","meta":{"nf_dc_page":""},"product_brand":[],"product_cat":[164,23],"product_tag":[345],"class_list":{"0":"post-10296","1":"product","2":"type-product","3":"status-publish","4":"has-post-thumbnail","6":"product_cat-coats-jackets","7":"product_cat-outerwear","8":"product_tag-new","10":"first","11":"instock","12":"taxable","13":"shipping-taxable","14":"purchasable","15":"product-type-variable"},"jetpack_sharing_enabled":true,"_links":{"self":[{"href":"https:\/\/alexanderling.ee\/et\/wp-json\/wp\/v2\/product\/10296","targetHints":{"allow":["GET"]}}],"collection":[{"href":"https:\/\/alexanderling.ee\/et\/wp-json\/wp\/v2\/product"}],"about":[{"href":"https:\/\/alexanderling.ee\/et\/wp-json\/wp\/v2\/types\/product"}],"wp:featuredmedia":[{"embeddable":true,"href":"https:\/\/alexanderling.ee\/et\/wp-json\/wp\/v2\/media\/10303"}],"wp:attachment":[{"href":"https:\/\/alexanderling.ee\/et\/wp-json\/wp\/v2\/media?parent=10296"}],"wp:term":[{"taxonomy":"product_brand","embeddable":true,"href":"https:\/\/alexanderling.ee\/et\/wp-json\/wp\/v2\/product_brand?post=10296"},{"taxonomy":"product_cat","embeddable":true,"href":"https:\/\/alexanderling.ee\/et\/wp-json\/wp\/v2\/product_cat?post=10296"},{"taxonomy":"product_tag","embeddable":true,"href":"https:\/\/alexanderling.ee\/et\/wp-json\/wp\/v2\/product_tag?post=10296"}],"curies":[{"name":"wp","href":"https:\/\/api.w.org\/{rel}","templated":true}]}}