{"id":10306,"date":"2025-06-29T13:43:57","date_gmt":"2025-06-29T10:43:57","guid":{"rendered":"https:\/\/alexanderling.ee\/?post_type=product&#038;p=10306"},"modified":"2025-11-08T02:30:58","modified_gmt":"2025-11-07T23:30:58","slug":"dress-helios-2","status":"publish","type":"product","link":"https:\/\/alexanderling.ee\/et\/toode\/dress-helios-2\/","title":{"rendered":"Kleit HELIOS"},"content":{"rendered":"<p>Kleidil on ees peitlukk-kinnis.<\/p>","protected":false},"excerpt":{"rendered":"<p>HELIOS kleit on broderiipitsist ja puuvillavoodril. Taljeosa on voltidega kokku drapeeritud luues liivakellaseiluti samal ajal kui kimono varrukas annab vabadust kogu \u00fclakehale. Kleidil on k\u00fclgedel kaks sisset\u00f6\u00f6deldud taskut.<\/p>\n<p><strong>Stiilinipp:<\/strong> r\u00f5hutamaks suvehooaega, kanna raffiam\u00fctsi v\u00f5i -kotiga ning jalga lisa mugavad espadrill-sandaalid.<\/p>\n<p><strong>Istuvus:<\/strong> modell on 176 cm pikk ja kannab suurust 36.<\/p>\n<p>Vastab suurusele.<\/p>","protected":false},"featured_media":10309,"template":"","meta":{"nf_dc_page":""},"product_brand":[],"product_cat":[281,35,58],"product_tag":[],"class_list":{"0":"post-10306","1":"product","2":"type-product","3":"status-publish","4":"has-post-thumbnail","6":"product_cat-groovy-resort-25","7":"product_cat-dresses","8":"product_cat-sale","10":"first","11":"instock","12":"sale","13":"taxable","14":"shipping-taxable","15":"purchasable","16":"product-type-variable"},"jetpack_sharing_enabled":true,"_links":{"self":[{"href":"https:\/\/alexanderling.ee\/et\/wp-json\/wp\/v2\/product\/10306","targetHints":{"allow":["GET"]}}],"collection":[{"href":"https:\/\/alexanderling.ee\/et\/wp-json\/wp\/v2\/product"}],"about":[{"href":"https:\/\/alexanderling.ee\/et\/wp-json\/wp\/v2\/types\/product"}],"wp:featuredmedia":[{"embeddable":true,"href":"https:\/\/alexanderling.ee\/et\/wp-json\/wp\/v2\/media\/10309"}],"wp:attachment":[{"href":"https:\/\/alexanderling.ee\/et\/wp-json\/wp\/v2\/media?parent=10306"}],"wp:term":[{"taxonomy":"product_brand","embeddable":true,"href":"https:\/\/alexanderling.ee\/et\/wp-json\/wp\/v2\/product_brand?post=10306"},{"taxonomy":"product_cat","embeddable":true,"href":"https:\/\/alexanderling.ee\/et\/wp-json\/wp\/v2\/product_cat?post=10306"},{"taxonomy":"product_tag","embeddable":true,"href":"https:\/\/alexanderling.ee\/et\/wp-json\/wp\/v2\/product_tag?post=10306"}],"curies":[{"name":"wp","href":"https:\/\/api.w.org\/{rel}","templated":true}]}}