{"id":1041,"date":"2021-11-03T00:02:47","date_gmt":"2021-11-02T21:02:47","guid":{"rendered":"https:\/\/alexanderling.ee\/?post_type=product&#038;p=1041"},"modified":"2025-11-21T15:53:38","modified_gmt":"2025-11-21T12:53:38","slug":"dress-christchurch-olive","status":"publish","type":"product","link":"https:\/\/alexanderling.ee\/et\/toode\/dress-christchurch-olive\/","title":{"rendered":"Kleit CHRISTCHURCH OLIVE"},"content":{"rendered":"<p>Figuuri r\u00f5hutav kleit pikkade varrukatega. Esiosa detail seotav v\u00f5i selja taha m\u00e4hitud. Seljal n\u00e4htamatu peitlukk-kinnis.<\/p>","protected":false},"excerpt":{"rendered":"<p>CHRISTCHURCH OLIVE kleiti on v\u00f5imalik kanda kolmel viisil: esiosa seotud s\u00f5lme, esiosa m\u00e4hitud selja taha s\u00f5lme, esiosa vabalt ees allakukkuvana. \u00d5lajoon on kergelt kaela poole nihutatud, muutes \u00f5lad visuaalselt kitsamaks, samal ajal kui puusi r\u00f5hutav siluett toob esile ALEXANDERINGile omase naiseliku joone.<\/p>\n<p><strong>Stiilinipp:<\/strong> leia endale sobivaim viis istuvuse saavutamiseks. Minu lemmik on panna eest risti ja siis liikuda paeltega taha ning otsad m\u00e4hkida sisse peitu, et saavutada v\u00f5imalikult viimistletud siluett.<\/p>\n<p>Vastab suurusele.<\/p>","protected":false},"featured_media":10699,"template":"","meta":{"nf_dc_page":""},"product_brand":[],"product_cat":[35],"product_tag":[],"class_list":{"0":"post-1041","1":"product","2":"type-product","3":"status-publish","4":"has-post-thumbnail","6":"product_cat-dresses","8":"first","9":"instock","10":"taxable","11":"shipping-taxable","12":"purchasable","13":"product-type-variable"},"jetpack_sharing_enabled":true,"_links":{"self":[{"href":"https:\/\/alexanderling.ee\/et\/wp-json\/wp\/v2\/product\/1041","targetHints":{"allow":["GET"]}}],"collection":[{"href":"https:\/\/alexanderling.ee\/et\/wp-json\/wp\/v2\/product"}],"about":[{"href":"https:\/\/alexanderling.ee\/et\/wp-json\/wp\/v2\/types\/product"}],"wp:featuredmedia":[{"embeddable":true,"href":"https:\/\/alexanderling.ee\/et\/wp-json\/wp\/v2\/media\/10699"}],"wp:attachment":[{"href":"https:\/\/alexanderling.ee\/et\/wp-json\/wp\/v2\/media?parent=1041"}],"wp:term":[{"taxonomy":"product_brand","embeddable":true,"href":"https:\/\/alexanderling.ee\/et\/wp-json\/wp\/v2\/product_brand?post=1041"},{"taxonomy":"product_cat","embeddable":true,"href":"https:\/\/alexanderling.ee\/et\/wp-json\/wp\/v2\/product_cat?post=1041"},{"taxonomy":"product_tag","embeddable":true,"href":"https:\/\/alexanderling.ee\/et\/wp-json\/wp\/v2\/product_tag?post=1041"}],"curies":[{"name":"wp","href":"https:\/\/api.w.org\/{rel}","templated":true}]}}