{"id":10457,"date":"2025-09-19T15:50:37","date_gmt":"2025-09-19T12:50:37","guid":{"rendered":"https:\/\/alexanderling.ee\/?post_type=product&#038;p=10457"},"modified":"2025-10-25T19:39:34","modified_gmt":"2025-10-25T16:39:34","slug":"earrings-tropea","status":"publish","type":"product","link":"https:\/\/alexanderling.ee\/et\/toode\/earrings-tropea\/","title":{"rendered":"K\u00f5rvar\u00f5ngad TROPEA"},"content":{"rendered":"","protected":false},"excerpt":{"rendered":"<p>Laimirohelised k\u00f5rvar\u00f5ngad.<\/p>","protected":false},"featured_media":10476,"template":"","meta":{"nf_dc_page":""},"product_brand":[],"product_cat":[30,159],"product_tag":[],"class_list":{"0":"post-10457","1":"product","2":"type-product","3":"status-publish","4":"has-post-thumbnail","6":"product_cat-earrings","7":"product_cat-jewellery","9":"first","10":"instock","11":"taxable","12":"shipping-taxable","13":"purchasable","14":"product-type-simple"},"jetpack_sharing_enabled":true,"_links":{"self":[{"href":"https:\/\/alexanderling.ee\/et\/wp-json\/wp\/v2\/product\/10457","targetHints":{"allow":["GET"]}}],"collection":[{"href":"https:\/\/alexanderling.ee\/et\/wp-json\/wp\/v2\/product"}],"about":[{"href":"https:\/\/alexanderling.ee\/et\/wp-json\/wp\/v2\/types\/product"}],"wp:featuredmedia":[{"embeddable":true,"href":"https:\/\/alexanderling.ee\/et\/wp-json\/wp\/v2\/media\/10476"}],"wp:attachment":[{"href":"https:\/\/alexanderling.ee\/et\/wp-json\/wp\/v2\/media?parent=10457"}],"wp:term":[{"taxonomy":"product_brand","embeddable":true,"href":"https:\/\/alexanderling.ee\/et\/wp-json\/wp\/v2\/product_brand?post=10457"},{"taxonomy":"product_cat","embeddable":true,"href":"https:\/\/alexanderling.ee\/et\/wp-json\/wp\/v2\/product_cat?post=10457"},{"taxonomy":"product_tag","embeddable":true,"href":"https:\/\/alexanderling.ee\/et\/wp-json\/wp\/v2\/product_tag?post=10457"}],"curies":[{"name":"wp","href":"https:\/\/api.w.org\/{rel}","templated":true}]}}