{"id":10470,"date":"2025-09-22T19:43:31","date_gmt":"2025-09-22T16:43:31","guid":{"rendered":"https:\/\/alexanderling.ee\/?post_type=product&#038;p=10470"},"modified":"2025-11-07T23:03:43","modified_gmt":"2025-11-07T20:03:43","slug":"clutch-bag-capri","status":"publish","type":"product","link":"https:\/\/alexanderling.ee\/et\/toode\/clutch-bag-capri\/","title":{"rendered":"Clutch bag CAPRI"},"content":{"rendered":"<p><span data-sheets-root=\"1\">K\u00e4ekotil on \u00fcks avatud p\u00f5hisahtel. Kott on tugeva konstruktsiooniga ning kullatooni \u00e4\u00e4ristusega naturaalvalge metallist trukk-kinnitusega.<\/span><\/p>","protected":false},"excerpt":{"rendered":"<p>CAPRI k\u00e4ekott on tugeva konstruktsiooniga plastikust efektiga. Kuldne as\u00fcmmetriline kuju, millel kulla ja valgega metallist trukk-kinnitus avab puuvillaga vooderatud sisemusse, mis mahutab h\u00f5lpsasti telefoni, magnetkaardid ja v\u00f5tmed.<\/p>","protected":false},"featured_media":10468,"template":"","meta":{"nf_dc_page":""},"product_brand":[],"product_cat":[22,69],"product_tag":[],"class_list":{"0":"post-10470","1":"product","2":"type-product","3":"status-publish","4":"has-post-thumbnail","6":"product_cat-accessories","7":"product_cat-clutches","9":"first","10":"instock","11":"taxable","12":"shipping-taxable","13":"purchasable","14":"product-type-simple"},"jetpack_sharing_enabled":true,"_links":{"self":[{"href":"https:\/\/alexanderling.ee\/et\/wp-json\/wp\/v2\/product\/10470","targetHints":{"allow":["GET"]}}],"collection":[{"href":"https:\/\/alexanderling.ee\/et\/wp-json\/wp\/v2\/product"}],"about":[{"href":"https:\/\/alexanderling.ee\/et\/wp-json\/wp\/v2\/types\/product"}],"wp:featuredmedia":[{"embeddable":true,"href":"https:\/\/alexanderling.ee\/et\/wp-json\/wp\/v2\/media\/10468"}],"wp:attachment":[{"href":"https:\/\/alexanderling.ee\/et\/wp-json\/wp\/v2\/media?parent=10470"}],"wp:term":[{"taxonomy":"product_brand","embeddable":true,"href":"https:\/\/alexanderling.ee\/et\/wp-json\/wp\/v2\/product_brand?post=10470"},{"taxonomy":"product_cat","embeddable":true,"href":"https:\/\/alexanderling.ee\/et\/wp-json\/wp\/v2\/product_cat?post=10470"},{"taxonomy":"product_tag","embeddable":true,"href":"https:\/\/alexanderling.ee\/et\/wp-json\/wp\/v2\/product_tag?post=10470"}],"curies":[{"name":"wp","href":"https:\/\/api.w.org\/{rel}","templated":true}]}}