{"id":10473,"date":"2025-09-22T19:49:46","date_gmt":"2025-09-22T16:49:46","guid":{"rendered":"https:\/\/alexanderling.ee\/?post_type=product&#038;p=10473"},"modified":"2025-11-07T23:02:02","modified_gmt":"2025-11-07T20:02:02","slug":"clutch-bag-olbia","status":"publish","type":"product","link":"https:\/\/alexanderling.ee\/et\/toode\/clutch-bag-olbia\/","title":{"rendered":"K\u00e4ekott OLBIA"},"content":{"rendered":"<p>K\u00e4ekotil on \u00fcks avatud p\u00f5hisahtel. Kott on tugeva konstruktsiooniga ning kullatooni metallist trukk-kinnitusega.<\/p>","protected":false},"excerpt":{"rendered":"<p>OLBIA k\u00e4ekott on tugeva konstruktsiooniga plastikust efektiga. Fuksiaroosa as\u00fcmmetriline kuju, millel kullatooni metallist trukk-kinnitus avab puuvillaga vooderatud sisemusse, mis mahutab h\u00f5lpsasti telefoni, magnetkaardid ja v\u00f5tmed.<\/p>","protected":false},"featured_media":10474,"template":"","meta":{"nf_dc_page":""},"product_brand":[],"product_cat":[22,69],"product_tag":[],"class_list":{"0":"post-10473","1":"product","2":"type-product","3":"status-publish","4":"has-post-thumbnail","6":"product_cat-accessories","7":"product_cat-clutches","9":"first","10":"instock","11":"taxable","12":"shipping-taxable","13":"purchasable","14":"product-type-simple"},"jetpack_sharing_enabled":true,"_links":{"self":[{"href":"https:\/\/alexanderling.ee\/et\/wp-json\/wp\/v2\/product\/10473","targetHints":{"allow":["GET"]}}],"collection":[{"href":"https:\/\/alexanderling.ee\/et\/wp-json\/wp\/v2\/product"}],"about":[{"href":"https:\/\/alexanderling.ee\/et\/wp-json\/wp\/v2\/types\/product"}],"wp:featuredmedia":[{"embeddable":true,"href":"https:\/\/alexanderling.ee\/et\/wp-json\/wp\/v2\/media\/10474"}],"wp:attachment":[{"href":"https:\/\/alexanderling.ee\/et\/wp-json\/wp\/v2\/media?parent=10473"}],"wp:term":[{"taxonomy":"product_brand","embeddable":true,"href":"https:\/\/alexanderling.ee\/et\/wp-json\/wp\/v2\/product_brand?post=10473"},{"taxonomy":"product_cat","embeddable":true,"href":"https:\/\/alexanderling.ee\/et\/wp-json\/wp\/v2\/product_cat?post=10473"},{"taxonomy":"product_tag","embeddable":true,"href":"https:\/\/alexanderling.ee\/et\/wp-json\/wp\/v2\/product_tag?post=10473"}],"curies":[{"name":"wp","href":"https:\/\/api.w.org\/{rel}","templated":true}]}}