{"id":10570,"date":"2025-09-27T16:14:13","date_gmt":"2025-09-27T13:14:13","guid":{"rendered":"https:\/\/alexanderling.ee\/?post_type=product&#038;p=10570"},"modified":"2025-10-25T19:39:23","modified_gmt":"2025-10-25T16:39:23","slug":"lambskin-gloves-terni","status":"publish","type":"product","link":"https:\/\/alexanderling.ee\/et\/toode\/lambskin-gloves-terni\/","title":{"rendered":"Lambanahast kindad TERNI"},"content":{"rendered":"<p><span data-sheets-root=\"1\">Elegantsed Itaalia lambanahast kindad, tuule- ja veekindlad, pehme fliisvoodriga soojuse ja mugavuse tagamiseks. Saadaval 50 toonis ja eritellimusel suurustes.<\/span><\/p>","protected":false},"excerpt":{"rendered":"<p><span data-sheets-root=\"1\">Tuule- ja veekindel lambanaha ja ka\u0161miiri kombinatsioon hoiab k\u00e4ed soojad, kuivad ja k\u00fclma eest kaitstud. Valmistatud Itaalias oskuslike meistrite k\u00e4sit\u00f6\u00f6na, kasutades parimat Itaalia lambanahka ning vooderdatud pehme fliisiga, peegeldavad need kindad t\u00f5elist meisterlikkust ja kvaliteeti. Ajatu disain, elegantne siluett ja tagasihoidlik stiil muudavad need sobivaks igaks puhuks \u2013 nii igap\u00e4evaseks kandmiseks kui ka pidulikumateks hetkedeks. Saadaval 50 erinevas toonis ning valmistatakse vastavalt sinu suurusele ja soovitud pikkusele.<\/span><\/p>","protected":false},"featured_media":10571,"template":"","meta":{"nf_dc_page":""},"product_brand":[],"product_cat":[22,161],"product_tag":[],"class_list":{"0":"post-10570","1":"product","2":"type-product","3":"status-publish","4":"has-post-thumbnail","6":"product_cat-accessories","7":"product_cat-other","9":"first","10":"instock","11":"taxable","12":"shipping-taxable","13":"purchasable","14":"product-type-simple"},"jetpack_sharing_enabled":true,"_links":{"self":[{"href":"https:\/\/alexanderling.ee\/et\/wp-json\/wp\/v2\/product\/10570","targetHints":{"allow":["GET"]}}],"collection":[{"href":"https:\/\/alexanderling.ee\/et\/wp-json\/wp\/v2\/product"}],"about":[{"href":"https:\/\/alexanderling.ee\/et\/wp-json\/wp\/v2\/types\/product"}],"wp:featuredmedia":[{"embeddable":true,"href":"https:\/\/alexanderling.ee\/et\/wp-json\/wp\/v2\/media\/10571"}],"wp:attachment":[{"href":"https:\/\/alexanderling.ee\/et\/wp-json\/wp\/v2\/media?parent=10570"}],"wp:term":[{"taxonomy":"product_brand","embeddable":true,"href":"https:\/\/alexanderling.ee\/et\/wp-json\/wp\/v2\/product_brand?post=10570"},{"taxonomy":"product_cat","embeddable":true,"href":"https:\/\/alexanderling.ee\/et\/wp-json\/wp\/v2\/product_cat?post=10570"},{"taxonomy":"product_tag","embeddable":true,"href":"https:\/\/alexanderling.ee\/et\/wp-json\/wp\/v2\/product_tag?post=10570"}],"curies":[{"name":"wp","href":"https:\/\/api.w.org\/{rel}","templated":true}]}}