{"id":10575,"date":"2025-09-27T16:24:04","date_gmt":"2025-09-27T13:24:04","guid":{"rendered":"https:\/\/alexanderling.ee\/?post_type=product&#038;p=10575"},"modified":"2025-11-21T18:30:02","modified_gmt":"2025-11-21T15:30:02","slug":"rabbit-fur-hat-cesena","status":"publish","type":"product","link":"https:\/\/alexanderling.ee\/et\/toode\/rabbit-fur-hat-cesena\/","title":{"rendered":"K\u00fc\u00fclikukarvast m\u00fcts CESENA"},"content":{"rendered":"<p>Ajatu must pressitud k\u00fc\u00fclikukarvast k\u00fcbar ripsipaela kaunistusega.<\/p>","protected":false},"excerpt":{"rendered":"<p>Elegantne must k\u00fc\u00fclikukarvast m\u00fcts pehme tekstuuri ja lihtsa lindiga. Ajatu kellukesekujuline disain sobib nii igap\u00e4evaseks kandmiseks kui ka pidulikumateks puhkudeks.<\/p>","protected":false},"featured_media":10576,"template":"","meta":{"nf_dc_page":""},"product_brand":[],"product_cat":[22,337],"product_tag":[],"class_list":{"0":"post-10575","1":"product","2":"type-product","3":"status-publish","4":"has-post-thumbnail","6":"product_cat-accessories","7":"product_cat-hats","9":"first","10":"instock","11":"taxable","12":"shipping-taxable","13":"purchasable","14":"product-type-simple"},"jetpack_sharing_enabled":true,"_links":{"self":[{"href":"https:\/\/alexanderling.ee\/et\/wp-json\/wp\/v2\/product\/10575","targetHints":{"allow":["GET"]}}],"collection":[{"href":"https:\/\/alexanderling.ee\/et\/wp-json\/wp\/v2\/product"}],"about":[{"href":"https:\/\/alexanderling.ee\/et\/wp-json\/wp\/v2\/types\/product"}],"wp:featuredmedia":[{"embeddable":true,"href":"https:\/\/alexanderling.ee\/et\/wp-json\/wp\/v2\/media\/10576"}],"wp:attachment":[{"href":"https:\/\/alexanderling.ee\/et\/wp-json\/wp\/v2\/media?parent=10575"}],"wp:term":[{"taxonomy":"product_brand","embeddable":true,"href":"https:\/\/alexanderling.ee\/et\/wp-json\/wp\/v2\/product_brand?post=10575"},{"taxonomy":"product_cat","embeddable":true,"href":"https:\/\/alexanderling.ee\/et\/wp-json\/wp\/v2\/product_cat?post=10575"},{"taxonomy":"product_tag","embeddable":true,"href":"https:\/\/alexanderling.ee\/et\/wp-json\/wp\/v2\/product_tag?post=10575"}],"curies":[{"name":"wp","href":"https:\/\/api.w.org\/{rel}","templated":true}]}}