{"id":10580,"date":"2025-09-27T16:34:35","date_gmt":"2025-09-27T13:34:35","guid":{"rendered":"https:\/\/alexanderling.ee\/?post_type=product&#038;p=10580"},"modified":"2025-11-21T18:44:30","modified_gmt":"2025-11-21T15:44:30","slug":"rabbit-fur-hat-pesaro","status":"publish","type":"product","link":"https:\/\/alexanderling.ee\/et\/toode\/rabbit-fur-hat-pesaro\/","title":{"rendered":"K\u00fc\u00fclikukarvast m\u00fcts PESARO"},"content":{"rendered":"<p>Ajatu must pressitud k\u00fc\u00fclikukarvast k\u00fcbar ripsipaela kaunistusega.<\/p>","protected":false},"excerpt":{"rendered":"<p>Elegantne must pressitud k\u00fc\u00fclikukarvast m\u00fcts tugeva viimistluse ja ripsipaela detailiga. Klassikaline kellukesekujuline vorm lisab ajatust, muutes selle sobivaks nii igap\u00e4evaseks kandmiseks kui ka pidulikumateks puhkudeks.<\/p>","protected":false},"featured_media":10581,"template":"","meta":{"nf_dc_page":""},"product_brand":[],"product_cat":[22,337],"product_tag":[],"class_list":{"0":"post-10580","1":"product","2":"type-product","3":"status-publish","4":"has-post-thumbnail","6":"product_cat-accessories","7":"product_cat-hats","9":"first","10":"instock","11":"taxable","12":"shipping-taxable","13":"purchasable","14":"product-type-simple"},"jetpack_sharing_enabled":true,"_links":{"self":[{"href":"https:\/\/alexanderling.ee\/et\/wp-json\/wp\/v2\/product\/10580","targetHints":{"allow":["GET"]}}],"collection":[{"href":"https:\/\/alexanderling.ee\/et\/wp-json\/wp\/v2\/product"}],"about":[{"href":"https:\/\/alexanderling.ee\/et\/wp-json\/wp\/v2\/types\/product"}],"wp:featuredmedia":[{"embeddable":true,"href":"https:\/\/alexanderling.ee\/et\/wp-json\/wp\/v2\/media\/10581"}],"wp:attachment":[{"href":"https:\/\/alexanderling.ee\/et\/wp-json\/wp\/v2\/media?parent=10580"}],"wp:term":[{"taxonomy":"product_brand","embeddable":true,"href":"https:\/\/alexanderling.ee\/et\/wp-json\/wp\/v2\/product_brand?post=10580"},{"taxonomy":"product_cat","embeddable":true,"href":"https:\/\/alexanderling.ee\/et\/wp-json\/wp\/v2\/product_cat?post=10580"},{"taxonomy":"product_tag","embeddable":true,"href":"https:\/\/alexanderling.ee\/et\/wp-json\/wp\/v2\/product_tag?post=10580"}],"curies":[{"name":"wp","href":"https:\/\/api.w.org\/{rel}","templated":true}]}}