{"id":10607,"date":"2025-09-27T18:03:22","date_gmt":"2025-09-27T15:03:22","guid":{"rendered":"https:\/\/alexanderling.ee\/?post_type=product&#038;p=10607"},"modified":"2025-11-12T14:28:08","modified_gmt":"2025-11-12T11:28:08","slug":"jacket-pistoia","status":"publish","type":"product","link":"https:\/\/alexanderling.ee\/et\/toode\/jacket-pistoia\/","title":{"rendered":"Jakk PISTOIA"},"content":{"rendered":"<p><span data-sheets-root=\"1\">Taftijakk PISTOIA puhvvarrukate ja l\u00fchikese l\u00f5ikega, mis sobib nii pidulikeks kui ka moodsateks moelooks.<\/span><\/p>","protected":false},"excerpt":{"rendered":"<p>Taftijakk PISTOIA on vol\u00fc\u00fcmikate puhvvarrukate ja l\u00fchendatud l\u00f5ikega, lisades siluetile nii draamat kui ka elegantsi. Kangas peegeldab kaunilt valgust, muutes selle t\u00e4iuslikuks nii pidulikeks s\u00fcndmusteks kui ka moodsateks moelooks. Struktureeritud disain v\u00f5imaldab seda kanda k\u00f5rge v\u00f6\u00f6kohaga seelikute v\u00f5i p\u00fckstega, pakkudes mitmek\u00fclgseid stiiliv\u00f5imalusi alates pidulikust kuni igap\u00e4evaselt \u0161ikini.<\/p>\n<p><strong>Stiilinipp:<\/strong> kanna seda koos sobiva seelikuga SELVA.<\/p>\n<p>Vastab suurusele.<\/p>","protected":false},"featured_media":10608,"template":"","meta":{"nf_dc_page":""},"product_brand":[],"product_cat":[281,164,125,23,58],"product_tag":[],"class_list":{"0":"post-10607","1":"product","2":"type-product","3":"status-publish","4":"has-post-thumbnail","6":"product_cat-groovy-resort-25","7":"product_cat-coats-jackets","8":"product_cat-collections","9":"product_cat-outerwear","10":"product_cat-sale","12":"first","13":"instock","14":"taxable","15":"shipping-taxable","16":"purchasable","17":"product-type-variable"},"jetpack_sharing_enabled":true,"_links":{"self":[{"href":"https:\/\/alexanderling.ee\/et\/wp-json\/wp\/v2\/product\/10607","targetHints":{"allow":["GET"]}}],"collection":[{"href":"https:\/\/alexanderling.ee\/et\/wp-json\/wp\/v2\/product"}],"about":[{"href":"https:\/\/alexanderling.ee\/et\/wp-json\/wp\/v2\/types\/product"}],"wp:featuredmedia":[{"embeddable":true,"href":"https:\/\/alexanderling.ee\/et\/wp-json\/wp\/v2\/media\/10608"}],"wp:attachment":[{"href":"https:\/\/alexanderling.ee\/et\/wp-json\/wp\/v2\/media?parent=10607"}],"wp:term":[{"taxonomy":"product_brand","embeddable":true,"href":"https:\/\/alexanderling.ee\/et\/wp-json\/wp\/v2\/product_brand?post=10607"},{"taxonomy":"product_cat","embeddable":true,"href":"https:\/\/alexanderling.ee\/et\/wp-json\/wp\/v2\/product_cat?post=10607"},{"taxonomy":"product_tag","embeddable":true,"href":"https:\/\/alexanderling.ee\/et\/wp-json\/wp\/v2\/product_tag?post=10607"}],"curies":[{"name":"wp","href":"https:\/\/api.w.org\/{rel}","templated":true}]}}