{"id":10664,"date":"2025-11-07T22:53:24","date_gmt":"2025-11-07T19:53:24","guid":{"rendered":"https:\/\/alexanderling.ee\/?post_type=product&#038;p=10664"},"modified":"2025-11-10T16:30:48","modified_gmt":"2025-11-10T13:30:48","slug":"dress-las-gaviotas","status":"publish","type":"product","link":"https:\/\/alexanderling.ee\/et\/toode\/dress-las-gaviotas\/","title":{"rendered":"Kleit LAS GAVIOTAS"},"content":{"rendered":"<p><span data-sheets-root=\"1\">Kleit istub paremal \u00f5lal ja on \u00fche vasaku k\u00fcljetaskuga.<\/span><\/p>","protected":false},"excerpt":{"rendered":"<p>LAS GAVIOTAS on efektne \u00fchel \u00f5lal istuv \u00f5htukleit. \u00d5lal on volt ning kleidi kehaosa on laialt kukkuv andes v\u00f5imaluse sellele kleidile sobida pea k\u00f5ikidele suurustele. Vasakul k\u00fcljel on tasku, mis lisab mugavust.<\/p>\n<p><strong>Stiilinipp:<\/strong> sobitasime kollektsiooniesitlusel stilistikas kandmiseks balleriinadega, seega k\u00f5ige mugavamaks \u00f5htuks soovitame kanda madalate jalan\u00f5udega.<\/p>\n<p><strong>Istuvus:<\/strong> modell on 178 cm pikk ja kannab suurust, mis sobib k\u00f5igile.<\/p>\n<p>\u00dcks suurus sobib k\u00f5igile.<\/p>","protected":false},"featured_media":10666,"template":"","meta":{"nf_dc_page":""},"product_brand":[],"product_cat":[281,293],"product_tag":[],"class_list":{"0":"post-10664","1":"product","2":"type-product","3":"status-publish","4":"has-post-thumbnail","6":"product_cat-groovy-resort-25","7":"product_cat-floor-length-dresses","9":"first","10":"instock","11":"taxable","12":"shipping-taxable","13":"purchasable","14":"product-type-variable"},"jetpack_sharing_enabled":true,"_links":{"self":[{"href":"https:\/\/alexanderling.ee\/et\/wp-json\/wp\/v2\/product\/10664","targetHints":{"allow":["GET"]}}],"collection":[{"href":"https:\/\/alexanderling.ee\/et\/wp-json\/wp\/v2\/product"}],"about":[{"href":"https:\/\/alexanderling.ee\/et\/wp-json\/wp\/v2\/types\/product"}],"wp:featuredmedia":[{"embeddable":true,"href":"https:\/\/alexanderling.ee\/et\/wp-json\/wp\/v2\/media\/10666"}],"wp:attachment":[{"href":"https:\/\/alexanderling.ee\/et\/wp-json\/wp\/v2\/media?parent=10664"}],"wp:term":[{"taxonomy":"product_brand","embeddable":true,"href":"https:\/\/alexanderling.ee\/et\/wp-json\/wp\/v2\/product_brand?post=10664"},{"taxonomy":"product_cat","embeddable":true,"href":"https:\/\/alexanderling.ee\/et\/wp-json\/wp\/v2\/product_cat?post=10664"},{"taxonomy":"product_tag","embeddable":true,"href":"https:\/\/alexanderling.ee\/et\/wp-json\/wp\/v2\/product_tag?post=10664"}],"curies":[{"name":"wp","href":"https:\/\/api.w.org\/{rel}","templated":true}]}}