{"id":10731,"date":"2025-11-21T18:16:11","date_gmt":"2025-11-21T15:16:11","guid":{"rendered":"https:\/\/alexanderling.ee\/?post_type=product&#038;p=10731"},"modified":"2025-11-21T18:28:19","modified_gmt":"2025-11-21T15:28:19","slug":"rabbit-fur-hat-lecce","status":"publish","type":"product","link":"https:\/\/alexanderling.ee\/et\/toode\/rabbit-fur-hat-lecce\/","title":{"rendered":"K\u00fc\u00fclikukarvast m\u00fcts LECCE"},"content":{"rendered":"<p>Ajatu tumepruun pressitud k\u00fc\u00fclikukarvast vormitud k\u00fcbar kandmiseks diagonaalselt peas.<\/p>","protected":false},"excerpt":{"rendered":"<p>Elegantne tumepruun pressitud k\u00fc\u00fclikukarvast k\u00fcbar vormitud kujuga. Ajastutruu ja \u00fclimalt naiselik kuju sobib kandmiseks diagonaalselt peas.<\/p>","protected":false},"featured_media":10742,"template":"","meta":{"nf_dc_page":""},"product_brand":[],"product_cat":[22,337],"product_tag":[],"class_list":{"0":"post-10731","1":"product","2":"type-product","3":"status-publish","4":"has-post-thumbnail","6":"product_cat-accessories","7":"product_cat-hats","9":"first","10":"instock","11":"taxable","12":"shipping-taxable","13":"purchasable","14":"product-type-simple"},"jetpack_sharing_enabled":true,"_links":{"self":[{"href":"https:\/\/alexanderling.ee\/et\/wp-json\/wp\/v2\/product\/10731","targetHints":{"allow":["GET"]}}],"collection":[{"href":"https:\/\/alexanderling.ee\/et\/wp-json\/wp\/v2\/product"}],"about":[{"href":"https:\/\/alexanderling.ee\/et\/wp-json\/wp\/v2\/types\/product"}],"wp:featuredmedia":[{"embeddable":true,"href":"https:\/\/alexanderling.ee\/et\/wp-json\/wp\/v2\/media\/10742"}],"wp:attachment":[{"href":"https:\/\/alexanderling.ee\/et\/wp-json\/wp\/v2\/media?parent=10731"}],"wp:term":[{"taxonomy":"product_brand","embeddable":true,"href":"https:\/\/alexanderling.ee\/et\/wp-json\/wp\/v2\/product_brand?post=10731"},{"taxonomy":"product_cat","embeddable":true,"href":"https:\/\/alexanderling.ee\/et\/wp-json\/wp\/v2\/product_cat?post=10731"},{"taxonomy":"product_tag","embeddable":true,"href":"https:\/\/alexanderling.ee\/et\/wp-json\/wp\/v2\/product_tag?post=10731"}],"curies":[{"name":"wp","href":"https:\/\/api.w.org\/{rel}","templated":true}]}}