{"id":10760,"date":"2025-11-27T20:07:52","date_gmt":"2025-11-27T17:07:52","guid":{"rendered":"https:\/\/alexanderling.ee\/?post_type=product&#038;p=10760"},"modified":"2026-02-04T16:35:10","modified_gmt":"2026-02-04T13:35:10","slug":"silk-blouse-cas-boll-black","status":"publish","type":"product","link":"https:\/\/alexanderling.ee\/et\/toode\/silk-blouse-cas-boll-black\/","title":{"rendered":"Pluus CAS BOLL"},"content":{"rendered":"<p>Pluusil on seljal peitlukk-kinnis ja kummidetailid varrukaotstes.<\/p>","protected":false},"excerpt":{"rendered":"<p>CAS BOLL on uusim l\u00f5ige meie baasgarderoobi valikus: oma drapeeritud esiosa ja kellukesel\u00f5ikeliste varrukatega on see topp t\u00e4pselt alexanderlingilikult naiselik: taljekoht on v\u00e4ikeste drapeeringute abil liivakellasiluetti r\u00f5hutav, samal ajal kui kellukal\u00f5ikeliselt kukkuvad varrukad annavad vabadust.<\/p>\n<p><strong>Stiilinipp:<\/strong>\u00a0kanna seda kas pliiatsseeliku v\u00f5i alt laieneva seelikuga: emb-kumb Sind rohkem ennast t\u00f5mbab. Minule meeldib A-l\u00f5ige enim!<\/p>\n<p><strong>Istuvus:<\/strong>\u00a0modell on 176 cm pikk ja kannab suurust 36.<\/p>\n<p>Vastab suurusele.<\/p>","protected":false},"featured_media":10764,"template":"","meta":{"nf_dc_page":""},"product_brand":[],"product_cat":[346,17],"product_tag":[],"class_list":{"0":"post-10760","1":"product","2":"type-product","3":"status-publish","4":"has-post-thumbnail","6":"product_cat-new","7":"product_cat-tops","9":"first","10":"onbackorder","11":"taxable","12":"shipping-taxable","13":"purchasable","14":"product-type-variable"},"jetpack_sharing_enabled":true,"_links":{"self":[{"href":"https:\/\/alexanderling.ee\/et\/wp-json\/wp\/v2\/product\/10760","targetHints":{"allow":["GET"]}}],"collection":[{"href":"https:\/\/alexanderling.ee\/et\/wp-json\/wp\/v2\/product"}],"about":[{"href":"https:\/\/alexanderling.ee\/et\/wp-json\/wp\/v2\/types\/product"}],"wp:featuredmedia":[{"embeddable":true,"href":"https:\/\/alexanderling.ee\/et\/wp-json\/wp\/v2\/media\/10764"}],"wp:attachment":[{"href":"https:\/\/alexanderling.ee\/et\/wp-json\/wp\/v2\/media?parent=10760"}],"wp:term":[{"taxonomy":"product_brand","embeddable":true,"href":"https:\/\/alexanderling.ee\/et\/wp-json\/wp\/v2\/product_brand?post=10760"},{"taxonomy":"product_cat","embeddable":true,"href":"https:\/\/alexanderling.ee\/et\/wp-json\/wp\/v2\/product_cat?post=10760"},{"taxonomy":"product_tag","embeddable":true,"href":"https:\/\/alexanderling.ee\/et\/wp-json\/wp\/v2\/product_tag?post=10760"}],"curies":[{"name":"wp","href":"https:\/\/api.w.org\/{rel}","templated":true}]}}