{"id":10791,"date":"2026-01-12T14:21:25","date_gmt":"2026-01-12T11:21:25","guid":{"rendered":"https:\/\/alexanderling.ee\/?post_type=product&#038;p=10791"},"modified":"2026-02-04T16:50:48","modified_gmt":"2026-02-04T13:50:48","slug":"dress-dhaka-purple-fuchsia","status":"publish","type":"product","link":"https:\/\/alexanderling.ee\/et\/toode\/dress-dhaka-purple-fuchsia\/","title":{"rendered":"Kleit DHAKA PURPLE FUCHSIA"},"content":{"rendered":"<p>Diagonaalne \u00fchte \u00f5lga kattev kleit elastse v\u00f6\u00f6kohaga.<\/p>","protected":false},"excerpt":{"rendered":"<p>DHAKA PURPLE FUCHSIA as\u00fcmmeetriline \u00fche \u00f5laga kleit on \u00f5htuste s\u00fcndmuste t\u00f5eline p\u00e4rl. Sellel on \u00fcks \u00f5lga kattev detail ning r\u00f5hutatud taljejoon. Taljeosa on elastne ja \u00f5lapiirkond kaunilt kroogitud. \u00dclaosa langeb \u00f5rnalt taljeni, samal ajal kui diagonaalselt l\u00f5igatud seelikuosa langeb puusadele, justkui neid \u00f5rnalt embades.<\/p>\n<p><strong>Stiilinipp:<\/strong> kanna DHAKA kleiti metallv\u00f6\u00f6ga, et naiselik siluett oleks veelgi r\u00f5hutatum. K\u00fcsi v\u00f6\u00f6d meilt!<\/p>\n<p><strong>Istuvus:<\/strong> modell on 176 cm pikk ja kannab suurust 38.<\/p>\n<p>Vastab suurusele.<\/p>","protected":false},"featured_media":10792,"template":"","meta":{"nf_dc_page":""},"product_brand":[],"product_cat":[278,35,346],"product_tag":[],"class_list":{"0":"post-10791","1":"product","2":"type-product","3":"status-publish","4":"has-post-thumbnail","6":"product_cat-dhaka-dresses","7":"product_cat-dresses","8":"product_cat-new","10":"first","11":"instock","12":"taxable","13":"shipping-taxable","14":"purchasable","15":"product-type-variable"},"jetpack_sharing_enabled":true,"_links":{"self":[{"href":"https:\/\/alexanderling.ee\/et\/wp-json\/wp\/v2\/product\/10791","targetHints":{"allow":["GET"]}}],"collection":[{"href":"https:\/\/alexanderling.ee\/et\/wp-json\/wp\/v2\/product"}],"about":[{"href":"https:\/\/alexanderling.ee\/et\/wp-json\/wp\/v2\/types\/product"}],"wp:featuredmedia":[{"embeddable":true,"href":"https:\/\/alexanderling.ee\/et\/wp-json\/wp\/v2\/media\/10792"}],"wp:attachment":[{"href":"https:\/\/alexanderling.ee\/et\/wp-json\/wp\/v2\/media?parent=10791"}],"wp:term":[{"taxonomy":"product_brand","embeddable":true,"href":"https:\/\/alexanderling.ee\/et\/wp-json\/wp\/v2\/product_brand?post=10791"},{"taxonomy":"product_cat","embeddable":true,"href":"https:\/\/alexanderling.ee\/et\/wp-json\/wp\/v2\/product_cat?post=10791"},{"taxonomy":"product_tag","embeddable":true,"href":"https:\/\/alexanderling.ee\/et\/wp-json\/wp\/v2\/product_tag?post=10791"}],"curies":[{"name":"wp","href":"https:\/\/api.w.org\/{rel}","templated":true}]}}