{"id":161,"date":"2021-03-25T15:17:11","date_gmt":"2021-03-25T12:17:11","guid":{"rendered":"https:\/\/alexanderling.ee\/?post_type=product&#038;p=161"},"modified":"2025-12-05T11:12:46","modified_gmt":"2025-12-05T08:12:46","slug":"wool-coat-bluff","status":"publish","type":"product","link":"https:\/\/alexanderling.ee\/et\/toode\/wool-coat-bluff\/","title":{"rendered":"Villane mantel BLUFF NAVY"},"content":{"rendered":"<p>Boucle-villast mantel voodriga. Ees n\u00f6\u00f6pkinnis, k\u00fcljel sametpaelaga kinnituv detail. As\u00fcmmeetriline krae.<\/p>","protected":false},"excerpt":{"rendered":"<p>BLUFF NAVY on 100% bukleevillast talvemantel sametv\u00f6\u00f6ga. Sametpaela ilu kandub edasi ka sidususele, mis on butafooriaks kinnitatud varrukaotstele. Mantlil on erksav\u00e4rvline vooder ja voodri poolel paspuaalkandidetail, et see n\u00e4eks seest sama kaunis v\u00e4lja kui v\u00e4ljast. K\u00fclgedel taskud.<\/p>\n<p><strong>Stiilinipp:<\/strong> kui ilm muutub jahedamaks, t\u00f5sta as\u00fcmmeetrilise krae \u00fcks poolt tagant \u00fcles, et see kataks rohkem ka kaela osa k\u00fclma eest.<\/p>\n<p><strong>Istuvus:<\/strong> modell on 179 cm pikk ja kannab suurust 36.<\/p>\n<p>Vastab suurusele.<\/p>","protected":false},"featured_media":162,"template":"","meta":{"nf_dc_page":""},"product_brand":[],"product_cat":[76,164,23,219],"product_tag":[],"class_list":{"0":"post-161","1":"product","2":"type-product","3":"status-publish","4":"has-post-thumbnail","6":"product_cat-basics","7":"product_cat-coats-jackets","8":"product_cat-outerwear","9":"product_cat-seasonal-elegance","11":"first","12":"onbackorder","13":"taxable","14":"shipping-taxable","15":"purchasable","16":"product-type-variable"},"jetpack_sharing_enabled":true,"_links":{"self":[{"href":"https:\/\/alexanderling.ee\/et\/wp-json\/wp\/v2\/product\/161","targetHints":{"allow":["GET"]}}],"collection":[{"href":"https:\/\/alexanderling.ee\/et\/wp-json\/wp\/v2\/product"}],"about":[{"href":"https:\/\/alexanderling.ee\/et\/wp-json\/wp\/v2\/types\/product"}],"wp:featuredmedia":[{"embeddable":true,"href":"https:\/\/alexanderling.ee\/et\/wp-json\/wp\/v2\/media\/162"}],"wp:attachment":[{"href":"https:\/\/alexanderling.ee\/et\/wp-json\/wp\/v2\/media?parent=161"}],"wp:term":[{"taxonomy":"product_brand","embeddable":true,"href":"https:\/\/alexanderling.ee\/et\/wp-json\/wp\/v2\/product_brand?post=161"},{"taxonomy":"product_cat","embeddable":true,"href":"https:\/\/alexanderling.ee\/et\/wp-json\/wp\/v2\/product_cat?post=161"},{"taxonomy":"product_tag","embeddable":true,"href":"https:\/\/alexanderling.ee\/et\/wp-json\/wp\/v2\/product_tag?post=161"}],"curies":[{"name":"wp","href":"https:\/\/api.w.org\/{rel}","templated":true}]}}