{"id":184,"date":"2021-03-25T22:07:48","date_gmt":"2021-03-25T22:07:48","guid":{"rendered":"https:\/\/alexanderling.ee\/?post_type=product&#038;p=184"},"modified":"2025-05-14T19:07:32","modified_gmt":"2025-05-14T16:07:32","slug":"dress-christchurch-blue","status":"publish","type":"product","link":"https:\/\/alexanderling.ee\/et\/toode\/dress-christchurch-blue\/","title":{"rendered":"Kleit CHRISTCHURCH LIGHT BLUE"},"content":{"rendered":"<p>Figuuri r\u00f5hutav kleit pikkade varrukatega. Esiosa detail seotav v\u00f5i selja taha m\u00e4hitud. Seljal n\u00e4htamatu peitlukk-kinnis.<\/p>","protected":false},"excerpt":{"rendered":"<p>CHRISTCHURCH LIGHT BLUE kleiti on v\u00f5imalik kanda kolmel viisil: esiosa seotud s\u00f5lme, esiosa m\u00e4hitud selja taha s\u00f5lme, esiosa vabalt ees allakukkuvana. \u00d5lajoon on kergelt kaela poole nihutatud, muutes \u00f5lad visuaalselt kitsamaks, samal ajal kui puusi r\u00f5hutav siluett toob esile ALEXANDELINGile omase naiseliku joone.<\/p>\n<p><strong>Stiilinipp:<\/strong> kanna CHRISTCHURCH kleiti koos ombre-sukkp\u00fckstega ILOT, mis sobivad ideaalselt kleidi v\u00e4rvitooniga.<\/p>\n<p><strong>Istuvus:<\/strong> modell on 179 cm pikk ja kannab suurust 36.<\/p>\n<p>Vastab suurusele.<\/p>","protected":false},"featured_media":188,"template":"","meta":{"nf_dc_page":""},"product_brand":[],"product_cat":[35],"product_tag":[],"class_list":{"0":"post-184","1":"product","2":"type-product","3":"status-publish","4":"has-post-thumbnail","6":"product_cat-dresses","8":"first","9":"instock","10":"taxable","11":"shipping-taxable","12":"purchasable","13":"product-type-variable"},"jetpack_sharing_enabled":true,"_links":{"self":[{"href":"https:\/\/alexanderling.ee\/et\/wp-json\/wp\/v2\/product\/184","targetHints":{"allow":["GET"]}}],"collection":[{"href":"https:\/\/alexanderling.ee\/et\/wp-json\/wp\/v2\/product"}],"about":[{"href":"https:\/\/alexanderling.ee\/et\/wp-json\/wp\/v2\/types\/product"}],"wp:featuredmedia":[{"embeddable":true,"href":"https:\/\/alexanderling.ee\/et\/wp-json\/wp\/v2\/media\/188"}],"wp:attachment":[{"href":"https:\/\/alexanderling.ee\/et\/wp-json\/wp\/v2\/media?parent=184"}],"wp:term":[{"taxonomy":"product_brand","embeddable":true,"href":"https:\/\/alexanderling.ee\/et\/wp-json\/wp\/v2\/product_brand?post=184"},{"taxonomy":"product_cat","embeddable":true,"href":"https:\/\/alexanderling.ee\/et\/wp-json\/wp\/v2\/product_cat?post=184"},{"taxonomy":"product_tag","embeddable":true,"href":"https:\/\/alexanderling.ee\/et\/wp-json\/wp\/v2\/product_tag?post=184"}],"curies":[{"name":"wp","href":"https:\/\/api.w.org\/{rel}","templated":true}]}}