{"id":1840,"date":"2022-04-29T22:16:53","date_gmt":"2022-04-29T19:16:53","guid":{"rendered":"https:\/\/alexanderling.ee\/?post_type=product&#038;p=1840"},"modified":"2025-12-30T23:28:17","modified_gmt":"2025-12-30T20:28:17","slug":"dress-dhaka-light-blue","status":"publish","type":"product","link":"https:\/\/alexanderling.ee\/et\/toode\/dress-dhaka-light-blue\/","title":{"rendered":"Kleit DHAKA LIGHT BLUE"},"content":{"rendered":"<p>Diagonaalne \u00fchte \u00f5lga kattev kleit elastse v\u00f6\u00f6kohaga.<\/p>","protected":false},"excerpt":{"rendered":"<p>DHAKA LIGHT BLUE as\u00fcmmeetriline \u00fche \u00f5laga kleit on \u00f5htuste s\u00fcndmuste t\u00f5eline p\u00e4rl. Sellel on \u00fcks \u00f5lga kattev detail ning r\u00f5hutatud taljejoon. Taljeosa on elastne ja \u00f5lapiirkond kaunilt kroogitud. \u00dclaosa langeb \u00f5rnalt taljeni, samal ajal kui diagonaalselt l\u00f5igatud seelikuosa langeb puusadele, justkui neid \u00f5rnalt embades.<\/p>\n<p><strong>Stiilinipp:<\/strong> kanna DHAKA kleiti metallv\u00f6\u00f6ga, et naiselik siluett oleks veelgi r\u00f5hutatum. K\u00fcsi v\u00f6\u00f6d meilt!<\/p>\n<p><strong>Istuvus:<\/strong> modell on 179 cm pikk ja kannab suurust 38.<\/p>\n<p>Vastab suurusele.<\/p>","protected":false},"featured_media":8428,"template":"","meta":{"nf_dc_page":""},"product_brand":[],"product_cat":[59,278,35,58],"product_tag":[],"class_list":{"0":"post-1840","1":"product","2":"type-product","3":"status-publish","4":"has-post-thumbnail","6":"product_cat-seashell-ss22","7":"product_cat-dhaka-dresses","8":"product_cat-dresses","9":"product_cat-sale","11":"first","12":"instock","13":"sale","14":"taxable","15":"shipping-taxable","16":"purchasable","17":"product-type-variable"},"jetpack_sharing_enabled":true,"_links":{"self":[{"href":"https:\/\/alexanderling.ee\/et\/wp-json\/wp\/v2\/product\/1840","targetHints":{"allow":["GET"]}}],"collection":[{"href":"https:\/\/alexanderling.ee\/et\/wp-json\/wp\/v2\/product"}],"about":[{"href":"https:\/\/alexanderling.ee\/et\/wp-json\/wp\/v2\/types\/product"}],"wp:featuredmedia":[{"embeddable":true,"href":"https:\/\/alexanderling.ee\/et\/wp-json\/wp\/v2\/media\/8428"}],"wp:attachment":[{"href":"https:\/\/alexanderling.ee\/et\/wp-json\/wp\/v2\/media?parent=1840"}],"wp:term":[{"taxonomy":"product_brand","embeddable":true,"href":"https:\/\/alexanderling.ee\/et\/wp-json\/wp\/v2\/product_brand?post=1840"},{"taxonomy":"product_cat","embeddable":true,"href":"https:\/\/alexanderling.ee\/et\/wp-json\/wp\/v2\/product_cat?post=1840"},{"taxonomy":"product_tag","embeddable":true,"href":"https:\/\/alexanderling.ee\/et\/wp-json\/wp\/v2\/product_tag?post=1840"}],"curies":[{"name":"wp","href":"https:\/\/api.w.org\/{rel}","templated":true}]}}