{"id":302,"date":"2021-03-29T09:59:42","date_gmt":"2021-03-29T06:59:42","guid":{"rendered":"https:\/\/alexanderling.ee\/?post_type=product&#038;p=302"},"modified":"2025-11-10T16:26:20","modified_gmt":"2025-11-10T13:26:20","slug":"dress-dhaka","status":"publish","type":"product","link":"https:\/\/alexanderling.ee\/et\/toode\/dress-dhaka\/","title":{"rendered":"Kleit DHAKA GREEN"},"content":{"rendered":"<p>Diagonaalne \u00fchte \u00f5lga kattev kleit elastse v\u00f6\u00f6kohaga.<\/p>","protected":false},"excerpt":{"rendered":"<p>DHAKA GREEN as\u00fcmmeetriline \u00fche \u00f5laga kleit on \u00f5htuste s\u00fcndmuste t\u00f5eline p\u00e4rl. Sellel on \u00fcks \u00f5lga kattev detail ning r\u00f5hutatud taljejoon. Taljeosa on elastne ja \u00f5lapiirkond kaunilt kroogitud. \u00dclaosa langeb \u00f5rnalt taljeni, samal ajal kui diagonaalselt l\u00f5igatud seelikuosa langeb puusadele, justkui neid \u00f5rnalt embades.<\/p>\n<p><strong>Stiilinipp:<\/strong> kanna DHAKA kleiti kuldse metallv\u00f6\u00f6ga, et naiselik siluett oleks veelgi r\u00f5hutatum.<\/p>\n<p><strong>Istuvus:<\/strong> modell on 179 cm pikk ja kannab suurust 36.<\/p>\n<p>Vastab suurusele.<\/p>","protected":false},"featured_media":9610,"template":"","meta":{"nf_dc_page":""},"product_brand":[],"product_cat":[278,35,58],"product_tag":[],"class_list":{"0":"post-302","1":"product","2":"type-product","3":"status-publish","4":"has-post-thumbnail","6":"product_cat-dhaka-dresses","7":"product_cat-dresses","8":"product_cat-sale","10":"first","11":"instock","12":"sale","13":"taxable","14":"shipping-taxable","15":"purchasable","16":"product-type-variable"},"jetpack_sharing_enabled":true,"_links":{"self":[{"href":"https:\/\/alexanderling.ee\/et\/wp-json\/wp\/v2\/product\/302","targetHints":{"allow":["GET"]}}],"collection":[{"href":"https:\/\/alexanderling.ee\/et\/wp-json\/wp\/v2\/product"}],"about":[{"href":"https:\/\/alexanderling.ee\/et\/wp-json\/wp\/v2\/types\/product"}],"wp:featuredmedia":[{"embeddable":true,"href":"https:\/\/alexanderling.ee\/et\/wp-json\/wp\/v2\/media\/9610"}],"wp:attachment":[{"href":"https:\/\/alexanderling.ee\/et\/wp-json\/wp\/v2\/media?parent=302"}],"wp:term":[{"taxonomy":"product_brand","embeddable":true,"href":"https:\/\/alexanderling.ee\/et\/wp-json\/wp\/v2\/product_brand?post=302"},{"taxonomy":"product_cat","embeddable":true,"href":"https:\/\/alexanderling.ee\/et\/wp-json\/wp\/v2\/product_cat?post=302"},{"taxonomy":"product_tag","embeddable":true,"href":"https:\/\/alexanderling.ee\/et\/wp-json\/wp\/v2\/product_tag?post=302"}],"curies":[{"name":"wp","href":"https:\/\/api.w.org\/{rel}","templated":true}]}}